{"id":25,"date":"2012-07-24T12:43:40","date_gmt":"2012-07-24T12:43:40","guid":{"rendered":"http:\/\/portfolio-pre.uqac.ca\/gabarit\/?page_id=25"},"modified":"2019-08-30T14:21:48","modified_gmt":"2019-08-30T18:21:48","slug":"communications","status":"publish","type":"page","link":"https:\/\/portfolio.uqac.ca\/hamidmcheick\/communications\/","title":{"rendered":"Sites int\u00e9ressants"},"content":{"rendered":"<ul>\n<li><a href=\"https:\/\/video.google.ca\/videosearch?hl=fr&amp;q=ubiquitous+web+application&amp;um=1&amp;ie=UTF-8&amp;ei=7zZ8Sor7L5WcMcDj6PAC&amp;sa=X&amp;oi=video_result_group&amp;ct=title&amp;resnum=4#\" target=\"_blank\">Ubiquitous Web Applications (vidoe and other issues)<\/a><\/li>\n<li><a href=\"https:\/\/citeseer.nj.nec.com\" target=\"_blank\">Sites d&#8217;agent mobile<\/a><\/li>\n<li><a href=\"https:\/\/www.youdzone.com\/signature.html\" target=\"_blank\">Signature digitale : avec exemple <\/a><\/li>\n<li><a href=\"https:\/\/histoire.info.free.fr\/\" target=\"_blank\">L&#8217;histoire de l&#8217;informatique<\/a><\/li>\n<li><a href=\"https:\/\/jan.netcomp.monash.edu.au\/ClientServer\/old\/socket.html\" target=\"_blank\">Socket et RPC<\/a><\/li>\n<li><a href=\"https:\/\/fr.dir.yahoo.com\/Sciences_et_technologies\/Informatique\/Cours_et_lecons_en_ligne\/\" target=\"_blank\">Cours informatique<\/a><\/li>\n<li><a href=\"https:\/\/www.info.univ-angers.fr\/pub\/pn\/reseaux.html\" target=\"_blank\">R\u00e9seaux<\/a> (cours ma\u00eetrise)<\/li>\n<li><a href=\"https:\/\/www.unige.ch\/dinf\/jfl\/table\/table.htm\" target=\"_blank\">Cours R\u00e9seau et labs<\/a> (important)<\/li>\n<li><a href=\"https:\/\/cui.unige.ch\/~billard\/systemeII\/index.html\" target=\"_blank\">Cours syst\u00e8me d&#8217;exploitation<\/a> (important)<\/li>\n<li><a href=\"https:\/\/www.colvir.net\/prof\/georges.debay\/uqam\/index.html\" target=\"_blank\">Cours \u00e0 l&#8217;UQAM<\/a><\/li>\n<li><a href=\"https:\/\/www.salemioche.com\/https\/http_prog.php\" target=\"_blank\">Programmation de la m\u00e9thode get (http)<\/a> (avec C, Java, VB et C#)<\/li>\n<li><a href=\"https:\/\/www.seanet.com\/users\/arsen\/avltree.html\" target=\"_blank\">Arbre AVL en java<\/a><\/li>\n<li><a href=\"https:\/\/www.info.univ-angers.fr\/pub\/pn\/poly\/node56.html\" target=\"_blank\">Commandes r\u00e9seaux<\/a> (arp, nslookup, netstat, finger, hostname, ping, tcpdump, etc.)<\/li>\n<li><a href=\"https:\/\/sern.ucalgary.ca\/courses\/seng\/621\/W97\/johnf\/inspections.htm\" target=\"_blank\">G\u00e9nie logiciel<\/a> (processus d&#8217;inspections des projets)<\/li>\n<li><a href=\"https:\/\/icdcs2002.di.fc.ul.pt\/\" target=\"_blank\">International Conference on Distributed Computing systems (IEEE)<\/a><\/li>\n<li><a href=\"https:\/\/ring.etl.go.jp\/openlab\/horb\/\" target=\"_blank\">HORB: Distributed system<\/a> (not CORBA)<\/li>\n<li><a href=\"https:\/\/216.217.9.172\/doc\/index.html\" target=\"_blank\">Antlr Documentation<\/a><\/li>\n<li><a href=\"https:\/\/www.aspectj.org\/\" target=\"_blank\">Aspect-Oriented Programming (1)<\/a><\/li>\n<li><a href=\"https:\/\/www.parc.xerox.com\/csl\/projects\/aop\/\" target=\"_blank\">Aspect-Oriented Programming (2)<\/a><\/li>\n<li><a href=\"https:\/\/www.research.ibm.com\/sop\" target=\"_blank\">Subject-Oriented Programming<\/a><\/li>\n<li><a href=\"https:\/\/www.cs.ubc.ca\/%7Emurphy\/multid-workshop-oopsla99\/position-papers-index.htm\" target=\"_blank\">View-Oriented Programming<\/a><\/li>\n<li><a href=\"https:\/\/www.centralweb.fr\" target=\"_blank\">Client\/Server<\/a> (Socket and stream)<\/li>\n<li><a href=\"https:\/\/developer.java.sun.com\/developer\/codesamples\/#Database-JDBC\" target=\"_blank\">java component<\/a> (librairy)<\/li>\n<li><a href=\"https:\/\/www.ralphb.net\/ISDN\/\" target=\"_blank\">ISDN Tutorial<\/a><\/li>\n<li><a href=\"\/\/www.iro.umontreal.ca\/~dift1170\/&quot;\" target=\"_blank\">Java<\/a> (cours a l&#8217;UDM)<\/li>\n<li><a href=\"https:\/\/www.ets.ca\/~hilal\" target=\"_blank\">Visual Basic<\/a><\/li>\n<li><a href=\"\/\/www.macfixit.com\/reports\/cable-dsl.shtml&quot;\" target=\"_blank\">Comparaison<\/a> (Cable Modem and DSL)<\/li>\n<li><a href=\"https:\/\/www.sa.sdsu.edu\/remote\/demo\/atm.html\" target=\"_blank\">ATM, Gugabits Eternet, Sonet<\/a><\/li>\n<li><a href=\"https:\/\/www.tek.com\/Measurement\/App_Notes\/SONET\/welcome.html#Contents\" target=\"_blank\">Sonet<\/a> (Synchronous Optical NETworks)<\/li>\n<li><a href=\"\/\/www.cpan.org\/&quot;\" target=\"_blank\">Perl programming<\/a> (Comprehensive Perl Archive Network)<\/li>\n<li><a href=\"https:\/\/sgi2.umi.bhowell.com\/perl\/perl.htm\" target=\"_blank\">Perl programming<\/a> (Perl Programming On-Line Documentation)<\/li>\n<li><a href=\"https:\/\/www.objectspace.com\/products\/prodDownloads.htm\" target=\"_blank\">ObjectSpace<\/a> (Voyager ORB is FREE: CORBA, RMI, DCOM connection)<\/li>\n<li><a href=\"https:\/\/metalab.unc.edu\/javafaq\/javatutorial.html#xtocid2801921\" target=\"_blank\">Java Tutorial<\/a> (Applet, classes, methods, interfaces, questions, etc.)<\/li>\n<li><a href=\"https:\/\/java.sun.com\/docs\/books\/tutorial\/applet\/practical\/security.html\" target=\"_blank\">Security in java<\/a><\/li>\n<li><a href=\"\/\/www.sun.com\/software\/java-dynamic\/&quot;\" target=\"_blank\">Java Dynamic Managment Kit<\/a> (HTTP, SNMP,TCP\/UDP, IIOP, etc.)<\/li>\n<li><a href=\"https:\/\/www.cs.unm.edu\/~dlchao\/flake\/doom\/\" target=\"_blank\">Doom as a tool for system administration<\/a><\/li>\n<li><a href=\"https:\/\/sgi2.umi.bhowell.com\/\" target=\"_blank\">Bell and Howell : Ann arbor MI<\/a> (Electronic Document Manufacturing system)<\/li>\n<li><a href=\"https:\/\/china.si.umich.edu\/telecom\/\" target=\"_blank\">Telecommunication Information Ressources On the Internet<\/a><\/li>\n<li><a href=\"https:\/\/www.info.uqam.ca\/~charrat\/inf5270\/\" target=\"_blank\">RPC<\/a> (exemple)<\/li>\n<li><a href=\"https:\/\/www.inf.enst.fr\/~charon\/coursJava\/index.html\" target=\"_blank\">Cours Java<\/a> (exemples int\u00e9ressants)<\/li>\n<li><a href=\"https:\/\/www.usask.ca\/frenchciv\/ronald\/la_boite_a_objets\" target=\"_blank\">Java<\/a> (exemple et concepts)<\/li>\n<\/ul>\n","protected":false},"excerpt":{"rendered":"<p>Ubiquitous Web Applications (vidoe and other issues) Sites d&#8217;agent mobile Signature digitale : avec exemple L&#8217;histoire de l&#8217;informatique Socket et RPC Cours informatique R\u00e9seaux (cours ma\u00eetrise) Cours R\u00e9seau et labs (important) Cours syst\u00e8me d&#8217;exploitation (important) Cours \u00e0 l&#8217;UQAM Programmation de la m\u00e9thode get (http) (avec C, Java, VB et C#) Arbre AVL en java Commandes &hellip; <a href=\"https:\/\/portfolio.uqac.ca\/hamidmcheick\/communications\/\" class=\"more-link\">Continuer la lecture de <span class=\"screen-reader-text\">Sites int\u00e9ressants<\/span>  <span class=\"meta-nav\">&rarr;<\/span><\/a><\/p>\n","protected":false},"author":23,"featured_media":0,"parent":0,"menu_order":0,"comment_status":"closed","ping_status":"closed","template":"","meta":{"footnotes":""},"tags":[],"_links":{"self":[{"href":"https:\/\/portfolio.uqac.ca\/hamidmcheick\/wp-json\/wp\/v2\/pages\/25"}],"collection":[{"href":"https:\/\/portfolio.uqac.ca\/hamidmcheick\/wp-json\/wp\/v2\/pages"}],"about":[{"href":"https:\/\/portfolio.uqac.ca\/hamidmcheick\/wp-json\/wp\/v2\/types\/page"}],"author":[{"embeddable":true,"href":"https:\/\/portfolio.uqac.ca\/hamidmcheick\/wp-json\/wp\/v2\/users\/23"}],"replies":[{"embeddable":true,"href":"https:\/\/portfolio.uqac.ca\/hamidmcheick\/wp-json\/wp\/v2\/comments?post=25"}],"version-history":[{"count":21,"href":"https:\/\/portfolio.uqac.ca\/hamidmcheick\/wp-json\/wp\/v2\/pages\/25\/revisions"}],"predecessor-version":[{"id":196,"href":"https:\/\/portfolio.uqac.ca\/hamidmcheick\/wp-json\/wp\/v2\/pages\/25\/revisions\/196"}],"wp:attachment":[{"href":"https:\/\/portfolio.uqac.ca\/hamidmcheick\/wp-json\/wp\/v2\/media?parent=25"}],"wp:term":[{"taxonomy":"post_tag","embeddable":true,"href":"https:\/\/portfolio.uqac.ca\/hamidmcheick\/wp-json\/wp\/v2\/tags?post=25"}],"curies":[{"name":"wp","href":"https:\/\/api.w.org\/{rel}","templated":true}]}}