{"id":27,"date":"2012-07-24T12:57:18","date_gmt":"2012-07-24T12:57:18","guid":{"rendered":"http:\/\/portfolio-pre.uqac.ca\/gabarit\/?page_id=27"},"modified":"2013-10-01T10:09:22","modified_gmt":"2013-10-01T14:09:22","slug":"formation","status":"publish","type":"page","link":"https:\/\/portfolio.uqac.ca\/hamidmcheick\/formation\/","title":{"rendered":"Formation"},"content":{"rendered":"<ul>\n<li>Ph. D. en informatique (Universit\u00e9 de Montr\u00e9al)<\/li>\n<li>Ma\u00eetrise en informatique (Universit\u00e9 du Qu\u00e9bec \u00e0 Montr\u00e9al)<\/li>\n<li>Baccalaur\u00e9at en informatique appliqu\u00e9e (Universit\u00e9 Libanaise)<\/li>\n<\/ul>\n","protected":false},"excerpt":{"rendered":"<p>Ph. D. en informatique (Universit\u00e9 de Montr\u00e9al) Ma\u00eetrise en informatique (Universit\u00e9 du Qu\u00e9bec \u00e0 Montr\u00e9al) Baccalaur\u00e9at en informatique appliqu\u00e9e (Universit\u00e9 Libanaise)<\/p>\n","protected":false},"author":23,"featured_media":0,"parent":0,"menu_order":0,"comment_status":"closed","ping_status":"closed","template":"sidebar-page.php","meta":{"footnotes":""},"tags":[],"_links":{"self":[{"href":"https:\/\/portfolio.uqac.ca\/hamidmcheick\/wp-json\/wp\/v2\/pages\/27"}],"collection":[{"href":"https:\/\/portfolio.uqac.ca\/hamidmcheick\/wp-json\/wp\/v2\/pages"}],"about":[{"href":"https:\/\/portfolio.uqac.ca\/hamidmcheick\/wp-json\/wp\/v2\/types\/page"}],"author":[{"embeddable":true,"href":"https:\/\/portfolio.uqac.ca\/hamidmcheick\/wp-json\/wp\/v2\/users\/23"}],"replies":[{"embeddable":true,"href":"https:\/\/portfolio.uqac.ca\/hamidmcheick\/wp-json\/wp\/v2\/comments?post=27"}],"version-history":[{"count":4,"href":"https:\/\/portfolio.uqac.ca\/hamidmcheick\/wp-json\/wp\/v2\/pages\/27\/revisions"}],"predecessor-version":[{"id":101,"href":"https:\/\/portfolio.uqac.ca\/hamidmcheick\/wp-json\/wp\/v2\/pages\/27\/revisions\/101"}],"wp:attachment":[{"href":"https:\/\/portfolio.uqac.ca\/hamidmcheick\/wp-json\/wp\/v2\/media?parent=27"}],"wp:term":[{"taxonomy":"post_tag","embeddable":true,"href":"https:\/\/portfolio.uqac.ca\/hamidmcheick\/wp-json\/wp\/v2\/tags?post=27"}],"curies":[{"name":"wp","href":"https:\/\/api.w.org\/{rel}","templated":true}]}}