{"id":4,"date":"2012-07-23T17:46:31","date_gmt":"2012-07-23T21:46:31","guid":{"rendered":"http:\/\/portfolio-pre.uqac.ca\/gabarit\/?page_id=4"},"modified":"2022-08-08T17:26:22","modified_gmt":"2022-08-08T21:26:22","slug":"presentatio","status":"publish","type":"page","link":"https:\/\/portfolio.uqac.ca\/hamidmcheick\/","title":{"rendered":"Pr\u00e9sentation"},"content":{"rendered":"<h2><strong>Hamid Mcheick, Ph.D.\u00a0<\/strong><\/h2>\n<p>Professeur titulaire au d\u00e9partement d&#8217;informatique et de math\u00e9matique\/\u00a0Full professor of computer science department (<a title=\"Lien Personnel\" href=\"https:\/\/www.uqac.ca\/hmcheick\/\">Lien Personnel<\/a>)<\/p>\n<h2>Int\u00e9r\u00eats de recherche \/\u00a0Research interests<\/h2>\n<ul>\n<li>Design Context-aware pervasive and intelligent\u00a0architectural framework<\/li>\n<li>Ubiquitous and pervasive computing<\/li>\n<li>Health Care Systems, e-Health<\/li>\n<li>Software architecture for intelligent systems<\/li>\n<li>Emerging architectures: Cloud, Fog, OpenFog, CoFog, Mobile Edge, Mobile Cloudlet, Serverless, Clustering Computing, Internet of Things (IoT)<\/li>\n<li>Mobiles Applications, Distributed Systems, Internet technologies<\/li>\n<li>Development and reuse of software components using object, aspect, component &amp; service\/microservices<\/li>\n<\/ul>\n<h2>Subventions\/grants<\/h2>\n<ul>\n<li>CRSNG (NSERC) &#8211; Canada<\/li>\n<li>CRSNG (NSERC) &#8211; Industriel SEP, Mod\u00e9lisation et simulation des \u00e9v\u00e8nements complexes (par exemple, gestion de catastrophes naturelles), Hamid Mcheick &amp; Karam Mustapha, UQAC-Quebec City, Canada<\/li>\n<li>MITACS &#8211; Globalink, UQAC-Mediterranean Institute of Technology &#8211; MedTech (Tunisia), Project title: Mod\u00e8le de pr\u00e9vention de maladies bas\u00e9 sure l&#8217;IA et l&#8217;Internet des objets (IoT),\u00a0 Hamid Mcheick (UQAC); Sehl Mellouli &amp; Rim Haddad (Universit\u00e9 Laval, Canada); Karim Zbidi &amp; Noura Mathlouthi (MedTech, Tunisia)<\/li>\n<li>FUQAC &#8211; Conception d&#8217;un mod\u00e8le ontologique pr\u00e9liminaire d&#8217;asthme, Catherine Laprise; Hamid Mcheick &amp; Hicham Ajami,\u00a0UQAC, Chicoutimi, Canada<\/li>\n<li>FUQAC &#8211; Internet of Things IoT Model for smart area, Hamid Mcheick, Djamal Rebaine &amp; Ghassan Fadlallah, UQAC, Chicoutimi, Canada<\/li>\n<li>FCI &#8211; LATECE, UQAM, Montr\u00e9al, QC, Canada<\/li>\n<li>PAIR &#8211; UQAC &#8211; Qu\u00e9bec, Canada<\/li>\n<li>CRIM (Centre de Recherche Informatique de Montr\u00e9al)<\/li>\n<li>FQRNT-CRIM (Qu\u00e9bec-Canada)<\/li>\n<\/ul>\n<h2>Faits Saillants (Highlights)<\/h2>\n<ul>\n<li><a href=\"https:\/\/www.mdpi.com\/journal\/futureinternet\/special_issues\/516A7S1401\">Guest Editor :\u00a0Special Issue\u00a0 Internet of things (IoT) for Smart Living and Public Health, Future Internet Journal (MDPI), 2022-2023<\/a><\/li>\n<li><a href=\"https:\/\/www.mdpi.com\/journal\/applsci\/special_issues\/Developing_an_New_IoT_Smart_City_Framework\">Guest Editor : Special issue : IoT-Power in 21st Centuray: Developing New IoT Smart Frameworks, Platforms and Systems, Applied Sciences, \u00e9Impact factor 2.838, 2022.<\/a><\/li>\n<li><a href=\"https:\/\/jtde.telsoc.org\/index.php\/jtde\/issue\/view\/36\">Co-editor of the Journal\u00a0<em>\u00a0of Telecommunications and the Digital Economy<\/em>\u00a0for 2022<\/a><\/li>\n<li>Senior IEEE Member<\/li>\n<li>Coordinator par interim of Groupe Research Informatique GRI, UQAC<\/li>\n<li>Excellent Research: Three Thesis of Ph.D. students (Karawash 2015, Hannech 2018, Ajami 2020), UQAC<\/li>\n<li>Editor of many journals around the world in computer science, software engineering, and Emerging architectures (Cloud, Egde, Fog, Mobile Edge Computing, IoT)<\/li>\n<li><a href=\"https:\/\/link.springer.com\/book\/10.1007\/978-3-030-01566-4\">Editor (Book):\u00a0N. Jeyanthi, Ajith Abraham, and Hamid Mcheick, Ubiquitous Computing and Computing Security of IoT, Publisher: Springer, Cham. Copyright: Springer Nature Switzerland AG 2019, ISSN: 2197-6503, ISBN: 978-3-030-01565-7. Part of the Studies in Big Data book series (SBD, volume 47), 2019.<\/a><\/li>\n<li><a href=\"https:\/\/link.springer.com\/book\/10.1007\/978-3-319-11017-2\">Chapter Book: Towards Intelligent Distributed Computing: Cell-Oriented Computing, Springer Book Chapter, Book Title:\u00a0Computational Intelligence Applications in Modeling and Control, 2015<\/a><\/li>\n<li><a href=\"https:\/\/ideas.repec.org\/h\/spr\/paitcp\/978-3-319-17620-8_8.html\">Chapter Book:\u00a0Smart Cities and Resilience Plans A Multi-Agent Based Simulation for Extreme Event Rescuing, Springer Book chapter, book title: Smarter as the New Urban Agenda: A Comprehensive View of the 21st Century City, 2016.<\/a><\/li>\n<li id=\"title\"><a href=\"https:\/\/rd.springer.com\/chapter\/10.1007%2F978-3-319-00804-2_15\" target=\"_blank\">Quality-of-Service Data Warehouse for the Selection of Cloud Services: A Recent Trend, Springer Book Chapter, Book title: Cloud Computing: Challenges, Limitations and R&amp;D Solutions, 2014<\/a><\/li>\n<li><a href=\"https:\/\/link.springer.com\/chapter\/10.1007%2F978-3-319-05029-4_10\" target=\"_blank\">Simultaneous Analysis of Big Multi-Network Data by Mapping their Graphs into Data Model. Springer Book Chapter, Book title: Big Data and Internet of Things: A Roadmap for Smart Environments, 2014<\/a>.<\/li>\n<li><a href=\"https:\/\/www.cambridgescholars.com\/download\/sample\/58103\" target=\"_blank\">Cloud as a Major Catalyst of Change in Contemporary Business Environment, Book chapter, published by Cambridge Scholars Publishing, Book title: Business Intelligence and Mobile Technology Research: An Information Engineering Perspective, 2014<\/a>.<\/li>\n<li><a href=\"https:\/\/rd.springer.com\/chapter\/10.1007%2F978-3-319-00804-2_15\" target=\"_blank\">Intelligent Web Based on Mathematics Theory (Best paper), Springer Book\u00a0Chapter, Book title: Springer&#8217;s Studies in Computation Intelligence, 2013<\/a><\/li>\n<li><a href=\"https:\/\/cdn.intechopen.com\/pdfs\/35017\/InTech-Mspace_an_emergent_approach_modelling_and_exploring_mutable_business_entities.pdf\" target=\"_blank\">MSpace: An Emergent Approach, Modelling and Exploring Mutable Business-Entities, Book chapter InTech, Book title: \u00a0Mobile Computing Book InTech, 2012<\/a><\/li>\n<\/ul>\n<h2>Outils et donn\u00e9es<\/h2>\n<ul>\n<li><a href=\"https:\/\/github.com\/hmcheick\/COPD\/blob\/main\/COPD_version%205.owl\">Design ontology of Chronicle Obstructive Pulmonary Disease COPD<\/a><\/li>\n<li><a href=\"https:\/\/github.com\/hmcheick\/Asthma\/blob\/main\/Allergic_Asthma_versionCameraReady17June2022.zip\">First steps of design Asthma ontology<\/a><\/li>\n<li><a href=\"https:\/\/github.com\/saadidrees\/dataset_covid_19_symptoms\">Data of COVID-19 &#8211; a dataset that contains 1897 records\u00a0(used to validate M. Ennab research)<\/a><\/li>\n<li><a href=\"https:\/\/github.com\/hmcheick\/SchedulingToolIoT\/blob\/main\/SchedulingToolGhassanFadlallah2022.zip\">Scheduling Tool: Algorithms for Internet of Thing IoT, done in the thesis of Ghassan Fadlallah<\/a><\/li>\n<li><a href=\"https:\/\/github.com\/hmcheick\/ConnectivityLoraLopy-GhassanFadlallah\/blob\/main\/LoraLopyConnectivity-ThesisGhassaFadlallah.zip\">Connectivity of Internet of Things (IoT) using Lora, Wifi, Wifi-Direct, Bluetooth, done in the thesis of Ghassan Fadlallah<\/a><\/li>\n<\/ul>\n<h2>Keynote speakers<\/h2>\n<ul>\n<li><a href=\"https:\/\/sagroups.ieee.org\/1752\/wp-content\/uploads\/sites\/277\/2022\/04\/2022-03-03-CardioRespiratory-subgroup-minutes.pdf\">Speaker: <strong>Healthcare context-aware system for chronic diseases<\/strong>, Standard community of research IEEE SA P1752.2, CardioRespiratory Subgroup Meeting, March 3, 2022<\/a><\/li>\n<li><a href=\"https:\/\/Journ\u00e9e de l\u2019Innovation des Recherche JIR2022\">Speaker: Context-aware pervasive healthcare system for COPD,\u00a0ResmiQ, Journ\u00e9e de l\u2019Innovation des Recherche JIR2022, Mars 3, 2022<\/a><\/li>\n<li><a href=\"https:\/\/drive.google.com\/file\/d\/1snv7YZH8-WSqI2KzTvY1JrolEJ2IAQ--\/view\">Speaker: <strong>Context-aware pervasive healthcare system for COPD<\/strong>,\u00a0Montreal Behavioural Medicine Centre (MBMC)\u00a0&amp; Concordia University, January 27, 2022<\/a><\/li>\n<li><a href=\"https:\/\/addiction-behavioral-conferences.magnusgroup.org\/\" target=\"_blank\"><strong>Speaker: Context-aware pervasive healthcare system for COPD, in the International Conference on COPD and Asthma,\u00a021-22 September 2021, Paris, France<\/strong><\/a><\/li>\n<li><a href=\"https:\/\/addiction-behavioral-conferences.magnusgroup.org\/speakers\/2021\" target=\"_blank\"><strong>Speaker: Health Informatics framework for COPD disease, in the Global Conference on Addiction Medicine, Behavioral health and Psychiatry<\/strong><\/a>,\u00a0<strong>21-23 October, 2021<\/strong><b>\u00a0<\/b><\/li>\n<li><strong>The IEEE 2021 International Conference on Smart Applications, Communications and Networking (SmartNet 2021), September 22-23, 2021, present the article:\u00a0D2D Communication:\u00a0COVID-19 Contact Tracing Application Using Wi-Fi Direct<\/strong><\/li>\n<li><a href=\"https:\/\/scientificwisdom.org\/webinars\/Epidemiology-28-07-2021-Abstracts.html\" target=\"_blank\"><strong>Speaker : Context-aware adaptation healthcare framework for COPD, in the Scientific Wisdom Webinar on Epidemiology.<\/strong><\/a><\/li>\n<li><a href=\"https:\/\/www.longdom.com\/webinars\/precisionmedicine\/scientific-program\" target=\"_blank\">Speaker\u00a0: Context aware pervasive healthcare framework, in the\u00a0<strong>4th International Conference on Critical Care&amp; Emergency Medicine :\u00a0 Precision Medicine Public Health, June 25-27, 2021, London, UK<\/strong><\/a>.<\/li>\n<li>Speaker: Context-aware COPD adaptation system,\u00a08th International Conference on\u00a0<a href=\"https:\/\/antispam.uqac.ca:32224\/?dmVyPTEuMDAxJiYyMjc1OGU1OTJiY2IxNTEzNT02MEEyNDFFNV82NDIzNV84MTUyXzEmJmU2OGEzMTBmYmYzNGQyOT0xMjIyJiZ1cmw9aHR0cHMlM0ElMkYlMkZhbGxpZWRhY2FkZW1pZXMlMkVjb20lMkZjb3BkLTIwMjE=\">COPD<\/a>\u00a0and Lung Health,\u00a0Paris, France, October 7-8, 2021.<\/li>\n<li><\/li>\n<\/ul>\n<h2>Implications<\/h2>\n<ul>\n<li><a href=\"https:\/\/www.uqac.ca\/santedurable\/cartographie-des-collaborations-au-cisd\/\">Membre<\/a><a href=\"https:\/\/www.uqac.ca\/santedurable\/cartographie-des-collaborations-au-cisd\/\"> du Centre Intersectorial en Sant\u00e9 Durable (CISD), UQAC<\/a>, Chicoutimi, Quebec, Canada<\/li>\n<li>Membre\u00a0<a href=\"https:\/\/benthamscience.com\/journal\/index.php?journalID=rpcseng\" target=\"_blank\"><strong>LA<\/strong>boratoire de Recherches <strong>T<\/strong>ransdisciplinaires sur les <strong>\u00c9C<\/strong>osyst\u00e8mes Informatiqu<strong>E<\/strong>s (member of Transdisciplinary Research Laboratory on Computer Ecosystems) LATECE (UQAM)<\/a>, Quebec, Canada<\/li>\n<li>Guest Editor:\u00a0<a href=\"https:\/\/www.mdpi.com\/journal\/applsci\/special_issues\/Developing_an_New_IoT_Smart_City_Framework\" target=\"_blank\">Journal Applied Sciences &#8211; MDPI<\/a>, 2021, 2022<\/li>\n<li>Co-Editor of the journal (JTDE, 2021):\u00a0<em><a href=\"https:\/\/jtde.telsoc.org\/index.php\/jtde\" target=\"_blank\">Journal of Telecommunications and the Digital Economy<\/a><\/em><\/li>\n<li><a href=\"https:\/\/benthamscience.com\/journal\/index.php?journalID=rpcseng\" target=\"_blank\">Editor in Chief in Bentham Journal :\u00a0Recent Patents on Computer Science<\/a><\/li>\n<li><a href=\"https:\/\/www.cisjournal.org\/Default.aspx\" target=\"self\">Editor in Chief: Journal\u00a0of Emerging in Computing and Information Sciences.<\/a><\/li>\n<li><a href=\"https:\/\/www.inderscience.com\/browse\/callpaper.php?callID=1687\" target=\"self\">Guest\u00a0Editor Chair of IJCNDS Journal: Cloud Computing<\/a>.<\/li>\n<li><a href=\"https:\/\/www.ccece2015.org\/\" target=\"_blank\">Chair of Biomedical and Health Informatics tracks in CCECE-IEEE 2015<\/a><\/li>\n<li><a href=\"https:\/\/www-927.ibm.com\/ibm\/cas\/cascon\" target=\"_blank\">Program committee of ETT CASCON 2014 (IBM): Emeerging Technolgies Track CASCON2014<\/a><\/li>\n<li><a href=\"https:\/\/www.mcetech.org\/committees.php\" target=\"_blank\">Steering committee member (comit\u00e9 aviseur) MCETECH 2015, Springer<\/a><\/li>\n<li><a href=\"https:\/\/asia2013.cloudcom.org\/\" target=\"_blank\">Program Chair In International Conference of Cloud Computing and Big Data, IEEE 2013<\/a><\/li>\n<li>Editorial\u00a0Board Member: Journal of Theoretical and Applied\u00a0Electronic Commerce Research JTAER. 2010-2013<\/li>\n<li><a href=\"https:\/\/www.ieee.ca\/ccece12\/pdfs\/CFP.pdf\" target=\"self\">Co-chair\u00a0in Canadian Conference on Electrical and Computer Engineering (CCECE).<\/a><\/li>\n<li><a href=\"https:\/\/www.iccit-conf.org\/\" target=\"self\">Co-chair\u00a0(track): International Conference on Communications\u00a0and Information Technology ICCIT<\/a>.<\/li>\n<li>Groupes de recherche : GRI (UQAC), GELOG (ETS)<\/li>\n<li>Senior Member IEEE, Membre ACM, CMC Member (Canadian microelectronics)<\/li>\n<li><a href=\"https:\/\/www.inderscience.com\/browse\/ callpaper.php?callID=1236\" target=\"self\">Guest Editor Chair of IJCNDS\u00a0Journal: Service-Oriented Computing and Separation of Concerns and Member\u00a0of Committee of Journal IJAHUC<\/a><\/li>\n<li>Vice Chair des conferences: ICOMP, PDPTA, SERP, and SWWS<br \/>\n(WorldComp), etc.<\/li>\n<li><a href=\"https:\/\/www.inderscience.com\/ijcnds\" target=\"self\">Editorial Board Members of IJCNDS<\/a><\/li>\n<li><a href=\"https:\/\/www.bentham.org\" target=\"self\">Editorial Advisory Board of Recent Patents on Computer Science (Bentham Science Publishers)<\/a><\/li>\n<li><a href=\"https:\/\/www.world-academy-of-science.org\/worldcomp09\/ws\/conferences\/serp09\" target=\"self\">Members of Program &amp; Organizing Committee of SERP\u00a0(WORLDCOMP)<\/a><\/li>\n<li><a href=\"https:\/\/www2.lifl.fr\/AICCSA2010\/index.php?n=Main.OrganizingCommittee\" target=\"self\">Publicity Chair of\u00a0AICCSA&#8217;2010<\/a><\/li>\n<li><a href=\"https:\/\/www.sersc.org\/SMPE2009\/\" target=\"self\">Program Committee member of the\u00a0Symposium on Security and Multi-modality in Pervasive Environment (SMPE)<\/a><\/li>\n<li><a href=\"https:\/\/www.iceis.org\/iceis2008\/\" target=\"self\">ICEIS 2008, Spain (membre du comit\u00e9 de programme)<\/a><\/li>\n<li><a href=\"https:\/\/www.iaria.org\/conferences2007\/ComICSNC07.html\" target=\"self\">ICSNC 2007, France (Comit\u00e9 du programme), ICSNC 2008<\/a><\/li>\n<li><a href=\"https:\/\/www.iaria.org\/conferences2007\/ComSECURWARE07.html\" target=\"self\">SECURWARE 2007, Valencia, Spain (Membre du comit\u00e9 du programme)<\/a><\/li>\n<li><a href=\"https:\/\/www.icsoft.org\/ICSOFT2007\/index.htm\" target=\"self\">Membre du comit\u00e9 de programme: ICSOFT 2009-Belgaria, ICSOFT 2008, ICSOFT 2007-Spain; ICSOFT 2006-Portugal<\/a><\/li>\n<li><a href=\"https:\/\/www.iaria.org\/conferences2007\/ICIW07.html\" target=\"self\">ICIW 2007-Mauritius and ICIW2006-USA (membre du comit\u00e9 de programme)<\/a><\/li>\n<li><a href=\"https:\/\/cisse2007.org\/committees.aspx#scs2\" target=\"self\">CIS2E 2007, USA (membre du comit\u00e9 de programme)<\/a><\/li>\n<li><a href=\"https:\/\/cisse2006.org\/committees.aspx#scs2\" target=\"self\">CIS2E 2006, New York, USA (membre du comit\u00e9 de programme)<\/a><\/li>\n<li><a href=\"https:\/\/www.iaria.org\/conferences2007\/ICSEA07.html\" target=\"self\">ICSEA 2007,Cap Esterel, French Riviera, France (membre du comit\u00e9 de programme)<\/a><\/li>\n<li><a href=\"https:\/\/www.iaria.org\/boards.html\" target=\"self\">IARIA conferences : Publicity Board Member of ICSNC 2007, ICSEA 2007, etc. (International Academy, Research and Industry association)<\/a><\/li>\n<li><a href=\"https:\/\/www.ita07.org\/\" target=\"self\">ITA2007, Wrexham, North Wales, UK (Session Chair et membre du comit\u00e9 de programme)<\/a><\/li>\n<\/ul>\n","protected":false},"excerpt":{"rendered":"<p>Hamid Mcheick, Ph.D.\u00a0 Professeur titulaire au d\u00e9partement d&#8217;informatique et de math\u00e9matique\/\u00a0Full professor of computer science department (Lien Personnel) Int\u00e9r\u00eats de recherche \/\u00a0Research interests Design Context-aware pervasive and intelligent\u00a0architectural framework Ubiquitous and pervasive computing Health Care Systems, e-Health Software architecture for intelligent systems Emerging architectures: Cloud, Fog, OpenFog, CoFog, Mobile Edge, Mobile Cloudlet, Serverless, Clustering Computing, &hellip; <a href=\"https:\/\/portfolio.uqac.ca\/hamidmcheick\/\" class=\"more-link\">Continuer la lecture de <span class=\"screen-reader-text\">Pr\u00e9sentation<\/span>  <span class=\"meta-nav\">&rarr;<\/span><\/a><\/p>\n","protected":false},"author":23,"featured_media":0,"parent":0,"menu_order":0,"comment_status":"closed","ping_status":"closed","template":"","meta":{"footnotes":""},"tags":[42,7,24,38,5,41,25,26,12,36,29,35,31,23,28,21,33,30,10,39,40],"_links":{"self":[{"href":"https:\/\/portfolio.uqac.ca\/hamidmcheick\/wp-json\/wp\/v2\/pages\/4"}],"collection":[{"href":"https:\/\/portfolio.uqac.ca\/hamidmcheick\/wp-json\/wp\/v2\/pages"}],"about":[{"href":"https:\/\/portfolio.uqac.ca\/hamidmcheick\/wp-json\/wp\/v2\/types\/page"}],"author":[{"embeddable":true,"href":"https:\/\/portfolio.uqac.ca\/hamidmcheick\/wp-json\/wp\/v2\/users\/23"}],"replies":[{"embeddable":true,"href":"https:\/\/portfolio.uqac.ca\/hamidmcheick\/wp-json\/wp\/v2\/comments?post=4"}],"version-history":[{"count":98,"href":"https:\/\/portfolio.uqac.ca\/hamidmcheick\/wp-json\/wp\/v2\/pages\/4\/revisions"}],"predecessor-version":[{"id":307,"href":"https:\/\/portfolio.uqac.ca\/hamidmcheick\/wp-json\/wp\/v2\/pages\/4\/revisions\/307"}],"wp:attachment":[{"href":"https:\/\/portfolio.uqac.ca\/hamidmcheick\/wp-json\/wp\/v2\/media?parent=4"}],"wp:term":[{"taxonomy":"post_tag","embeddable":true,"href":"https:\/\/portfolio.uqac.ca\/hamidmcheick\/wp-json\/wp\/v2\/tags?post=4"}],"curies":[{"name":"wp","href":"https:\/\/api.w.org\/{rel}","templated":true}]}}