{"id":129,"date":"2019-03-21T11:21:06","date_gmt":"2019-03-21T15:21:06","guid":{"rendered":"http:\/\/portfolio-pre.uqac.ca\/hassanezzaidi\/?page_id=129"},"modified":"2019-03-21T11:27:08","modified_gmt":"2019-03-21T15:27:08","slug":"financement","status":"publish","type":"page","link":"https:\/\/portfolio.uqac.ca\/hassanezzaidi\/financement\/","title":{"rendered":"Subventions"},"content":{"rendered":"<p>Liste des subventions obtenues depuis 3 ans<\/p>\n<table width=\"0\">\n<tbody>\n<tr>\n<td width=\"384\"><strong>Titre du projet<\/strong><\/p>\n<p><strong>(Nom du chercheur principal)<\/strong><\/td>\n<td width=\"138\"><strong>Organisme subventionnaire<\/strong><\/td>\n<td width=\"114\"><strong>Somme<\/strong><\/p>\n<p><strong>totale\/annuelle<\/strong><\/td>\n<\/tr>\n<tr>\n<td width=\"384\">D\u00e9veloppement d&#8217;outils de diagnostic par signaux acoustiques\/\u00e9lectriques et application de liquides\u00a0biod\u00e9gradables dans les transformateurs de puissance<\/td>\n<td width=\"138\">RDC<\/p>\n<p>depuis 2017<\/td>\n<td width=\"114\"><strong>1\u00a0000\u00a0000$ (5ans)<\/strong><\/td>\n<\/tr>\n<tr>\n<td width=\"384\">\u00c9tude des mod\u00e8les d\u2019interactivit\u00e9 humain-robot en r\u00e9alit\u00e9 mixte afin de r\u00e9duire l\u2019apparition des troubles musculo-squelettiques en utilisant une cellule de travail hybride (Subvention \u00e9quipe FQRNT)<\/td>\n<td width=\"138\">Fonds Qu\u00e9b\u00e9cois de la Recherche su rla Nature et les Technologies ((2015\/6 &#8211; 2018\/6))<\/td>\n<td width=\"114\">220$ (3ans) , obtenue.<\/td>\n<\/tr>\n<tr>\n<td width=\"384\">Application des techniques de spectroscopie di\u00e9lectrique au diagnostic efficace et fiable de l\u2019appareillage de puissance<\/td>\n<td width=\"138\">FUQAC\u00a0: 2015-2016<\/td>\n<td width=\"114\">10 000$, obtenue.<\/td>\n<\/tr>\n<\/tbody>\n<\/table>\n","protected":false},"excerpt":{"rendered":"<p>Liste des subventions obtenues depuis 3 ans Titre du projet (Nom du chercheur principal) Organisme subventionnaire Somme totale\/annuelle D\u00e9veloppement d&#8217;outils de diagnostic par signaux acoustiques\/\u00e9lectriques et application de liquides\u00a0biod\u00e9gradables dans les transformateurs de puissance RDC depuis 2017 1\u00a0000\u00a0000$ (5ans) \u00c9tude des mod\u00e8les d\u2019interactivit\u00e9 humain-robot en r\u00e9alit\u00e9 mixte afin de r\u00e9duire l\u2019apparition des troubles musculo-squelettiques en &hellip; <a href=\"https:\/\/portfolio.uqac.ca\/hassanezzaidi\/financement\/\" class=\"more-link\">Continuer la lecture de <span class=\"screen-reader-text\">Subventions<\/span>  <span class=\"meta-nav\">&rarr;<\/span><\/a><\/p>\n","protected":false},"author":242,"featured_media":0,"parent":0,"menu_order":0,"comment_status":"closed","ping_status":"closed","template":"","meta":{"footnotes":""},"tags":[],"_links":{"self":[{"href":"https:\/\/portfolio.uqac.ca\/hassanezzaidi\/wp-json\/wp\/v2\/pages\/129"}],"collection":[{"href":"https:\/\/portfolio.uqac.ca\/hassanezzaidi\/wp-json\/wp\/v2\/pages"}],"about":[{"href":"https:\/\/portfolio.uqac.ca\/hassanezzaidi\/wp-json\/wp\/v2\/types\/page"}],"author":[{"embeddable":true,"href":"https:\/\/portfolio.uqac.ca\/hassanezzaidi\/wp-json\/wp\/v2\/users\/242"}],"replies":[{"embeddable":true,"href":"https:\/\/portfolio.uqac.ca\/hassanezzaidi\/wp-json\/wp\/v2\/comments?post=129"}],"version-history":[{"count":2,"href":"https:\/\/portfolio.uqac.ca\/hassanezzaidi\/wp-json\/wp\/v2\/pages\/129\/revisions"}],"predecessor-version":[{"id":133,"href":"https:\/\/portfolio.uqac.ca\/hassanezzaidi\/wp-json\/wp\/v2\/pages\/129\/revisions\/133"}],"wp:attachment":[{"href":"https:\/\/portfolio.uqac.ca\/hassanezzaidi\/wp-json\/wp\/v2\/media?parent=129"}],"wp:term":[{"taxonomy":"post_tag","embeddable":true,"href":"https:\/\/portfolio.uqac.ca\/hassanezzaidi\/wp-json\/wp\/v2\/tags?post=129"}],"curies":[{"name":"wp","href":"https:\/\/api.w.org\/{rel}","templated":true}]}}