{"id":27,"date":"2012-07-24T12:57:18","date_gmt":"2012-07-24T12:57:18","guid":{"rendered":"http:\/\/portfolio-pre.uqac.ca\/gabarit\/?page_id=27"},"modified":"2021-09-01T22:10:18","modified_gmt":"2021-09-02T02:10:18","slug":"curriculum","status":"publish","type":"page","link":"https:\/\/portfolio.uqac.ca\/hassanezzaidi\/curriculum\/","title":{"rendered":"Curriculum abr\u00e9g\u00e9"},"content":{"rendered":"<h2>Formation Acad\u00e9mique<\/h2>\n<ul>\n<li><strong>Doctorat en Ing\u00e9nierie<\/strong>, Universit\u00e9 du Qu\u00e9bec \u00e0 Chicoutimi.<br \/>\nTitre de la Th\u00e8se : Discrimination Parole\/Musique et \u00e9tude de nouveaux param\u00e8tres et mod\u00e8les pour un syst\u00e8me d&#8217;identification du locuteur dans le contexte de conf\u00e9rences t\u00e9l\u00e9phoniques.<\/li>\n<li><strong>Ma\u00eetrise en Ing\u00e9nierie<\/strong>, Universit\u00e9 du Qu\u00e9bec \u00e0 Chicoutimi.<br \/>\nM\u00e9moire : D\u00e9tection de double parole dans le contexte du radiot\u00e9l\u00e9phone main libre en automobile.<\/li>\n<li><strong>Baccalaur\u00e9at en g\u00e9nie Informatique<\/strong>, Universit\u00e9 du Qu\u00e9bec \u00e0 Chicoutimi.<\/li>\n<\/ul>\n<h2>Exp\u00e9riences en enseignement<\/h2>\n<ul>\n<li><strong>Professeur r\u00e9gulier<\/strong> (UQAC, depuis le 1 ao\u00fbt 2003)<\/li>\n<li><strong>Charg\u00e9 de cours<\/strong> (UQAC, 2001-2003)<\/li>\n<li><strong>Assistant de cours<\/strong> (UQAC, 1995-2001)<\/li>\n<li><strong>Soutient \u00e0 l&#8217;encadrement<\/strong> de projets de fin d&#8217;\u00e9tudes et de stages<\/li>\n<\/ul>\n<h2>Exp\u00e9riences professionnelles<\/h2>\n<h3>Exp\u00e9rience en recherche<\/h3>\n<ul>\n<li><strong>Responsable de contrats pendant 3 ans<\/strong>\u00a0: Caract\u00e9risation de locuteurs pour des fins de reconnaissance de parole impliquant plusieurs locuteurs ( 2000-2001 ). Contrat W2213-1-026\/01-QC-Nouveaux algorithmes d&#8217;extraction li\u00e9s aux caract\u00e9ristiques de la parole destin\u00e9s \u00e0 l&#8217;identification du locuteur ( 1997-1999 ). Contrat W2213-7-2005\/001SV.Les contrats sont soumis par le minist\u00e8re de la D\u00e9fense National du Canada.<\/li>\n<li><strong>Associ\u00e9 de recherche<\/strong>\u00a0: \u00c9t\u00e9 2001, Activit\u00e9 LICOME ( Mohand Ouhrouche)Suivi de la variation des param\u00e8tres d&#8217;une machine asynchrone par r\u00e9seaux de neurones artificiels.<\/li>\n<li><strong>Associ\u00e9 de recherche dans projet de collaboration France-Qu\u00e9bec 2001-2002<\/strong>\u00a0: Collaboration avec le laboratoire CLIPS (Communication Langagi\u00e8re et Interaction Personne-Syst\u00e8me) \u00e0 Grenoble, unit\u00e9 de l&#8217;IMAG (www.imag.fr).<\/li>\n<li><strong>Stage chez INRS (Jan. au Juin 2000)<\/strong>\u00a0: Identification du locuteur par l&#8217;utilisation d&#8217;un syst\u00e8me \u00e0 architecture multibandes (temps-fr\u00e9quence).<\/li>\n<\/ul>\n<h3>Exp\u00e9rience industrielle<\/h3>\n<ul>\n<li><strong>1997 Stagiaire ALCATEL-PHONES, Paris, France<\/strong>\u00a0: Impl\u00e9mentation en temps r\u00e9el d&#8217;un syst\u00e8me pour la d\u00e9tection de la hauteur tonale dans le contexte radiot\u00e9l\u00e9phone main libre en v\u00e9hicule.<\/li>\n<li><strong>1994 Ing\u00e9nieur junior SOFT MEDIA DIGITAL PHOTO, Chicoutimi<\/strong>\u00a0: D\u00e9veloppement d&#8217;un logiciel pour l&#8217;acquisition et la gestion des donn\u00e9es Multim\u00e9dia.<\/li>\n<\/ul>\n<h3>Affiliation Professionnelle<\/h3>\n<ul>\n<li><strong>Membre de l&#8217;ordre des ing\u00e9nieurs du Qu\u00e9bec<\/strong>.<\/li>\n<li><strong>Membre de SPLC<\/strong> (Speaker Processing and Language Characterization), groupe dans International Speech Communication Association (ISCA). <a href=\"https:\/\/splc.ddl.ish-lyon.cnrs.fr\/list.html\" target=\"_blank\">https:\/\/splc.ddl.ish-lyon.cnrs.fr\/list.html<\/a><\/li>\n<li><strong>Membre de l&#8217;ACFAS<\/strong>.<\/li>\n<\/ul>\n","protected":false},"excerpt":{"rendered":"<p>Formation Acad\u00e9mique Doctorat en Ing\u00e9nierie, Universit\u00e9 du Qu\u00e9bec \u00e0 Chicoutimi. Titre de la Th\u00e8se : Discrimination Parole\/Musique et \u00e9tude de nouveaux param\u00e8tres et mod\u00e8les pour un syst\u00e8me d&#8217;identification du locuteur dans le contexte de conf\u00e9rences t\u00e9l\u00e9phoniques. Ma\u00eetrise en Ing\u00e9nierie, Universit\u00e9 du Qu\u00e9bec \u00e0 Chicoutimi. M\u00e9moire : D\u00e9tection de double parole dans le contexte du radiot\u00e9l\u00e9phone &hellip; <a href=\"https:\/\/portfolio.uqac.ca\/hassanezzaidi\/curriculum\/\" class=\"more-link\">Continuer la lecture de <span class=\"screen-reader-text\">Curriculum abr\u00e9g\u00e9<\/span>  <span class=\"meta-nav\">&rarr;<\/span><\/a><\/p>\n","protected":false},"author":219,"featured_media":0,"parent":0,"menu_order":0,"comment_status":"closed","ping_status":"closed","template":"","meta":{"footnotes":""},"tags":[],"_links":{"self":[{"href":"https:\/\/portfolio.uqac.ca\/hassanezzaidi\/wp-json\/wp\/v2\/pages\/27"}],"collection":[{"href":"https:\/\/portfolio.uqac.ca\/hassanezzaidi\/wp-json\/wp\/v2\/pages"}],"about":[{"href":"https:\/\/portfolio.uqac.ca\/hassanezzaidi\/wp-json\/wp\/v2\/types\/page"}],"author":[{"embeddable":true,"href":"https:\/\/portfolio.uqac.ca\/hassanezzaidi\/wp-json\/wp\/v2\/users\/219"}],"replies":[{"embeddable":true,"href":"https:\/\/portfolio.uqac.ca\/hassanezzaidi\/wp-json\/wp\/v2\/comments?post=27"}],"version-history":[{"count":20,"href":"https:\/\/portfolio.uqac.ca\/hassanezzaidi\/wp-json\/wp\/v2\/pages\/27\/revisions"}],"predecessor-version":[{"id":142,"href":"https:\/\/portfolio.uqac.ca\/hassanezzaidi\/wp-json\/wp\/v2\/pages\/27\/revisions\/142"}],"wp:attachment":[{"href":"https:\/\/portfolio.uqac.ca\/hassanezzaidi\/wp-json\/wp\/v2\/media?parent=27"}],"wp:term":[{"taxonomy":"post_tag","embeddable":true,"href":"https:\/\/portfolio.uqac.ca\/hassanezzaidi\/wp-json\/wp\/v2\/tags?post=27"}],"curies":[{"name":"wp","href":"https:\/\/api.w.org\/{rel}","templated":true}]}}