{"id":4,"date":"2012-07-23T17:46:31","date_gmt":"2012-07-23T17:46:31","guid":{"rendered":"http:\/\/portfolio-pre.uqac.ca\/gabarit\/?page_id=4"},"modified":"2019-09-30T15:39:22","modified_gmt":"2019-09-30T19:39:22","slug":"presentatio","status":"publish","type":"page","link":"https:\/\/portfolio.uqac.ca\/hassanezzaidi\/","title":{"rendered":"Pr\u00e9sentation"},"content":{"rendered":"<h2>Hassan Ezzaidi, ing., Ph. D.<\/h2>\n<p>Professeur titulaire, d\u00e9partement des sciences appliqu\u00e9es.<\/p>\n<h2>Fonctions<\/h2>\n<ul>\n<li>Directeur des \u00e9tudes de cycles sup\u00e9rieurs en ing\u00e9nierie \u2013 volet professionnel<\/li>\n<li>Membre du groupe de recherche GREEN \u00e0 l\u2019UQAC<\/li>\n<li>Collaborateur au Centre international de recherche sur le givrage\u00a0 atmosph\u00e9rique et l&#8217;ing\u00e9nierie des r\u00e9seaux \u00e9lectriques (<strong><em>CENGIVRE<\/em><\/strong>) \u00e0 l\u2019UQAC<\/li>\n<li>Membre de l\u2019Ordre des ing\u00e9nieurs du Qu\u00e9bec.<\/li>\n<\/ul>\n<h2>Sp\u00e9cialisation<\/h2>\n<ul>\n<li>G\u00e9nie informatique<\/li>\n<\/ul>\n<h2>Domaines de sp\u00e9cialisation<\/h2>\n<ul>\n<li>Traitement et analyse du signal<\/li>\n<li>Identification du locuteur et reconnaissance vocale<\/li>\n<li>Intelligence artificielle et reconnaissance des formes<\/li>\n<\/ul>\n","protected":false},"excerpt":{"rendered":"<p>Hassan Ezzaidi, ing., Ph. D. Professeur titulaire, d\u00e9partement des sciences appliqu\u00e9es. Fonctions Directeur des \u00e9tudes de cycles sup\u00e9rieurs en ing\u00e9nierie \u2013 volet professionnel Membre du groupe de recherche GREEN \u00e0 l\u2019UQAC Collaborateur au Centre international de recherche sur le givrage\u00a0 atmosph\u00e9rique et l&#8217;ing\u00e9nierie des r\u00e9seaux \u00e9lectriques (CENGIVRE) \u00e0 l\u2019UQAC Membre de l\u2019Ordre des ing\u00e9nieurs du &hellip; <a href=\"https:\/\/portfolio.uqac.ca\/hassanezzaidi\/\" class=\"more-link\">Continuer la lecture de <span class=\"screen-reader-text\">Pr\u00e9sentation<\/span>  <span class=\"meta-nav\">&rarr;<\/span><\/a><\/p>\n","protected":false},"author":219,"featured_media":0,"parent":0,"menu_order":0,"comment_status":"closed","ping_status":"closed","template":"","meta":{"footnotes":""},"tags":[4,6,5],"_links":{"self":[{"href":"https:\/\/portfolio.uqac.ca\/hassanezzaidi\/wp-json\/wp\/v2\/pages\/4"}],"collection":[{"href":"https:\/\/portfolio.uqac.ca\/hassanezzaidi\/wp-json\/wp\/v2\/pages"}],"about":[{"href":"https:\/\/portfolio.uqac.ca\/hassanezzaidi\/wp-json\/wp\/v2\/types\/page"}],"author":[{"embeddable":true,"href":"https:\/\/portfolio.uqac.ca\/hassanezzaidi\/wp-json\/wp\/v2\/users\/219"}],"replies":[{"embeddable":true,"href":"https:\/\/portfolio.uqac.ca\/hassanezzaidi\/wp-json\/wp\/v2\/comments?post=4"}],"version-history":[{"count":18,"href":"https:\/\/portfolio.uqac.ca\/hassanezzaidi\/wp-json\/wp\/v2\/pages\/4\/revisions"}],"predecessor-version":[{"id":139,"href":"https:\/\/portfolio.uqac.ca\/hassanezzaidi\/wp-json\/wp\/v2\/pages\/4\/revisions\/139"}],"wp:attachment":[{"href":"https:\/\/portfolio.uqac.ca\/hassanezzaidi\/wp-json\/wp\/v2\/media?parent=4"}],"wp:term":[{"taxonomy":"post_tag","embeddable":true,"href":"https:\/\/portfolio.uqac.ca\/hassanezzaidi\/wp-json\/wp\/v2\/tags?post=4"}],"curies":[{"name":"wp","href":"https:\/\/api.w.org\/{rel}","templated":true}]}}