{"id":18,"date":"2012-07-23T20:05:15","date_gmt":"2012-07-23T20:05:15","guid":{"rendered":"http:\/\/portfolio-pre.uqac.ca\/gabarit\/?page_id=18"},"modified":"2024-12-09T13:02:13","modified_gmt":"2024-12-09T18:02:13","slug":"notesbiographiques","status":"publish","type":"page","link":"https:\/\/portfolio.uqac.ca\/helenevezina\/notesbiographiques\/","title":{"rendered":"Notes biographiques"},"content":{"rendered":"<p>H\u00e9l\u00e8ne V\u00e9zina est titulaire d&#8217;un doctorat en d\u00e9mographie de l&#8217;Universit\u00e9 de Montr\u00e9al. Elle a \u00e9t\u00e9 professeure au D\u00e9partement des sciences humaines et sociales de l&#8217;Universit\u00e9 du Qu\u00e9bec \u00e0 Chicoutimi de 1996 \u00e0 2023. Depuis 2024, elle est professeure \u00e9m\u00e9rite.<\/p>\n<p>Son programme de recherche aborde des questions de d\u00e9mographie historique et de g\u00e9n\u00e9tique des populations dans un contexte multidisciplinaire. Elle a particip\u00e9, \u00e0 titre de chercheure principale ou co-chercheure, \u00e0 des projets sur la parent\u00e9, les origines ancestrales, la f\u00e9condit\u00e9 et la long\u00e9vit\u00e9 dans la population qu\u00e9b\u00e9coise ainsi que sur les caract\u00e9ristiques g\u00e9n\u00e9alogiques de diverses maladies ayant une composante h\u00e9r\u00e9ditaire.\u00a0 Elle travaille \u00e9galement sur la diversit\u00e9 g\u00e9n\u00e9tique, ethnoculturelle et d\u00e9mographique des populations r\u00e9gionales du Qu\u00e9bec et les facteurs d\u00e9mohistoriques qui ont contribu\u00e9 \u00e0 fa\u00e7onner cette diversit\u00e9. Ses recherches s&#8217;appuient sur l\u2019exploitation des donn\u00e9es g\u00e9n\u00e9alogiques et familiales du fichier BALSAC qu\u2019elle utilise depuis sa th\u00e8se de doctorat sur les aspects d\u00e9mographiques et g\u00e9n\u00e9alogiques de la maladie d\u2019Alzheimer.<\/p>\n<p>De 2010 \u00e0 2023, elle a dirig\u00e9 le Projet BALSAC en charge du d\u00e9veloppement, de l\u2019exploitation et de la valorisation du fichier de population.\u00a0 \u00c0 titre de directrice, elle a notamment pilot\u00e9 deux projets majeurs financ\u00e9s par la Fondation canadienne pour l&#8217;innovation (FCI). Le\u00a0 premier r\u00e9alis\u00e9 de 2013 \u00e0 2018 a permis la construction de l&#8217;Infrastructure int\u00e9gr\u00e9e des microdonn\u00e9es historiques sur la population qu\u00e9b\u00e9coise (IMPQ).\u00a0 De 2019 \u00e0 2024, elle a travaill\u00e9 sur le projet i-BALSAC, une initiative qui a conduit \u00e0 la cr\u00e9ation du portail G\u00c9N\u00c9O, une plateforme de recherche multisectorielle regroupant des donn\u00e9es g\u00e9n\u00e9alogiques, g\u00e9n\u00e9tiques et g\u00e9ographiques qui vise \u00e0 soutenir \u00e0 la recherche de pointe sur la population du Qu\u00e9bec.<\/p>\n","protected":false},"excerpt":{"rendered":"<p>H\u00e9l\u00e8ne V\u00e9zina est titulaire d&#8217;un doctorat en d\u00e9mographie de l&#8217;Universit\u00e9 de Montr\u00e9al. Elle a \u00e9t\u00e9 professeure au D\u00e9partement des sciences humaines et sociales de l&#8217;Universit\u00e9 du Qu\u00e9bec \u00e0 Chicoutimi de 1996 \u00e0 2023. Depuis 2024, elle est professeure \u00e9m\u00e9rite. Son programme de recherche aborde des questions de d\u00e9mographie historique et de g\u00e9n\u00e9tique des populations dans &hellip; <a href=\"https:\/\/portfolio.uqac.ca\/helenevezina\/notesbiographiques\/\" class=\"more-link\">Continuer la lecture de <span class=\"screen-reader-text\">Notes biographiques<\/span>  <span class=\"meta-nav\">&rarr;<\/span><\/a><\/p>\n","protected":false},"author":7,"featured_media":0,"parent":0,"menu_order":0,"comment_status":"closed","ping_status":"closed","template":"","meta":{"footnotes":""},"tags":[],"_links":{"self":[{"href":"https:\/\/portfolio.uqac.ca\/helenevezina\/wp-json\/wp\/v2\/pages\/18"}],"collection":[{"href":"https:\/\/portfolio.uqac.ca\/helenevezina\/wp-json\/wp\/v2\/pages"}],"about":[{"href":"https:\/\/portfolio.uqac.ca\/helenevezina\/wp-json\/wp\/v2\/types\/page"}],"author":[{"embeddable":true,"href":"https:\/\/portfolio.uqac.ca\/helenevezina\/wp-json\/wp\/v2\/users\/7"}],"replies":[{"embeddable":true,"href":"https:\/\/portfolio.uqac.ca\/helenevezina\/wp-json\/wp\/v2\/comments?post=18"}],"version-history":[{"count":12,"href":"https:\/\/portfolio.uqac.ca\/helenevezina\/wp-json\/wp\/v2\/pages\/18\/revisions"}],"predecessor-version":[{"id":179,"href":"https:\/\/portfolio.uqac.ca\/helenevezina\/wp-json\/wp\/v2\/pages\/18\/revisions\/179"}],"wp:attachment":[{"href":"https:\/\/portfolio.uqac.ca\/helenevezina\/wp-json\/wp\/v2\/media?parent=18"}],"wp:term":[{"taxonomy":"post_tag","embeddable":true,"href":"https:\/\/portfolio.uqac.ca\/helenevezina\/wp-json\/wp\/v2\/tags?post=18"}],"curies":[{"name":"wp","href":"https:\/\/api.w.org\/{rel}","templated":true}]}}