{"id":18,"date":"2018-12-13T16:10:43","date_gmt":"2018-12-13T21:10:43","guid":{"rendered":"http:\/\/portfolio-pre.uqac.ca\/gabarit\/?page_id=18"},"modified":"2026-03-12T15:56:23","modified_gmt":"2026-03-12T19:56:23","slug":"enseignement","status":"publish","type":"page","link":"https:\/\/portfolio.uqac.ca\/hervesaintlouis\/enseignement\/","title":{"rendered":"Enseignement"},"content":{"rendered":"<h6>Cours de premier cycle (bachelors)<\/h6>\n<ul>\n<li><a href=\"https:\/\/cours.uqac.ca\/7CMM220\" target=\"_blank\" rel=\"noopener\">7CMM220 : Th\u00e9ories et pratiques des m\u00e9dias \u00e9mergents<\/a><\/li>\n<li><a href=\"https:\/\/cours.uqac.ca\/7COM222\" target=\"_blank\" rel=\"noopener\">7COMM222 : Pratiques de la communication publique<\/a><\/li>\n<li><a href=\"https:\/\/cours.uqac.ca\/7CMM310\" target=\"_blank\" rel=\"noopener\">7CMM310 : D\u00e9voilement et socialisation dans les m\u00e9dias \u00e9mergents<\/a><\/li>\n<li><a href=\"https:\/\/cours.uqac.ca\/7CMM210\" target=\"_blank\" rel=\"noopener\">7CMM210 : R\u00e8glementation canadienne en mati\u00e8re de radiodiffusion et de t\u00e9l\u00e9communications<\/a><\/li>\n<li><a href=\"https:\/\/cours.uqac.ca\/7CMM110\" target=\"_blank\" rel=\"noopener\">7CMM110 Introduction \u00e0 l&#8217;histoire des m\u00e9dias<\/a><\/li>\n<li><a href=\"https:\/\/cours.uqac.ca\/7CMM120\" target=\"_blank\" rel=\"noopener\">7CMM120 : M\u00e9thodologie et m\u00e9thodes de recherche en communication<\/a><\/li>\n<li><a href=\"https:\/\/cours.uqac.ca\/7CMM230\" target=\"_blank\" rel=\"noopener\">7CMM230 : M\u00e9dias \u00e9mergents et d\u00e9mocratie<\/a><\/li>\n<li><a href=\"https:\/\/programmes.uqac.ca\/7CMM240\" target=\"_blank\" rel=\"noopener\">7CMM240 : \u00c9criture dans les m\u00e9dias \u00e9mergents et pr\u00e9sentation des projets<\/a><\/li>\n<li><a href=\"https:\/\/cours.uqac.ca\/7CMM235\" target=\"_blank\" rel=\"noopener\">7CMM235 : Traitement de l&#8217;information en communication<\/a><\/li>\n<li><a href=\"https:\/\/cours.uqac.ca\/7CMM320\" target=\"_blank\" rel=\"noopener\">7CMM320 : Activit\u00e9 de synth\u00e8se<\/a><\/li>\n<li><a href=\"https:\/\/cours.uqac.ca\/7CMM330\" target=\"_blank\" rel=\"noopener\">7CMM330 : Stage: production en milieu communautaire, de travail ou de recherche<\/a><\/li>\n<li><a href=\"https:\/\/cours.uqac.ca\/7STA110\" target=\"_blank\" rel=\"noopener\">7STA110 : Stage en r\u00e9daction ou en communication<\/a><\/li>\n<\/ul>\n<h6><strong>Cours de ma\u00eetrise (masters)<\/strong><\/h6>\n<ul>\n<li><a href=\"https:\/\/programmes.uqac.ca\/3med944\" target=\"_blank\" rel=\"noopener\"><span class=\"noprog\">3MED944<\/span> Lecture dirig\u00e9e<\/a><\/li>\n<li><a href=\"https:\/\/programmes.uqac.ca\/4ESR858\" target=\"_blank\" rel=\"noopener\"><span class=\"noprog\">4ESR858<\/span> S\u00e9minaire de lecture dirig\u00e9e<\/a><\/li>\n<li><a href=\"https:\/\/cours.uqac.ca\/7ART816\" target=\"_blank\" rel=\"noopener\">7ART816 : Lectures dirig\u00e9es<\/a><\/li>\n<\/ul>\n<h6>Cours de doctorat (doctoral)<\/h6>\n<ul>\n<li><a href=\"https:\/\/programmes.uqac.ca\/sha7065\" target=\"_blank\" rel=\"noopener\">SHA7065 S\u00e9minaire sur l&#8217;interdisciplinarit\u00e9<\/a><\/li>\n<li><a href=\"https:\/\/cours.uqac.ca\/INF9083\" target=\"_blank\" rel=\"noopener\">INF9083 Lecture dirig\u00e9e en sciences et technologies de l&#8217;information<\/a><\/li>\n<li><a href=\"https:\/\/programmes.uqac.ca\/8INF950\" target=\"_blank\" rel=\"noopener\">8INF950 <em>Sujets sp\u00e9ciaux<\/em><\/a><\/li>\n<\/ul>\n<p><strong>Liste de mes s\u00e9ances du cours Pratiques de communication publique sur YouTube<\/strong><\/p>\n<p><a href=\"https:\/\/www.youtube.com\/watch?v=XukbCg4-6mc&#038;list=PLkXiZO_9jv1cy51rKbdiEHAhqQmqR0B2P\">https:\/\/www.youtube.com\/watch?v=XukbCg4-6mc&amp;list=PLkXiZO_9jv1cy51rKbdiEHAhqQmqR0B2P<\/a><\/p>\n<p><strong>Liste de mes s\u00e9ances du cours Th\u00e9ories et pratiques des m\u00e9dias \u00e9mergents sur YouTube<\/strong><\/p>\n<p>https:\/\/www.youtube.com\/playlist?list=PLkXiZO_9jv1eORk_d4W0g2d4TmUZXO5Eh<\/p>\n<p><strong>Liste de mes s\u00e9ances du cours R\u00e8glementation canadienne en mati\u00e8re de radiodiffusion et de t\u00e9l\u00e9communications sur YouTube<\/strong><\/p>\n<p>https:\/\/www.youtube.com\/watch?v=Roa2i4bYgcM&#038;list=PLkXiZO_9jv1ecZtlwHWKi7V3OjQJkjtLI<\/p>\n<p><strong>Liste de mes s\u00e9ances du cours D\u00e9voilement et socialisation dans les m\u00e9dias \u00e9mergents sur YouTube<\/strong><\/p>\n<p><a href=\"https:\/\/www.youtube.com\/playlist?list=PLkXiZO_9jv1ds3JYLYcx0cUjShGkjUQ6A\" target=\"_blank\" rel=\"noopener\">https:\/\/www.youtube.com\/watch?v=EkmLdZ1LbLk&amp;list=PLkXiZO_9jv1ds3JYLYcx0cUjShGkjUQ6A<\/a><\/p>\n<p><strong>Ant\u00e9rieurement<\/strong><\/p>\n<ul>\n<li><span style=\"line-height: 1.5\"><a href=\"https:\/\/toondoctor.com\/syllabi\/CMST_2LW3_Saint-Louis_Herv\u00e9 T1 2189.pdf?UQAC\">CMST 2LW3 :\u00a0 Communication Policy &amp; Law<\/a>\u00a0 (McMaster University)<br \/>\n<\/span><\/li>\n<li><span style=\"line-height: 1.5\"><a href=\"https:\/\/toondoctor.com\/syllabi\/20181_CCT380H5S_LEC0101.pdf?UQAC\">CCT380H5S LEC0101 : Human-Computer Interaction and Communication<\/a> (University of Toronto)<\/span><\/li>\n<\/ul>\n","protected":false},"excerpt":{"rendered":"<p>Cours de premier cycle (bachelors) 7CMM220 : Th\u00e9ories et pratiques des m\u00e9dias \u00e9mergents 7COMM222 : Pratiques de la communication publique 7CMM310 : D\u00e9voilement et socialisation dans les m\u00e9dias \u00e9mergents 7CMM210 : R\u00e8glementation canadienne en mati\u00e8re de radiodiffusion et de t\u00e9l\u00e9communications 7CMM110 Introduction \u00e0 l&#8217;histoire des m\u00e9dias 7CMM120 : M\u00e9thodologie et m\u00e9thodes de recherche en communication &hellip; <a href=\"https:\/\/portfolio.uqac.ca\/hervesaintlouis\/enseignement\/\" class=\"more-link\">Continuer la lecture de <span class=\"screen-reader-text\">Enseignement<\/span>  <span class=\"meta-nav\">&rarr;<\/span><\/a><\/p>\n","protected":false},"author":89,"featured_media":0,"parent":0,"menu_order":3,"comment_status":"closed","ping_status":"closed","template":"","meta":{"footnotes":""},"tags":[],"_links":{"self":[{"href":"https:\/\/portfolio.uqac.ca\/hervesaintlouis\/wp-json\/wp\/v2\/pages\/18"}],"collection":[{"href":"https:\/\/portfolio.uqac.ca\/hervesaintlouis\/wp-json\/wp\/v2\/pages"}],"about":[{"href":"https:\/\/portfolio.uqac.ca\/hervesaintlouis\/wp-json\/wp\/v2\/types\/page"}],"author":[{"embeddable":true,"href":"https:\/\/portfolio.uqac.ca\/hervesaintlouis\/wp-json\/wp\/v2\/users\/89"}],"replies":[{"embeddable":true,"href":"https:\/\/portfolio.uqac.ca\/hervesaintlouis\/wp-json\/wp\/v2\/comments?post=18"}],"version-history":[{"count":29,"href":"https:\/\/portfolio.uqac.ca\/hervesaintlouis\/wp-json\/wp\/v2\/pages\/18\/revisions"}],"predecessor-version":[{"id":460,"href":"https:\/\/portfolio.uqac.ca\/hervesaintlouis\/wp-json\/wp\/v2\/pages\/18\/revisions\/460"}],"wp:attachment":[{"href":"https:\/\/portfolio.uqac.ca\/hervesaintlouis\/wp-json\/wp\/v2\/media?parent=18"}],"wp:term":[{"taxonomy":"post_tag","embeddable":true,"href":"https:\/\/portfolio.uqac.ca\/hervesaintlouis\/wp-json\/wp\/v2\/tags?post=18"}],"curies":[{"name":"wp","href":"https:\/\/api.w.org\/{rel}","templated":true}]}}