{"id":20,"date":"2018-12-13T16:10:43","date_gmt":"2018-12-13T21:10:43","guid":{"rendered":"http:\/\/portfolio-pre.uqac.ca\/gabarit\/?page_id=20"},"modified":"2024-04-30T10:49:25","modified_gmt":"2024-04-30T14:49:25","slug":"publications","status":"publish","type":"page","link":"https:\/\/portfolio.uqac.ca\/hervesaintlouis\/publications\/","title":{"rendered":"Publications"},"content":{"rendered":"<p><strong>Publications \u00e9valu\u00e9es par les pairs (Peer-Reviewed Articles)<br \/>\n<\/strong><\/p>\n<p>Saint-Louis, Herv\u00e9. \u00ab<a href=\"https:\/\/doi.org\/10.3138\/cjc-2022-0040\" target=\"_blank\">Le cr\u00e9dit transactionnel : un mod\u00e8le d\u2019interaction et de marchandisation de l\u2019authentification.<\/a>\u00bb <em>Canadian Journal of Communication<\/em> 48, n\u00b0\u00a04 (2023): 771\u2013786.<\/p>\n<p>Saint-Louis, Herv\u00e9. &#8220;<a href=\"https:\/\/doi.org\/10.1177\/20563051231195544\" target=\"_blank\">Comic Vine: Participatory and Idiosyncratic Documentation of a Semantic Platform<\/a>.&#8221; <em>Social Media + Society<\/em> 9, no. 3 (2023).<\/p>\n<p>Saint-Louis, Herv\u00e9. &#8220;<a href=\"https:\/\/firstmonday.org\/ojs\/index.php\/fm\/article\/view\/10891\/10177\" target=\"_blank\">Understanding Cancel Culture: Normative and unequal sanctioning<\/a>.&#8221; <em>First Monday<\/em> 26, n\u00b0\u00a07 (July 2021).<\/p>\n<p>Saint-Louis, Herv\u00e9, and Rhonda McEwen. &#8220;<a href=\"https:\/\/www.tandfonline.com\/doi\/full\/10.1080\/1472586X.2021.1878054?scroll=top&amp;needAccess=true&amp;\" target=\"_blank\">Diagrammatic mental representation: a methodological bridge<\/a>.&#8221; <em>Visual Studie<\/em>s 36, no. 1 (2021).<\/p>\n<p>St-Louis, Herv\u00e9 &#8220;<a href=\"https:\/\/www.toondoctor.com\/publications\/StLouisIranCyberspace7.2.pdf\">Iranian Political Unrest in Cyberspace<\/a>.&#8221; <em>Democracy &amp; Society<\/em>. 7. no. 2 (2010): 2-4. (accessed September 16, 2020).<\/p>\n<p><strong>Chapitres de livres (Book Chapters)<br \/>\n<\/strong><\/p>\n<p>Saint-Louis, Herv\u00e9. 2024. &#8220;Vision and Scarlet Witch: Post-Human and Human-Machine Interaction.&#8221; In <em><a href=\"https:\/\/rowman.com\/ISBN\/9781666952193\/Superheroes-and-Digital-Perspectives-Super-Data\" target=\"_blank\">Superheroes and Digital Perspectives: Super Data<\/a>, edited by\u00a0Sarah Young, &amp; Freyja. McCreery,\u00a0<\/em> 51-63). Lanham: Lexiton Books.<\/p>\n<p>Saint-Louis, Herv\u00e9. 2023. &#8220;Visual Research Methods in Human-Machine Communications.&#8221; In <a href=\"https:\/\/dx.doi.org\/10.4135\/9781529782783.n26\" target=\"_blank\"><em>The SAGE Handbook of Human-Machine Communication<\/em><\/a>, edited by Rhonda McEwen, Andrea L. Guzman and Steve Jones, 212-219. London: SAGE Publications.<\/p>\n<p>Saint-Louis, Herv\u00e9, et Bob-Antoine Jerry M\u00e9n\u00e9las. \u00abPerceptions des utilisateurs \u00e0 l\u2019\u00e9gard de l\u2019application de tra\u00e7age des contacts : Alerte Covid.\u00bb Dans <a href=\"https:\/\/www.editions-harmattan.fr\/livre-applications_et_services_mobiles_des_usages_quotidiens_aux_enjeux_de_durabilite_hanitra_randrianasolo_rakotobe_jean_michel_ledjou-9782140303692-75805.html\" target=\"_blank\"><em>Applications et services mobiles : Des usages quotidiens aux enjeux de durabilit\u00e9<\/em><\/a>, \u00e9dit\u00e9 par Jean Michel Ledjou et Hanitra Randrianasolo Rakotobe, 69-87. Paris: L&#8217;Harmattan, 2023.<\/p>\n<p>Saint-Louis, Herv\u00e9. &#8220;Can Someone Review My Web Comic?: Strategies to Evaluate and Criticize Web Comics.&#8221; in\u00a0 <em><a href=\"https:\/\/sequart.org\/books\/49\/how-to-analyze-review-comics-a-handbook-on-comics-criticism\/\" target=\"_blank\">How to Analyze and Review Comics: A Handbook on Comics Criticism<\/a><\/em>, edited by Forrest C. Helvie, 209-214. Edwardsville: Sequart Organization, 2021.<\/p>\n<p>Saint-Louis, Herv\u00e9. \u00abLa S\u00e9curit\u00e9 utilisable : Entre l\u2019interaction humain-machine et la s\u00e9curit\u00e9 de l\u2019information.\u00bb Dans <em><a href=\"https:\/\/www.pulaval.com\/produit\/medias-sociaux-perspectives-sur-les-defis-lies-a-la-cybersecurite-la-gouvernementalite-algorithmique-et-l-intelligence-artificielle\" target=\"_blank\">M\u00e9dias sociaux : perspectives sur les d\u00e9fis li\u00e9s \u00e0 la cybers\u00e9curit\u00e9, la gouvernementalit\u00e9 algorithmique et l\u2019intelligence artificielle<\/a><\/em>, \u00e9dit\u00e9 par Schallum Pierre et Fehmi Jaafar, 23-44. Qu\u00e9bec: Presses de l&#8217;Universit\u00e9 Laval, 2021.<\/p>\n<p><strong>Comptes-rendus de conf\u00e9rences (Proceedings)<br \/>\n<\/strong><\/p>\n<p>Saint-Louis, Herv\u00e9, and Bob-Antoine-Jerry M\u00e9n\u00e9las. 2021. &#8220;User Perceptions of Security and Privacy Risks with Contact Tracing Apps.&#8221; Edited by Gavriel Salvendy and June Wei. HCI International 2021 &#8211; Late Breaking Papers: HCI Applications in Health, Transport, and Industry. HCII 2021. Lecture Notes in Computer Science. Washington, D.C.: Springer, Cham. 125-139. doi:<a href=\"https:\/\/doi.org\/10.1007\/978-3-030-90966-6_10\" target=\"_blank\">https:\/\/doi.org\/10.1007\/978-3-030-90966-6_10<\/a>.<\/p>\n<p>Saint-Louis, Herv\u00e9. 2021. &#8220;Machine-Human Interaction: A paradigm shift?&#8221; Edited by Masaaki Kurosu. <em>Human-Computer Interaction. Theory, Methods and Tools: Thematic Area, HCI 2021, Held as Part of the 23rd HCI International Conference, HCII 2021, Virtual Event, July 24\u201329, 2021, Proceedings, Part I<\/em>. Washington D.C.: Springer. 123-136. doi:<a href=\"https:\/\/link.springer.com\/chapter\/10.1007\/978-3-030-78462-1_9\" target=\"_blank\">https:\/\/doi.org\/10.1007\/978-3-030-78462-1_9<\/a>.<\/p>\n<p><strong>Conf\u00e9rences<\/strong><\/p>\n<p>October 2023 \u2013 Colloque international en BD 2023<br \/>\nPresented &#8220;Le handicap et le savant en bande dessin\u00e9e : fronti\u00e8re ou ouverture \u00e0 l\u2019autre ?&#8221; Centre de recherches interdisciplinaires en \u00e9tudes montr\u00e9alaises (CRIEM), Montr\u00e9al. Peer reviewed.<\/p>\n<p><em>June 2023 &#8211; Research Digital Interculturality Co-operatively (ReDICo) 2023<\/em><br \/>\nPresented &#8220;Migration from Twitter: Black Mastodon\u2019s Predicament&#8221;. Friedrich-Schiller-Universit\u00e4t Jena, Jena. Peer reviewed.<\/p>\n<p><em>May 2023 &#8211; Carrefour de l&#8217;enseignement et de l&#8217;apprentissage &#8211; Int\u00e9grit\u00e9 acad\u00e9mique et intelligence artificielle<\/em><br \/>\nPresented &#8220;Le d\u00e9terminisme technologique et l\u2019intelligence artificielle \u00e0 l\u2019\u00e9cole&#8221;. Universit\u00e9 du Qu\u00e9bec \u00e0 Chicoutimi, Saguenay. Invited speaker.<\/p>\n<p><em>May 2023 &#8211; ACFAS 2023 :\u00a0 \u00e9changes franco-qu\u00e9b\u00e9cois &#8211; nouveaux enjeux li\u00e9s aux usages des applications et services mobiles<\/em><br \/>\nPresented &#8220;Politique des plateformes sur Mastodon mobile&#8221; with Martin Lavertu (2023). Polytechnique Montr\u00e9al, Montr\u00e9al. Peer reviewed.<\/p>\n<p><em>April 2022 &#8211; Table ronde : \u00e9changes franco-qu\u00e9b\u00e9cois &#8211; nouveaux enjeux li\u00e9s aux usages des applications et services mobiles<\/em><br \/>\nPresented &#8220;M\u00e9dias \u00e9mergents et d\u00e9mocratie&#8221; (2022). Universit\u00e9 du Qu\u00e9bec \u00e0 Montr\u00e9al, Montr\u00e9al. Invited speaker.<\/p>\n<p><em>July 2021 &#8211; HCI-International<\/em><br \/>\nPresented &#8220;Machine-Human Interaction: A paradigm shift?&#8221; (2021). Washington D.C.. Peer selection.<\/p>\n<p><em>July 2021 &#8211; HCI-International<\/em><br \/>\nPresented &#8220;User Perceptions of Security and Privacy Risks with Contact Tracing Apps&#8221; (2021). Washington D.C.. Peer selection.<\/p>\n<p><em>October 2020 &#8211; 2020 Serene-risc Workshop<\/em><br \/>\nPresented &#8220;User Perceptions of Security Risks Related to Contact Tracing Technologies&#8221; (2020). Montreal. Peer selection.<\/p>\n<p><em>October 2020 &#8211; 2020 Serene-risc Workshop<\/em><br \/>\nResearch Poster &#8220;<a href=\"https:\/\/www.toondoctor.com\/publications\/Saint-Louis-Research-Poster2020.pdf\">Conspiracy Theories in Times of Pandemics: Risks and Disinformation<\/a>&#8221; (2020). Montreal. Peer selection.<\/p>\n<p><a href=\"https:\/\/toondoctor.com\/images\/Saint-Louis-Research-Poster2020.png\"><img loading=\"lazy\" decoding=\"async\" src=\"https:\/\/toondoctor.com\/images\/Saint-Louis-Research-Poster2020.jpg\" width=\"300\" height=\"183\" align=\"top\" \/><\/a><\/p>\n<p><em>November 2019 &#8211; Annual Conference of the German Communication Association\u2019s Division \u201cDigital Communication\u201d<\/em><br \/>\nPresented &#8220;The transactional token: A model of interaction and commodification of authentication&#8221; (2019). Berlin. Peer selection.<\/p>\n<p><em>August 2018 &#8211; Symposium On Usable Privacy and Security (SOUPS)<\/em><br \/>\nPresented &#8220;User Perceptions of Security Risks in Multiple Authentications&#8221; (2018). Baltimore. Peer selection.<\/p>\n<p><em>May 2018 &#8211; Human-Communication Pre-conference at the International Communication Association Conference<\/em><br \/>\nPresented &#8220;Diagrammatic Mental Representation: A Methodology for Understanding Human-Machine Communication&#8221; (2018). Prague. Peer selection.<\/p>\n<p><em>May 2018 &#8211; Union for Democratic Communications<\/em><br \/>\nPresented &#8221; Cartoonist labour: The Political Economy of Web and Digital Comics&#8221; (2018). Chicago. Peer selection.<\/p>\n<p><em>November 2016 &#8211; Design Educators Conference<\/em><br \/>\nPresented &#8220;I Can&#8217;t Draw: Tacit and Formative Learning versus Explicit and Summative Education&#8221; Humber College (2016). Peer selection.<\/p>\n<p><em>May 2016 &#8211; CHI 2016 Workshop on Mid-Air Haptics and Displays<\/em><br \/>\nSketchnote artist. San Diego, USA.<\/p>\n<p><em>July 2015 &#8211; Symposium On Usable Privacy and Security (SOUPS)<\/em><br \/>\nPresented &#8220;Ethnomethodology and Usable Security: The Value of Descriptive Research for Graduate Students&#8221; Carleton University (2015). Peer selection.<\/p>\n<p><em>March 2014 &#8211; Formation in Formation<\/em><br \/>\nPresented &#8220;Who Watches the Watchmen?: Detecting Presented &#8220;Marshall McLuhan as a War Philosopher&#8221; University of Toronto (2014). Peer selection.<\/p>\n<p><em>February 2014 &#8211; The Strategic Studies and Security Consortium (S3C) 2014<\/em><br \/>\nPresented &#8220;Presented &#8220;McLuhan War Philosopher?&#8221; &#8211; University of Calgary (2014). Invited speaker.<\/p>\n<p><em>August 2011 &#8211; Private Thesis Presentation at Twitter Headquarter, San Francisco Headquarter (2011)<\/em><br \/>\n<a href=\"https:\/\/cmssblog.wordpress.com\/2011\/10\/11\/twitter\/\">Comments about @Twitter presentation<\/a><\/p>\n<p><em>July 2011 &#8211; The 12th International Pragmatics Conference<\/em><br \/>\nPresented &#8220;Strategic Studies and Cyberspace: Iranian Political Unrest on Twitter&#8221; &#8211; University of Manchester (2011)<\/p>\n<p><em>February 2010 &#8211; The Strategic Studies and Security Consortium (S3C)<\/em><br \/>\nPresented &#8220;Iranian Political Unrest in Cyberspace: Contesting Presidential Elections on Twitter&#8221; &#8211; University of Calgary (2010)<\/p>\n<p><em>December 2009 &#8211; Democrats, Dictators and Demonstrators: Sharing Strategies for Repression and Reform<\/em><br \/>\nPresented &#8220;Iranian Political Unrest in Cyberspace&#8221; -Georgetown University&#8217;s Center for Democracy &amp; Civil Society (2009)<\/p>\n<p><strong>Th\u00e8se de doctorat (PhD Thesis)<br \/>\n<\/strong><\/p>\n<p>Saint-Louis, Herv\u00e9 <em><a href=\"https:\/\/tspace.library.utoronto.ca\/handle\/1807\/89824\" target=\"_blank\">User Perceptions of Security Risks in Multiple Authentications<\/a>.<\/em> University of Toronto (2018): https:\/\/tspace.library.utoronto.ca\/handle\/1807\/89824 (accessed July 19, 2018).<\/p>\n<p><em>Keywords: authentication; commodification; confidentiality; human-computer interaction; privacy; usable security<\/em><\/p>\n<p><strong>M\u00e9moire de ma\u00eetrise (Master&#8217;s Thesis)<br \/>\n<\/strong><\/p>\n<p>Saint-Louis, Herv\u00e9 <em><a href=\"https:\/\/prism.ucalgary.ca\/handle\/1880\/106071\" target=\"_blank\">Strategic studies and cyberspace: Iranian political unrest on Twitter<\/a>.<\/em> University of Calgary (2011): https:\/\/dx.doi.org\/10.11575\/PRISM\/5070 (accessed February 11, 2022).<\/p>\n<p><strong>Autres (Others)<br \/>\n<\/strong><\/p>\n<p>Saint-Louis, Herv\u00e9. 2015. &#8220;<a href=\"https:\/\/cups.cs.cmu.edu\/soups\/2015\/papers\/eduSaintLouis.pdf\" target=\"_blank\"><em>Ethnomethodology and Usable Security: The Value of Descriptive Research for Graduate Students.<\/em><\/a>&#8221; Workshop on Usable Security and Privacy Education. Carleton.<\/p>\n<p>Saint-Louis, Herv\u00e9 \u201cSeamless and Always-on Security in a Bring-Your-Own-Application World &#8211; Paper Review\u201d <em>SERENE Digest<\/em> (2016).<\/p>\n<p>&nbsp;<\/p>\n","protected":false},"excerpt":{"rendered":"<p>Publications \u00e9valu\u00e9es par les pairs (Peer-Reviewed Articles) Saint-Louis, Herv\u00e9. \u00abLe cr\u00e9dit transactionnel : un mod\u00e8le d\u2019interaction et de marchandisation de l\u2019authentification.\u00bb Canadian Journal of Communication 48, n\u00b0\u00a04 (2023): 771\u2013786. Saint-Louis, Herv\u00e9. &#8220;Comic Vine: Participatory and Idiosyncratic Documentation of a Semantic Platform.&#8221; Social Media + Society 9, no. 3 (2023). Saint-Louis, Herv\u00e9. &#8220;Understanding Cancel Culture: Normative &hellip; <a href=\"https:\/\/portfolio.uqac.ca\/hervesaintlouis\/publications\/\" class=\"more-link\">Continuer la lecture de <span class=\"screen-reader-text\">Publications<\/span>  <span class=\"meta-nav\">&rarr;<\/span><\/a><\/p>\n","protected":false},"author":89,"featured_media":0,"parent":0,"menu_order":2,"comment_status":"closed","ping_status":"closed","template":"","meta":{"footnotes":""},"tags":[],"_links":{"self":[{"href":"https:\/\/portfolio.uqac.ca\/hervesaintlouis\/wp-json\/wp\/v2\/pages\/20"}],"collection":[{"href":"https:\/\/portfolio.uqac.ca\/hervesaintlouis\/wp-json\/wp\/v2\/pages"}],"about":[{"href":"https:\/\/portfolio.uqac.ca\/hervesaintlouis\/wp-json\/wp\/v2\/types\/page"}],"author":[{"embeddable":true,"href":"https:\/\/portfolio.uqac.ca\/hervesaintlouis\/wp-json\/wp\/v2\/users\/89"}],"replies":[{"embeddable":true,"href":"https:\/\/portfolio.uqac.ca\/hervesaintlouis\/wp-json\/wp\/v2\/comments?post=20"}],"version-history":[{"count":69,"href":"https:\/\/portfolio.uqac.ca\/hervesaintlouis\/wp-json\/wp\/v2\/pages\/20\/revisions"}],"predecessor-version":[{"id":439,"href":"https:\/\/portfolio.uqac.ca\/hervesaintlouis\/wp-json\/wp\/v2\/pages\/20\/revisions\/439"}],"wp:attachment":[{"href":"https:\/\/portfolio.uqac.ca\/hervesaintlouis\/wp-json\/wp\/v2\/media?parent=20"}],"wp:term":[{"taxonomy":"post_tag","embeddable":true,"href":"https:\/\/portfolio.uqac.ca\/hervesaintlouis\/wp-json\/wp\/v2\/tags?post=20"}],"curies":[{"name":"wp","href":"https:\/\/api.w.org\/{rel}","templated":true}]}}