{"id":25,"date":"2018-12-13T16:10:43","date_gmt":"2018-12-13T21:10:43","guid":{"rendered":"http:\/\/portfolio-pre.uqac.ca\/gabarit\/?page_id=25"},"modified":"2022-12-15T00:57:15","modified_gmt":"2022-12-15T05:57:15","slug":"communications","status":"publish","type":"page","link":"https:\/\/portfolio.uqac.ca\/hervesaintlouis\/communications\/","title":{"rendered":"Communications"},"content":{"rendered":"<h6>User Perceptions of Security Risks Related to Contact Tracing Technologies<\/h6>\n<p><a href=\"https:\/\/www.youtube.com\/watch?v=d6bdb5LZYuA&#038;feature=youtu.be\">https:\/\/www.youtube.com\/watch?v=d6bdb5LZYuA&amp;feature=youtu.be<\/a><\/p>\n<ul>\n<li><a href=\"https:\/\/www.uqac.ca\/dall\/1778-2\/\" target=\"_blank\">Midis du DALL : Johnny Bullet: l\u2019architecture de la bande dessin\u00e9e<\/a><\/li>\n<li><a href=\"https:\/\/www.youtube.com\/watch?v=4OWWdTihh3U\" target=\"_blank\">Les Midis gaming du DIM : Les startup et le financement participatif<\/a><\/li>\n<li><a href=\"https:\/\/theconversation.com\/elon-musks-bid-to-take-over-twitter-recalls-the-robber-barons-of-the-19th-century-182203\" target=\"_blank\">Elon Musk\u2019s bid to takeover Twitter recalls the robber barons of the 19th century<\/a><\/li>\n<li><a href=\"https:\/\/correspondance.info\/?p=115\" target=\"_blank\">Le bonhomme anim\u00e9 de l\u2019UQAC<\/a><\/li>\n<li><a href=\"https:\/\/mistikrak.ca\/2020\/09\/19\/11-illustrateurs-et-artistes-visuels-afro-quebecois-a-suivre\/\">11 illustrateurs et artistes visuels afro-qu\u00e9b\u00e9cois \u00e0 suivre<\/a><\/li>\n<li><a href=\"https:\/\/www.canadacomicsol.org\/2020\/06\/24\/black-canadian-comics-creators\/\">Black Canadian Comics Creators<\/a><\/li>\n<li><a href=\"https:\/\/theconversation.com\/le-meme-une-arme-de-resistance-pour-les-afro-americains-145277\" target=\"_blank\">Le \u00ab meme \u00bb, une arme de r\u00e9sistance pour les Afro-Am\u00e9ricains<\/a><\/li>\n<li><a href=\"https:\/\/www.lequotidien.com\/actualites\/page-uqac--les-medias-sociaux-en-temps-de-crise-c2fcd05e20c3670d01c7bfb6c519f7be\" target=\"_blank\">PAGE UQAC : Les m\u00e9dias sociaux en temps de crise<\/a><\/li>\n<li><a href=\"https:\/\/www.comicbookbin.com\/cgi-bin\/artman2\/search.cgi?action=search&amp;keywordSearchFields=author&amp;keyword=Herv%C3%A9%20St-Louis&amp;template=searchEngine\/articles_by_author_results.html\" target=\"_blank\">Articles r\u00e9cents sur ComicBookBin<\/a><\/li>\n<\/ul>\n<h6>Entrevues<\/h6>\n<ul>\n<li><a href=\"https:\/\/www.lapresse.ca\/affaires\/medias\/2022-06-03\/deux-tiers-des-quebecois-font-confiance-aux-medias-traditionnels.php\" target=\"_blank\">Deux tiers des Qu\u00e9b\u00e9cois font confiance aux m\u00e9dias traditionnels<\/a><\/li>\n<li><a href=\"https:\/\/ici.radio-canada.ca\/ohdio\/premiere\/emissions\/place-publique\/episodes\/625938\/rattrapage-du-vendredi-6-mai-2022\/\" target=\"_blank\">Acquisition de Twitter par Elon Musk : des risques pour la libert\u00e9 d\u2019expression?<\/a><\/li>\n<li><a href=\"https:\/\/omny.fm\/shows\/ched-mornings\/elon-musk-s-bid-to-take-over-twitter-recalls-the-r#description\/\" target=\"_blank\">Elon Musk\u2019s bid to take over Twitter recalls the robber barons of the 19th century<\/a><\/li>\n<li><a href=\"https:\/\/www.lequotidien.com\/2022\/02\/26\/reseaux-sociaux--le-danger-qui-guette-la-liberte-dexpression-be3e43df25c80872fad06188ea638295\" target=\"_blank\">R\u00e9seaux sociaux : le danger qui guette la libert\u00e9 d\u2019expression<\/a><\/li>\n<li><a href=\"https:\/\/ici.radio-canada.ca\/info\/videos\/media-8544553\/retour-film-culte-matrice-resurrections\/\" target=\"_blank\">Le retour du film culte : \u00ab La Matrice : R\u00e9surrections \u00bb<\/a><\/li>\n<li><a href=\"https:\/\/www.facebook.com\/atmnouvelles\/videos\/1121659881635779\/\" target=\"_blank\">Des fraudes bien organis\u00e9es<\/a><\/li>\n<li><a href=\"https:\/\/lapige.atmjonquiere.com\/2021\/02\/21\/trolls-sur-le-web%e2%80%af-entre-debordements-et-democratie\/\" target=\"_blank\">Trolls sur le Web\u202f: entre d\u00e9bordements et d\u00e9mocratie<\/a><\/li>\n<\/ul>\n<h6>Invit\u00e9s dans mes cours<\/h6>\n<ul>\n<li><a href=\"https:\/\/sencanada.ca\/fr\/senateurs\/dupuis-renee\/discours-externes\/2021-10-07-cours-de-democratie-et-medias-emergents-conference-universite-du-quebec-a-chicoutimi-7\/\" target=\"_blank\">L&#8217;honorable S\u00e9natrice Ren\u00e9e Dupuis (octobre 2021)<\/a><\/li>\n<\/ul>\n<p><!-- Communication 2. Communication 3. --><\/p>\n","protected":false},"excerpt":{"rendered":"<p>User Perceptions of Security Risks Related to Contact Tracing Technologies Midis du DALL : Johnny Bullet: l\u2019architecture de la bande dessin\u00e9e Les Midis gaming du DIM : Les startup et le financement participatif Elon Musk\u2019s bid to takeover Twitter recalls the robber barons of the 19th century Le bonhomme anim\u00e9 de l\u2019UQAC 11 illustrateurs et &hellip; <a href=\"https:\/\/portfolio.uqac.ca\/hervesaintlouis\/communications\/\" class=\"more-link\">Continuer la lecture de <span class=\"screen-reader-text\">Communications<\/span>  <span class=\"meta-nav\">&rarr;<\/span><\/a><\/p>\n","protected":false},"author":89,"featured_media":0,"parent":0,"menu_order":7,"comment_status":"closed","ping_status":"closed","template":"","meta":{"footnotes":""},"tags":[],"_links":{"self":[{"href":"https:\/\/portfolio.uqac.ca\/hervesaintlouis\/wp-json\/wp\/v2\/pages\/25"}],"collection":[{"href":"https:\/\/portfolio.uqac.ca\/hervesaintlouis\/wp-json\/wp\/v2\/pages"}],"about":[{"href":"https:\/\/portfolio.uqac.ca\/hervesaintlouis\/wp-json\/wp\/v2\/types\/page"}],"author":[{"embeddable":true,"href":"https:\/\/portfolio.uqac.ca\/hervesaintlouis\/wp-json\/wp\/v2\/users\/89"}],"replies":[{"embeddable":true,"href":"https:\/\/portfolio.uqac.ca\/hervesaintlouis\/wp-json\/wp\/v2\/comments?post=25"}],"version-history":[{"count":40,"href":"https:\/\/portfolio.uqac.ca\/hervesaintlouis\/wp-json\/wp\/v2\/pages\/25\/revisions"}],"predecessor-version":[{"id":387,"href":"https:\/\/portfolio.uqac.ca\/hervesaintlouis\/wp-json\/wp\/v2\/pages\/25\/revisions\/387"}],"wp:attachment":[{"href":"https:\/\/portfolio.uqac.ca\/hervesaintlouis\/wp-json\/wp\/v2\/media?parent=25"}],"wp:term":[{"taxonomy":"post_tag","embeddable":true,"href":"https:\/\/portfolio.uqac.ca\/hervesaintlouis\/wp-json\/wp\/v2\/tags?post=25"}],"curies":[{"name":"wp","href":"https:\/\/api.w.org\/{rel}","templated":true}]}}