{"id":27,"date":"2018-12-13T16:10:43","date_gmt":"2018-12-13T21:10:43","guid":{"rendered":"http:\/\/portfolio-pre.uqac.ca\/gabarit\/?page_id=27"},"modified":"2022-04-27T10:57:27","modified_gmt":"2022-04-27T14:57:27","slug":"curriculum-vitae","status":"publish","type":"page","link":"https:\/\/portfolio.uqac.ca\/hervesaintlouis\/curriculum-vitae\/","title":{"rendered":"Curriculum vitae"},"content":{"rendered":"<h2><strong>Dipl\u00f4mes et \u00e9ducation<br \/>\n<\/strong><\/h2>\n<p>PhD in Information, University of Toronto<\/p>\n<p>Master of Strategic Studies, University of Calgary<\/p>\n<p>Certificate in Public Relations, Concordia University<\/p>\n<p>Dipl\u00f4me en animation 2D \/ 3D, ICARI (Institut de Cr\u00e9ation Artistique et de Recherche en Infographie)<\/p>\n<p>Bachelor of Arts, History &amp; Political Sciences, McGill University<\/p>\n<h2><strong>Distinctions et bourses<br \/>\n<\/strong><\/h2>\n<p>2019 SSHRC Explore Grants<br \/>\nSocial Sciences and Humanities Research Council (Canada).<\/p>\n<p>2012 &#8211; 2018 $80,000 (CAD), Doctoral Scholarships<br \/>\nUniversity of Toronto.<\/p>\n<p>2015\u00a0$500 (CAD), Travel Grant<br \/>\nSmart Cybersecurity Network (SERENE), Universit\u00e9 de Montr\u00e9al.<\/p>\n<p>2014 $750 (CAD), Travel Grant<br \/>\nStrategic Studies and Security Consortium, Centre for Strategic and Military Studies, University of Calgary.<\/p>\n<p>2011 $1,430 (CAD), Travel Grant<br \/>\nCentre for Strategic and Military Studies, University of Calgary.<\/p>\n<p>2011\u00a0$750 (CAD), Travel Grant<br \/>\nCentre for Military and Strategic Studies, University of Calgary.<\/p>\n<p>2010 &#8211; 2011 $2,000 (CAD), Alberta Graduate Student Scholarship<br \/>\nGovernment of Alberta.<\/p>\n<p>2009 &#8211; 2010 $1,349 (CAD), Graduate Research Scholarship<br \/>\nUniversity of Calgary.<\/p>\n<p>2009 &#8211; 2010 $7,651 (CAD), Graduate Assistantship<br \/>\nUniversity of Calgary.<\/p>\n<p>2009\u00a0 $1,500 (CAD), Travel Grant<br \/>\nCentre for Strategic and Military Studies, University of Calgary.<\/p>\n<p>2008 &#8211; 2009 $4,480 (CAD), FGS Scholarship<br \/>\nUniversity of Calgary.<\/p>\n<p>2008 &#8211; 2009 $3,000 (CAD), Arthur J.E. Child Memorial<br \/>\nCanadian Defence and Foreign Affairs Institute.<\/p>\n<p>2008 &#8211; 2009 $2,000 (CAD), Security and Defence Forum Scholarship<br \/>\nCanadian Government.<\/p>\n<p>2008 &#8211; 2009 $1,400 (CAD), Centre for Military and Strategic Studies Scholarship<br \/>\nCentre for Military and Strategic Studies, University of Calgary.<\/p>\n<p>2003 &#8211; 2004 $5,000 (CAD), La Fondation du maire de Montr\u00e9al pour la jeunesse pour l&#8217;entrepreneurship<br \/>\nLa Fondation du maire de Montr\u00e9al pour la jeunesse pour l&#8217;entrepreneurship (Montr\u00e9al inc).<\/p>\n<p>2002 \u2013 2003 $25,000 (CAD), Qu\u00e9bec Multim\u00e9dia Jeunesse<br \/>\nCulture Minister of the Province of Qu\u00e9bec.<\/p>\n<h2><strong>Affiliations professionnelles<\/strong><\/h2>\n<p>SERENE-RISC (R\u00e9seau int\u00e9gr\u00e9 sur la cybers\u00e9curit\u00e9)<\/p>\n<p><!-- &gt; CIRST (Centre interuniversitaire de recherche sur la science et la technologie)&gt;--><\/p>\n<p>Studio d&#8217;animation Toon Doctor Inc.<\/p>\n<h2><strong>Service<\/strong><\/h2>\n<p>Co-r\u00e9dacteur, Universit\u00e9 du Qu\u00e9bec \u00e0 Chicoutimi<br \/>\nTitre du programme: Programme court de premier cycle en communication interculturelle et m\u00e9diatique pour \u00e9tudiants en s\u00e9jour d\u2019\u00e9tudes, premier cycle, avril 2019.<\/p>\n<p>Comit\u00e9 sur la gestion des donn\u00e9es, Universit\u00e9 du Qu\u00e9bec \u00e0 Chicoutimi, juin 2019-.<\/p>\n<p>Comit\u00e9 du libre acc\u00e8s, Universit\u00e9 du Qu\u00e9bec \u00e0 Chicoutimi, 2019-2020.<\/p>\n<p>Comit\u00e9 de la biblioth\u00e8que, Universit\u00e9 du Qu\u00e9bec \u00e0 Chicoutimi, 2019-2020.<\/p>\n<p>Comit\u00e9 de s\u00e9lection \u2013 Bourses de pers\u00e9v\u00e9rance aux cycles sup\u00e9rieurs, Universit\u00e9 du Qu\u00e9bec \u00e0 Chicoutimi, avril 2019.<\/p>\n<p>Comit\u00e9 de s\u00e9lection \u2013 Bourses d\u2019excellence de cycles sup\u00e9rieurs, Universit\u00e9 du Qu\u00e9bec \u00e0 Chicoutimi, avril 2019.<\/p>\n<p>Comit\u00e9 de s\u00e9lection \u2013 Bourses de la Fondation Pierre et Gis\u00e8le<br \/>\nLaberge \/ FUQAC 2018-2019 &#8211; Bourses en communication, Universit\u00e9 du Qu\u00e9bec \u00e0 Chicoutimi, mars 2019.<\/p>\n<h2><strong>Activit\u00e9s<\/strong><\/h2>\n<p>B\u00e9d\u00e9iste et cr\u00e9ateur de la bande dessin\u00e9e <a href=\"https:\/\/www.comicbookbin.com\/johnny_bullet.html\" target=\"_blank\">Johnny Bullet \u00ae<\/a><\/p>\n<p>Formation \u00e9cole d&#8217;\u00e9t\u00e9 : Introduction to network analytics and visualization, CASOS 2019 Summer Institute, Carnegie-Mellon University<\/p>\n<p>R\u00e9dacteur-en-chef du <a href=\"https:\/\/www.comicbookbin.com\/\" target=\"_blank\">ComicBookBin<\/a>, site de nouvelles et de critique sur la bande dessin\u00e9e que j&#8217;ai cr\u00e9\u00e9e en 2002.<\/p>\n<p>Formation \u00e9cole d&#8217;\u00e9t\u00e9 2019 : Penciling and Inking, The Joe Kubert School of Cartoon and Graphic Art<\/p>\n","protected":false},"excerpt":{"rendered":"<p>Dipl\u00f4mes et \u00e9ducation PhD in Information, University of Toronto Master of Strategic Studies, University of Calgary Certificate in Public Relations, Concordia University Dipl\u00f4me en animation 2D \/ 3D, ICARI (Institut de Cr\u00e9ation Artistique et de Recherche en Infographie) Bachelor of Arts, History &amp; Political Sciences, McGill University Distinctions et bourses 2019 SSHRC Explore Grants Social &hellip; <a href=\"https:\/\/portfolio.uqac.ca\/hervesaintlouis\/curriculum-vitae\/\" class=\"more-link\">Continuer la lecture de <span class=\"screen-reader-text\">Curriculum vitae<\/span>  <span class=\"meta-nav\">&rarr;<\/span><\/a><\/p>\n","protected":false},"author":89,"featured_media":0,"parent":0,"menu_order":6,"comment_status":"closed","ping_status":"closed","template":"","meta":{"footnotes":""},"tags":[],"_links":{"self":[{"href":"https:\/\/portfolio.uqac.ca\/hervesaintlouis\/wp-json\/wp\/v2\/pages\/27"}],"collection":[{"href":"https:\/\/portfolio.uqac.ca\/hervesaintlouis\/wp-json\/wp\/v2\/pages"}],"about":[{"href":"https:\/\/portfolio.uqac.ca\/hervesaintlouis\/wp-json\/wp\/v2\/types\/page"}],"author":[{"embeddable":true,"href":"https:\/\/portfolio.uqac.ca\/hervesaintlouis\/wp-json\/wp\/v2\/users\/89"}],"replies":[{"embeddable":true,"href":"https:\/\/portfolio.uqac.ca\/hervesaintlouis\/wp-json\/wp\/v2\/comments?post=27"}],"version-history":[{"count":25,"href":"https:\/\/portfolio.uqac.ca\/hervesaintlouis\/wp-json\/wp\/v2\/pages\/27\/revisions"}],"predecessor-version":[{"id":360,"href":"https:\/\/portfolio.uqac.ca\/hervesaintlouis\/wp-json\/wp\/v2\/pages\/27\/revisions\/360"}],"wp:attachment":[{"href":"https:\/\/portfolio.uqac.ca\/hervesaintlouis\/wp-json\/wp\/v2\/media?parent=27"}],"wp:term":[{"taxonomy":"post_tag","embeddable":true,"href":"https:\/\/portfolio.uqac.ca\/hervesaintlouis\/wp-json\/wp\/v2\/tags?post=27"}],"curies":[{"name":"wp","href":"https:\/\/api.w.org\/{rel}","templated":true}]}}