{"id":4,"date":"2018-12-13T16:10:43","date_gmt":"2018-12-13T21:10:43","guid":{"rendered":"http:\/\/portfolio-pre.uqac.ca\/gabarit\/?page_id=4"},"modified":"2026-03-12T15:46:32","modified_gmt":"2026-03-12T19:46:32","slug":"presentatio","status":"publish","type":"page","link":"https:\/\/portfolio.uqac.ca\/hervesaintlouis\/","title":{"rendered":"Pr\u00e9sentation"},"content":{"rendered":"<h2>Herv\u00e9 Saint-Louis<\/h2>\n<p><strong><em>Professeur agr\u00e9g\u00e9 en m\u00e9dias \u00e9mergents<br \/>\n<\/em><\/strong><\/p>\n<p><strong><em>Co-titulaire de la Chaire d\u2019enseignement et de recherche interculturelle et interethnique<\/em><\/strong><\/p>\n<p>Je suis professeur agr\u00e9g\u00e9 en m\u00e9dias \u00e9mergents dipl\u00f4m\u00e9 d&#8217;un doctoral en information (biblioth\u00e9conomie). Je suis expert dans les domaines de l\u2019interaction humain-machine et du droit et des politiques de l\u2019information.<\/p>\n<p>Mes recherches portent sur comment les humain et les machine interagissent \u00e0 plusieurs niveaux.<\/p>\n<p>Je suis un animateur-b\u00e9d\u00e9iste dont l\u2019exp\u00e9rience inclut l\u2019exploitation de son propre studio d\u2019animation (<a href=\"https:\/\/www.toondoctor.com\/index.htm\" target=\"_blank\" rel=\"noopener\">Toon Doctor\u00ae<\/a>), et le d\u00e9veloppement d\u2019applications pour t\u00e9l\u00e9phones intelligents telles que <a href=\"https:\/\/toondoctor.com\/TEDapp.htm\" target=\"_blank\" rel=\"noopener\">TED<\/a>. Je continue de dessiner la<a href=\"https:\/\/www.toondoctor.com\/johnnybulletbd.htm\" target=\"_blank\" rel=\"noopener\"> b\u00e9d\u00e9 Johnny Bullet\u00ae<\/a>, et de publier <a href=\"https:\/\/www.comicbookbin.com\/\" target=\"_blank\" rel=\"noopener\">ComicBookBin<\/a>, le plus grand site canadien sur la bande dessin\u00e9e.<\/p>\n<h2>Champs d&#8217;int\u00e9r\u00eat<\/h2>\n<p><strong>Interaction homme-machine\u00a0<\/strong><\/p>\n<ul>\n<li>Authentification ;<\/li>\n<li>S\u00e9curit\u00e9 utilisable ;<\/li>\n<li>Repr\u00e9sentation des mod\u00e8les mentaux ;<\/li>\n<li>M\u00e9dias sociaux &amp; interaction mobile ;<\/li>\n<li>Communications humain-machines.<\/li>\n<\/ul>\n<p><strong>Droit et politique de l&#8217;information<br \/>\n<\/strong><\/p>\n<ul>\n<li>Cancel culture, libert\u00e9 d&#8217;expression, censure ;<\/li>\n<li>Confidentialit\u00e9 &amp; vie priv\u00e9e ;<\/li>\n<li>Acc\u00e8s \u00e0 l&#8217;information ;<\/li>\n<li><span class=\"tlid-translation translation\"><span class=\"\" title=\"\">Acc\u00e8s l\u00e9gal<\/span><\/span>.<\/li>\n<\/ul>\n<p><strong>Champs d&#8217;int\u00e9r\u00eats secondaires<\/strong><\/p>\n<ul>\n<li>Sc\u00e9narimage,\u00a0 dessins anim\u00e9s, &amp; bandes dessin\u00e9es ;<\/li>\n<li>Sciences de l&#8217;information &amp; biblioth\u00e9conomie ;<\/li>\n<li>Rh\u00e9torique visuelle.<\/li>\n<\/ul>\n<p><strong>Supervision cycles sup\u00e9rieurs<\/strong><\/p>\n<p>Gildas Tapsoba<br \/>\nDoctorat en sciences humaines appliqu\u00e9es, 2025, en cours.<\/p>\n<p>Emmy Simard<br \/>\nMa\u00eetrise en \u00e9ducation, 2025.<\/p>\n<p>Charlotte Houle<br \/>\nMa\u00eetrise en communication, 2024 &#8211; en cours.<\/p>\n<p>Martin Lavertu,<br \/>\nDoctorat en Archives, curation num\u00e9rique et environnements sonores immersifs, 2022 &#8211; en cours.<\/p>\n<p>Fratzel Descadres,<br \/>\n<em>Un bain d\u2019agent r\u00e9v\u00e9lateur pour l\u2019interface : L\u2019art visuel comme moyen de r\u00e9v\u00e9ler l\u2019interface<\/em><br \/>\nMa\u00eetrise en arts, 2019-2022.<\/p>\n<p>J&#8217;accepte de superviser des \u00e9tudiants du deuxi\u00e8me et du troisi\u00e8me cycle int\u00e9ress\u00e9s par des projets touchant l&#8217;interaction humain-machine (Informatique), le dessin anim\u00e9, la bande dessin\u00e9e (Lettres, Arts, ou le Centre NAD), et des domaines reli\u00e9s, tels que les communications et les \u00e9tudes ludiques (jeux vid\u00e9os).<\/p>\n<p>[feedzy-rss feeds=&#8221;https:\/\/www.comicbookbin.com\/johnnybulletBDrss.xml&#8221; max=&#8221;6&#8243; feed_title=&#8221;yes&#8221; refresh=&#8221;15_days&#8221; sort=&#8221;date_desc&#8221; meta=&#8221;yes&#8221; summary=&#8221;yes&#8221; ]<\/p>\n","protected":false},"excerpt":{"rendered":"<p>Herv\u00e9 Saint-Louis Professeur agr\u00e9g\u00e9 en m\u00e9dias \u00e9mergents Co-titulaire de la Chaire d\u2019enseignement et de recherche interculturelle et interethnique Je suis professeur agr\u00e9g\u00e9 en m\u00e9dias \u00e9mergents dipl\u00f4m\u00e9 d&#8217;un doctoral en information (biblioth\u00e9conomie). Je suis expert dans les domaines de l\u2019interaction humain-machine et du droit et des politiques de l\u2019information. Mes recherches portent sur comment les humain &hellip; <a href=\"https:\/\/portfolio.uqac.ca\/hervesaintlouis\/\" class=\"more-link\">Continuer la lecture de <span class=\"screen-reader-text\">Pr\u00e9sentation<\/span>  <span class=\"meta-nav\">&rarr;<\/span><\/a><\/p>\n","protected":false},"author":89,"featured_media":0,"parent":0,"menu_order":0,"comment_status":"closed","ping_status":"closed","template":"","meta":{"footnotes":""},"tags":[],"_links":{"self":[{"href":"https:\/\/portfolio.uqac.ca\/hervesaintlouis\/wp-json\/wp\/v2\/pages\/4"}],"collection":[{"href":"https:\/\/portfolio.uqac.ca\/hervesaintlouis\/wp-json\/wp\/v2\/pages"}],"about":[{"href":"https:\/\/portfolio.uqac.ca\/hervesaintlouis\/wp-json\/wp\/v2\/types\/page"}],"author":[{"embeddable":true,"href":"https:\/\/portfolio.uqac.ca\/hervesaintlouis\/wp-json\/wp\/v2\/users\/89"}],"replies":[{"embeddable":true,"href":"https:\/\/portfolio.uqac.ca\/hervesaintlouis\/wp-json\/wp\/v2\/comments?post=4"}],"version-history":[{"count":70,"href":"https:\/\/portfolio.uqac.ca\/hervesaintlouis\/wp-json\/wp\/v2\/pages\/4\/revisions"}],"predecessor-version":[{"id":173,"href":"https:\/\/portfolio.uqac.ca\/hervesaintlouis\/wp-json\/wp\/v2\/pages\/4\/revisions\/173"}],"wp:attachment":[{"href":"https:\/\/portfolio.uqac.ca\/hervesaintlouis\/wp-json\/wp\/v2\/media?parent=4"}],"wp:term":[{"taxonomy":"post_tag","embeddable":true,"href":"https:\/\/portfolio.uqac.ca\/hervesaintlouis\/wp-json\/wp\/v2\/tags?post=4"}],"curies":[{"name":"wp","href":"https:\/\/api.w.org\/{rel}","templated":true}]}}