{"id":46,"date":"2018-12-13T16:10:43","date_gmt":"2018-12-13T21:10:43","guid":{"rendered":"http:\/\/portfolio-pre.uqac.ca\/gabarit\/?page_id=46"},"modified":"2026-04-07T14:49:13","modified_gmt":"2026-04-07T18:49:13","slug":"recherche","status":"publish","type":"page","link":"https:\/\/portfolio.uqac.ca\/hervesaintlouis\/recherche\/","title":{"rendered":"Recherche"},"content":{"rendered":"<p>Ma recherche porte sur la compr\u00e9hension de comment les humains et les machines interagissent dans plusieurs registres. Par exemple, je recherche comment les humains donnent un sens \u00e0 leurs interactions avec les machines en utilisant des repr\u00e9sentations de leurs mod\u00e8les mentaux\u2009; comment les machines repr\u00e9sentent leurs communications avec des humains \u00e0 travers des visualisations de r\u00e9seau\u2009; et comment l\u2019interd\u00e9pendance des interactions entre les machines et des humains dans des pratiques telles que l\u2019oculom\u00e9trie g\u00e9n\u00e8re des donn\u00e9es visuelles.<\/p>\n<h2>Projets en cours<\/h2>\n<p>Je travaille sur un livre en 2026. Plus sera r\u00e9v\u00e9l\u00e9 au moment de la publication.<\/p>\n<h2>Projets ant\u00e9rieurs<\/h2>\n<ul>\n<li>La R\u00e9volution verte (Green Revolution) en Iran et Twitter.<\/li>\n<\/ul>\n","protected":false},"excerpt":{"rendered":"<p>Ma recherche porte sur la compr\u00e9hension de comment les humains et les machines interagissent dans plusieurs registres. Par exemple, je recherche comment les humains donnent un sens \u00e0 leurs interactions avec les machines en utilisant des repr\u00e9sentations de leurs mod\u00e8les mentaux\u2009; comment les machines repr\u00e9sentent leurs communications avec des humains \u00e0 travers des visualisations de &hellip; <a href=\"https:\/\/portfolio.uqac.ca\/hervesaintlouis\/recherche\/\" class=\"more-link\">Continuer la lecture de <span class=\"screen-reader-text\">Recherche<\/span>  <span class=\"meta-nav\">&rarr;<\/span><\/a><\/p>\n","protected":false},"author":89,"featured_media":0,"parent":0,"menu_order":1,"comment_status":"closed","ping_status":"closed","template":"","meta":{"footnotes":""},"tags":[],"_links":{"self":[{"href":"https:\/\/portfolio.uqac.ca\/hervesaintlouis\/wp-json\/wp\/v2\/pages\/46"}],"collection":[{"href":"https:\/\/portfolio.uqac.ca\/hervesaintlouis\/wp-json\/wp\/v2\/pages"}],"about":[{"href":"https:\/\/portfolio.uqac.ca\/hervesaintlouis\/wp-json\/wp\/v2\/types\/page"}],"author":[{"embeddable":true,"href":"https:\/\/portfolio.uqac.ca\/hervesaintlouis\/wp-json\/wp\/v2\/users\/89"}],"replies":[{"embeddable":true,"href":"https:\/\/portfolio.uqac.ca\/hervesaintlouis\/wp-json\/wp\/v2\/comments?post=46"}],"version-history":[{"count":19,"href":"https:\/\/portfolio.uqac.ca\/hervesaintlouis\/wp-json\/wp\/v2\/pages\/46\/revisions"}],"predecessor-version":[{"id":463,"href":"https:\/\/portfolio.uqac.ca\/hervesaintlouis\/wp-json\/wp\/v2\/pages\/46\/revisions\/463"}],"wp:attachment":[{"href":"https:\/\/portfolio.uqac.ca\/hervesaintlouis\/wp-json\/wp\/v2\/media?parent=46"}],"wp:term":[{"taxonomy":"post_tag","embeddable":true,"href":"https:\/\/portfolio.uqac.ca\/hervesaintlouis\/wp-json\/wp\/v2\/tags?post=46"}],"curies":[{"name":"wp","href":"https:\/\/api.w.org\/{rel}","templated":true}]}}