{"id":18,"date":"2019-09-04T07:55:05","date_gmt":"2019-09-04T11:55:05","guid":{"rendered":"http:\/\/portfolio-pre.uqac.ca\/gabarit\/?page_id=18"},"modified":"2019-09-05T10:54:21","modified_gmt":"2019-09-05T14:54:21","slug":"enseignement","status":"publish","type":"page","link":"https:\/\/portfolio.uqac.ca\/hugotremblay\/enseignement\/","title":{"rendered":"Enseignement"},"content":{"rendered":"<p><strong>Cycles sup\u00e9rieurs<\/strong><\/p>\n<ul>\n<li>8INF840 : Structures de donn\u00e9es avanc\u00e9es (E16)<\/li>\n<li>8INF850 : M\u00e9thodologie de la recherche (H18)<\/li>\n<li>8INF935 : Math\u00e9matique et physique pour le jeu vid\u00e9o (A17, A18, A19)<\/li>\n<\/ul>\n<p><strong>Premier cycle<\/strong><\/p>\n<ul>\n<li>8INF433\u00a0:\u00a0Algorithmique (E17)<\/li>\n<li><span style=\"line-height: 1.5\">8INF713\u00a0:\u00a0Informatique th\u00e9orique (A14, A15, A16, A17)<\/span><\/li>\n<li><span style=\"line-height: 1.5\">8MAP107\u00a0:\u00a0Calcul avanc\u00e9 I (H18, A19)<\/span><\/li>\n<li><span style=\"line-height: 1.5\">8MAP111\u00a0:\u00a0Calcul avanc\u00e9 II (H18, A18, H19)<\/span><\/li>\n<li>8MAT100 : Analyse r\u00e9elle I (A17)<\/li>\n<li>8MAT122 : Structures discr\u00e8tes (H14, H15, H16, A16, H19)<\/li>\n<li>8MAT142 : Alg\u00e8bre vectorielle et matricielle (H19)<\/li>\n<\/ul>\n","protected":false},"excerpt":{"rendered":"<p>Cycles sup\u00e9rieurs 8INF840 : Structures de donn\u00e9es avanc\u00e9es (E16) 8INF850 : M\u00e9thodologie de la recherche (H18) 8INF935 : Math\u00e9matique et physique pour le jeu vid\u00e9o (A17, A18, A19) Premier cycle 8INF433\u00a0:\u00a0Algorithmique (E17) 8INF713\u00a0:\u00a0Informatique th\u00e9orique (A14, A15, A16, A17) 8MAP107\u00a0:\u00a0Calcul avanc\u00e9 I (H18, A19) 8MAP111\u00a0:\u00a0Calcul avanc\u00e9 II (H18, A18, H19) 8MAT100 : Analyse r\u00e9elle I (A17) &hellip; <a href=\"https:\/\/portfolio.uqac.ca\/hugotremblay\/enseignement\/\" class=\"more-link\">Continuer la lecture de <span class=\"screen-reader-text\">Enseignement<\/span>  <span class=\"meta-nav\">&rarr;<\/span><\/a><\/p>\n","protected":false},"author":89,"featured_media":0,"parent":0,"menu_order":0,"comment_status":"closed","ping_status":"closed","template":"","meta":{"footnotes":""},"tags":[],"_links":{"self":[{"href":"https:\/\/portfolio.uqac.ca\/hugotremblay\/wp-json\/wp\/v2\/pages\/18"}],"collection":[{"href":"https:\/\/portfolio.uqac.ca\/hugotremblay\/wp-json\/wp\/v2\/pages"}],"about":[{"href":"https:\/\/portfolio.uqac.ca\/hugotremblay\/wp-json\/wp\/v2\/types\/page"}],"author":[{"embeddable":true,"href":"https:\/\/portfolio.uqac.ca\/hugotremblay\/wp-json\/wp\/v2\/users\/89"}],"replies":[{"embeddable":true,"href":"https:\/\/portfolio.uqac.ca\/hugotremblay\/wp-json\/wp\/v2\/comments?post=18"}],"version-history":[{"count":5,"href":"https:\/\/portfolio.uqac.ca\/hugotremblay\/wp-json\/wp\/v2\/pages\/18\/revisions"}],"predecessor-version":[{"id":179,"href":"https:\/\/portfolio.uqac.ca\/hugotremblay\/wp-json\/wp\/v2\/pages\/18\/revisions\/179"}],"wp:attachment":[{"href":"https:\/\/portfolio.uqac.ca\/hugotremblay\/wp-json\/wp\/v2\/media?parent=18"}],"wp:term":[{"taxonomy":"post_tag","embeddable":true,"href":"https:\/\/portfolio.uqac.ca\/hugotremblay\/wp-json\/wp\/v2\/tags?post=18"}],"curies":[{"name":"wp","href":"https:\/\/api.w.org\/{rel}","templated":true}]}}