{"id":27,"date":"2019-09-04T07:55:05","date_gmt":"2019-09-04T11:55:05","guid":{"rendered":"http:\/\/portfolio-pre.uqac.ca\/gabarit\/?page_id=27"},"modified":"2019-09-17T10:00:31","modified_gmt":"2019-09-17T14:00:31","slug":"curriculum-vitae","status":"publish","type":"page","link":"https:\/\/portfolio.uqac.ca\/hugotremblay\/curriculum-vitae\/","title":{"rendered":"Curriculum vitae"},"content":{"rendered":"<h2><strong>Dipl\u00f4mes<\/strong><\/h2>\n<p><strong>Post-doctorat<\/strong>, Universit\u00e9 du Qu\u00e9bec \u00e0 Chicoutimi, 2018<\/p>\n<p><strong>Post-doctorat<\/strong>, Universit\u00e9 d&#8217;Ottawa, 2017<\/p>\n<p><strong>Doctorat en math\u00e9matiques<\/strong>, Universit\u00e9 du Qu\u00e9bec \u00e0 Montr\u00e9al, 2012 &#8211; 2017<\/p>\n<p><strong>Ma\u00eetrise en math\u00e9matiques<\/strong>, Universit\u00e9 du Qu\u00e9bec \u00e0 Montr\u00e9al, 2010 &#8211; 2012<\/p>\n<p><strong>Baccalaur\u00e9at avec majeure en math\u00e9matique et mineure en informatique<\/strong>, Universit\u00e9 du Qu\u00e9bec \u00e0 Chicoutimi, 2007 &#8211; 2010<\/p>\n<h2><strong><br \/>\nDistinctions et bourses<br \/>\n<\/strong><\/h2>\n<ul>\n<li>Bourse de recherche postdoctorale, CRSNG, 2018<\/li>\n<li>Bourse de recherche postdoctorale, FRQNT, 2017<\/li>\n<li>Bourse d&#8217;\u00e9tudes sup\u00e9rieures de doctorat, CRSNG, 2014 &#8211; 2016<\/li>\n<li>Bourse de\u00a0doctorat en recherche, FRQNT, 2013 &#8211; 2014<\/li>\n<li>Bourse d&#8217;\u00e9tudes de cycle sup\u00e9rieur, Institut des sciences math\u00e9matiques, 2012 &#8211; 2013<\/li>\n<li>Bourse d&#8217;excellence de l&#8217;UQ\u00c0M pour les cycles sup\u00e9rieurs, Fondation J. A. DeS\u00e8ve, 2011 &#8211; 2012<\/li>\n<li>Bourse d&#8217;excellence de l&#8217;UQ\u00c0M pour les cycles sup\u00e9rieurs, Hydro-Qu\u00e9bec, 2010 &#8211; 2011<\/li>\n<\/ul>\n<h2><strong> Activit\u00e9s<\/strong><\/h2>\n<ul>\n<li>\u00c9valuateur externe pour la revue <em>Theoretical Computer Science<\/em><\/li>\n<li>Membre r\u00e9gulier du Groupe de Recherche en Informatique (GRI)<\/li>\n<li>Membre du comit\u00e9 organisateur de la 20i\u00e8me conf\u00e9rence internationale sur les d\u00e9veloppements en th\u00e9orie des langages (DLT 2016)<\/li>\n<li>Personne ressource lors des conf\u00e9rences de l&#8217;\u00e9cole d&#8217;\u00e9t\u00e9 de l&#8217;ISM (2012)<\/li>\n<li>Repr\u00e9sentant\u00a0 \u00e9tudiant au comit\u00e9 de programme des \u00e9tudes avanc\u00e9es en math\u00e9matiques fondamentales de l&#8217;UQ\u00c0M (2010 &#8211; 2011)<\/li>\n<\/ul>\n","protected":false},"excerpt":{"rendered":"<p>Dipl\u00f4mes Post-doctorat, Universit\u00e9 du Qu\u00e9bec \u00e0 Chicoutimi, 2018 Post-doctorat, Universit\u00e9 d&#8217;Ottawa, 2017 Doctorat en math\u00e9matiques, Universit\u00e9 du Qu\u00e9bec \u00e0 Montr\u00e9al, 2012 &#8211; 2017 Ma\u00eetrise en math\u00e9matiques, Universit\u00e9 du Qu\u00e9bec \u00e0 Montr\u00e9al, 2010 &#8211; 2012 Baccalaur\u00e9at avec majeure en math\u00e9matique et mineure en informatique, Universit\u00e9 du Qu\u00e9bec \u00e0 Chicoutimi, 2007 &#8211; 2010 Distinctions et bourses Bourse &hellip; <a href=\"https:\/\/portfolio.uqac.ca\/hugotremblay\/curriculum-vitae\/\" class=\"more-link\">Continuer la lecture de <span class=\"screen-reader-text\">Curriculum vitae<\/span>  <span class=\"meta-nav\">&rarr;<\/span><\/a><\/p>\n","protected":false},"author":89,"featured_media":0,"parent":0,"menu_order":0,"comment_status":"closed","ping_status":"closed","template":"","meta":{"footnotes":""},"tags":[],"_links":{"self":[{"href":"https:\/\/portfolio.uqac.ca\/hugotremblay\/wp-json\/wp\/v2\/pages\/27"}],"collection":[{"href":"https:\/\/portfolio.uqac.ca\/hugotremblay\/wp-json\/wp\/v2\/pages"}],"about":[{"href":"https:\/\/portfolio.uqac.ca\/hugotremblay\/wp-json\/wp\/v2\/types\/page"}],"author":[{"embeddable":true,"href":"https:\/\/portfolio.uqac.ca\/hugotremblay\/wp-json\/wp\/v2\/users\/89"}],"replies":[{"embeddable":true,"href":"https:\/\/portfolio.uqac.ca\/hugotremblay\/wp-json\/wp\/v2\/comments?post=27"}],"version-history":[{"count":9,"href":"https:\/\/portfolio.uqac.ca\/hugotremblay\/wp-json\/wp\/v2\/pages\/27\/revisions"}],"predecessor-version":[{"id":192,"href":"https:\/\/portfolio.uqac.ca\/hugotremblay\/wp-json\/wp\/v2\/pages\/27\/revisions\/192"}],"wp:attachment":[{"href":"https:\/\/portfolio.uqac.ca\/hugotremblay\/wp-json\/wp\/v2\/media?parent=27"}],"wp:term":[{"taxonomy":"post_tag","embeddable":true,"href":"https:\/\/portfolio.uqac.ca\/hugotremblay\/wp-json\/wp\/v2\/tags?post=27"}],"curies":[{"name":"wp","href":"https:\/\/api.w.org\/{rel}","templated":true}]}}