{"id":4,"date":"2019-09-04T07:55:05","date_gmt":"2019-09-04T11:55:05","guid":{"rendered":"http:\/\/portfolio-pre.uqac.ca\/gabarit\/?page_id=4"},"modified":"2019-09-17T09:51:33","modified_gmt":"2019-09-17T13:51:33","slug":"presentatio","status":"publish","type":"page","link":"https:\/\/portfolio.uqac.ca\/hugotremblay\/","title":{"rendered":"Pr\u00e9sentation"},"content":{"rendered":"<h2>Hugo Tremblay, Ph. D.<\/h2>\n<p>Professeur substitut au d\u00e9partement\u00a0d&#8217;informatique et de math\u00e9matique<\/p>\n<p>Membre r\u00e9gulier du Groupe de Recherche en Informatique (GRI)<\/p>\n<p>Site web:\u00a0<a href=\"https:\/\/www.uqac.ca\/htremblay\/\" target=\"_blank\">https:\/\/www.uqac.ca\/htremblay\/<\/a><\/p>\n<h2>Champs d&#8217;int\u00e9r\u00eat<\/h2>\n<ul>\n<li>Th\u00e9orie des graphes<\/li>\n<li>G\u00e9om\u00e9trie digitale<\/li>\n<li>Combinatoire<\/li>\n<li>Mod\u00e9lisation math\u00e9matique<\/li>\n<\/ul>\n","protected":false},"excerpt":{"rendered":"<p>Hugo Tremblay, Ph. D. Professeur substitut au d\u00e9partement\u00a0d&#8217;informatique et de math\u00e9matique Membre r\u00e9gulier du Groupe de Recherche en Informatique (GRI) Site web:\u00a0https:\/\/www.uqac.ca\/htremblay\/ Champs d&#8217;int\u00e9r\u00eat Th\u00e9orie des graphes G\u00e9om\u00e9trie digitale Combinatoire Mod\u00e9lisation math\u00e9matique<\/p>\n","protected":false},"author":89,"featured_media":0,"parent":0,"menu_order":0,"comment_status":"closed","ping_status":"closed","template":"","meta":{"footnotes":""},"tags":[],"_links":{"self":[{"href":"https:\/\/portfolio.uqac.ca\/hugotremblay\/wp-json\/wp\/v2\/pages\/4"}],"collection":[{"href":"https:\/\/portfolio.uqac.ca\/hugotremblay\/wp-json\/wp\/v2\/pages"}],"about":[{"href":"https:\/\/portfolio.uqac.ca\/hugotremblay\/wp-json\/wp\/v2\/types\/page"}],"author":[{"embeddable":true,"href":"https:\/\/portfolio.uqac.ca\/hugotremblay\/wp-json\/wp\/v2\/users\/89"}],"replies":[{"embeddable":true,"href":"https:\/\/portfolio.uqac.ca\/hugotremblay\/wp-json\/wp\/v2\/comments?post=4"}],"version-history":[{"count":15,"href":"https:\/\/portfolio.uqac.ca\/hugotremblay\/wp-json\/wp\/v2\/pages\/4\/revisions"}],"predecessor-version":[{"id":189,"href":"https:\/\/portfolio.uqac.ca\/hugotremblay\/wp-json\/wp\/v2\/pages\/4\/revisions\/189"}],"wp:attachment":[{"href":"https:\/\/portfolio.uqac.ca\/hugotremblay\/wp-json\/wp\/v2\/media?parent=4"}],"wp:term":[{"taxonomy":"post_tag","embeddable":true,"href":"https:\/\/portfolio.uqac.ca\/hugotremblay\/wp-json\/wp\/v2\/tags?post=4"}],"curies":[{"name":"wp","href":"https:\/\/api.w.org\/{rel}","templated":true}]}}