{"id":46,"date":"2019-09-04T07:55:05","date_gmt":"2019-09-04T11:55:05","guid":{"rendered":"http:\/\/portfolio-pre.uqac.ca\/gabarit\/?page_id=46"},"modified":"2019-09-17T10:07:57","modified_gmt":"2019-09-17T14:07:57","slug":"recherche","status":"publish","type":"page","link":"https:\/\/portfolio.uqac.ca\/hugotremblay\/recherche\/","title":{"rendered":"Recherche"},"content":{"rendered":"<ul>\n<li>Th\u00e9orie des graphes<\/li>\n<li>G\u00e9om\u00e9trie digitale<\/li>\n<li>Combinatoire<\/li>\n<li>Mod\u00e9lisation math\u00e9matique<\/li>\n<\/ul>\n<p>Membre r\u00e9gulier du Groupe de Recherche en Informatique (GRI)<\/p>\n","protected":false},"excerpt":{"rendered":"<p>Th\u00e9orie des graphes G\u00e9om\u00e9trie digitale Combinatoire Mod\u00e9lisation math\u00e9matique Membre r\u00e9gulier du Groupe de Recherche en Informatique (GRI)<\/p>\n","protected":false},"author":89,"featured_media":0,"parent":0,"menu_order":0,"comment_status":"closed","ping_status":"closed","template":"","meta":{"footnotes":""},"tags":[],"_links":{"self":[{"href":"https:\/\/portfolio.uqac.ca\/hugotremblay\/wp-json\/wp\/v2\/pages\/46"}],"collection":[{"href":"https:\/\/portfolio.uqac.ca\/hugotremblay\/wp-json\/wp\/v2\/pages"}],"about":[{"href":"https:\/\/portfolio.uqac.ca\/hugotremblay\/wp-json\/wp\/v2\/types\/page"}],"author":[{"embeddable":true,"href":"https:\/\/portfolio.uqac.ca\/hugotremblay\/wp-json\/wp\/v2\/users\/89"}],"replies":[{"embeddable":true,"href":"https:\/\/portfolio.uqac.ca\/hugotremblay\/wp-json\/wp\/v2\/comments?post=46"}],"version-history":[{"count":5,"href":"https:\/\/portfolio.uqac.ca\/hugotremblay\/wp-json\/wp\/v2\/pages\/46\/revisions"}],"predecessor-version":[{"id":188,"href":"https:\/\/portfolio.uqac.ca\/hugotremblay\/wp-json\/wp\/v2\/pages\/46\/revisions\/188"}],"wp:attachment":[{"href":"https:\/\/portfolio.uqac.ca\/hugotremblay\/wp-json\/wp\/v2\/media?parent=46"}],"wp:term":[{"taxonomy":"post_tag","embeddable":true,"href":"https:\/\/portfolio.uqac.ca\/hugotremblay\/wp-json\/wp\/v2\/tags?post=46"}],"curies":[{"name":"wp","href":"https:\/\/api.w.org\/{rel}","templated":true}]}}