{"id":226,"date":"2026-04-08T10:41:47","date_gmt":"2026-04-08T14:41:47","guid":{"rendered":"https:\/\/portfolio.uqac.ca\/isabellegaudet\/?page_id=226"},"modified":"2026-04-08T10:59:28","modified_gmt":"2026-04-08T14:59:28","slug":"nourrir-pour-reussir-impacts-psychosociaux-et-neuropsychologiques-des-programmes-de-petits-dejeuners-universels-en-milieu-scolaire","status":"publish","type":"page","link":"https:\/\/portfolio.uqac.ca\/isabellegaudet\/nourrir-pour-reussir-impacts-psychosociaux-et-neuropsychologiques-des-programmes-de-petits-dejeuners-universels-en-milieu-scolaire\/","title":{"rendered":"Nourrir pour r\u00e9ussir: Impacts psychosociaux et neuropsychologiques des programmes de petits d\u00e9jeuners universels en milieu scolaire"},"content":{"rendered":"<h4><span style=\"color: #6b8915;\">Titre du projet de recherche<\/span><\/h4>\n<p><strong>Nourrir pour r\u00e9ussir: Impacts psychosociaux et neuropsychologiques des programmes de petits d\u00e9jeuners universels en milieu scolaire<br \/>\n<\/strong><\/p>\n<h4><span style=\"color: #6b8915;\">Programmes d&#8217;\u00e9tudes vis\u00e9s<\/span><\/h4>\n<p><a href=\"https:\/\/www.uqac.ca\/programme\/2094-maitrise-en-sante-durable\/\" target=\"_blank\" rel=\"noopener\">Ma\u00eetrise en sant\u00e9 durable<\/a><\/p>\n<h4><span style=\"color: #6b8915;\">Structure de recherche associ\u00e9e au projet<\/span><\/h4>\n<p><a href=\"https:\/\/www.uqac.ca\/programme\/2094-maitrise-en-sante-durable\/\" target=\"_blank\" rel=\"noopener\">Centre intersectoriel en sant\u00e9 durable<\/a><\/p>\n<h4><span style=\"color: #6b8915;\">Description du projet<\/span><\/h4>\n<p>Ce projet vise \u00e0 documenter les effets psychosociaux et neurod\u00e9veloppementaux des programmes de petits d\u00e9jeuners universels en milieu scolaire. Les \u00e9tapes incluent : (1) une revue de la port\u00e9e sur les impacts psychosociaux, neuropsychologiques et organisationnels de ces programmes chez les enfants, les enseignant\u00b7e\u00b7s et les parents; (2) la r\u00e9alisation de groupes de discussion dans des \u00e9coles participantes et t\u00e9moins afin d&#8217;identifier les perceptions, barri\u00e8res et leviers d\u2019implantation. Le projet s&#8217;inscrit dans un effort r\u00e9gional d&#8217;\u00e9valuation et d&#8217;am\u00e9lioration des initiatives alimentaires universelles.<\/p>\n<h4><span style=\"color: #6b8915;\">Domaines de recherche<\/span><\/h4>\n<ul>\n<li>Sant\u00e9 durable<\/li>\n<li>Ins\u00e9curit\u00e9 alimentaire<\/li>\n<li>Neurod\u00e9veloppement<\/li>\n<li>Bien-\u00eatre psychosocial<\/li>\n<\/ul>\n<h4><span style=\"color: #6b8915;\">Direction de recherche<\/span><\/h4>\n<p>Co-direction: <a href=\"https:\/\/portfolio.uqac.ca\/edithbreton\/\" target=\"_blank\" rel=\"noopener\">\u00c9dith Breton<\/a> et <a href=\"https:\/\/portfolio.uqac.ca\/isabellegaudet\/\" target=\"_blank\" rel=\"noopener\">Isabelle Gaudet<\/a><\/p>\n<h4><span style=\"color: #6b8915;\">Profil recherch\u00e9<\/span><\/h4>\n<p>Les personnes candidates doivent avoir un int\u00e9r\u00eat marqu\u00e9 pour le d\u00e9veloppement de l&#8217;enfant, le bien-\u00eatre psychosocial et les enjeux li\u00e9s \u00e0 l\u2019alimentation ou \u00e0 la sant\u00e9 durable en milieu scolaire.<\/p>\n<p>De plus, la personne candidate doit d\u00e9tenir les qualit\u00e9s suivantes:<\/p>\n<ul>\n<li>Excellentes habilet\u00e9s en communication (orale et \u00e9crite)<\/li>\n<li>Capacit\u00e9 d\u2019\u00e9coute et ouverture d\u2019esprit<\/li>\n<li>Rigueur et souci du d\u00e9tail<\/li>\n<li>Curiosit\u00e9<\/li>\n<li>Autonomie<\/li>\n<li>Capacit\u00e9 \u00e0 comprendre rapidement de nouveaux concepts<\/li>\n<li>Aptitude au travail d\u2019\u00e9quipe<\/li>\n<\/ul>\n<h4><span style=\"color: #6b8915;\">Exigences<\/span><\/h4>\n<ul>\n<li>Avoir compl\u00e9t\u00e9 un baccalaur\u00e9at dans un domaine pertinent.<\/li>\n<li>\u00catre disponible pour se d\u00e9placer ponctuellement dans les \u00e9coles de la r\u00e9gion.<\/li>\n<li>Atout : int\u00e9r\u00eat\/exp\u00e9rience en m\u00e9thodes qualitatives ou synth\u00e8ses de connaissances.<\/li>\n<\/ul>\n<h4><span style=\"color: #6b8915;\">Financement<\/span><\/h4>\n<p>20 000$\/ann\u00e9e pour une p\u00e9riode de deux ans.<\/p>\n<h4><span style=\"color: #6b8915;\">Date du d\u00e9but du projet ou trimestre cibl\u00e9<\/span><\/h4>\n<p>Printemps 2026<\/p>\n<h4><span style=\"color: #6b8915;\">Comment postuler<\/span><\/h4>\n<p><a href=\"mailto:muproulx@uqac.ca\"><img loading=\"lazy\" decoding=\"async\" class=\"alignnone wp-image-230\" src=\"https:\/\/portfolio.uqac.ca\/mousajavidani-en\/files\/2023\/07\/email-alert-custom-2.png\" alt=\"\" width=\"76\" height=\"76\" \/><\/a><\/p>\n<p>Faites parvenir un courriel \u00e0 <a href=\"mailto:igaudet@uqac.ca\">igaudet@uqac.ca<\/a> et \u00e0 <a href=\"mailto:ebreton@uqac.ca\">ebreton@uqac.ca<\/a><\/p>\n<h4><span style=\"color: #6b8915;\">Documents exig\u00e9s<\/span><\/h4>\n<ul>\n<li>Curriculum vitae<\/li>\n<li>Relev\u00e9 de notes du baccalaur\u00e9at<\/li>\n<\/ul>\n","protected":false},"excerpt":{"rendered":"<p>Titre du projet de recherche Nourrir pour r\u00e9ussir: Impacts psychosociaux et neuropsychologiques des programmes de petits d\u00e9jeuners universels en milieu scolaire Programmes d&#8217;\u00e9tudes vis\u00e9s Ma\u00eetrise en sant\u00e9 durable Structure de recherche associ\u00e9e au projet Centre intersectoriel en sant\u00e9 durable Description du projet Ce projet vise \u00e0 documenter les effets psychosociaux et neurod\u00e9veloppementaux des programmes de &hellip; <a href=\"https:\/\/portfolio.uqac.ca\/isabellegaudet\/nourrir-pour-reussir-impacts-psychosociaux-et-neuropsychologiques-des-programmes-de-petits-dejeuners-universels-en-milieu-scolaire\/\" class=\"more-link\">Continuer la lecture de <span class=\"screen-reader-text\">Nourrir pour r\u00e9ussir: Impacts psychosociaux et neuropsychologiques des programmes de petits d\u00e9jeuners universels en milieu scolaire<\/span>  <span class=\"meta-nav\">&rarr;<\/span><\/a><\/p>\n","protected":false},"author":406,"featured_media":0,"parent":0,"menu_order":0,"comment_status":"closed","ping_status":"closed","template":"","meta":{"footnotes":""},"tags":[],"_links":{"self":[{"href":"https:\/\/portfolio.uqac.ca\/isabellegaudet\/wp-json\/wp\/v2\/pages\/226"}],"collection":[{"href":"https:\/\/portfolio.uqac.ca\/isabellegaudet\/wp-json\/wp\/v2\/pages"}],"about":[{"href":"https:\/\/portfolio.uqac.ca\/isabellegaudet\/wp-json\/wp\/v2\/types\/page"}],"author":[{"embeddable":true,"href":"https:\/\/portfolio.uqac.ca\/isabellegaudet\/wp-json\/wp\/v2\/users\/406"}],"replies":[{"embeddable":true,"href":"https:\/\/portfolio.uqac.ca\/isabellegaudet\/wp-json\/wp\/v2\/comments?post=226"}],"version-history":[{"count":7,"href":"https:\/\/portfolio.uqac.ca\/isabellegaudet\/wp-json\/wp\/v2\/pages\/226\/revisions"}],"predecessor-version":[{"id":238,"href":"https:\/\/portfolio.uqac.ca\/isabellegaudet\/wp-json\/wp\/v2\/pages\/226\/revisions\/238"}],"wp:attachment":[{"href":"https:\/\/portfolio.uqac.ca\/isabellegaudet\/wp-json\/wp\/v2\/media?parent=226"}],"wp:term":[{"taxonomy":"post_tag","embeddable":true,"href":"https:\/\/portfolio.uqac.ca\/isabellegaudet\/wp-json\/wp\/v2\/tags?post=226"}],"curies":[{"name":"wp","href":"https:\/\/api.w.org\/{rel}","templated":true}]}}