{"id":20,"date":"2012-07-23T20:20:59","date_gmt":"2012-07-23T20:20:59","guid":{"rendered":"http:\/\/portfolio-pre.uqac.ca\/gabarit\/?page_id=20"},"modified":"2014-04-30T16:43:46","modified_gmt":"2014-04-30T20:43:46","slug":"specialisation","status":"publish","type":"page","link":"https:\/\/portfolio.uqac.ca\/issouffofana\/specialisation\/","title":{"rendered":"Domaines de sp\u00e9cialisation"},"content":{"rendered":"<ul>\n<li>Isolation \u00e9lectrique et mat\u00e9riaux di\u00e9lectriques<\/li>\n<li>Physique de l&#8217;arc \u00e9lectrique et ph\u00e9nom\u00e8nes relatifs<\/li>\n<li>Probl\u00e9matiques associ\u00e9es au transport et distribution de l&#8217;\u00e9nergie \u00e9lectrique<\/li>\n<li>Compatibilit\u00e9 \u00e9lectromagn\u00e9tique<\/li>\n<\/ul>\n","protected":false},"excerpt":{"rendered":"<p>Isolation \u00e9lectrique et mat\u00e9riaux di\u00e9lectriques Physique de l&#8217;arc \u00e9lectrique et ph\u00e9nom\u00e8nes relatifs Probl\u00e9matiques associ\u00e9es au transport et distribution de l&#8217;\u00e9nergie \u00e9lectrique Compatibilit\u00e9 \u00e9lectromagn\u00e9tique<\/p>\n","protected":false},"author":18,"featured_media":0,"parent":0,"menu_order":0,"comment_status":"closed","ping_status":"closed","template":"","meta":{"footnotes":""},"tags":[8,4,5,6,7],"_links":{"self":[{"href":"https:\/\/portfolio.uqac.ca\/issouffofana\/wp-json\/wp\/v2\/pages\/20"}],"collection":[{"href":"https:\/\/portfolio.uqac.ca\/issouffofana\/wp-json\/wp\/v2\/pages"}],"about":[{"href":"https:\/\/portfolio.uqac.ca\/issouffofana\/wp-json\/wp\/v2\/types\/page"}],"author":[{"embeddable":true,"href":"https:\/\/portfolio.uqac.ca\/issouffofana\/wp-json\/wp\/v2\/users\/18"}],"replies":[{"embeddable":true,"href":"https:\/\/portfolio.uqac.ca\/issouffofana\/wp-json\/wp\/v2\/comments?post=20"}],"version-history":[{"count":12,"href":"https:\/\/portfolio.uqac.ca\/issouffofana\/wp-json\/wp\/v2\/pages\/20\/revisions"}],"predecessor-version":[{"id":100,"href":"https:\/\/portfolio.uqac.ca\/issouffofana\/wp-json\/wp\/v2\/pages\/20\/revisions\/100"}],"wp:attachment":[{"href":"https:\/\/portfolio.uqac.ca\/issouffofana\/wp-json\/wp\/v2\/media?parent=20"}],"wp:term":[{"taxonomy":"post_tag","embeddable":true,"href":"https:\/\/portfolio.uqac.ca\/issouffofana\/wp-json\/wp\/v2\/tags?post=20"}],"curies":[{"name":"wp","href":"https:\/\/api.w.org\/{rel}","templated":true}]}}