{"id":18,"date":"2012-07-23T20:05:15","date_gmt":"2012-07-23T20:05:15","guid":{"rendered":"http:\/\/portfolio-pre.uqac.ca\/gabarit\/?page_id=18"},"modified":"2022-02-20T12:20:07","modified_gmt":"2022-02-20T17:20:07","slug":"enseignement","status":"publish","type":"page","link":"https:\/\/portfolio.uqac.ca\/jacinthedion\/enseignement\/","title":{"rendered":"Enseignement"},"content":{"rendered":"<h2>Baccalaur\u00e9at en psychologie (<a href=\"https:\/\/www.uqac.ca\/programme\/7092-baccalaureat-en-psychologie\/\">7092<\/a>)<\/h2>\n<ul>\n<li><a href=\"https:\/\/cours.uqac.ca\/spsy132\">SPSY132<\/a>\u00a0Relation d&#8217;aide I: enfance et adolescence<\/li>\n<li><a href=\"https:\/\/cours.uqac.ca\/SPSY313\">SPSY313<\/a>\u00a0Relation d&#8217;aide II: enfance et adolescence<\/li>\n<li><a href=\"https:\/\/cours.uqac.ca\/SPSY320\">SPSY320<\/a>\u00a0Psychopathologie de l&#8217;enfance et de l&#8217;adolescence<\/li>\n<\/ul>\n<h2>Doctorat en psychologie (<a href=\"https:\/\/www.uqac.ca\/programme\/1746-doctorat-en-psychologie-psychologie-clinique\/\">1746<\/a>)<\/h2>\n<ul>\n<li><a href=\"https:\/\/cours.uqac.ca\/SDPS920\">SDPS920<\/a>\u00a0Mesure de l&#8217;intelligence<\/li>\n<li><a href=\"https:\/\/cours.uqac.ca\/SDPS926\">SDPS926<\/a>\u00a0M\u00e9thodes d&#8217;intervention aupr\u00e8s de l&#8217;enfant<\/li>\n<li><a href=\"https:\/\/cours.uqac.ca\/SDPS720\">SDPS720<\/a> \u00c9valuation des enfants et des adolescents par les tests<\/li>\n<\/ul>\n<h2>Programme court de premier cycle en relation d&#8217;aide (<a href=\"https:\/\/www.uqac.ca\/programme\/0139-programme-court-en-relation-daide\/\">0139<\/a>)<\/h2>\n<ul>\n<li><a href=\"https:\/\/cours.uqac.ca\/SPSY161\">SPSY161<\/a>Consultation et relation d\u2019aide<\/li>\n<\/ul>\n","protected":false},"excerpt":{"rendered":"<p>Baccalaur\u00e9at en psychologie (7092) SPSY132\u00a0Relation d&#8217;aide I: enfance et adolescence SPSY313\u00a0Relation d&#8217;aide II: enfance et adolescence SPSY320\u00a0Psychopathologie de l&#8217;enfance et de l&#8217;adolescence Doctorat en psychologie (1746) SDPS920\u00a0Mesure de l&#8217;intelligence SDPS926\u00a0M\u00e9thodes d&#8217;intervention aupr\u00e8s de l&#8217;enfant SDPS720 \u00c9valuation des enfants et des adolescents par les tests Programme court de premier cycle en relation d&#8217;aide (0139) SPSY161Consultation et &hellip; <a href=\"https:\/\/portfolio.uqac.ca\/jacinthedion\/enseignement\/\" class=\"more-link\">Continuer la lecture de <span class=\"screen-reader-text\">Enseignement<\/span>  <span class=\"meta-nav\">&rarr;<\/span><\/a><\/p>\n","protected":false},"author":95,"featured_media":0,"parent":0,"menu_order":0,"comment_status":"closed","ping_status":"closed","template":"","meta":{"footnotes":""},"tags":[],"_links":{"self":[{"href":"https:\/\/portfolio.uqac.ca\/jacinthedion\/wp-json\/wp\/v2\/pages\/18"}],"collection":[{"href":"https:\/\/portfolio.uqac.ca\/jacinthedion\/wp-json\/wp\/v2\/pages"}],"about":[{"href":"https:\/\/portfolio.uqac.ca\/jacinthedion\/wp-json\/wp\/v2\/types\/page"}],"author":[{"embeddable":true,"href":"https:\/\/portfolio.uqac.ca\/jacinthedion\/wp-json\/wp\/v2\/users\/95"}],"replies":[{"embeddable":true,"href":"https:\/\/portfolio.uqac.ca\/jacinthedion\/wp-json\/wp\/v2\/comments?post=18"}],"version-history":[{"count":15,"href":"https:\/\/portfolio.uqac.ca\/jacinthedion\/wp-json\/wp\/v2\/pages\/18\/revisions"}],"predecessor-version":[{"id":101,"href":"https:\/\/portfolio.uqac.ca\/jacinthedion\/wp-json\/wp\/v2\/pages\/18\/revisions\/101"}],"wp:attachment":[{"href":"https:\/\/portfolio.uqac.ca\/jacinthedion\/wp-json\/wp\/v2\/media?parent=18"}],"wp:term":[{"taxonomy":"post_tag","embeddable":true,"href":"https:\/\/portfolio.uqac.ca\/jacinthedion\/wp-json\/wp\/v2\/tags?post=18"}],"curies":[{"name":"wp","href":"https:\/\/api.w.org\/{rel}","templated":true}]}}