{"id":243,"date":"2019-04-04T08:29:00","date_gmt":"2019-04-04T12:29:00","guid":{"rendered":"http:\/\/portfolio-pre.uqac.ca\/jacinthedion\/?page_id=243"},"modified":"2021-06-09T10:10:28","modified_gmt":"2021-06-09T14:10:28","slug":"experience","status":"publish","type":"page","link":"https:\/\/portfolio.uqac.ca\/jacinthedion\/experience\/","title":{"rendered":"Exp\u00e9rience"},"content":{"rendered":"<h2><strong>Dipl\u00f4mes<\/strong><\/h2>\n<p>Ph.D. &#8211; Recherche\/Intervention &#8211; Psychologie clinique en enfance\/famille (2006)<br \/>\nDoctorat accr\u00e9dit\u00e9 par la Soci\u00e9t\u00e9 canadienne de psychologie<br \/>\nD\u00e9partement de psychologie, Universit\u00e9 de Montr\u00e9al<\/p>\n<p>Dion, J. (2006). \u00ab <a href=\"https:\/\/papyrus.bib.umontreal.ca\/xmlui\/handle\/1866\/16999\" target=\"_blank\">Effet des habilet\u00e9s cognitives et des techniques d&#8217;entrevue sur la d\u00e9claration de l&#8217;enfant dans un contexte d&#8217;investigation de l&#8217;agression sexuelle<\/a> \u00bb Th\u00e8se. Montr\u00e9al (Qu\u00e9bec, Canada), Universit\u00e9 de Montr\u00e9al, D\u00e9partement de psychologie<\/p>\n<p>B.Sc. &#8211; Sp\u00e9cialisation en psychologie (2000)<br \/>\nProgramme informel de th\u00e8se d\u2019honneur<br \/>\nD\u00e9partement de psychologie, Universit\u00e9 de Montr\u00e9al<\/p>\n<h2><strong>Titres de comp\u00e9tences<\/strong><\/h2>\n<p>Fournisseur en psychologie pour l\u2019IVAC (CSST) (2013-)<\/p>\n<p>Membre de l\u2019Ordre des psychologues du Qu\u00e9bec (2006- )<\/p>\n<h2><strong>Distinctions et bourses<\/strong><\/h2>\n<p>Prix de la meilleure professeure pour les cours donn\u00e9s aux \u00e9tudiants de 3\u00e8me ann\u00e9e au baccalaur\u00e9at de psychologie de l\u2019UQAC (vote \u00e9tudiant) (2007)<\/p>\n<p>Prix de la meilleure professeure pour les cours donn\u00e9s aux \u00e9tudiants de 3\u00e8me ann\u00e9e au baccalaur\u00e9at de psychologie de l\u2019UQAC (vote \u00e9tudiant) (2006)<\/p>\n<p>Th\u00e8se jug\u00e9e excellente et class\u00e9e \u00e0 l\u2019unanimit\u00e9 parmi les 5 % meilleures th\u00e8ses de la discipline, Universit\u00e9 de Montr\u00e9al (2006)<\/p>\n<p>Prix Or dans la cat\u00e9gorie sciences sociales au concours de vulgarisation du 2\u00e8me Salon national de la recherche universitaire \u2013 Prix de 1 800 $ (2006)<\/p>\n<p>Bourse de doctorat \u2013 35 200 $ (2\u00e8me finaliste du concours)<br \/>\nFonds CQRS-FCAR (Conseil Qu\u00e9b\u00e9cois en recherche sociale) (2002-2006)<\/p>\n<p>Bourse de doctorat \u2013 74 400 $<br \/>\nFonds CRSH (Conseil de Recherches en Sciences Humaines du Canada) (2001-2005)<\/p>\n<p>Bourse de d\u00e9placement \u2013 1 000 $<br \/>\nFonds du CRIPCAS &#8211; Congr\u00e8s international francophone sur les agressions sexuelles (CIFAS), Hull (2005)<\/p>\n<p>Bourse de d\u00e9placement \u2013 1 000 $<br \/>\nFonds du CRIPCAS &#8211; Congr\u00e8s de l\u2019APA, Toronto (2003)<\/p>\n<p>Bourse de d\u00e9placement \u2013 400 $<br \/>\nFonds de l\u2019OQAJ (Office Qu\u00e9bec-Am\u00e9riques pour la jeunesse)- Stage de recherche au NICHD (National Institute of Child Health and Human Development), Washington, DC (2001)<\/p>\n<p>Bourse d\u2019excellence au doctorat \u2013 3 000 $<br \/>\nFacult\u00e9 des \u00e9tudes sup\u00e9rieures, Universit\u00e9 de Montr\u00e9al (2000)<\/p>\n<p>Bourse de d\u00e9placement \u2013 1 500 $<br \/>\nFonds de l\u2019OFQJ (Office franco-qu\u00e9b\u00e9coise pour la jeunesse) &#8211; Congr\u00e8s de l\u2019AIPTLF (Association internationale de psychologie du travail de langue fran\u00e7aise), Rouen, France (2000)<\/p>\n<p>Bourse d\u2019excellence au baccalaur\u00e9at &#8211; 4 000 $<br \/>\nCompagnie Parmalat, Qu\u00e9bec-Ontario (1997-2000)<\/p>\n<p>Mention d\u2019excellence au B.Sc.<br \/>\nUniversit\u00e9 de Montr\u00e9al (1997-2000)<\/p>\n<h2><strong>Activit\u00e9s professionnelles \/ implications<\/strong><\/h2>\n<p>Comit\u00e9 permanent de l\u2019UQAC dans le cadre de la Loi 151 visant \u00e0 pr\u00e9venir et \u00e0 combattre les violences \u00e0 caract\u00e8re sexuel dans les \u00e9tablissements d\u2019enseignement sup\u00e9rieur (2018- )<\/p>\n<p>Comit\u00e9 de validation de la Formation provinciale sur l\u2019intervention psychosociale en mati\u00e8re d\u2019agression sexuelle pour les intervenants du r\u00e9seau de la sant\u00e9 et des services sociaux (2018- )<\/p>\n<p>Conseil syndical de l\u2019UQAC (2014; 2016-2017; 2018-)<\/p>\n<p>Conseil d\u2019administration du Centre de la petite enfance Les petits cailloux, regroupant 5 installations au Saguenay (Pr\u00e9sidente 2011-2016) (2018- )<\/p>\n<p>Table de concertation r\u00e9gionale en mati\u00e8re de violence conjugale et d\u2019agression sexuelle du Saguenay Lac-St-Jean (2009- )<\/p>\n","protected":false},"excerpt":{"rendered":"<p>Dipl\u00f4mes Ph.D. &#8211; Recherche\/Intervention &#8211; Psychologie clinique en enfance\/famille (2006) Doctorat accr\u00e9dit\u00e9 par la Soci\u00e9t\u00e9 canadienne de psychologie D\u00e9partement de psychologie, Universit\u00e9 de Montr\u00e9al Dion, J. (2006). \u00ab Effet des habilet\u00e9s cognitives et des techniques d&#8217;entrevue sur la d\u00e9claration de l&#8217;enfant dans un contexte d&#8217;investigation de l&#8217;agression sexuelle \u00bb Th\u00e8se. Montr\u00e9al (Qu\u00e9bec, Canada), Universit\u00e9 de &hellip; <a href=\"https:\/\/portfolio.uqac.ca\/jacinthedion\/experience\/\" class=\"more-link\">Continuer la lecture de <span class=\"screen-reader-text\">Exp\u00e9rience<\/span>  <span class=\"meta-nav\">&rarr;<\/span><\/a><\/p>\n","protected":false},"author":147,"featured_media":0,"parent":0,"menu_order":0,"comment_status":"closed","ping_status":"closed","template":"","meta":{"footnotes":""},"tags":[],"_links":{"self":[{"href":"https:\/\/portfolio.uqac.ca\/jacinthedion\/wp-json\/wp\/v2\/pages\/243"}],"collection":[{"href":"https:\/\/portfolio.uqac.ca\/jacinthedion\/wp-json\/wp\/v2\/pages"}],"about":[{"href":"https:\/\/portfolio.uqac.ca\/jacinthedion\/wp-json\/wp\/v2\/types\/page"}],"author":[{"embeddable":true,"href":"https:\/\/portfolio.uqac.ca\/jacinthedion\/wp-json\/wp\/v2\/users\/147"}],"replies":[{"embeddable":true,"href":"https:\/\/portfolio.uqac.ca\/jacinthedion\/wp-json\/wp\/v2\/comments?post=243"}],"version-history":[{"count":10,"href":"https:\/\/portfolio.uqac.ca\/jacinthedion\/wp-json\/wp\/v2\/pages\/243\/revisions"}],"predecessor-version":[{"id":311,"href":"https:\/\/portfolio.uqac.ca\/jacinthedion\/wp-json\/wp\/v2\/pages\/243\/revisions\/311"}],"wp:attachment":[{"href":"https:\/\/portfolio.uqac.ca\/jacinthedion\/wp-json\/wp\/v2\/media?parent=243"}],"wp:term":[{"taxonomy":"post_tag","embeddable":true,"href":"https:\/\/portfolio.uqac.ca\/jacinthedion\/wp-json\/wp\/v2\/tags?post=243"}],"curies":[{"name":"wp","href":"https:\/\/api.w.org\/{rel}","templated":true}]}}