{"id":46,"date":"2012-07-24T14:17:13","date_gmt":"2012-07-24T14:17:13","guid":{"rendered":"http:\/\/portfolio-pre.uqac.ca\/gabarit\/?page_id=46"},"modified":"2015-02-04T18:15:27","modified_gmt":"2015-02-04T23:15:27","slug":"recherche","status":"publish","type":"page","link":"https:\/\/portfolio.uqac.ca\/jacinthedion\/recherche\/","title":{"rendered":"Recherche"},"content":{"rendered":"<table style=\"height: 2790px\" width=\"745\">\n<tbody>\n<tr>\n<td width=\"64\"><strong>Years<\/strong><\/td>\n<td width=\"128\"><strong>Funding Source<\/strong><\/td>\n<td width=\"35\"><strong>Role<\/strong><\/td>\n<td width=\"213\"><strong>Title<\/strong><\/td>\n<td width=\"57\"><strong>Total Grant<\/strong><\/td>\n<\/tr>\n<tr>\n<td width=\"64\">2014-2020<\/td>\n<td width=\"128\">Fonds de Recherche Qu\u00e9b\u00e9cois sur la Soci\u00e9t\u00e9 et la Culture (FRQSC) [Quebec Fund for Research on Society and Culture]- Strategic Group<\/td>\n<td width=\"35\">Co-R<\/td>\n<td width=\"213\">Centre de recherche interdisciplinaire sur les probl\u00e8mes conjugaux et les agressions sexuelles (CRIPCAS) [Interdisciplinary Research Center on Conjugal Problems and Sexual Abuse]; Mireille Cyr, P.I.<\/td>\n<td width=\"57\">$1,275,260<\/td>\n<\/tr>\n<tr>\n<td width=\"64\">2013-2020<\/td>\n<td width=\"128\">Social Sciences and Humanities Research Council of Canada (SSHRC)<\/td>\n<td width=\"35\">Co-R<\/td>\n<td width=\"213\">Trajectoires de vie, de violence et de recours aux services des femmes victimes de violence conjugale en contextes de vuln\u00e9rabilit\u00e9 [Life trajectories, violence and the use of services for women victims of domestic violence in contexts of vulnerability]; Marie-Marthe Cousineau, P.I.<\/td>\n<td width=\"57\">$2,500,000<\/td>\n<\/tr>\n<tr>\n<td width=\"64\">2012-2015<\/td>\n<td width=\"128\">Canadian Institutes for Health Research (CIHR)<\/td>\n<td width=\"35\">Co-R<\/td>\n<td width=\"213\">Memory and stress related to medical examination among sexually abused children; Mireille Cyr, P.I.<\/td>\n<td width=\"57\">$213,000<\/td>\n<\/tr>\n<tr>\n<td width=\"64\">2012-2015<\/td>\n<td width=\"128\">Consortium r\u00e9gional de recherche en education [Regional Education Research Consortium]<\/td>\n<td width=\"35\">PI<\/td>\n<td width=\"213\">Inclusion et estime de soi des \u00e9l\u00e8ves ayant des troubles d\u2019apprentissage [Inclusion and self-esteem of students with learning disabilities]<\/td>\n<td width=\"57\">$10,000<\/td>\n<\/tr>\n<tr>\n<td width=\"64\">2011-2014<\/td>\n<td width=\"128\">SSHRC<\/td>\n<td width=\"35\">Co-R<\/td>\n<td width=\"213\">Impact of children&#8217;s characteristics on disclosure in forensic interviews ofchild sexual abuse; Mireille Cyr, P.I.<\/td>\n<td width=\"57\">$196,000<\/td>\n<\/tr>\n<tr>\n<td width=\"64\">2010-2014<\/td>\n<td width=\"128\"><a href=\"https:\/\/www.fqrsc.gouv.qc.ca\/upload\/editeur\/com-np2011.pdf\">FQRSC &#8211; Start-up Program for New Researcher-Professors <\/a><\/td>\n<td width=\"35\">PI<\/td>\n<td width=\"213\">De l&#8217;adolescence \u00e0 l&#8217;\u00e2ge adulte: \u00c9tude longitudinale de l&#8217;ajustement psychosocial [From adolescence to adulthood: Longitudinal study of psychological adjustment]<\/td>\n<td width=\"57\">$39,600<\/td>\n<\/tr>\n<tr>\n<td width=\"64\">2008-2014<\/td>\n<td width=\"128\">FRQSC &#8211; Strategic Group<\/td>\n<td width=\"35\">Co-R<\/td>\n<td width=\"213\">Centre de recherche interdisciplinaire sur les probl\u00e8mes conjugaux et les agressions sexuelles (CRIPCAS) [Interdisciplinary Research Center on Conjugal Problems and Sexual Abuse]; John Wright, P.I.<\/td>\n<td width=\"57\">$1,536,000<\/td>\n<\/tr>\n<tr>\n<td width=\"64\">2012-2013<\/td>\n<td width=\"128\">Centre de r\u00e9adaptation en d\u00e9ficience intellectuelle (CRDI-TED) [Intellectual Disabilities and Pervasive Development Disorders Readaptation Center \u2013 University Institute]<\/td>\n<td width=\"35\">PI<\/td>\n<td width=\"213\">Portrait des enfants et des adolescents victimes d&#8217;agression sexuelle pr\u00e9sentant une d\u00e9ficience intellectuelle au Qu\u00e9bec et pistes de pr\u00e9vention [Portrait of intellectually disabled children and adolescents who have been sexually abused and prevention avenues<\/td>\n<td width=\"57\">$12,500<\/td>\n<\/tr>\n<tr>\n<td width=\"64\">2011-2013<\/td>\n<td width=\"128\">Minist\u00e8re de la Justice [Department of Justice](Qu\u00e9bec)<\/td>\n<td width=\"35\">Co-R<\/td>\n<td width=\"213\">\u00c9tude des caract\u00e9ristiques des pr\u00e9sum\u00e9es victimes d&#8217;agression sexuelle [Study of the characteristics of alleged sexual abuse victims]; Mireille Cyr, P.I.<\/td>\n<td width=\"57\">$49,000<\/td>\n<\/tr>\n<tr>\n<td width=\"64\">2011-2013<\/td>\n<td width=\"128\">Agence de la sant\u00e9 et des services sociaux de la Mauricie et du Centre-du- Qu\u00e9bec: [Health and Social Services Agency]<\/td>\n<td width=\"35\">Co-R<\/td>\n<td width=\"213\">Analyse des caract\u00e9ristiques et des besoins de personnes adultes pr\u00e9sentant une d\u00e9ficience intellectuelle victimes d&#8217;agression sexuelle dans la r\u00e9gion de la Mauricie et du Centre-du-Qu\u00e9bec [Characteristics and needs of sexually abused adults with an intellectual disability]; Germain Couture, P.I.<\/td>\n<td width=\"57\">$30,000<\/td>\n<\/tr>\n<tr>\n<td width=\"64\">2010-2012<\/td>\n<td width=\"128\">FRQSC \u2013 Concerted Action: Evaluation of designated sexual abuse centers<\/td>\n<td width=\"35\">Co-R<\/td>\n<td width=\"213\">Organisation des services pour les victimes d&#8217;agression sexuelle au Qu\u00e9bec: Portrait et pistes d&#8217;action [Organization of services for victims of sexual abuse]; Delphine Collin-Vezina, P.I.<\/td>\n<td width=\"57\">$187,000<\/td>\n<\/tr>\n<tr>\n<td width=\"64\">2009-2011<\/td>\n<td width=\"128\">Fondation des Jumelles Coud\u00e9 [Coud\u00e9 Twins Foundation]<\/td>\n<td width=\"35\">Co-R<\/td>\n<td width=\"213\">Exp\u00e9rience des parents dont l\u2019enfant a re\u00e7u un diagnostic de polyneuropathie [Parental experience of having a child with polyneuropathy]; Julie Bouchard, P.I.<\/td>\n<td width=\"57\">$16,000<\/td>\n<\/tr>\n<tr>\n<td width=\"64\">2008-2010<\/td>\n<td width=\"128\">Agences de la sant\u00e9 et des services sociaux du Qu\u00e9bec [Health and Social Services Agencies] &amp; Wapan Centre<\/td>\n<td width=\"35\">PI&nbsp;<\/td>\n<td width=\"213\">\u00c9tude sur le jeu pathologique chez les Premi\u00e8res Nations desservies par Wapan: Ampleur du ph\u00e9nom\u00e8ne et facteurs associ\u00e9s [Extent of gambling and related factors among Indigenous people]<\/td>\n<td width=\"57\">$80,000<\/td>\n<\/tr>\n<tr>\n<td width=\"64\">2007-2010<\/td>\n<td width=\"128\">Universit\u00e9 du Qu\u00e9bec \u00e0 Chicoutimi (UQAC) &#8211; Start-up funding<\/td>\n<td width=\"35\">PI&nbsp;<\/td>\n<td width=\"213\">Facteurs de risques et de protection reli\u00e9s \u00e0 la r\u00e9silience chez les Autochtones [Risk and protection factors related to resilience among Indigenous people]<\/td>\n<td width=\"57\">$13,250<\/td>\n<\/tr>\n<tr>\n<td width=\"64\">2009<\/td>\n<td width=\"128\">FRQSC \u2013 CRIPCAS<\/td>\n<td width=\"35\">Co-R<\/td>\n<td width=\"213\">\u00c9tude des facteurs personnels et des facteurs li\u00e9s \u00e0 l\u2019agression sexuelle qui influencent le t\u00e9moignage des jeunes enfants lors de l\u2019entrevue d\u2019investigation [Investigative Interviewing among sexually abused children]; Mireille Cyr, P.I.<\/td>\n<td width=\"57\">$6,700<\/td>\n<\/tr>\n<tr>\n<td width=\"64\">2009-2010<\/td>\n<td width=\"128\">UQAC \u2013 FIR<\/td>\n<td width=\"35\">PI<\/td>\n<td width=\"213\">Sant\u00e9 psychologique et coping \u00e9motionnel chez les adolescents [Psychological health and coping among adolescents]<\/td>\n<td width=\"57\">$4,000<\/td>\n<\/tr>\n<tr>\n<td width=\"64\">2008<\/td>\n<td width=\"128\">FRQSC \u2013 CRIPCAS<\/td>\n<td width=\"35\">PI&nbsp;<\/td>\n<td width=\"213\">Facteurs de risques et de protection chez les adolescents autochtones victimes d\u2019agression sexuelle : \u00c9tude pilote [Risk and protection factors among sexually abused Aboriginal youths]<\/td>\n<td width=\"57\">$3,300<\/td>\n<\/tr>\n<tr>\n<td width=\"64\">2007<\/td>\n<td width=\"128\">FRQSC \u2013 CRIPCAS<\/td>\n<td width=\"35\">PI&nbsp;<\/td>\n<td width=\"213\">\u00c9tats des pratiques des intervenants de centre jeunesse \u0153uvrant aupr\u00e8s des enfants victimes d&#8217;agression sexuelle [Practices used by youth center caseworkers with sexually abused children]<\/td>\n<td width=\"57\">$3,200<\/td>\n<\/tr>\n<tr>\n<td width=\"64\">2006<\/td>\n<td width=\"128\">UQAC \u2013 Seed funding<\/td>\n<td width=\"35\">PI&nbsp;<\/td>\n<td width=\"213\">Transmission interg\u00e9n\u00e9rationnelle de traumatismes chez les enfants autochtones [Intergenerational transmission of traumas among Aboriginal children]<\/td>\n<td width=\"57\">$3,000<\/td>\n<\/tr>\n<\/tbody>\n<\/table>\n","protected":false},"excerpt":{"rendered":"<p>Years Funding Source Role Title Total Grant 2014-2020 Fonds de Recherche Qu\u00e9b\u00e9cois sur la Soci\u00e9t\u00e9 et la Culture (FRQSC) [Quebec Fund for Research on Society and Culture]- Strategic Group Co-R Centre de recherche interdisciplinaire sur les probl\u00e8mes conjugaux et les agressions sexuelles (CRIPCAS) [Interdisciplinary Research Center on Conjugal Problems and Sexual Abuse]; Mireille Cyr, P.I. &hellip; <a href=\"https:\/\/portfolio.uqac.ca\/jacinthedion\/recherche\/\" class=\"more-link\">Continuer la lecture de <span class=\"screen-reader-text\">Recherche<\/span>  <span class=\"meta-nav\">&rarr;<\/span><\/a><\/p>\n","protected":false},"author":95,"featured_media":0,"parent":0,"menu_order":0,"comment_status":"closed","ping_status":"closed","template":"","meta":{"footnotes":""},"tags":[],"_links":{"self":[{"href":"https:\/\/portfolio.uqac.ca\/jacinthedion\/wp-json\/wp\/v2\/pages\/46"}],"collection":[{"href":"https:\/\/portfolio.uqac.ca\/jacinthedion\/wp-json\/wp\/v2\/pages"}],"about":[{"href":"https:\/\/portfolio.uqac.ca\/jacinthedion\/wp-json\/wp\/v2\/types\/page"}],"author":[{"embeddable":true,"href":"https:\/\/portfolio.uqac.ca\/jacinthedion\/wp-json\/wp\/v2\/users\/95"}],"replies":[{"embeddable":true,"href":"https:\/\/portfolio.uqac.ca\/jacinthedion\/wp-json\/wp\/v2\/comments?post=46"}],"version-history":[{"count":9,"href":"https:\/\/portfolio.uqac.ca\/jacinthedion\/wp-json\/wp\/v2\/pages\/46\/revisions"}],"predecessor-version":[{"id":150,"href":"https:\/\/portfolio.uqac.ca\/jacinthedion\/wp-json\/wp\/v2\/pages\/46\/revisions\/150"}],"wp:attachment":[{"href":"https:\/\/portfolio.uqac.ca\/jacinthedion\/wp-json\/wp\/v2\/media?parent=46"}],"wp:term":[{"taxonomy":"post_tag","embeddable":true,"href":"https:\/\/portfolio.uqac.ca\/jacinthedion\/wp-json\/wp\/v2\/tags?post=46"}],"curies":[{"name":"wp","href":"https:\/\/api.w.org\/{rel}","templated":true}]}}