{"id":20,"date":"2012-07-23T20:20:59","date_gmt":"2012-07-23T20:20:59","guid":{"rendered":"http:\/\/portfolio-pre.uqac.ca\/gabarit\/?page_id=20"},"modified":"2017-01-22T14:11:40","modified_gmt":"2017-01-22T19:11:40","slug":"publications","status":"publish","type":"page","link":"https:\/\/portfolio.uqac.ca\/jacinthedionen\/publications\/","title":{"rendered":"Publications"},"content":{"rendered":"<h2 style=\"text-align: left\"><strong>Articles<\/strong><\/h2>\n<ol>\n<li style=\"text-align: left\">Paquette, G., Dion, J., N. Tremblay, K., Tourigny, M., Matteau, S., Bouchard, J., &amp; H\u00e9lie, S. (in press). Differences between sexually abused children with and without an intellectual disability.\u00a0<em>International Journal of Victimology<\/em>.<\/li>\n<li style=\"text-align: left\">Daigneault, I., Dion, J.<strong>, <\/strong>H\u00e9bert, M., &amp; Bourgeois C. (2016). <a href=\"https:\/\/constellation.uqac.ca\/3904\/\">Mindfulness as mediator and moderator of post-traumatic symptomatology in adolescence following childhood sexual abuse.<\/a> <em>Mindfulness,7<\/em>(6), 1306\u20131315.<\/li>\n<li style=\"text-align: left\">Dion, J., Hains, J., Ross, A.<u>,<\/u> &amp; Collin-Vezina, D. (2016). <a href=\"https:\/\/efg.revues.org\/1168\">Fr\u00e9quentation des pensionnats : impact interg\u00e9n\u00e9rationnel. <\/a><em>Enfances, familles, g\u00e9n\u00e9rations, 25.<\/em> https:\/\/efg.revues.org\/1168<\/li>\n<li style=\"text-align: left\">Dion, J., Hains, J., Vachon, P. Plouffe, J., Laberge, L., Perron, M., McDuff, P., Kalinova, E. &amp; Leone, M. (2016). <a href=\"https:\/\/constellation.uqac.ca\/3236\/\">Correlates of body dissatisfaction in children.\u00a0<\/a><em>The Journal of Pediatrics<\/em>. https:\/\/dx.doi.org\/10.1016\/j.jpeds.2015.12.045<\/li>\n<li style=\"text-align: left\">Dion, J., Matte-Gagn\u00e9, C., Daigneault, I., Blackburn, M-E., H\u00e9bert, M., McDuff, P., Veillette, S., Auclair, J. &amp; Perron, M. (2016). <a href=\"https:\/\/constellation.uqac.ca\/3295\/1\/CM_psychological-distress-Revised-final.pdf\">A prospective study of the impact of child maltreatment and social support on psychological adjustment: From adolescence to emerging adulthood<\/a>.\u00a0<em>Journal of affective disorders, 189,\u00a0<\/em>336\u2013343.<\/li>\n<li style=\"text-align: left\">Duchesne, A-P<strong>.,\u00a0<\/strong>Dion, J., Lalande, D., B\u00e9gin, C., \u00c9mond, C., Lalande, G., &amp; McDuff, P. (2016).\u00a0<a href=\"https:\/\/hpq.sagepub.com\/content\/early\/2016\/02\/26\/1359105316631196.abstract\">Body dissatisfaction and psychological distress in\u00a0adoldescents: Is self-estem a mediator?<\/a>\u00a0<em>Journal of Health Psychology,<\/em><em>\u00a0<\/em>1-7<em>.<\/em>\u00a0https:\/\/dx.doi.org\/10.1177\/1359105316631196<\/li>\n<li style=\"text-align: left\">Legar\u00e9, M., Dion, J., Hains, J., &amp; Cyr, M. (2016).<a href=\"https:\/\/www.cairn.info\/revue-carnet-de-notes-sur-les-maltraitances-infantiles-2016-1-page-22.htm\"> La r\u00e9sistance au d\u00e9voilement en contexte d\u2019entrevue d\u2019enqu\u00eate chez les enfants suspect\u00e9es victimes d\u2019agression sexuelle.\u00a0<\/a><em>Carnet de Notes sur les Maltraitances Infantiles, 5,\u00a0<\/em>22-40<em>.<\/em><\/li>\n<li style=\"text-align: left\">Powell, M., Manger, B., Dion, J., &amp; Sharman, S. (2016). Professionals\u2019 perspectives about the challenges of using interpreters in child sexual abuse interviews. <em>Psychiatry, Psychology and Law, 1-12.\u00a0<\/em><\/li>\n<li style=\"text-align: left\">Nilsen, W., Dion, J.<strong>,<\/strong> Karevold, E. B., Skipstein, A. (2016). Maternal psychological distress trajectories across childhood predict low psychological adjustment in emerging adulthood &#8211; Findings from over 18 years, <em>Journal of Developmental &amp; Behavioral Pediatrics, 37<\/em>(9), 746-752<em>.<\/em><\/li>\n<li style=\"text-align: left\">Dion, J., Blackburn, M.-\u00c8., Auclair, J., Laberge, L., Veillette, S. Gaudreault, M., Vachon, P., Perron, M., &amp; Touchette, \u00c9. (2015).<a href=\"https:\/\/www.ncbi.nlm.nih.gov\/pmc\/articles\/PMC4391290\/pdf\/rady-20-151.pdf\"> Development and aetiology of body dissatisfaction in adolescent boys and girls.\u00a0<\/a><em>International Journal of Adolescence and Youth, 20<\/em>(2), 151-166<em>.<\/em>\u00a0https:\/\/dx.doi.org\/10.1080\/02673843.2014.985320<\/li>\n<li style=\"text-align: left\">Dion, J., Cantinotti, M., Ross, A., &amp; Collin-V\u00e9zina, D. (2015).<a href=\"https:\/\/constellation.uqac.ca\/3299\/\"> Sexual abuse, residential schooling and probable pathological gambling among Indigenous Peoples.\u00a0<\/a><em>Child Abuse &amp; Neglect, 44, 56-65.<\/em>\u00a0https:\/\/dx.doi.org\/10.1016\/j.chiabu.2015.03.004<\/li>\n<li style=\"text-align: left\">Lapointe, J.-R., &amp; Dion, J. (2015).<a href=\"https:\/\/constellation.uqac.ca\/3246\/\"> Description d\u2019un processus de th\u00e9orisation portant sur les facteurs de r\u00e9ussite d\u2019une exp\u00e9rience d\u2019inclusion v\u00e9cue par des \u00e9l\u00e8ves en troubles d\u2019apprentissage\u00a0: pratiques \u00e9ducatives, attitudes parentales et \u00e9l\u00e9ments contextuels.\u00a0<\/a><em>Approches inductives, 2,<\/em>\u00a068-91<em>.\u00a0<\/em><\/li>\n<li style=\"text-align: left\">Lewy, J., Cyr, M., &amp; Dion, J. (2015). Impact of interviewers\u2019 supportive comments and children&#8217;s reluctance to cooperate during sexual abuse disclosure.\u00a0<em>Child Abuse &amp; Neglect.<\/em>\u00a0https:\/\/dx.doi.org\/10.1016\/j.chiabu.2015.03.002<\/li>\n<li style=\"text-align: left\"><a href=\"https:\/\/constellation.uqac.ca\/2648\/\">Ross, A., Dion, J., Cantinotti, M., Collin-Vezina, D., &amp; Paquette, L., (2015).\u00a0Impact of residential schooling and of child\u00a0abuse on substance use problems in Indigenous Peoples.\u00a0<em>Addictive\u00a0Behaviors, 51<\/em>, 184\u2013192.<\/a><\/li>\n<li style=\"text-align: left\">Corneau, F., Dion, J., Juneau, J., Bouchard, J., &amp; Hains, J. (2014).<a href=\"https:\/\/constellation.uqac.ca\/3235\/\"> Strat\u00e9gies pour favoriser l\u2019inclusion scolaire des enfants ayant un trouble du spectre de l\u2019autisme.<em>\u00a0<\/em><\/a><em><em>Revue de psycho\u00e9ducation, 43,\u00a0<\/em><\/em><em>1-36.<\/em><\/li>\n<li style=\"text-align: left\">Hains, J., Dion, J., Daigneault, I. &amp; McDuff, P. (2014).<a href=\"https:\/\/constellation.uqac.ca\/3233\/\"> Relationships between stressful life events, psychological distress and resilience among Aboriginal and non-Aboriginal adolescents.\u00a0<\/a><em>International Journal of Child and Adolescent Resilience<\/em>,\u00a0<em>2<\/em>, 4-15<\/li>\n<li style=\"text-align: left\">Boudreault-Bouchard, A.-M*., Dion, J*., Hains, J., Vandermeerschen, J., Laberge, L., &amp; Perron (2013).<a href=\"https:\/\/constellation.uqac.ca\/2537\/\"> Impact of parental emotional support and coercive control on adolescents\u2019 self-esteem and psychological distress: Results of a four-year longitudinal study,\u00a0<\/a><em>Journal of Adolescence, 36,<\/em>\u00a0695-704. https:\/\/dx.doi.org\/10.1016\/j.adolescence.2013.05.002\u00a0* Ces auteurs ont contribu\u00e9 \u00e0 parts \u00e9gales \u00e0 cet article.<\/li>\n<li style=\"text-align: left\">Cyr, M., Dion, J, Herskowitz, I., Lamb, M. (2013). L\u2019audition de mineurs t\u00e9moins ou victimes : L\u2019efficacit\u00e9 du protocole du NICHD.\u00a0<em>Revue Internationale de Criminologie et de Police Technique et Scientifique, 13<\/em>(2). 223-238.<\/li>\n<li style=\"text-align: left\">Daigneault, I., Dion, J., Hebert, M., McDuff, P., &amp; Collin-Vezina, D. (2013). Psychometric properties of the Child and Youth Resilience Measure (CYRM \u2013 28) among samples of French Canadian youth.\u00a0<em>Child abuse &amp; Neglect, 37,<\/em>\u00a0160\u2013171.<\/li>\n<li style=\"text-align: left\">Dion, J., Paquette, G., Tremblay, K. N., Dionne, C., &amp; Cyr, M. (2013).<a href=\"https:\/\/constellation.uqac.ca\/3229\/\"> Sexual abuse of intellectually disabled youths: A review.\u00a0<\/a><em>The Prevention Researcher<\/em>,\u00a0<em>20<\/em>(3), 14-16.<\/li>\n<li style=\"text-align: left\">Tremblay, I., Scullion, L., Bouchard, J., Dion, J., &amp; Chouinard, M-C. (novembre 2013). Annonce d\u2019un diagnostic d\u2019une maladie d\u00e9g\u00e9n\u00e9rative : Ses impacts et meilleures pratiques. Psychologie Qu\u00e9bec.<\/li>\n<li style=\"text-align: left\">Cyr, M., Dion, J., McDuff, P., &amp; Trotier-Sylvain, K. (2012). Transfer of Skills in the Context of Non-Suggestive Investigative Interviews: Impact of Structured Interview Protocol and Feedback.\u00a0<em>Applied Cognitive Psychology, 26,<\/em>\u00a0516\u2013524.<\/li>\n<li style=\"text-align: left\">Muckle, F., Dion, J., Daigneault, I., Ross, A., &amp; McDuff, P. (2012). Influence de l\u2019estime de soi, de la perception des qualit\u00e9s relationnelles parents-enfants, du soutien social et de l\u2019agression sexuelle sur la r\u00e9silience aupr\u00e8s d\u2019adolescents autochtones et caucasiens du Qu\u00e9bec.<em>\u00a0First Peoples Child &amp; Family Review, 7,<\/em>\u00a099-117.<\/li>\n<li style=\"text-align: left\">Tremblay, I., Bouchard, J., &amp; Dion, J., (2012). L\u2019annonce d\u2019un diagnostic de maladie chronique chez un enfant.\u00a0<em>\u00c9ducation du patient et enjeux de sant\u00e9, 28,<\/em>\u00a0107-113.<\/li>\n<li style=\"text-align: left\">Dion, J., Matte-Gagn\u00e9, C., Tourigny, M., &amp; Gaudreault, L. (2011).<a href=\"https:\/\/constellation.uqac.ca\/2231\/\"> Les enfants avec retard sont plus expos\u00e9s \u00e0 la maltraitance et rel\u00e8vent davantage des services de la protection de la jeunesse.\u00a0<\/a><em>Enfance, 4<\/em>, 421-443.<\/li>\n<li style=\"text-align: left\">Dion, J., Collin-V\u00e9zina, D., De La Sabloni\u00e8re, M., Philippe-Labb\u00e9, M-P., &amp; Giffard, T. (2010).<a href=\"https:\/\/www.nsgamingfoundation.org\/uploads\/DionCollinVDLS.pdf\"> An exploration of the connection between child sexual abuse and gambling in Aboriginal communities.\u00a0<em>International <\/em><\/a><em>Journal of Mental Health and Addiction,<\/em> <em>8,<\/em>\u00a0174-189. 10.1007\/s11469-009-9234-0.<\/li>\n<li style=\"text-align: left\">Dion, J., Kennedy, A., Cloutier, P. &amp; Gray, C. (2010).<a href=\"https:\/\/constellation.uqac.ca\/2229\/\"> Evaluating crisis intervention services for youth within an ED:<em>\u00a0A view from within. <\/em><\/a><em>Child Care in Practice, 16<\/em>, 241-256.<\/li>\n<li style=\"text-align: left\">Dion, J., Ross, A., &amp; Collin-V\u00e9zina, D. (2010). Jeu pathologique chez les membres des Premi\u00e8res Nations : Facteurs de risques et probl\u00e8mes concomitants.<em>\u00a0Bulletin \u00c9cho-toxico, 20,<\/em>\u00a06-8.<\/li>\n<li style=\"text-align: left\">Touchette, E., &amp; Dion, J. (2010). Les liens entre la r\u00e9duction de sommeil et l\u2019ob\u00e9sit\u00e9 infantile.\u00a0<em>Revue qu\u00e9b\u00e9coise de psychologie. Num\u00e9ro th\u00e9matique sur le sommeil, 31,<\/em>\u00a01-14.<\/li>\n<li style=\"text-align: left\">Tourigny, M., Poirier, M-A, Dion, J., &amp; Boisvert, I. (2010). Recommandation de placement de l\u2019enfant dans le contexte de la protection de la jeunesse : Facteurs associ\u00e9s.\u00a0<em>Revue de psycho\u00e9ducation, 39,<\/em>\u00a0165-187.<\/li>\n<li style=\"text-align: left\"><span style=\"text-align: justify\">Collin-V\u00e9zina, D., Dion, J., &amp; Trocm\u00e9, N. (2009).<\/span><a href=\"https:\/\/constellation.uqac.ca\/3232\/\"><span style=\"text-align: justify\"> Sexual abuse in Canadian Aboriginal communities: A broad review of conflicting evidence. Pimatisiwin: <\/span><\/a><span style=\"text-align: justify\">A Journal of Aboriginal and Indigenous Community Health, 7, 27-47.<\/span><\/li>\n<li style=\"text-align: left\">Dion, J. &amp; Cyr, M. (2008).<a href=\"https:\/\/constellation.uqac.ca\/2226\/\"> The Use of the NICHD Protocol to Enhance the Quantity of Details Obtained by Children with Low Verbal Abilities in Investigative Interviews: A Pilot Study. <\/a>Journal of Child Sexual Abuse, 17, 144-162.<\/li>\n<li style=\"text-align: left\">Muckle, F., &amp; Dion, J., (2008). Les facteurs de r\u00e9silience et de gu\u00e9rison chez les autochtones victimes d&#8217;agression sexuelle. Revue Qu\u00e9b\u00e9coise de Psychologie. Sp\u00e9cial Jeunes et agressions sexuelles : Modalit\u00e9s et \u00e9valuation de l&#8217;intervention, 29, 59-72.<\/li>\n<li style=\"text-align: left\">Cyr, M., Dion, J. (2006). Quand des guides d&#8217;entrevue servent \u00e0 prot\u00e9ger la m\u00e9moire des enfants: L&#8217;exemple du protocole NICHD. Revue qu\u00e9b\u00e9coise de psychologie. Sp\u00e9cial M\u00e9moire et intervention, 27, 157-175.<\/li>\n<li style=\"text-align: left\">Dion, J., Cyr, M., Richard, N., &amp; McDuff, P. (2006).<a href=\"https:\/\/constellation.uqac.ca\/2225\/\"> L&#8217;influence de l&#8217;\u00e2ge, des habilet\u00e9s cognitives et des caract\u00e9ristiques de l&#8217;agression sexuelle sur la d\u00e9claration de pr\u00e9sum\u00e9es victimes. <\/a>International Journal of Child Abuse &amp; Neglect, 30, 945-960.<\/li>\n<\/ol>\n<hr \/>\n<h2 id=\"chapitres\" style=\"text-align: left\"><strong style=\"font-size: 24px;line-height: 1\">Chapters<\/strong><\/h2>\n<ol>\n<li>Godbout, N.,<strong>\u00a0<\/strong>Bigras N., &amp; Dion, J. (2016). Pr\u00e9sence attentive et traumas interpersonnels subis durant l\u2019enfance. Dans S. Gr\u00e9goire, L. Lachance &amp; L. Richer (Eds.),\u00a0<em>La pr\u00e9sence attentive (mindfulness)\u00a0: \u00e9tat des connaissances th\u00e9oriques, empiriques et pratiques\u00a0<\/em>(pp. 229-246). Qu\u00e9bec, Qc: Presses de l\u2019Universit\u00e9 du Qu\u00e9bec (PUQ).<\/li>\n<li>Ross, A., Dion<strong>, J.<\/strong>, Gravel, M., Cyr, M., &amp; Maltais, M-\u00c8. (sous presse). Cons\u00e9quences associ\u00e9es \u00e0 la fr\u00e9quentation des pensionnats autochtones\u00a0: mieux comprendre pour mieux orienter la recherche et l\u2019intervention. Dans C. Giraudeau &amp; G. Chasseigne (\u00c9ds.),\u00a0<em>Maltraitances<\/em>. Paris\u00a0: \u00c9ditions Publibook Universit\u00e9.<\/li>\n<li>Cyr, M., &amp; Dion J. (2014). \u00c9valuation de la parole de l\u2019enfant dans les expertises p\u00e9nales. Dans G. Lopez et G. C\u00e9dile (\u00c9ds.),\u00a0<em>Aide m\u00e9moire d\u2019expertises p\u00e9nales psychologiques et psychiatriques\u00a0<\/em>(pp. 362-373). Paris, \u00c9ditions Dunod.<\/li>\n<li style=\"text-align: left\">Cyr, M. Dion, J., &amp; Powell, M. (2014). Interviewing children. Dans M. St-Yves (\u00c9d.),\u00a0<em>Investigative interview: The essential<\/em>\u00a0(Chap. 3, pp. 63-96). Toronto, ON: Carswell.<\/li>\n<li style=\"text-align: left\">Cyr, M., Dion, J., &amp; Powell, M. (2014). L\u2019entrevue d\u2019enfants. Dans M. St-Yves (Dir.),\u00a0<em>Les entrevues d\u2019enqu\u00eate\u00a0: L&#8217;essentiel\u00a0<\/em>(Chap. 3, pp. 67-102). Cowanswille, QC: \u00c9ditions Yvon Blais.<\/li>\n<li style=\"text-align: left\">Burgess, A, W., Petrozzi, D., Dion, J, Bouchard, L., Brochu, H., &amp; Pilote, F. (2013). Violence (pp. 814-851). Dans K. Fortinash, &amp; P. A. Holoday-Worret (\u00c9ds.). Soins infirmiers: Sant\u00e9 mentale et psychiatrie. Montr\u00e9al : Cheneli\u00e8re \u00e9ducation.<\/li>\n<li style=\"text-align: left\">McWilliams, K., Augusti, E-M., Dion, J., Block, S., Melinder, A., Magnussen, S. &amp; Goodman, G.S. (2013).\u00a0<em>Children as Witnesses<\/em>. Dans G. Melton, A. Ben-Arieh, J. Cashmore, G. Goodman et N. Worley (\u00c9ds.). The SAGE Handbook of Child Research (pp. 285-299). Newbury Park, SAGE Publications Ltd.<\/li>\n<li style=\"text-align: left\">Dion, J., Bouchard, J. Gaudreault, L., &amp; Mercier, C. (2012). L\u2019agression sexuelle envers les enfants ayant une d\u00e9ficience intellectuelle: Enqu\u00eate, traitement et pr\u00e9vention. Dans M. H\u00e9bert, M. Cyr &amp; M. Tourigny (\u00c9ds). L\u2019agression sexuelle envers les enfants, Tome II. Qu\u00e9bec : Les Presses de l\u2019Universit\u00e9 du Qu\u00e9bec.<\/li>\n<li style=\"text-align: left\">Blackburn, M-E, Dion, J., &amp; Ross, A. (2009). \u00c9volution de l&#8217;estime de soi et de l&#8217;insatisfaction de son image corporelle de 14 \u00e0 18 ans. Acte du 29i\u00e8me Colloque de l&#8217;Association qu\u00e9b\u00e9coise de p\u00e9dagogie coll\u00e9giale, 77-86.<\/li>\n<li style=\"text-align: left\"><a href=\"https:\/\/constellation.uqac.ca\/3228\/\">Dion, J, &amp; Cyr, M. (2007). Diff\u00e9rences individuelles et techniques d&#8217;entrevue : Effets sur la d\u00e9claration d&#8217;une agression sexuelle. In M. Tardif (\u00c9d.). Congr\u00e8s International Francophone sur l&#8217;Agression Sexuelle, octobre 2005; Coop\u00e9rer au-del\u00e0 des fronti\u00e8res. Textes choisis : Vol. 1. Montr\u00e9al:<\/a>\u00a0<a href=\"https:\/\/www.cifas.ca\/\">CIFAS<\/a>\u00a0&#8211;\u00a0<a href=\"https:\/\/www.psychiatrieviolence.ca\/\">Institut Philippe Pinel de Montr\u00e9al<\/a>.<\/li>\n<\/ol>\n<hr \/>\n<p><strong>Article publi\u00e9 dans une revue sans comit\u00e9 de lecture<\/strong><\/p>\n<ol>\n<li>Dion, J.,\u00a0Tremblay, K. N., Paquette, G., &amp; Matteau, S. (2015). Enfants victimes d\u2019agression intellectuelles pr\u00e9sentant une d\u00e9ficience intellectuelle\u00a0: quelles strat\u00e9gies de pr\u00e9vention et d\u2019intervention privil\u00e9gier?\u00a0<em>Cahiers de l\u2019Actif,\u00a0<\/em><em>464\/467<\/em>, 291-307.<\/li>\n<li>Tremblay, K. N., Paquette, G., Dion, J. et Matteau, S. (2015). Les enfants qu\u00e9b\u00e9cois pr\u00e9sentant une d\u00e9ficience intellectuelle victimes d\u2019agression sexuelle\u00a0: une situation pr\u00e9occupante.\u00a0<em>Le CNRIS en action, 13<\/em>(3), 2-3.<\/li>\n<li>Tremblay, I.,\u00a0Scullion, L., Bouchard, J., Dion, J., &amp; Chouinard, M-C. (2013). Annonce d\u2019un diagnostic d\u2019une maladie d\u00e9g\u00e9n\u00e9rative : Ses impacts et meilleures pratiques.\u00a0<em>Psychologie Qu\u00e9bec<\/em><em>, 6 (novembre),\u00a0<\/em>30-34<em>.<\/em><\/li>\n<\/ol>\n<hr \/>\n<h2 style=\"text-align: left\">Doctoral thesis<\/h2>\n<p style=\"text-align: left\">Dion, J. (2006). Effet des habilet\u00e9s cognitives et des techniques d&#8217;entrevue sur la d\u00e9claration de l&#8217;enfant dans un contexte d&#8217;investigation de l&#8217;agression sexuelle. Th\u00e8se de doctorat: Universit\u00e9 de Montr\u00e9al.<\/p>\n","protected":false},"excerpt":{"rendered":"<p>Articles Paquette, G., Dion, J., N. Tremblay, K., Tourigny, M., Matteau, S., Bouchard, J., &amp; H\u00e9lie, S. (in press). Differences between sexually abused children with and without an intellectual disability.\u00a0International Journal of Victimology. Daigneault, I., Dion, J., H\u00e9bert, M., &amp; Bourgeois C. (2016). Mindfulness as mediator and moderator of post-traumatic symptomatology in adolescence following childhood &hellip; <a href=\"https:\/\/portfolio.uqac.ca\/jacinthedionen\/publications\/\" class=\"more-link\">Continue reading <span class=\"screen-reader-text\">Publications<\/span> <span class=\"meta-nav\">&rarr;<\/span><\/a><\/p>\n","protected":false},"author":95,"featured_media":0,"parent":0,"menu_order":0,"comment_status":"closed","ping_status":"closed","template":"","meta":{"footnotes":""},"tags":[],"_links":{"self":[{"href":"https:\/\/portfolio.uqac.ca\/jacinthedionen\/wp-json\/wp\/v2\/pages\/20"}],"collection":[{"href":"https:\/\/portfolio.uqac.ca\/jacinthedionen\/wp-json\/wp\/v2\/pages"}],"about":[{"href":"https:\/\/portfolio.uqac.ca\/jacinthedionen\/wp-json\/wp\/v2\/types\/page"}],"author":[{"embeddable":true,"href":"https:\/\/portfolio.uqac.ca\/jacinthedionen\/wp-json\/wp\/v2\/users\/95"}],"replies":[{"embeddable":true,"href":"https:\/\/portfolio.uqac.ca\/jacinthedionen\/wp-json\/wp\/v2\/comments?post=20"}],"version-history":[{"count":17,"href":"https:\/\/portfolio.uqac.ca\/jacinthedionen\/wp-json\/wp\/v2\/pages\/20\/revisions"}],"predecessor-version":[{"id":112,"href":"https:\/\/portfolio.uqac.ca\/jacinthedionen\/wp-json\/wp\/v2\/pages\/20\/revisions\/112"}],"wp:attachment":[{"href":"https:\/\/portfolio.uqac.ca\/jacinthedionen\/wp-json\/wp\/v2\/media?parent=20"}],"wp:term":[{"taxonomy":"post_tag","embeddable":true,"href":"https:\/\/portfolio.uqac.ca\/jacinthedionen\/wp-json\/wp\/v2\/tags?post=20"}],"curies":[{"name":"wp","href":"https:\/\/api.w.org\/{rel}","templated":true}]}}