{"id":134,"date":"2019-10-07T09:42:47","date_gmt":"2019-10-07T13:42:47","guid":{"rendered":"http:\/\/portfolio-pre.uqac.ca\/jacquescherblanc\/?page_id=134"},"modified":"2026-01-09T11:34:10","modified_gmt":"2026-01-09T16:34:10","slug":"articles","status":"publish","type":"page","link":"https:\/\/portfolio.uqac.ca\/jacquescherblanc\/articles\/","title":{"rendered":"Articles"},"content":{"rendered":"<h5>Articles publi\u00e9s r\u00e9cemment (avec comit\u00e9 de lecture)<\/h5>\n<p>Cherblanc, J., Maltais, D., C\u00f4t\u00e9, I., Simard, C., Verdon, C., Bergeron-Leclerc, C., Grenier, J., &amp; Cadell, S. (2026). When Growth Takes Time: Differentiated Trajectories of Posttraumatic Growth After Pandemic Bereavement.\u00a0<em>Journal of Loss and Trauma<\/em>, 1\u201327. <a href=\"https:\/\/doi.org\/10.1080\/15325024.2025.2610987\">https:\/\/doi.org\/10.1080\/15325024.2025.2610987<\/a><\/p>\n<p>Boever, C., Zech, E., &amp; Cherblanc, J. (2026). Toward a better assessment of coping with bereavement: Applicability to diverse experiences and conceptual structure of the\u00a0<em>coping with bereavement questionnaire<\/em>.\u00a0<em>Death Studies<\/em>,\u00a0<em>50<\/em>(2), 263\u2013276. <a href=\"https:\/\/doi.org\/10.1080\/07481187.2024.2420875\">https:\/\/doi.org\/10.1080\/07481187.2024.2420875<\/a><\/p>\n<p>Cherblanc, J., C\u00f4t\u00e9, I., Zech, E., Fern\u00e1ndez-Alc\u00e1ntara, M., Gaboury, S., Bergeron-Leclerc, C., Boever, C., Redondo-Armenteros, A., Cruz-Quintana, F. &amp; P\u00e9rez-Marfil, M. N. (2025). Gender differences in grief and growth: An international gender-matched controlled study from Belgium, Canada, and Spain. <em>Death Studies<\/em>, 1\u201314. <a href=\"https:\/\/doi.org\/10.1080\/07481187.2025.2566083\">https:\/\/doi.org\/10.1080\/07481187.2025.2566083<\/a><\/p>\n<p>Pulido, L., P\u00e9pin, A., Bergeron-Leclerc, C., Cherblanc, J., Godue-Couture, C., Laprise, C., Paquette, L., Nadeau-Tremblay, S., &amp; Simard, S. (2025). The effects of outdoor teaching on academic achievement and its associated factors \u2013 A scoping review. <em>Education Sciences, 15<\/em>(8), 1060. <a href=\"https:\/\/doi.org\/10.3390\/educsci15081060\">https:\/\/doi.org\/10.3390\/educsci15081060<\/a><\/p>\n<p>Bergeron-Leclerc, C., <u>Diadiou, F.<\/u>, Cherblanc, J., <u>Ouellet-Gagn\u00e9, I.<\/u>, <u>Savard, M.<\/u>, <u>Mercure, C.<\/u>, <u>Boily, E<\/u>., <u>Laguna Mu\u00f1oz, M. I.<\/u>, <u>Tremblay, D<\/u>., &amp; Maltais, D. (2025). Diversit\u00e9 et sant\u00e9 mentale en milieu universitaire : Perspectives des informatrices et des informateurs cl\u00e9s sur l\u2019acc\u00e8s aux services. <em>Revue hybride de l\u2019\u00e9ducation<\/em>, <em>9<\/em>(3). <a href=\"https:\/\/doi.org\/10.1522\/rhe.v9i3.1777\">https:\/\/doi.org\/10.1522\/rhe.v9i3.1777<\/a><\/p>\n<p>Cadell, S., Wright, D. K., Dosani, N., Cherblanc, J., Breen, L., Aoun, S., Sequeira, L., Kortes-Miller, K., Arya, A., Anthony, K., Boudreau, C., Prince, H., Thompson, M., &amp; Macdonald, M. E. (2025). <em>Grief and grief support needs in Canada: A mixed methods protocol<\/em>. Palliative Care and Social Practice, 19, 1\u201311. <a href=\"https:\/\/doi.org\/10.1177\/26323524251334180\">https:\/\/doi.org\/10.1177\/26323524251334180<\/a><\/p>\n<p>Cherblanc, J., C\u00f4t\u00e9, I., Mercure, C., Boever, C., &amp; Zech, E. (2025). Rituals in Grief: Why Meaning Matters More than Numbers.\u00a0<em>Journal of Loss and Trauma<\/em>, 1\u201322. <a href=\"https:\/\/doi.org\/10.1080\/15325024.2025.2471816\">https:\/\/doi.org\/10.1080\/15325024.2025.2471816<\/a><\/p>\n<p>Langelier, M.-\u00c8., Fortin, J., Gauthier-Boudreau, J. Larouche, A., Mercure, C., Bergeron-Leclerc, C., Simard, S., Cherblanc, J., Brault, M.-C., Laprise, C., &amp; Pulido, L. (2025). The impact of nature-based learning on student health: a scoping review.\u00a0<em>Journal of Outdoor and Environmental Education<\/em>. 10 February, <a href=\"https:\/\/doi.org\/10.1007\/s42322-024-00189-x\">https:\/\/doi.org\/10.1007\/s42322-024-00189-x<\/a><\/p>\n<p>Cherblanc, J. et Bergeron-Leclerc, C. (2024, d\u00e9cembre). Du spirituel \u00e0 la religion | de l\u2019exp\u00e9rience \u00e0 l\u2019institution | de l\u2019intime au collectif, <em>Spiritualit\u00e9sant\u00e9<\/em>, Num\u00e9ro \u00ab\u00a0Spiritualit\u00e9 au c\u0153ur des soins\u00a0\u00bb, <a href=\"https:\/\/www.chudequebec.ca\/a-propos-de-nous\/publications\/revues-en-ligne\/spiritualite-sante\/dossiers\/dossier-%C2%A0la-spiritualite-au-cour-des-soins\/du-spirituel-a-la-religion-de-l%E2%80%99experience-a-l%E2%80%99ins.aspx\">https:\/\/www.chudequebec.ca\/a-propos-de-nous\/publications\/revues-en-ligne\/spiritualite-sante\/dossiers\/dossier-%C2%A0la-spiritualite-au-cour-des-soins\/du-spirituel-a-la-religion-de-l%E2%80%99experience-a-l%E2%80%99ins.aspx<\/a><\/p>\n<p>Sani, L., Chemrouk, Y., Lassagne, B., Cape, C., Ngo Nkana, M., Cherblanc, J. &amp; Bacqu\u00e9, M.-F. (2024), Impact of French lockdowns on bereavement experiences: Insight from ALCESTE analysis revealing psychological resilience and distinct grief dynamics amidst COVID-19. <em>International Journal of Psychology<\/em>, e13267.\u00a0<a href=\"https:\/\/doi.org\/10.1002\/ijop.13267\">https:\/\/doi.org\/10.1002\/ijop.13267<\/a><\/p>\n<p>Boever, C., Zech, E., &amp; Cherblanc, J. (2024). Toward a better assessment of coping with bereavement: Applicability to diverse experiences and conceptual structure of the\u00a0<em>Coping with bereavement questionnaire<\/em>.\u00a0<em>Death Studies<\/em>, 1\u201314. <a href=\"https:\/\/doi.org\/10.1080\/07481187.2024.2420875\">https:\/\/doi.org\/10.1080\/07481187.2024.2420875<\/a><\/p>\n<p>Cherblanc, J., Zech, E., Cadell, S., C\u00f4t\u00e9, I., Boever, C., Fern\u00e1ndez-Alc\u00e1ntara, M., Bergeron-Leclerc, C., Maltais, D., Gauthier, G., Verdon, C., Grenier, J., &amp; Simard, C. (2025). Are Mediators of Grief Reactions Better Predictors Than Risk Factors? A Study Testing the Role of Satisfaction with Rituals, Perceived Social Support, and Coping Strategies. <em>Illness, Crisis &amp; Loss<\/em>, 33(1), 22-43. <a href=\"https:\/\/doi.org\/10.1177\/10541373231191316\">https:\/\/doi.org\/10.1177\/10541373231191316<\/a><\/p>\n<p>Cherblanc, J., C\u00f4t\u00e9, I., Boever, C., &amp; Zech, E. (2024). Validity of the TGI-SR+ in Francophone populations: Insights from Quebec and Belgium.\u00a0<em>Death Studies<\/em>, 1\u201311. <a href=\"https:\/\/doi.org\/10.1080\/07481187.2024.2420882\">https:\/\/doi.org\/10.1080\/07481187.2024.2420882<\/a><\/p>\n<p>Sani, L., Cape, C., Merheb, J., Poulin, N., Lassagne, B., Canet, G., Lallemant, M., Cherblanc, J., De Vincenzo, C., Testoni, I., Canellopoulos, L., Kaufmann, N. T., &amp; Bacqu\u00e9, M. F. (2024). The Absence of Funeral Rites as a Risk Factor for the French Bereaved Population.\u00a0<em>Omega<\/em>, 302228241276570. Advance online publication. <a href=\"https:\/\/doi.org\/10.1177\/00302228241276570\">https:\/\/doi.org\/10.1177\/00302228241276570<\/a><\/p>\n<p>Simard, C., Roberge, V., St-Pierre, M., Cherblanc, J., Bergeron-Leclerc, C., Kadri, M. A., Lacharit\u00e9, C., B\u00e9rub\u00e9, S., Lapointe, L., Faucher, V., &amp; Dufresne, S. S. (2024). Designing a resilience-based intervention program for children with cancer and their families: a study protocol [Study Protocol]. <em>Frontiers in Psychology<\/em>,<em> 15<\/em>. <a href=\"https:\/\/doi.org\/10.3389\/fpsyg.2024.1419192\">https:\/\/doi.org\/10.3389\/fpsyg.2024.1419192<\/a><\/p>\n<p>Grenier, J., Verdon, C., Cherblanc, J., Simard, C., Maltais, D. &amp; Bergeron-Leclerc, C. (2023). Exp\u00e9riences d\u2019accompagnement en fin de vie \u00e0 domicile durant la pand\u00e9mie de COVID-19\u00a0: enjeux et d\u00e9fis.\u00a0<em>Sant\u00e9 mentale au Qu\u00e9bec<\/em>,\u00a0<em>48<\/em>(2), 295\u2013315. <a href=\"https:\/\/doi-org.sbiproxy.uqac.ca\/10.7202\/1109842ar\">https:\/\/doi-org.sbiproxy.uqac.ca\/10.7202\/1109842ar<\/a><\/p>\n<p>Cherblanc, J., Gaboury, S., Ma\u00eetre, J., C\u00f4t\u00e9, I., Cadell, S., &amp; Bergeron-Leclerc, C. (2024).\u00a0<a href=\"https:\/\/can01.safelinks.protection.outlook.com\/?url=https%3A%2F%2Frecherchesoinspalliatifs.us7.list-manage.com%2Ftrack%2Fclick%3Fu%3D95b92ec028427d1c5ff7a7948%26id%3Df16161ec7e%26e%3D615128bc40&amp;data=05%7C02%7Cjcherbla%40uqac.ca%7C96485fff5c70472f4a0808dc28d83bec%7Cc97978b1bd4c44b59bbb20215efdf611%7C0%7C0%7C638430156423204657%7CUnknown%7CTWFpbGZsb3d8eyJWIjoiMC4wLjAwMDAiLCJQIjoiV2luMzIiLCJBTiI6Ik1haWwiLCJXVCI6Mn0%3D%7C0%7C%7C%7C&amp;sdata=NJ4tav%2FfWonZRTUtBSvrlKK0jla2zS3OyQTkCZbkUOA%3D&amp;reserved=0\">Predicting levels of prolonged grief disorder symptoms during the COVID-19 pandemic: An integrated approach of classical data exploration, predictive machine learning, and explainable AI<\/a>. <em>Journal of affective disorders<\/em>, S0165-0327(24)00256-8. Advance online publication.<\/p>\n","protected":false},"excerpt":{"rendered":"<p>Articles publi\u00e9s r\u00e9cemment (avec comit\u00e9 de lecture) Cherblanc, J., Maltais, D., C\u00f4t\u00e9, I., Simard, C., Verdon, C., Bergeron-Leclerc, C., Grenier, J., &amp; Cadell, S. (2026). When Growth Takes Time: Differentiated Trajectories of Posttraumatic Growth After Pandemic Bereavement.\u00a0Journal of Loss and Trauma, 1\u201327. https:\/\/doi.org\/10.1080\/15325024.2025.2610987 Boever, C., Zech, E., &amp; Cherblanc, J. (2026). Toward a better assessment &hellip; <a href=\"https:\/\/portfolio.uqac.ca\/jacquescherblanc\/articles\/\" class=\"more-link\">Continuer la lecture de <span class=\"screen-reader-text\">Articles<\/span>  <span class=\"meta-nav\">&rarr;<\/span><\/a><\/p>\n","protected":false},"author":282,"featured_media":0,"parent":0,"menu_order":0,"comment_status":"closed","ping_status":"closed","template":"","meta":{"footnotes":""},"tags":[],"_links":{"self":[{"href":"https:\/\/portfolio.uqac.ca\/jacquescherblanc\/wp-json\/wp\/v2\/pages\/134"}],"collection":[{"href":"https:\/\/portfolio.uqac.ca\/jacquescherblanc\/wp-json\/wp\/v2\/pages"}],"about":[{"href":"https:\/\/portfolio.uqac.ca\/jacquescherblanc\/wp-json\/wp\/v2\/types\/page"}],"author":[{"embeddable":true,"href":"https:\/\/portfolio.uqac.ca\/jacquescherblanc\/wp-json\/wp\/v2\/users\/282"}],"replies":[{"embeddable":true,"href":"https:\/\/portfolio.uqac.ca\/jacquescherblanc\/wp-json\/wp\/v2\/comments?post=134"}],"version-history":[{"count":51,"href":"https:\/\/portfolio.uqac.ca\/jacquescherblanc\/wp-json\/wp\/v2\/pages\/134\/revisions"}],"predecessor-version":[{"id":336,"href":"https:\/\/portfolio.uqac.ca\/jacquescherblanc\/wp-json\/wp\/v2\/pages\/134\/revisions\/336"}],"wp:attachment":[{"href":"https:\/\/portfolio.uqac.ca\/jacquescherblanc\/wp-json\/wp\/v2\/media?parent=134"}],"wp:term":[{"taxonomy":"post_tag","embeddable":true,"href":"https:\/\/portfolio.uqac.ca\/jacquescherblanc\/wp-json\/wp\/v2\/tags?post=134"}],"curies":[{"name":"wp","href":"https:\/\/api.w.org\/{rel}","templated":true}]}}