{"id":25,"date":"2012-07-24T12:43:40","date_gmt":"2012-07-24T12:43:40","guid":{"rendered":"http:\/\/portfolio-pre.uqac.ca\/gabarit\/?page_id=25"},"modified":"2026-01-09T11:35:31","modified_gmt":"2026-01-09T16:35:31","slug":"communications","status":"publish","type":"page","link":"https:\/\/portfolio.uqac.ca\/jacquescherblanc\/communications\/","title":{"rendered":"Communications"},"content":{"rendered":"<p>Cherblanc, J., Fawer Caputo, C., &amp; Molini\u00e9, M. (2025, d\u00e9cembre 5). <em>Les liens continus dans le deuil chez les jeunes orphelins<\/em>. Conf\u00e9rence dans le cadre du Colloque <em>Exp\u00e9riences exceptionnelles en fin de vie<\/em>, 4-5 d\u00e9cembre 2025, Nancy, France. Pr\u00e9sentiel et en ligne.<\/p>\n<p>Cherblanc, J., Fawer Caputo, C., &amp; Molini\u00e9, M. (2025, d\u00e9cembre 5). <em>Ph\u00e9nom\u00e9nologie des liens continu\u00e9s chez les adolescents et adolescentes<\/em>. Table-ronde dans le cadre du Colloque <em>Exp\u00e9riences exceptionnelles en fin de vie<\/em>, Nancy, France. Pr\u00e9sentiel et en ligne.<\/p>\n<p>Cherblanc, J., Bergeron-Leclerc, C., &amp; C\u00f4t\u00e9, I. (2025). <em>Supporting orphaned students: Understanding the role of schools and psychoeducational resources after parental loss<\/em>. In <em>ICERI2025 Proceedings<\/em> (p. 5909). <a href=\"https:\/\/doi.org\/10.21125\/iceri.2025.1619\">https:\/\/doi.org\/10.21125\/iceri.2025.1619<\/a><\/p>\n<p>Bergeron-Leclerc, C., Cherblanc, J., Gaboury, S., Bilodeau, K., Dutil, S., Blackburn, M. L., &amp; Tremblay, C. A. (2025). <em>Promoting mental health in university settings: A community-driven living lab approach<\/em>. In <em>ICERI2025 Proceedings<\/em> (p. 6024). <a href=\"https:\/\/doi.org\/10.21125\/iceri.2025.1653\">https:\/\/doi.org\/10.21125\/iceri.2025.1653<\/a><\/p>\n<p>Bergeron-Leclerc, C., Cherblanc, J., Gallais, B., Lane, J., Proulx, F.A., Pouliot, E. et C\u00f4t\u00e9, I. (2025, septembre).\u00a0<em>Growing up with absence: the lasting Impact of parental loss on young adult mental health<\/em>.\u00a0EuSarf 2025. 8-12 septembre 2025. Zagreb, Croatie.<\/p>\n<p>Cherblanc, J., C\u00f4t\u00e9, I., et Bergeron-Leclerc, C. (2025, 11 septembre). <em>Holistic health of orphaned youth in Canada: The role of support resources in coping with parental loss<\/em>. European Scientific Association on Residential &amp; Family Care for Children and Adolescents (EUSARF 2025) Conference, Zagreb, Croatie.<\/p>\n<p>Thullier, F., Gaboury, S., &amp; Cherblanc, J. (2025, July). <em>First insights into a quantitative assessment of orphanhood prevalence through content analysis of public obituaries using a large language model<\/em>. Communication pr\u00e9sent\u00e9e au 5th International Conference on Information Technology for Social Good (GoodIT 2025), Anvers, Belgique. <a href=\"https:\/\/goodit2025.hotcrp.com\/paper\/29\">https:\/\/goodit2025.hotcrp.com\/paper\/29<\/a><\/p>\n<p>Bergeron-Leclerc, C., Cherblanc, J., &amp; <u>Dutil, S.<\/u> (2025, 27 ao\u00fbt). <em>Mobiliser les forces pour favoriser un r\u00e9tablissement complet en sant\u00e9 mentale<\/em>. Communication pr\u00e9sent\u00e9e au 2\u1d49 colloque international du GIS Hybrida-IS, Fribourg, Suisse.<\/p>\n<p>Cherblanc, J., Bergeron-Leclerc, C., <u>Gauthier, G.<\/u>, &amp; Noubicier, A. F. (2025, 28 ao\u00fbt). <em>Clarifier pour mieux int\u00e9grer : une d\u00e9finition la\u00efque de la spiritualit\u00e9 au service du travail social<\/em>. Communication pr\u00e9sent\u00e9e au 2\u1d49 colloque international du GIS Hybrida-IS, Fribourg, Suisse.<\/p>\n<p>Cherblanc, J., <u>Mercure, C.<\/u>, &amp; Bergeron-Leclerc, C. (2025, 8 mai). <em>Repenser l\u2019accompagnement du deuil en travail social : comprendre et soutenir les liens continus dans la pratique clinique<\/em>. Communication pr\u00e9sent\u00e9e au colloque <em>Liens continus et deuils : repenser l\u2019accompagnement des personnes endeuill\u00e9es<\/em> (Colloque 460), 92e Congr\u00e8s de l\u2019Acfas, \u00c9cole de technologie sup\u00e9rieure (\u00c9TS), Montr\u00e9al.<\/p>\n<p>Abou Chaar, E., Champagne,\u00a0E., Lauzier,\u00a0S., Brunet,\u00a0M., Cherblanc,\u00a0J., Gagnon,\u00a0P., Collaud,\u00a0T., Hajj, A. (2025, 24-25 avril). \u00ab\u00a0Rethinking the Management of Total Pain in Palliative Oncology Care: Toward an Integrative Approach\u00a0\u00bb. <em>Responding to the Human Experience of Cancer and Caring for the Soul<\/em>, Canadian Association of Psychosocial Oncology Conference, Toronto.<\/p>\n<p>Cherblanc, J. (2024, 7 d\u00e9cembre). <em>Importance de la prise en compte de la spiritualit\u00e9 des enfants endeuill\u00e9s et orphelins en milieu scolaire<\/em>. Congr\u00e8s international \u00ab\u00a0Deuils en familles et orphelins d\u2019un parent\u00a0\u00bb, La Rochelle (France).<\/p>\n<p>Cherblanc, J. (2024, 6 d\u00e9cembre). <em>La place et le r\u00f4le de la spiritualit\u00e9 dans la croissance post-traumatique des enfants endeuill\u00e9s<\/em>. Congr\u00e8s international \u00ab\u00a0Deuils en familles et orphelins d\u2019un parent\u00a0\u00bb, La Rochelle (France).<\/p>\n<p>Cherblanc, J., Fortin, M.-H. (2024, 21 novembre). <em>Au-del\u00e0 des d\u00e9crets : contournements et transgressions des r\u00e8gles sanitaires pour ritualiser le deuil en contexte pand\u00e9mique<\/em>, Colloque international \u00ab\u00a0Des morts et des r\u00e8gles. Normes en partage, compromis et r\u00e9gulations\u00a0\u00bb, Universit\u00e9 Jean Moulin Lyon 3, France.<\/p>\n<p>Cherblanc, J. (2024, 15 novembre). <em>Le spirituel dans les soins spirituels\u00a0: vers une d\u00e9finition de la spiritualit\u00e9 positive<\/em>. Colloque national \u00ab\u00a0L\u2019accompagnement spirituel en contexte de soins de sant\u00e9\u00a0: enjeux cliniques et\u00a0 perspectives d\u2019avenir\u00a0\u00bb, Universit\u00e9 de Sherbrooke, Qu\u00e9bec (Canada).<\/p>\n","protected":false},"excerpt":{"rendered":"<p>Cherblanc, J., Fawer Caputo, C., &amp; Molini\u00e9, M. (2025, d\u00e9cembre 5). Les liens continus dans le deuil chez les jeunes orphelins. Conf\u00e9rence dans le cadre du Colloque Exp\u00e9riences exceptionnelles en fin de vie, 4-5 d\u00e9cembre 2025, Nancy, France. Pr\u00e9sentiel et en ligne. Cherblanc, J., Fawer Caputo, C., &amp; Molini\u00e9, M. (2025, d\u00e9cembre 5). Ph\u00e9nom\u00e9nologie des &hellip; <a href=\"https:\/\/portfolio.uqac.ca\/jacquescherblanc\/communications\/\" class=\"more-link\">Continuer la lecture de <span class=\"screen-reader-text\">Communications<\/span>  <span class=\"meta-nav\">&rarr;<\/span><\/a><\/p>\n","protected":false},"author":185,"featured_media":0,"parent":0,"menu_order":0,"comment_status":"closed","ping_status":"closed","template":"","meta":{"footnotes":""},"tags":[],"_links":{"self":[{"href":"https:\/\/portfolio.uqac.ca\/jacquescherblanc\/wp-json\/wp\/v2\/pages\/25"}],"collection":[{"href":"https:\/\/portfolio.uqac.ca\/jacquescherblanc\/wp-json\/wp\/v2\/pages"}],"about":[{"href":"https:\/\/portfolio.uqac.ca\/jacquescherblanc\/wp-json\/wp\/v2\/types\/page"}],"author":[{"embeddable":true,"href":"https:\/\/portfolio.uqac.ca\/jacquescherblanc\/wp-json\/wp\/v2\/users\/185"}],"replies":[{"embeddable":true,"href":"https:\/\/portfolio.uqac.ca\/jacquescherblanc\/wp-json\/wp\/v2\/comments?post=25"}],"version-history":[{"count":20,"href":"https:\/\/portfolio.uqac.ca\/jacquescherblanc\/wp-json\/wp\/v2\/pages\/25\/revisions"}],"predecessor-version":[{"id":337,"href":"https:\/\/portfolio.uqac.ca\/jacquescherblanc\/wp-json\/wp\/v2\/pages\/25\/revisions\/337"}],"wp:attachment":[{"href":"https:\/\/portfolio.uqac.ca\/jacquescherblanc\/wp-json\/wp\/v2\/media?parent=25"}],"wp:term":[{"taxonomy":"post_tag","embeddable":true,"href":"https:\/\/portfolio.uqac.ca\/jacquescherblanc\/wp-json\/wp\/v2\/tags?post=25"}],"curies":[{"name":"wp","href":"https:\/\/api.w.org\/{rel}","templated":true}]}}