{"id":46,"date":"2012-07-24T14:17:13","date_gmt":"2012-07-24T14:17:13","guid":{"rendered":"http:\/\/portfolio-pre.uqac.ca\/gabarit\/?page_id=46"},"modified":"2025-05-01T11:32:22","modified_gmt":"2025-05-01T15:32:22","slug":"recherche","status":"publish","type":"page","link":"https:\/\/portfolio.uqac.ca\/jacquescherblanc\/recherche\/","title":{"rendered":"Recherche (subventions r\u00e9centes)"},"content":{"rendered":"<p><strong>2025-2027 :<\/strong> <strong>Cherblanc, J., Bergeron-Leclerc, C., et al.\u00a0Plus fortes et \u00e9panouies gr\u00e2ce \u00e0 l\u2019adversit\u00e9 : Identifier des cibles d\u2019intervention prometteuses pour d\u00e9velopper la r\u00e9silience et la croissance post-traumatique des personnes \u00e9tudiantes en enseignement sup\u00e9rieur afin de favoriser leur sant\u00e9 mentale. <\/strong>Fondation de l&#8217;Univ. du Qu\u00e9bec \u00c0 Chicoutimi (FUQAC). Subvention r\u00e9guli\u00e8re. Montant : 10 000$<\/p>\n<p><strong>2025-2026 :<\/strong> <strong>Cherblanc, J., Bergeron-Leclerc, C., et al. L&#8217;orphelinage au Canada: estimer la pr\u00e9valence pour prendre soin dans la dur\u00e9e. <\/strong>R\u00e9seau qu\u00e9b\u00e9cois de recherche en soins palliatifs et de fin de vie (RQSPAL). Subvention D\u00e9marrage. Montant : 25 000$<\/p>\n<p><strong>2024-2029 :<\/strong> <strong>Cherblanc, J., Bergeron-Leclerc, C., et al. Rendre visibles les orphelins: \u00c9tude interdisciplinaire sur la sant\u00e9 et les besoins des jeunes qui ont perdu par d\u00e9c\u00e8s un ou deux de leurs parents. <\/strong>Instituts de recherche en sant\u00e9 du Canada (IRSC). Subvention PROJET. Montant : 527 851$<\/p>\n<p><strong>2022-2024\u00a0:<\/strong>\u00a0<strong>Bergeron-Leclerc, C., Cherblanc, J., Maltais, D. et al.\u00a0 <em>Sante\u0301 mentale et accessibilite\u0301 aux services en milieu universitaire : la diversite\u0301 constitue-t- elle une barrie\u0300re\u00a0?<\/em>.<\/strong>\u00a0Instituts de recherche en sant\u00e9 du Canada (IRSC). Montant\u00a0:\u00a0364 000$<\/p>\n<p><strong>2022-2024\u00a0:<\/strong>\u00a0<strong>Cherblanc, J\u00a0et al.\u00a0 <em>CoutDeuil:\u00a0<\/em><em>De\u0301veloppement et validation d\u2019un outil nume\u0301rique de mesure des cou\u0302ts de la trajectoire des personnes endeuille\u0301es.<\/em><\/strong> Conseil\u00a0 de recherche en sciences humaines du Canada &#8211; subvention instituionnelle (CRSH-SI). Montant\u00a0:\u00a07 000$<\/p>\n<p><strong>2022-2024\u00a0:\u00a0Flynn, Catherine et al., <em>Approfondir les r\u00e9cits des femmes ayant v\u00e9cu des situations d&#8217;itin\u00e9rance et de violence\u00a0: maternit\u00e9, \u00e9tats d\u00e9pressifs et suicide<\/em><\/strong> (Fondation UQAC). Montant: 8\u00a0333$<\/p>\n<p>&#8230;&#8230;.<\/p>\n","protected":false},"excerpt":{"rendered":"<p>2025-2027 : Cherblanc, J., Bergeron-Leclerc, C., et al.\u00a0Plus fortes et \u00e9panouies gr\u00e2ce \u00e0 l\u2019adversit\u00e9 : Identifier des cibles d\u2019intervention prometteuses pour d\u00e9velopper la r\u00e9silience et la croissance post-traumatique des personnes \u00e9tudiantes en enseignement sup\u00e9rieur afin de favoriser leur sant\u00e9 mentale. Fondation de l&#8217;Univ. du Qu\u00e9bec \u00c0 Chicoutimi (FUQAC). Subvention r\u00e9guli\u00e8re. Montant : 10 000$ 2025-2026 &hellip; <a href=\"https:\/\/portfolio.uqac.ca\/jacquescherblanc\/recherche\/\" class=\"more-link\">Continuer la lecture de <span class=\"screen-reader-text\">Recherche (subventions r\u00e9centes)<\/span>  <span class=\"meta-nav\">&rarr;<\/span><\/a><\/p>\n","protected":false},"author":185,"featured_media":0,"parent":0,"menu_order":0,"comment_status":"closed","ping_status":"closed","template":"","meta":{"footnotes":""},"tags":[],"_links":{"self":[{"href":"https:\/\/portfolio.uqac.ca\/jacquescherblanc\/wp-json\/wp\/v2\/pages\/46"}],"collection":[{"href":"https:\/\/portfolio.uqac.ca\/jacquescherblanc\/wp-json\/wp\/v2\/pages"}],"about":[{"href":"https:\/\/portfolio.uqac.ca\/jacquescherblanc\/wp-json\/wp\/v2\/types\/page"}],"author":[{"embeddable":true,"href":"https:\/\/portfolio.uqac.ca\/jacquescherblanc\/wp-json\/wp\/v2\/users\/185"}],"replies":[{"embeddable":true,"href":"https:\/\/portfolio.uqac.ca\/jacquescherblanc\/wp-json\/wp\/v2\/comments?post=46"}],"version-history":[{"count":16,"href":"https:\/\/portfolio.uqac.ca\/jacquescherblanc\/wp-json\/wp\/v2\/pages\/46\/revisions"}],"predecessor-version":[{"id":329,"href":"https:\/\/portfolio.uqac.ca\/jacquescherblanc\/wp-json\/wp\/v2\/pages\/46\/revisions\/329"}],"wp:attachment":[{"href":"https:\/\/portfolio.uqac.ca\/jacquescherblanc\/wp-json\/wp\/v2\/media?parent=46"}],"wp:term":[{"taxonomy":"post_tag","embeddable":true,"href":"https:\/\/portfolio.uqac.ca\/jacquescherblanc\/wp-json\/wp\/v2\/tags?post=46"}],"curies":[{"name":"wp","href":"https:\/\/api.w.org\/{rel}","templated":true}]}}