{"id":4,"date":"2012-07-23T17:46:31","date_gmt":"2012-07-23T17:46:31","guid":{"rendered":"http:\/\/portfolio-pre.uqac.ca\/gabarit\/?page_id=4"},"modified":"2014-10-09T10:02:36","modified_gmt":"2014-10-09T14:02:36","slug":"presentatio","status":"publish","type":"page","link":"https:\/\/portfolio.uqac.ca\/jacquesibarzabal\/","title":{"rendered":"Pr\u00e9sentation"},"content":{"rendered":"<h2>Jacques Ibarzabal<\/h2>\n<p>Professeur au d\u00e9partement des sciences fondamentales<\/p>\n<h2>Champs d&#8217;int\u00e9r\u00eat<\/h2>\n<ul>\n<li>\u00c9cologie et comportement de la faune;<\/li>\n<li>Dynamique des populations.<\/li>\n<\/ul>\n","protected":false},"excerpt":{"rendered":"<p>Jacques Ibarzabal Professeur au d\u00e9partement des sciences fondamentales Champs d&#8217;int\u00e9r\u00eat \u00c9cologie et comportement de la faune; Dynamique des populations.<\/p>\n","protected":false},"author":47,"featured_media":0,"parent":0,"menu_order":0,"comment_status":"closed","ping_status":"closed","template":"","meta":{"footnotes":""},"tags":[7,6],"_links":{"self":[{"href":"https:\/\/portfolio.uqac.ca\/jacquesibarzabal\/wp-json\/wp\/v2\/pages\/4"}],"collection":[{"href":"https:\/\/portfolio.uqac.ca\/jacquesibarzabal\/wp-json\/wp\/v2\/pages"}],"about":[{"href":"https:\/\/portfolio.uqac.ca\/jacquesibarzabal\/wp-json\/wp\/v2\/types\/page"}],"author":[{"embeddable":true,"href":"https:\/\/portfolio.uqac.ca\/jacquesibarzabal\/wp-json\/wp\/v2\/users\/47"}],"replies":[{"embeddable":true,"href":"https:\/\/portfolio.uqac.ca\/jacquesibarzabal\/wp-json\/wp\/v2\/comments?post=4"}],"version-history":[{"count":12,"href":"https:\/\/portfolio.uqac.ca\/jacquesibarzabal\/wp-json\/wp\/v2\/pages\/4\/revisions"}],"predecessor-version":[{"id":89,"href":"https:\/\/portfolio.uqac.ca\/jacquesibarzabal\/wp-json\/wp\/v2\/pages\/4\/revisions\/89"}],"wp:attachment":[{"href":"https:\/\/portfolio.uqac.ca\/jacquesibarzabal\/wp-json\/wp\/v2\/media?parent=4"}],"wp:term":[{"taxonomy":"post_tag","embeddable":true,"href":"https:\/\/portfolio.uqac.ca\/jacquesibarzabal\/wp-json\/wp\/v2\/tags?post=4"}],"curies":[{"name":"wp","href":"https:\/\/api.w.org\/{rel}","templated":true}]}}