{"id":18,"date":"2019-06-12T10:08:12","date_gmt":"2019-06-12T14:08:12","guid":{"rendered":"http:\/\/portfolio-pre.uqac.ca\/gabarit\/?page_id=18"},"modified":"2020-01-28T13:59:23","modified_gmt":"2020-01-28T18:59:23","slug":"enseignement","status":"publish","type":"page","link":"https:\/\/portfolio.uqac.ca\/jeandenisbrassard\/enseignement\/","title":{"rendered":"Enseignement"},"content":{"rendered":"<p><strong>Professeur chercheur sous octroi<\/strong><\/p>\n<ul>\n<li><a href=\"https:\/\/cours.uqac.ca\/6GEN105\" target=\"_blank\">6GEN105<\/a> : Ing\u00e9nierie m\u00e9thodes et pratiques 1<\/li>\n<\/ul>\n<p><strong>Auxiliaire d&#8217;enseignement<\/strong><\/p>\n<ul>\n<li><span style=\"line-height: 1.5;\"><a href=\"https:\/\/cours.uqac.ca\/6GMX110\" target=\"_blank\">6GMX110<\/a> : Mat\u00e9riaux de l&#8217;ing\u00e9nieur<\/span><\/li>\n<\/ul>\n<p><strong>Charg\u00e9 de cours<\/strong><\/p>\n<ul>\n<li><a href=\"https:\/\/cours.uqac.ca\/6GEN105\" target=\"_blank\">6GEN105<\/a> : Ing\u00e9nierie m\u00e9thodes et pratiques 1<\/li>\n<li><a href=\"https:\/\/cours.uqac.ca\/6GEN148\" target=\"_blank\">6GEN148<\/a> : Ing\u00e9nierie m\u00e9thodes et pratiques 2<\/li>\n<li><a href=\"https:\/\/cours.uqac.ca\/6gen142\" target=\"_blank\">6GEN142<\/a> : Ing\u00e9nierie m\u00e9thodes et pratiques 1<\/li>\n<li><a href=\"https:\/\/cours.uqac.ca\/6GMX110\" target=\"_blank\">6GMX110<\/a> : Mat\u00e9riaux de l&#8217;ing\u00e9nieur<\/li>\n<li>6GIN300 : Introduction aux projets de l&#8217;ing\u00e9nieur<\/li>\n<\/ul>\n<p><strong>Supervisions<\/strong><\/p>\n<ul>\n<li>Projet de fin d&#8217;\u00e9tudes 5 cr\u00e9dits (4 \u00e9tudiants)<\/li>\n<li>\u00c9valuation de ma\u00eetrise (2 \u00e9tudiants)<\/li>\n<li>Examen doctoral (2 \u00e9tudiants)<\/li>\n<li>S\u00e9minaire doctoral (1 \u00e9tudiant)<\/li>\n<\/ul>\n","protected":false},"excerpt":{"rendered":"<p>Professeur chercheur sous octroi 6GEN105 : Ing\u00e9nierie m\u00e9thodes et pratiques 1 Auxiliaire d&#8217;enseignement 6GMX110 : Mat\u00e9riaux de l&#8217;ing\u00e9nieur Charg\u00e9 de cours 6GEN105 : Ing\u00e9nierie m\u00e9thodes et pratiques 1 6GEN148 : Ing\u00e9nierie m\u00e9thodes et pratiques 2 6GEN142 : Ing\u00e9nierie m\u00e9thodes et pratiques 1 6GMX110 : Mat\u00e9riaux de l&#8217;ing\u00e9nieur 6GIN300 : Introduction aux projets de l&#8217;ing\u00e9nieur Supervisions &hellip; <a href=\"https:\/\/portfolio.uqac.ca\/jeandenisbrassard\/enseignement\/\" class=\"more-link\">Continuer la lecture de <span class=\"screen-reader-text\">Enseignement<\/span>  <span class=\"meta-nav\">&rarr;<\/span><\/a><\/p>\n","protected":false},"author":89,"featured_media":0,"parent":0,"menu_order":0,"comment_status":"closed","ping_status":"closed","template":"","meta":{"footnotes":""},"tags":[],"_links":{"self":[{"href":"https:\/\/portfolio.uqac.ca\/jeandenisbrassard\/wp-json\/wp\/v2\/pages\/18"}],"collection":[{"href":"https:\/\/portfolio.uqac.ca\/jeandenisbrassard\/wp-json\/wp\/v2\/pages"}],"about":[{"href":"https:\/\/portfolio.uqac.ca\/jeandenisbrassard\/wp-json\/wp\/v2\/types\/page"}],"author":[{"embeddable":true,"href":"https:\/\/portfolio.uqac.ca\/jeandenisbrassard\/wp-json\/wp\/v2\/users\/89"}],"replies":[{"embeddable":true,"href":"https:\/\/portfolio.uqac.ca\/jeandenisbrassard\/wp-json\/wp\/v2\/comments?post=18"}],"version-history":[{"count":10,"href":"https:\/\/portfolio.uqac.ca\/jeandenisbrassard\/wp-json\/wp\/v2\/pages\/18\/revisions"}],"predecessor-version":[{"id":196,"href":"https:\/\/portfolio.uqac.ca\/jeandenisbrassard\/wp-json\/wp\/v2\/pages\/18\/revisions\/196"}],"wp:attachment":[{"href":"https:\/\/portfolio.uqac.ca\/jeandenisbrassard\/wp-json\/wp\/v2\/media?parent=18"}],"wp:term":[{"taxonomy":"post_tag","embeddable":true,"href":"https:\/\/portfolio.uqac.ca\/jeandenisbrassard\/wp-json\/wp\/v2\/tags?post=18"}],"curies":[{"name":"wp","href":"https:\/\/api.w.org\/{rel}","templated":true}]}}