{"id":27,"date":"2019-06-12T10:08:12","date_gmt":"2019-06-12T14:08:12","guid":{"rendered":"http:\/\/portfolio-pre.uqac.ca\/gabarit\/?page_id=27"},"modified":"2020-01-28T14:05:25","modified_gmt":"2020-01-28T19:05:25","slug":"curriculum-vitae","status":"publish","type":"page","link":"https:\/\/portfolio.uqac.ca\/jeandenisbrassard\/curriculum-vitae\/","title":{"rendered":"Curriculum vitae"},"content":{"rendered":"<h2><strong>Dipl\u00f4mes<\/strong><\/h2>\n<ul>\n<li>2012\/1 &#8211; 2016\/8 (Ph.D.) Doctorat en ing\u00e9nierie, Universit\u00e9 du Qu\u00e9bec \u00e0 Chicoutimi<\/li>\n<li>2010\/1 &#8211; 2011\/12 (M. Sc. A.) Ma\u00eetrise en ing\u00e9nierie, Universit\u00e9 du Qu\u00e9bec \u00e0 Chicoutimi<\/li>\n<li>2006\/1 &#8211; 2009\/12 (B. Ing.) Baccalaur\u00e9at, ing\u00e9nierie de l&#8217;aluminium, Universit\u00e9 du Qu\u00e9bec \u00e0 Chicoutimi<\/li>\n<\/ul>\n<h2><strong><br \/>\nDistinctions et bourses<br \/>\n<\/strong><\/h2>\n<ul>\n<li>Chercheur invit\u00e9 : Harbin Engineering University, 2018, Harbin, China<\/li>\n<li>Best Paper Award 2017 : Conference of Metallurgist 2017, Qu\u00e9bec, Canada<\/li>\n<li>Meilleure Affiche : Bourse Alcoa au Regroupement Aluminium du Qu\u00e9bec 2015<\/li>\n<li>Meilleure Affiche : Prix CURAL au Regroupement Aluminium du Qu\u00e9bec 2014<\/li>\n<li>Meilleure Affiche : Prix R\u00c9GAL axe 3 au Regroupement Aluminium du Qu\u00e9bec 2011<\/li>\n<\/ul>\n<h2><strong>Affiliations professionnelles<\/strong><\/h2>\n<ul>\n<li>Membre des comit\u00e9s de fluides de d\u00e9givrage d&#8217;avion et de pistes de la Soci\u00e9t\u00e9 of Automotive Engineering (SAE G12) depuis 2016<\/li>\n<li>Membre de l&#8217;Ordre des ing\u00e9nieurs du Qu\u00e9bec depuis 2012<\/li>\n<li>Membre de \u00abThe Canadian Institut of Mining, Metallurgy and Petroleum\u00bb depuis 2011<\/li>\n<\/ul>\n<h2><strong>Membre de comit\u00e9s acad\u00e9miques<\/strong><\/h2>\n<ul>\n<li>Comit\u00e9 de module d&#8217;ing\u00e9nierie, repr\u00e9sentant des charg\u00e9s de cours (2016-2018)<\/li>\n<li>Repr\u00e9sentant \u00e9tudiant (2011-2014)<\/li>\n<li>Comit\u00e9 de r\u00e9vision des programmes de ma\u00eetrise et de doctorat en ing\u00e9nierie (2014)<\/li>\n<li>Comit\u00e9 des programmes de ma\u00eetrise et de doctorat en ing\u00e9nierie (2011-2016)<\/li>\n<\/ul>\n<h2>Membre de comit\u00e9 de r\u00e9vision scientifique<\/h2>\n<ul>\n<li>R\u00e9viseur, <em>Journal of Materials Engineering and Performance<\/em> (3 travaux)<\/li>\n<li>R\u00e9viseur, <em>Ocean Engineering<\/em>, Elsevier (3 travaux)<\/li>\n<li>R\u00e9viseur, <em>Cold region sciences and technology<\/em> (1 travail)<\/li>\n<li>Responsable, <em>Icing conference 2019, Icing of Structures and Aircraft on the Ground : Runway<\/em><\/li>\n<\/ul>\n<h2>Comit\u00e9s techniques<\/h2>\n<ul>\n<li>SAE G12 committees : Aircrafts Deicing Fluids, Equipment, Future technologies, Fluids Requalification Working Group, Holdover Times, Runway Deicer Products, Rotarcraft Working Group.<\/li>\n<\/ul>\n<h2>Activit\u00e9s de consultation<\/h2>\n<ul>\n<li>Rapport confidentiel ; 2019-10, Les sels Warwick<\/li>\n<li>Rapport confidentiel ; 2019-01, Staca inc. et Industries M.E.S.<\/li>\n<li>Rapport confidentiel ; 2018-12, Staca inc. et Industries M.E.S.<\/li>\n<\/ul>\n","protected":false},"excerpt":{"rendered":"<p>Dipl\u00f4mes 2012\/1 &#8211; 2016\/8 (Ph.D.) Doctorat en ing\u00e9nierie, Universit\u00e9 du Qu\u00e9bec \u00e0 Chicoutimi 2010\/1 &#8211; 2011\/12 (M. Sc. A.) Ma\u00eetrise en ing\u00e9nierie, Universit\u00e9 du Qu\u00e9bec \u00e0 Chicoutimi 2006\/1 &#8211; 2009\/12 (B. Ing.) Baccalaur\u00e9at, ing\u00e9nierie de l&#8217;aluminium, Universit\u00e9 du Qu\u00e9bec \u00e0 Chicoutimi Distinctions et bourses Chercheur invit\u00e9 : Harbin Engineering University, 2018, Harbin, China Best Paper &hellip; <a href=\"https:\/\/portfolio.uqac.ca\/jeandenisbrassard\/curriculum-vitae\/\" class=\"more-link\">Continuer la lecture de <span class=\"screen-reader-text\">Curriculum vitae<\/span>  <span class=\"meta-nav\">&rarr;<\/span><\/a><\/p>\n","protected":false},"author":89,"featured_media":0,"parent":0,"menu_order":0,"comment_status":"closed","ping_status":"closed","template":"","meta":{"footnotes":""},"tags":[],"_links":{"self":[{"href":"https:\/\/portfolio.uqac.ca\/jeandenisbrassard\/wp-json\/wp\/v2\/pages\/27"}],"collection":[{"href":"https:\/\/portfolio.uqac.ca\/jeandenisbrassard\/wp-json\/wp\/v2\/pages"}],"about":[{"href":"https:\/\/portfolio.uqac.ca\/jeandenisbrassard\/wp-json\/wp\/v2\/types\/page"}],"author":[{"embeddable":true,"href":"https:\/\/portfolio.uqac.ca\/jeandenisbrassard\/wp-json\/wp\/v2\/users\/89"}],"replies":[{"embeddable":true,"href":"https:\/\/portfolio.uqac.ca\/jeandenisbrassard\/wp-json\/wp\/v2\/comments?post=27"}],"version-history":[{"count":12,"href":"https:\/\/portfolio.uqac.ca\/jeandenisbrassard\/wp-json\/wp\/v2\/pages\/27\/revisions"}],"predecessor-version":[{"id":198,"href":"https:\/\/portfolio.uqac.ca\/jeandenisbrassard\/wp-json\/wp\/v2\/pages\/27\/revisions\/198"}],"wp:attachment":[{"href":"https:\/\/portfolio.uqac.ca\/jeandenisbrassard\/wp-json\/wp\/v2\/media?parent=27"}],"wp:term":[{"taxonomy":"post_tag","embeddable":true,"href":"https:\/\/portfolio.uqac.ca\/jeandenisbrassard\/wp-json\/wp\/v2\/tags?post=27"}],"curies":[{"name":"wp","href":"https:\/\/api.w.org\/{rel}","templated":true}]}}