{"id":4,"date":"2019-06-12T10:08:12","date_gmt":"2019-06-12T14:08:12","guid":{"rendered":"http:\/\/portfolio-pre.uqac.ca\/gabarit\/?page_id=4"},"modified":"2020-01-28T09:32:24","modified_gmt":"2020-01-28T14:32:24","slug":"presentatio","status":"publish","type":"page","link":"https:\/\/portfolio.uqac.ca\/jeandenisbrassard\/","title":{"rendered":"Pr\u00e9sentation"},"content":{"rendered":"<h2>Jean-Denis Brassard<\/h2>\n<p>Professeur chercheur sous-octroi au d\u00e9partement des\u00a0sciences appliqu\u00e9es, ing., Ph D.<\/p>\n<ul>\n<li>Membre de l&#8217;Ordre des ing\u00e9nieurs du Qu\u00e9bec<\/li>\n<li>Membre de \u00abThe Canadian Institute of Mining, Metallurgy and Petroleum\u00bb<\/li>\n<\/ul>\n<h2>Champs d&#8217;int\u00e9r\u00eat<\/h2>\n<ul>\n<li>Givrage<\/li>\n<li>Fluides de d\u00e9givrage et d&#8217;anti-givrage<\/li>\n<\/ul>\n","protected":false},"excerpt":{"rendered":"<p>Jean-Denis Brassard Professeur chercheur sous-octroi au d\u00e9partement des\u00a0sciences appliqu\u00e9es, ing., Ph D. Membre de l&#8217;Ordre des ing\u00e9nieurs du Qu\u00e9bec Membre de \u00abThe Canadian Institute of Mining, Metallurgy and Petroleum\u00bb Champs d&#8217;int\u00e9r\u00eat Givrage Fluides de d\u00e9givrage et d&#8217;anti-givrage<\/p>\n","protected":false},"author":89,"featured_media":0,"parent":0,"menu_order":0,"comment_status":"closed","ping_status":"closed","template":"","meta":{"footnotes":""},"tags":[],"_links":{"self":[{"href":"https:\/\/portfolio.uqac.ca\/jeandenisbrassard\/wp-json\/wp\/v2\/pages\/4"}],"collection":[{"href":"https:\/\/portfolio.uqac.ca\/jeandenisbrassard\/wp-json\/wp\/v2\/pages"}],"about":[{"href":"https:\/\/portfolio.uqac.ca\/jeandenisbrassard\/wp-json\/wp\/v2\/types\/page"}],"author":[{"embeddable":true,"href":"https:\/\/portfolio.uqac.ca\/jeandenisbrassard\/wp-json\/wp\/v2\/users\/89"}],"replies":[{"embeddable":true,"href":"https:\/\/portfolio.uqac.ca\/jeandenisbrassard\/wp-json\/wp\/v2\/comments?post=4"}],"version-history":[{"count":17,"href":"https:\/\/portfolio.uqac.ca\/jeandenisbrassard\/wp-json\/wp\/v2\/pages\/4\/revisions"}],"predecessor-version":[{"id":183,"href":"https:\/\/portfolio.uqac.ca\/jeandenisbrassard\/wp-json\/wp\/v2\/pages\/4\/revisions\/183"}],"wp:attachment":[{"href":"https:\/\/portfolio.uqac.ca\/jeandenisbrassard\/wp-json\/wp\/v2\/media?parent=4"}],"wp:term":[{"taxonomy":"post_tag","embeddable":true,"href":"https:\/\/portfolio.uqac.ca\/jeandenisbrassard\/wp-json\/wp\/v2\/tags?post=4"}],"curies":[{"name":"wp","href":"https:\/\/api.w.org\/{rel}","templated":true}]}}