{"id":46,"date":"2019-06-12T10:08:12","date_gmt":"2019-06-12T14:08:12","guid":{"rendered":"http:\/\/portfolio-pre.uqac.ca\/gabarit\/?page_id=46"},"modified":"2020-01-29T10:40:33","modified_gmt":"2020-01-29T15:40:33","slug":"recherche","status":"publish","type":"page","link":"https:\/\/portfolio.uqac.ca\/jeandenisbrassard\/recherche\/","title":{"rendered":"Recherche"},"content":{"rendered":"<ul>\n<li>Recherche sur le d\u00e9givrage des pistes d&#8217;a\u00e9roports et des a\u00e9ronefs<\/li>\n<li>Adh\u00e9sion de la glace<\/li>\n<li>Accumulation de la glace sur les structures<\/li>\n<\/ul>\n","protected":false},"excerpt":{"rendered":"<p>Recherche sur le d\u00e9givrage des pistes d&#8217;a\u00e9roports et des a\u00e9ronefs Adh\u00e9sion de la glace Accumulation de la glace sur les structures<\/p>\n","protected":false},"author":89,"featured_media":0,"parent":0,"menu_order":0,"comment_status":"closed","ping_status":"closed","template":"","meta":{"footnotes":""},"tags":[],"_links":{"self":[{"href":"https:\/\/portfolio.uqac.ca\/jeandenisbrassard\/wp-json\/wp\/v2\/pages\/46"}],"collection":[{"href":"https:\/\/portfolio.uqac.ca\/jeandenisbrassard\/wp-json\/wp\/v2\/pages"}],"about":[{"href":"https:\/\/portfolio.uqac.ca\/jeandenisbrassard\/wp-json\/wp\/v2\/types\/page"}],"author":[{"embeddable":true,"href":"https:\/\/portfolio.uqac.ca\/jeandenisbrassard\/wp-json\/wp\/v2\/users\/89"}],"replies":[{"embeddable":true,"href":"https:\/\/portfolio.uqac.ca\/jeandenisbrassard\/wp-json\/wp\/v2\/comments?post=46"}],"version-history":[{"count":4,"href":"https:\/\/portfolio.uqac.ca\/jeandenisbrassard\/wp-json\/wp\/v2\/pages\/46\/revisions"}],"predecessor-version":[{"id":201,"href":"https:\/\/portfolio.uqac.ca\/jeandenisbrassard\/wp-json\/wp\/v2\/pages\/46\/revisions\/201"}],"wp:attachment":[{"href":"https:\/\/portfolio.uqac.ca\/jeandenisbrassard\/wp-json\/wp\/v2\/media?parent=46"}],"wp:term":[{"taxonomy":"post_tag","embeddable":true,"href":"https:\/\/portfolio.uqac.ca\/jeandenisbrassard\/wp-json\/wp\/v2\/tags?post=46"}],"curies":[{"name":"wp","href":"https:\/\/api.w.org\/{rel}","templated":true}]}}