{"id":106,"date":"2013-03-05T20:11:31","date_gmt":"2013-03-06T01:11:31","guid":{"rendered":"http:\/\/portfolio-pre.uqac.ca\/jeanfrancoisboucher\/?page_id=106"},"modified":"2022-06-13T17:08:52","modified_gmt":"2022-06-13T21:08:52","slug":"supervision","status":"publish","type":"page","link":"https:\/\/portfolio.uqac.ca\/jeanfrancoisboucher\/supervision\/","title":{"rendered":"Supervision"},"content":{"rendered":"<p><a href=\"https:\/\/portfolio.uqac.ca\/jeanfrancoisboucher\/files\/2012\/07\/UQAC2005-2.jpg\"><img loading=\"lazy\" decoding=\"async\" class=\"alignnone size-medium wp-image-209\" src=\"https:\/\/portfolio.uqac.ca\/jeanfrancoisboucher\/files\/2012\/07\/UQAC2005-2-300x202.jpg\" alt=\"UQAC2005-2\" width=\"300\" height=\"202\" srcset=\"https:\/\/portfolio.uqac.ca\/jeanfrancoisboucher\/files\/2012\/07\/UQAC2005-2-300x202.jpg 300w, https:\/\/portfolio.uqac.ca\/jeanfrancoisboucher\/files\/2012\/07\/UQAC2005-2-1024x692.jpg 1024w, https:\/\/portfolio.uqac.ca\/jeanfrancoisboucher\/files\/2012\/07\/UQAC2005-2-443x300.jpg 443w, https:\/\/portfolio.uqac.ca\/jeanfrancoisboucher\/files\/2012\/07\/UQAC2005-2.jpg 1638w\" sizes=\"(max-width: 300px) 100vw, 300px\" \/><\/a><\/p>\n<p>&nbsp;<\/p>\n<p><strong>POST-DOCS SUPERVIS\u00c9S ET CO-SUPERVIS\u00c9S<br \/>\n<\/strong><\/p>\n<p><strong>En cours<\/strong><\/p>\n<p style=\"padding-left: 30px\">1.\u00a0 Tremblay, D. 2022- Interactions entre les cibles des Objectifs de D\u00e9veloppement Durable des Nations Unies et les initiatives de DD de la SEPAQ. Co-direction: \u00c9tienne Berthold (ULaval).<\/p>\n<p><strong>Compl\u00e9t\u00e9s<\/strong><\/p>\n<p style=\"padding-left: 30px\">2. Dufour, B. 2012-2020. Valeur actuelle nette (VAN) et le taux de rentabilit\u00e9 interne (TRI) d\u2019un porte-folio d\u2019options de plantations compensatoires en zone bor\u00e9ale.<\/p>\n<p style=\"padding-left: 30px\">1.\u00a0\u00a0 Cavard, X. 2010-2013. Int\u00e9gration du risque de r\u00e9versibilit\u00e9 associ\u00e9 aux feux de for\u00eats dans les bilans carbone du boisement des landes bor\u00e9ales. Co-supervision : Yves Bergeron (UQAT).<\/p>\n<p>&nbsp;<\/p>\n<p><strong>TH\u00c8SES ET M\u00c9MOIRES SUPERVIS\u00c9S ET CO-SUPERVIS\u00c9S<br \/>\n<\/strong><\/p>\n<p><strong>En cours<\/strong><\/p>\n<p style=\"padding-left: 30px\">9.\u00a0 Olapo, G.A.J. 2022- Contribution des emprises de ligne de transport \u00e9lectrique \u00e0 l&#8217;empreinte C d&#8217;Hydro-Qu\u00e9bec. <span style=\"text-decoration: underline\">Ma\u00eetrise en Ressources renouvelables<\/span>, UQAC, D\u00e9partement des Sciences fondamentales, Chicoutimi, QC. Co-supervision: Annie Levasseur (\u00c9TS).<\/p>\n<p style=\"padding-left: 30px\">8.\u00a0 Cerclet, T., 2021- GreenBaux &#8211; Restauration \u00e9cologique du site de d\u00e9p\u00f4t de r\u00e9sidus de bauxite de RioTinto, Saguenay. Doctorat en ing\u00e9nierie, UQAC, Chicoutimi, QC. Direction: Romain Chesnaux (UQAC).<\/p>\n<p style=\"padding-left: 30px\">7.\u00a0 Andrianirinarimanana, M., 2021- Impact des traitements sylvicoles sur les stocks de carbone v\u00e9g\u00e9tal de peuplements d\u2019\u00e9pinettes noires suivant un gradient longitudinal. Doctorat sur mesure en \u00e9cologie foresti\u00e8re, UQAT, Rouyn, QC. Direction: Xavier Cavard (UQAT), Co-direction: Nelson Thiffault (RNC).<\/p>\n<p style=\"padding-left: 30px\">6.\u00a0 Srour, N., 2019- S\u00e9questration et stockage de carbone en contexte routier: Un potentiel pour lutter contre\u00a0 les changements climatiques. Doctorat en Sciences foresti\u00e8res, Universit\u00e9 Laval, Qu\u00e9bec, QC. Direction: \u00c9velyne Thiffault (ULaval).<\/p>\n<p style=\"padding-left: 30px\">5.\u00a0 Desbiens, J., 2019-\u00a0 Bilan carbone de for\u00eats nourrici\u00e8res du Saguenay-Lac-St-Jean. <span style=\"text-decoration: underline\">Ma\u00eetrise en Ressources renouvelables<\/span>, UQAC, D\u00e9partement des Sciences fondamentales, Chicoutimi, Qc. Co-supervision: Maxime Par\u00e9 (UQAC).<\/p>\n<p style=\"padding-left: 30px\">4.\u00a0 Gaudreault, C., 2019- L\u2019\u00e9conomie \u00e9cologique appliqu\u00e9e aux for\u00eats nourrici\u00e8res du Saguenay\u2015Lac-St-Jean (codirection).\u00a0<span style=\"text-decoration: underline\">Doctorat en Sciences de l&#8217;environnement,<\/span> UQAM-UQAC, D\u00e9partement des Sciences fondamentales, Chicoutimi, Qc. Direction: Olivier Riffon (UQAC); codirection: Salmata Ouedraogo (UQAC).<\/p>\n<p style=\"padding-left: 30px\">3.\u00a0 Viana, L., 2017- L\u2019analyse de cycle de vie (ACV) de diff\u00e9rents sc\u00e9narios d\u2019\u00e9cologie industrielle utilisant des amendements organiques en vue de la restauration de sites miniers par le reboisement.\u00a0<span style=\"text-decoration: underline\">Doctorat en Sciences de l&#8217;environnement,<\/span> UQAM-UQAC, D\u00e9partement des Sciences fondamentales, Chicoutimi, Qc. Co-supervision: Annie Levasseur (CIRAIG).<\/p>\n<p style=\"padding-left: 30px\">2.\u00a0\u00a0 M\u00e9nard, I., 2017- \u00c9valuation du potentiel d\u2019att\u00e9nuation des changements climatiques suite au boisement des d\u00e9nud\u00e9s secs (co-direction). <span style=\"text-decoration: underline\">Doctorat en Sciences foresti\u00e8res<\/span>, Universit\u00e9 Laval, Facult\u00e9 de Foresterie, de G\u00e9ographie et de G\u00e9omatique, D\u00e9partement des Sciences du bois et de la For\u00eat, Qu\u00e9bec, Qc. Direction\u00a0: \u00c9velyne Thiffault (ULaval).<\/p>\n<p style=\"padding-left: 30px\">1.\u00a0\u00a0 Levoy, L., 2017- Croissance, rendement et stockage \u00e0 long terme du carbone de parcs \u00e0 r\u00e9sidus miniers non-acides amend\u00e9s et rebois\u00e9s. <span style=\"text-decoration: underline\">Ma\u00eetrise en Ressources renouvelables<\/span>, UQAC, D\u00e9partement des Sciences fondamentales, Chicoutimi, Qc. Co-direction\u00a0: Boris Dufour (UQAC).<\/p>\n<p><strong>Compl\u00e9t\u00e9s<\/strong><\/p>\n<p style=\"padding-left: 30px\">17.\u00a0\u00a0 Tremblay, D. 2021. \u00c9valuation de l\u2019analyse syst\u00e9mique de la durabilit\u00e9 pour la mise en \u0153uvre effective du d\u00e9veloppement durable. <span style=\"text-decoration: underline\">Doctorat en Sciences de l&#8217;environnement,<\/span> UQAM-UQAC, D\u00e9partement des Sciences fondamentales, Chicoutimi, Qc. Collaborateur : Claude Villeneuve (UQAC).<\/p>\n<p style=\"padding-left: 30px\">16.\u00a0 Renald, S.-A. 2021\u00a0 Potentiel de s\u00e9questration de carbone dans le sol et la biomasse v\u00e9g\u00e9tale d\u2019un parc \u00e0 r\u00e9sidus miniers amend\u00e9s et rebois\u00e9s. <span style=\"text-decoration: underline\">Ma\u00eetrise en Ressources renouvelables<\/span>, UQAC, D\u00e9partement des Sciences fondamentales, Chicoutimi, Qc. Co-direction\u00a0: Maxime Par\u00e9 (UQAC), S\u00e9bastien Roy (USherbrooke).<\/p>\n<p style=\"padding-left: 30px\">15.\u00a0 Gagnon, A., 2020\u00a0 Biodiversit\u00e9 de parcs \u00e0 r\u00e9sidus miniers restaur\u00e9s par reboisement et application d&#8217;amendements organiques. <span style=\"text-decoration: underline\">Ma\u00eetrise en Ressources renouvelables<\/span>, UQAC, D\u00e9partement des Sciences fondamentales, Chicoutimi, Qc. Co-supervision: Pascal Sirois (UQAC).<\/p>\n<p style=\"padding-left: 30px\">14.\u00a0\u00a0 Bouchard-Jean, F. 2019. \u00c9valuation de la r\u00e9ponse h\u00e2tive de la v\u00e9g\u00e9tation et des sols d&#8217;un parc \u00e0 r\u00e9sidus miniers suite \u00e0 des sc\u00e9narios de reboisement et d&#8217;amendement de biosolides de papeti\u00e8re. <span style=\"text-decoration: underline\">Ma\u00eetrise en Ressources renouvelables<\/span>, UQAC, D\u00e9partement des Sciences fondamentales, Chicoutimi, Qc. Co-direction\u00a0: Maxime Par\u00e9 (UQAC), S\u00e9bastien Roy (USherbrooke).<\/p>\n<p style=\"padding-left: 30px\">13.\u00a0\u00a0 Gagnon, F. 2018. Utilisation d\u2019amendements organiques pour le reboisement du parc \u00e0 r\u00e9sidus sans drainage minier acide de la mine Niobec. <span style=\"text-decoration: underline\">Ma\u00eetrise en Ressources renouvelables<\/span>, UQAC, D\u00e9partement des Sciences fondamentales, Chicoutimi, Qc. Co-direction\u00a0: Claude Villeneuve (UQAC).<\/p>\n<p style=\"padding-left: 30px\">12.\u00a0\u00a0 Girard, S. 2017. Utilisation d\u2019amendements organiques pour le reboisement du parc de r\u00e9sidus miniers sans rejet acide du Mont-Wright. <span style=\"text-decoration: underline\">Ma\u00eetrise en Ressources renouvelables<\/span>, UQAC, D\u00e9partement des Sciences fondamentales, Chicoutimi, Qc. Co-direction\u00a0: Claude Villeneuve (UQAC).<\/p>\n<p style=\"padding-left: 30px\">11. Durocher, S. 2015. \u00c9valuation du bilan de carbone de l\u2019utilisation de biosolides de papeti\u00e8res dans le cadre d\u2019un projet de v\u00e9g\u00e9talisation d\u2019un parc \u00e0 r\u00e9sidus miniers. <span style=\"text-decoration: underline\">Ma\u00eetrise en Ressources renouvelables<\/span>, UQAC, D\u00e9partement des Sciences fondamentales, Chicoutimi, Qc. Co-direction\u00a0: Claude Villeneuve (UQAC). Collaborateurs\u00a0: Rock Ouimet (MRNF), Philippe Rochette (Agriculture et agroalimentaire Canada).<\/p>\n<p style=\"padding-left: 30px\">10.\u00a0 Fradette, O. 2013. Croissance des stocks de carbone 10 ans apr\u00e8s boisement des terrains d\u00e9nud\u00e9s bor\u00e9aux. <i>M\u00e9moire pr\u00e9sent\u00e9 \u00e0 l\u2019Universit\u00e9 du Qu\u00e9bec \u00e0 Chicoutimi comme exigence de la ma\u00eetrise en ressources renouvelables<\/i>, Janvier 2013, D\u00e9partement des Sciences fondamentales, Chicoutimi, Qc. Co-direction\u00a0: Daniel Lord (UQAC)<\/p>\n<p style=\"padding-left: 30px\">9.\u00a0\u00a0 Dessureault, P.-L. 2012. Bilan GES de la centrale hydro-\u00e9lectrique Eastmain-1 li\u00e9 au changement d\u2019affectation des terres. <i>M\u00e9moire pr\u00e9sent\u00e9 \u00e0 l\u2019Universit\u00e9 du Qu\u00e9bec \u00e0 Chicoutimi comme exigence de la ma\u00eetrise en ressources renouvelables<\/i>, Juillet 2012, D\u00e9partement des Sciences fondamentales, Chicoutimi, Qc. Co-direction\u00a0: Claude Villeneuve (UQAC)<\/p>\n<p style=\"padding-left: 30px\">8.\u00a0\u00a0 Delisle, I. 2012. Croissance et rendement de la r\u00e9g\u00e9n\u00e9ration naturelle apr\u00e8s traitements sylvicoles dans les terrains d\u00e9nud\u00e9s bor\u00e9aux. <i>M\u00e9moire pr\u00e9sent\u00e9 \u00e0 l\u2019Universit\u00e9 du Qu\u00e9bec \u00e0 Chicoutimi comme exigence de la ma\u00eetrise en ressources renouvelables<\/i>, Juin 2012, D\u00e9partement des Sciences fondamentales, Chicoutimi, Qc.\u00a0 Co-direction\u00a0: Daniel Lord (UQAC)<\/p>\n<p style=\"padding-left: 30px\">7.\u00a0\u00a0 Touchette, M. 2012. Fertilit\u00e9 des sols et nutrition des arbres apr\u00e8s boisement des terrains d\u00e9nud\u00e9s bor\u00e9aux. <i>M\u00e9moire pr\u00e9sent\u00e9 \u00e0 l\u2019Universit\u00e9 du Qu\u00e9bec \u00e0 Chicoutimi comme exigence de la ma\u00eetrise en ressources renouvelables<\/i>, Mai 2012, D\u00e9partement des Sciences fondamentales, Chicoutimi, Qc.\u00a0 Co-direction\u00a0: Alison Munson (U.Laval) et Daniel Lord (UQAC)<\/p>\n<p style=\"padding-left: 30px\">6.\u00a0\u00a0 Laurent, A.-B. 2011. Int\u00e9gration de produits lignocellulosiques dans le bilan carbone de la for\u00eat bor\u00e9ale. <i>M\u00e9moire pr\u00e9sent\u00e9 \u00e0 l\u2019Universit\u00e9 du Qu\u00e9bec \u00e0 Chicoutimi comme exigence de la ma\u00eetrise en ressources renouvelables<\/i>, D\u00e9cembre 2011, D\u00e9partement des Sciences fondamentales, Chicoutimi, Qc. Co-direction\u00a0: Sophie D\u2019Amours (U.Laval) et Claude Villeneuve (UQAC)<\/p>\n<p style=\"padding-left: 30px\">5.\u00a0\u00a0 Gonzalez, E. 2011. Diversit\u00e9 et r\u00e9silience v\u00e9g\u00e9tales des pessi\u00e8res noires \u00e0 lichens de la for\u00eat bor\u00e9ale qu\u00e9b\u00e9coise deux ann\u00e9es apr\u00e8s perturbations sylvicoles. <i>M\u00e9moire pr\u00e9sent\u00e9 \u00e0 l\u2019Universit\u00e9 du Qu\u00e9bec \u00e0 Chicoutimi comme exigence de la ma\u00eetrise en ressources renouvelables<\/i>, F\u00e9vrier 2011, D\u00e9partement des Sciences fondamentales, Chicoutimi, Qc. Co-direction\u00a0: Daniel Lord (UQAC)<\/p>\n<p style=\"padding-left: 30px\">4.\u00a0\u00a0 Tremblay, P. 2010. Remise en production de d\u00e9nud\u00e9s secs \u00e0 cladonies du domaine de la pessi\u00e8re \u00e0 mousses du Qu\u00e9bec\u00a0: R\u00e9ponse h\u00e2tive des semis d\u2019\u00e9pinette noire. <i>M\u00e9moire pr\u00e9sent\u00e9 \u00e0 l\u2019Universit\u00e9 du Qu\u00e9bec \u00e0 Chicoutimi comme exigence de la ma\u00eetrise en ressources renouvelables<\/i>, Mars 2010, D\u00e9partement des Sciences fondamentales, Chicoutimi, Qc. Co-direction\u00a0: Daniel Lord (UQAC)<\/p>\n<p style=\"padding-left: 30px\">3.\u00a0\u00a0 Tremblay, M. 2009. Ensemencement naturel des pessi\u00e8res \u00e0 lichens par l\u2019\u00e9pinette noire (<i>Picea mariana<\/i> (Mill.) B.S.P.) : Importance de la source de semences et de la qualit\u00e9 des lits de germination. <i>M\u00e9moire pr\u00e9sent\u00e9 \u00e0 l\u2019Universit\u00e9 du Qu\u00e9bec \u00e0 Chicoutimi comme exigence de la ma\u00eetrise en ressources renouvelables<\/i>, octobre 2009, D\u00e9partement des Sciences fondamentales, Chicoutimi, Qc. Co-direction\u00a0: Daniel Lord (UQAC)<\/p>\n<p style=\"padding-left: 30px\">2.\u00a0\u00a0 Girard, F. 2004. Remise en production des pessi\u00e8res \u00e0 lichens de la for\u00eat bor\u00e9ale commerciale: Nutrition et croissance de plants d\u2019\u00e9pinette noire trois ans apr\u00e8s traitements de pr\u00e9paration de terrain. <i>M\u00e9moire pr\u00e9sent\u00e9 \u00e0 l\u2019Universit\u00e9 du Qu\u00e9bec \u00e0 Chicoutimi comme exigence de la ma\u00eetrise en ressources renouvelables<\/i>, mai 2004, D\u00e9partement des Sciences fondamentales, Chicoutimi, Qc. Co-direction\u00a0: Daniel Lord (UQAC)<\/p>\n<p style=\"padding-left: 30px\">1.\u00a0\u00a0 H\u00e9bert, F. 2004. Croissance et fonctions hydriques de plants d\u2019\u00e9pinette noire (<i>Picea mariana <\/i>(Mill.) B.S.P.) et de pin gris (<i>Pinus banksiana <\/i>Lamb.) trois ans apr\u00e8s plantation dans des pessi\u00e8res noires \u00e0 lichens de la for\u00eat bor\u00e9ale commerciale. <i>M\u00e9moire pr\u00e9sent\u00e9 \u00e0 l\u2019Universit\u00e9 du Qu\u00e9bec \u00e0 Chicoutimi comme exigence de la ma\u00eetrise en ressources renouvelables<\/i>, juin 2004, D\u00e9partement des Sciences fondamentales, Chicoutimi, Qc. Co-direction\u00a0: Daniel Lord (UQAC)<\/p>\n","protected":false},"excerpt":{"rendered":"<p>&nbsp; POST-DOCS SUPERVIS\u00c9S ET CO-SUPERVIS\u00c9S En cours 1.\u00a0 Tremblay, D. 2022- Interactions entre les cibles des Objectifs de D\u00e9veloppement Durable des Nations Unies et les initiatives de DD de la SEPAQ. Co-direction: \u00c9tienne Berthold (ULaval). Compl\u00e9t\u00e9s 2. Dufour, B. 2012-2020. Valeur actuelle nette (VAN) et le taux de rentabilit\u00e9 interne (TRI) d\u2019un porte-folio d\u2019options de &hellip; <a href=\"https:\/\/portfolio.uqac.ca\/jeanfrancoisboucher\/supervision\/\" class=\"more-link\">Continuer la lecture de <span class=\"screen-reader-text\">Supervision<\/span>  <span class=\"meta-nav\">&rarr;<\/span><\/a><\/p>\n","protected":false},"author":14,"featured_media":0,"parent":0,"menu_order":4,"comment_status":"closed","ping_status":"closed","template":"","meta":{"footnotes":""},"tags":[],"_links":{"self":[{"href":"https:\/\/portfolio.uqac.ca\/jeanfrancoisboucher\/wp-json\/wp\/v2\/pages\/106"}],"collection":[{"href":"https:\/\/portfolio.uqac.ca\/jeanfrancoisboucher\/wp-json\/wp\/v2\/pages"}],"about":[{"href":"https:\/\/portfolio.uqac.ca\/jeanfrancoisboucher\/wp-json\/wp\/v2\/types\/page"}],"author":[{"embeddable":true,"href":"https:\/\/portfolio.uqac.ca\/jeanfrancoisboucher\/wp-json\/wp\/v2\/users\/14"}],"replies":[{"embeddable":true,"href":"https:\/\/portfolio.uqac.ca\/jeanfrancoisboucher\/wp-json\/wp\/v2\/comments?post=106"}],"version-history":[{"count":32,"href":"https:\/\/portfolio.uqac.ca\/jeanfrancoisboucher\/wp-json\/wp\/v2\/pages\/106\/revisions"}],"predecessor-version":[{"id":450,"href":"https:\/\/portfolio.uqac.ca\/jeanfrancoisboucher\/wp-json\/wp\/v2\/pages\/106\/revisions\/450"}],"wp:attachment":[{"href":"https:\/\/portfolio.uqac.ca\/jeanfrancoisboucher\/wp-json\/wp\/v2\/media?parent=106"}],"wp:term":[{"taxonomy":"post_tag","embeddable":true,"href":"https:\/\/portfolio.uqac.ca\/jeanfrancoisboucher\/wp-json\/wp\/v2\/tags?post=106"}],"curies":[{"name":"wp","href":"https:\/\/api.w.org\/{rel}","templated":true}]}}