{"id":18,"date":"2012-07-23T20:05:15","date_gmt":"2012-07-24T00:05:15","guid":{"rendered":"http:\/\/portfolio-pre.uqac.ca\/gabarit\/?page_id=18"},"modified":"2025-01-07T14:14:36","modified_gmt":"2025-01-07T19:14:36","slug":"enseignement","status":"publish","type":"page","link":"https:\/\/portfolio.uqac.ca\/jeanfrancoisboucher\/enseignement\/","title":{"rendered":"Enseignement"},"content":{"rendered":"<p><a href=\"https:\/\/portfolio.uqac.ca\/jeanfrancoisboucher\/files\/2012\/07\/j-f-boucher.jpg\"><img loading=\"lazy\" decoding=\"async\" class=\"alignnone size-medium wp-image-206\" src=\"https:\/\/portfolio.uqac.ca\/jeanfrancoisboucher\/files\/2012\/07\/j-f-boucher-199x300.jpg\" alt=\"j-f-boucher\" width=\"199\" height=\"300\" srcset=\"https:\/\/portfolio.uqac.ca\/jeanfrancoisboucher\/files\/2012\/07\/j-f-boucher-199x300.jpg 199w, https:\/\/portfolio.uqac.ca\/jeanfrancoisboucher\/files\/2012\/07\/j-f-boucher.jpg 430w\" sizes=\"(max-width: 199px) 100vw, 199px\" \/><\/a><\/p>\n<h3><strong><a href=\"https:\/\/www.uqac.ca\/programme\/3598-dess-en-eco-conseil\/\" target=\"_blank\" rel=\"noopener\">Dipl\u00f4me d&#8217;\u00e9tudes sup\u00e9rieures sp\u00e9cialis\u00e9es en \u00e9co-conseil<\/a><\/strong><\/h3>\n<p style=\"padding-left: 40px\"><a href=\"https:\/\/programmes.uqac.ca\/1ECC813\" target=\"_blank\" rel=\"noopener\">1ECC813<\/a> \u00a0\u00a0\u00a0\u00a0 Nature et port\u00e9e des probl\u00e9matiques socio-\u00e9cologiques I.<\/p>\n<p style=\"padding-left: 40px\"><a href=\"https:\/\/programmes.uqac.ca\/1ECC861\" target=\"_blank\" rel=\"noopener\">1ECC861<\/a>\u00a0\u00a0\u00a0\u00a0\u00a0 Notions d&#8217;\u00e9cologie pour la pratique de l&#8217;\u00e9co-conseil<\/p>\n<h3><a href=\"https:\/\/www.uqac.ca\/programme\/9044-prog-court-2e-transition-socio-ecologique\/\" target=\"_blank\" rel=\"noopener\">Programme court de deuxi\u00e8me cycle en transition socio-\u00e9cologique<\/a><\/h3>\n<p style=\"padding-left: 30px\"><a href=\"https:\/\/programmes.uqac.ca\/1ECC828\" target=\"_blank\" rel=\"noopener\">1ECC828<\/a> \u00a0\u00a0\u00a0\u00a0 Cycle du carbone et changements climatiques.<\/p>\n<p style=\"padding-left: 30px\"><a href=\"https:\/\/programmes.uqac.ca\/1ECC858\" target=\"_blank\" rel=\"noopener\">1ECC858<\/a> \u00a0\u00a0\u00a0\u00a0 Contribution des secteurs d&#8217;activit\u00e9 \u00e0 la lutte aux changements climatiques, l&#8217;approche \u00e9co-conseil.<\/p>\n<p style=\"padding-left: 30px\"><a href=\"https:\/\/programmes.uqac.ca\/1ECC859\" target=\"_blank\" rel=\"noopener\">1ECC859<\/a> \u00a0\u00a0\u00a0\u00a0 Quantification de projets et de plans de gestion du carbone.<\/p>\n<p style=\"padding-left: 30px\"><a href=\"https:\/\/programmes.uqac.ca\/1ECC865\" target=\"_blank\" rel=\"noopener\">1ECC865<\/a>\u00a0\u00a0\u00a0\u00a0\u00a0 Communication en d\u00e9veloppement durable<\/p>\n<p style=\"padding-left: 30px\">\n","protected":false},"excerpt":{"rendered":"<p>Dipl\u00f4me d&#8217;\u00e9tudes sup\u00e9rieures sp\u00e9cialis\u00e9es en \u00e9co-conseil 1ECC813 \u00a0\u00a0\u00a0\u00a0 Nature et port\u00e9e des probl\u00e9matiques socio-\u00e9cologiques I. 1ECC861\u00a0\u00a0\u00a0\u00a0\u00a0 Notions d&#8217;\u00e9cologie pour la pratique de l&#8217;\u00e9co-conseil Programme court de deuxi\u00e8me cycle en transition socio-\u00e9cologique 1ECC828 \u00a0\u00a0\u00a0\u00a0 Cycle du carbone et changements climatiques. 1ECC858 \u00a0\u00a0\u00a0\u00a0 Contribution des secteurs d&#8217;activit\u00e9 \u00e0 la lutte aux changements climatiques, l&#8217;approche \u00e9co-conseil. 1ECC859 \u00a0\u00a0\u00a0\u00a0 &hellip; <a href=\"https:\/\/portfolio.uqac.ca\/jeanfrancoisboucher\/enseignement\/\" class=\"more-link\">Continuer la lecture de <span class=\"screen-reader-text\">Enseignement<\/span>  <span class=\"meta-nav\">&rarr;<\/span><\/a><\/p>\n","protected":false},"author":14,"featured_media":0,"parent":0,"menu_order":5,"comment_status":"closed","ping_status":"closed","template":"","meta":{"footnotes":""},"tags":[],"_links":{"self":[{"href":"https:\/\/portfolio.uqac.ca\/jeanfrancoisboucher\/wp-json\/wp\/v2\/pages\/18"}],"collection":[{"href":"https:\/\/portfolio.uqac.ca\/jeanfrancoisboucher\/wp-json\/wp\/v2\/pages"}],"about":[{"href":"https:\/\/portfolio.uqac.ca\/jeanfrancoisboucher\/wp-json\/wp\/v2\/types\/page"}],"author":[{"embeddable":true,"href":"https:\/\/portfolio.uqac.ca\/jeanfrancoisboucher\/wp-json\/wp\/v2\/users\/14"}],"replies":[{"embeddable":true,"href":"https:\/\/portfolio.uqac.ca\/jeanfrancoisboucher\/wp-json\/wp\/v2\/comments?post=18"}],"version-history":[{"count":19,"href":"https:\/\/portfolio.uqac.ca\/jeanfrancoisboucher\/wp-json\/wp\/v2\/pages\/18\/revisions"}],"predecessor-version":[{"id":499,"href":"https:\/\/portfolio.uqac.ca\/jeanfrancoisboucher\/wp-json\/wp\/v2\/pages\/18\/revisions\/499"}],"wp:attachment":[{"href":"https:\/\/portfolio.uqac.ca\/jeanfrancoisboucher\/wp-json\/wp\/v2\/media?parent=18"}],"wp:term":[{"taxonomy":"post_tag","embeddable":true,"href":"https:\/\/portfolio.uqac.ca\/jeanfrancoisboucher\/wp-json\/wp\/v2\/tags?post=18"}],"curies":[{"name":"wp","href":"https:\/\/api.w.org\/{rel}","templated":true}]}}