{"id":305,"date":"2015-08-21T15:28:53","date_gmt":"2015-08-21T19:28:53","guid":{"rendered":"http:\/\/portfolio-pre.uqac.ca\/jeanfrancoisboucher\/?page_id=305"},"modified":"2021-08-25T15:04:35","modified_gmt":"2021-08-25T19:04:35","slug":"pc-transition-socioecologique","status":"publish","type":"page","link":"https:\/\/portfolio.uqac.ca\/jeanfrancoisboucher\/pc-transition-socioecologique\/","title":{"rendered":"Programme court de 2e cycle en transition socio\u00e9cologique"},"content":{"rendered":"<p><a href=\"https:\/\/portfolio.uqac.ca\/jeanfrancoisboucher\/files\/2021\/08\/Banderole-PC-transition.png\"><img loading=\"lazy\" decoding=\"async\" class=\"alignnone size-full wp-image-436\" src=\"https:\/\/portfolio.uqac.ca\/jeanfrancoisboucher\/files\/2021\/08\/Banderole-PC-transition.png\" alt=\"\" width=\"1893\" height=\"548\" srcset=\"https:\/\/portfolio.uqac.ca\/jeanfrancoisboucher\/files\/2021\/08\/Banderole-PC-transition.png 1893w, https:\/\/portfolio.uqac.ca\/jeanfrancoisboucher\/files\/2021\/08\/Banderole-PC-transition-300x87.png 300w, https:\/\/portfolio.uqac.ca\/jeanfrancoisboucher\/files\/2021\/08\/Banderole-PC-transition-768x222.png 768w, https:\/\/portfolio.uqac.ca\/jeanfrancoisboucher\/files\/2021\/08\/Banderole-PC-transition-1024x296.png 1024w\" sizes=\"(max-width: 1893px) 100vw, 1893px\" \/><\/a><\/p>\n<p><em>(Merci de faire circuler dans vos r\u00e9seaux)<\/em><\/p>\n<p><em>\u00a0<\/em><\/p>\n<h2><span style=\"color: #ff6600\"><strong>Programme court de 2e cycle en <\/strong><strong>transition socio-\u00e9cologique<\/strong><strong>!<\/strong><\/span><\/h2>\n<p><em>\u00a0\u00a0\u00a0\u00a0\u00a0\u00a0\u00a0\u00a0\u00a0\u00a0\u00a0\u00a0\u00a0\u00a0\u00a0\u00a0\u00a0\u00a0\u00a0\u00a0\u00a0\u00a0\u00a0\u00a0\u00a0\u00a0\u00a0\u00a0\u00a0\u00a0\u00a0\u00a0\u00a0\u00a0\u00a0\u00a0\u00a0\u00a0\u00a0\u00a0\u00a0\u00a0\u00a0\u00a0\u00a0\u00a0\u00a0\u00a0\u00a0\u00a0\u00a0\u00a0\u00a0\u00a0\u00a0 <\/em><\/p>\n<p><em>Vous \u00eates un(e) professionnel(le) int\u00e9ress\u00e9(e) ou sensible aux questions relatives \u00e0 l&#8217;op\u00e9rationnalisation du d\u00e9veloppement durable, \u00e0 la transition socio\u00e9cologie ou \u00e0 la lutte aux changements climatiques? Vous souhaitez \u00eatre un.e acteur.trice qualifi\u00e9.e sur ces sujets \u00e0 travers vos activit\u00e9s professionnelles ou sur le plan personnel?<br \/>\n<\/em><\/p>\n<p><em>Le <span style=\"color: #ff6600\"><strong>programme court de 2e cycle en transition socio-\u00e9cologique de l&#8217;Universit\u00e9 du Qu\u00e9bec \u00e0 Chicoutimi (UQAC) <\/strong><\/span>pourrait alors vous int\u00e9resser! Il s&#8217;agit d&#8217;un <strong>tout nouveau<\/strong> programme de formation de 15 cr\u00e9dits (5 cours) offert \u00e0 temps complet ou \u00e0 temps partiel, pouvant \u00eatre <span style=\"color: #800080\"><strong>suivi en prestation virtuelle <\/strong><span style=\"color: #000000\">(<\/span><span style=\"color: #000000\">et en diff\u00e9r\u00e9)<\/span><\/span> gr\u00e2ce \u00e0 des formules p\u00e9dagogiques \u00e9prouv\u00e9es en <u>webdiffusion<\/u>. Pas n\u00e9cessaire de se d\u00e9placer \u00e0 l\u2019UQAC! Ce programme est <u>la seule formation universitaire qu\u00e9b\u00e9coise<\/u> portant exclusivement sur la transition socio-\u00e9cologique et offerte \u00e0 tout.e professionnel.elle de tous acabits.<\/em><\/p>\n<p><em>Le programme vise principalement l&#8217;acquisition de connaissances et de savoir-faire pour les professionnels.elles <strong><u>de tout secteur d&#8217;activit\u00e9<\/u><\/strong>, afin de leur donner des outils pour int\u00e9grer la transition socio-\u00e9cologique dans leur profession et leur vie en g\u00e9n\u00e9ral. L&#8217;enseignement est transmis principalement par des experts.es chevronn\u00e9s.es en \u00e9co-conseil de l\u2019UQAC, avec un souci constant du respect des diverses dimensions du d\u00e9veloppement durable dans leur complexit\u00e9 disciplinaire, incluant l&#8217;approche \u00e9co-conseil des probl\u00e9matiques et opportunit\u00e9s li\u00e9es \u00e0 l&#8217;op\u00e9rationnalisation de la transition.<br \/>\n<\/em><\/p>\n<p><em>Vous \u00eates convi\u00e9.e \u00e0 prendre connaissance du r\u00e9sum\u00e9 du programme en visitant le site <a href=\"https:\/\/programmes.uqac.ca\/9044\/officiel\" target=\"_blank\">internet de l&#8217;UQAC<\/a><\/em><em>. Vous pouvez <u>d\u00e8s maintenant<\/u> vous inscrire aux diff\u00e9rents cours offerts \u00e0 l\u2019automne 2021, en choisissant l&#8217;une ou l&#8217;autre des 3 concentrations offertes: <strong>D\u00e9veloppement durable appliqu\u00e9<\/strong>, <strong>Lutte aux changements climatiques<\/strong>, ou<strong> Analyse syst\u00e9mique de durabilit\u00e9<\/strong><\/em><em>. <strong><u>Faites vite, le d\u00e9but des cours est le 30 ao\u00fbt prochain<\/u><\/strong>!<\/em><\/p>\n<p><em>\u00a0\u00a0\u00a0\u00a0\u00a0\u00a0\u00a0\u00a0\u00a0\u00a0\u00a0\u00a0\u00a0\u00a0\u00a0\u00a0\u00a0\u00a0\u00a0\u00a0\u00a0\u00a0\u00a0\u00a0\u00a0\u00a0\u00a0\u00a0\u00a0\u00a0\u00a0\u00a0\u00a0\u00a0\u00a0\u00a0\u00a0\u00a0\u00a0\u00a0\u00a0\u00a0\u00a0\u00a0\u00a0\u00a0\u00a0\u00a0\u00a0\u00a0\u00a0\u00a0\u00a0\u00a0\u00a0\u00a0\u00a0\u00a0\u00a0\u00a0\u00a0\u00a0\u00a0\u00a0\u00a0\u00a0\u00a0\u00a0\u00a0\u00a0\u00a0\u00a0\u00a0\u00a0\u00a0\u00a0\u00a0\u00a0\u00a0\u00a0\u00a0\u00a0\u00a0\u00a0\u00a0\u00a0\u00a0\u00a0\u00a0\u00a0\u00a0\u00a0\u00a0\u00a0\u00a0\u00a0\u00a0\u00a0\u00a0\u00a0\u00a0\u00a0\u00a0\u00a0\u00a0\u00a0\u00a0\u00a0\u00a0\u00a0\u00a0\u00a0\u00a0\u00a0\u00a0\u00a0\u00a0\u00a0\u00a0\u00a0\u00a0\u00a0\u00a0\u00a0\u00a0\u00a0\u00a0 <\/em><\/p>\n<p><em>Pour plus d&#8217;informations, n&#8217;h\u00e9sitez pas \u00e0 nous \u00e9crire \u00e0 <a href=\"mailto:spcs_eco-conseil@uqac.ca\">spcs_eco-conseil@uqac.ca<\/a>. <\/em><\/p>\n","protected":false},"excerpt":{"rendered":"<p>(Merci de faire circuler dans vos r\u00e9seaux) \u00a0 Programme court de 2e cycle en transition socio-\u00e9cologique! \u00a0\u00a0\u00a0\u00a0\u00a0\u00a0\u00a0\u00a0\u00a0\u00a0\u00a0\u00a0\u00a0\u00a0\u00a0\u00a0\u00a0\u00a0\u00a0\u00a0\u00a0\u00a0\u00a0\u00a0\u00a0\u00a0\u00a0\u00a0\u00a0\u00a0\u00a0\u00a0\u00a0\u00a0\u00a0\u00a0\u00a0\u00a0\u00a0\u00a0\u00a0\u00a0\u00a0\u00a0\u00a0\u00a0\u00a0\u00a0\u00a0\u00a0\u00a0\u00a0\u00a0\u00a0\u00a0 Vous \u00eates un(e) professionnel(le) int\u00e9ress\u00e9(e) ou sensible aux questions relatives \u00e0 l&#8217;op\u00e9rationnalisation du d\u00e9veloppement durable, \u00e0 la transition socio\u00e9cologie ou \u00e0 la lutte aux changements climatiques? Vous souhaitez \u00eatre un.e acteur.trice qualifi\u00e9.e sur ces sujets \u00e0 travers vos &hellip; <a href=\"https:\/\/portfolio.uqac.ca\/jeanfrancoisboucher\/pc-transition-socioecologique\/\" class=\"more-link\">Continuer la lecture de <span class=\"screen-reader-text\">Programme court de 2e cycle en transition socio\u00e9cologique<\/span>  <span class=\"meta-nav\">&rarr;<\/span><\/a><\/p>\n","protected":false},"author":14,"featured_media":0,"parent":0,"menu_order":0,"comment_status":"open","ping_status":"open","template":"page-templates\/full-width.php","meta":{"footnotes":""},"tags":[],"_links":{"self":[{"href":"https:\/\/portfolio.uqac.ca\/jeanfrancoisboucher\/wp-json\/wp\/v2\/pages\/305"}],"collection":[{"href":"https:\/\/portfolio.uqac.ca\/jeanfrancoisboucher\/wp-json\/wp\/v2\/pages"}],"about":[{"href":"https:\/\/portfolio.uqac.ca\/jeanfrancoisboucher\/wp-json\/wp\/v2\/types\/page"}],"author":[{"embeddable":true,"href":"https:\/\/portfolio.uqac.ca\/jeanfrancoisboucher\/wp-json\/wp\/v2\/users\/14"}],"replies":[{"embeddable":true,"href":"https:\/\/portfolio.uqac.ca\/jeanfrancoisboucher\/wp-json\/wp\/v2\/comments?post=305"}],"version-history":[{"count":21,"href":"https:\/\/portfolio.uqac.ca\/jeanfrancoisboucher\/wp-json\/wp\/v2\/pages\/305\/revisions"}],"predecessor-version":[{"id":437,"href":"https:\/\/portfolio.uqac.ca\/jeanfrancoisboucher\/wp-json\/wp\/v2\/pages\/305\/revisions\/437"}],"wp:attachment":[{"href":"https:\/\/portfolio.uqac.ca\/jeanfrancoisboucher\/wp-json\/wp\/v2\/media?parent=305"}],"wp:term":[{"taxonomy":"post_tag","embeddable":true,"href":"https:\/\/portfolio.uqac.ca\/jeanfrancoisboucher\/wp-json\/wp\/v2\/tags?post=305"}],"curies":[{"name":"wp","href":"https:\/\/api.w.org\/{rel}","templated":true}]}}