{"id":46,"date":"2012-07-24T14:17:13","date_gmt":"2012-07-24T18:17:13","guid":{"rendered":"http:\/\/portfolio-pre.uqac.ca\/gabarit\/?page_id=46"},"modified":"2022-03-21T12:06:58","modified_gmt":"2022-03-21T16:06:58","slug":"recherche","status":"publish","type":"page","link":"https:\/\/portfolio.uqac.ca\/jeanfrancoisboucher\/recherche\/","title":{"rendered":"Recherche en cours"},"content":{"rendered":"<p><a href=\"https:\/\/portfolio.uqac.ca\/jeanfrancoisboucher\/files\/2012\/07\/cr10-mista-00003.jpg\"><img loading=\"lazy\" decoding=\"async\" class=\"alignnone size-medium wp-image-231\" src=\"https:\/\/portfolio.uqac.ca\/jeanfrancoisboucher\/files\/2012\/07\/cr10-mista-00003-225x300.jpg\" alt=\"cr10 mista 00003\" width=\"225\" height=\"300\" srcset=\"https:\/\/portfolio.uqac.ca\/jeanfrancoisboucher\/files\/2012\/07\/cr10-mista-00003-225x300.jpg 225w, https:\/\/portfolio.uqac.ca\/jeanfrancoisboucher\/files\/2012\/07\/cr10-mista-00003-768x1024.jpg 768w, https:\/\/portfolio.uqac.ca\/jeanfrancoisboucher\/files\/2012\/07\/cr10-mista-00003.jpg 1536w\" sizes=\"(max-width: 225px) 100vw, 225px\" \/><\/a><a href=\"https:\/\/portfolio.uqac.ca\/jeanfrancoisboucher\/files\/2012\/07\/photo-dispo-2015.png\"><img loading=\"lazy\" decoding=\"async\" class=\"alignnone wp-image-333\" src=\"https:\/\/portfolio.uqac.ca\/jeanfrancoisboucher\/files\/2012\/07\/photo-dispo-2015.png\" alt=\"photo dispo 2015\" width=\"346\" height=\"259\" srcset=\"https:\/\/portfolio.uqac.ca\/jeanfrancoisboucher\/files\/2012\/07\/photo-dispo-2015.png 1503w, https:\/\/portfolio.uqac.ca\/jeanfrancoisboucher\/files\/2012\/07\/photo-dispo-2015-300x224.png 300w, https:\/\/portfolio.uqac.ca\/jeanfrancoisboucher\/files\/2012\/07\/photo-dispo-2015-1024x766.png 1024w\" sizes=\"(max-width: 346px) 100vw, 346px\" \/><\/a><a href=\"https:\/\/portfolio.uqac.ca\/jeanfrancoisboucher\/files\/2012\/07\/MVC-010S.jpg\"><img loading=\"lazy\" decoding=\"async\" class=\"alignnone size-medium wp-image-234\" src=\"https:\/\/portfolio.uqac.ca\/jeanfrancoisboucher\/files\/2012\/07\/MVC-010S-300x225.jpg\" alt=\"MVC-010S\" width=\"300\" height=\"225\" srcset=\"https:\/\/portfolio.uqac.ca\/jeanfrancoisboucher\/files\/2012\/07\/MVC-010S-300x225.jpg 300w, https:\/\/portfolio.uqac.ca\/jeanfrancoisboucher\/files\/2012\/07\/MVC-010S-400x300.jpg 400w, https:\/\/portfolio.uqac.ca\/jeanfrancoisboucher\/files\/2012\/07\/MVC-010S.jpg 640w\" sizes=\"(max-width: 300px) 100vw, 300px\" \/><\/a><\/p>\n<p><strong>TH\u00c8MES DE RECHERCHE<\/strong><\/p>\n<ul>\n<li>L\u2019att\u00e9nuation des \u00e9missions de gaz \u00e0 effet de serre par la gestion du carbone terrestre<\/li>\n<li>L&#8217;empreinte carbone des produits du bois<\/li>\n<li>L\u2019\u00e9cophysiologie de la r\u00e9g\u00e9n\u00e9ration foresti\u00e8re en contexte sylvicole<\/li>\n<li>\u00c9co-conseil<\/li>\n<\/ul>\n<p>&nbsp;<\/p>\n<p><strong>SUBVENTIONS DE RECHERCHE<\/strong><\/p>\n<p><strong>En cours:<\/strong><\/p>\n<ul>\n<li><strong>Contribution du secteur forestier \u00e0 l\u2019att\u00e9nuation des effets des changements climatiques<\/strong>, Programme de recherche orient\u00e9e en partenariat du MFFP (2021-2024); Co-financement de 2 M$ du MFFP entre l\u2019Universit\u00e9 Laval, l&#8217;UQO, l\u2019UQAC, l\u2019UQAT, UdeM, l&#8217;\u00c9TS, la TELUQ et l\u2019UQAM; Co-chercheurs: \u00c9velyne Thiffault (PI), Fr\u00e9d\u00e9rik Doyon (PI) et al. (plus de 20 chercheurs.euses universitaires, gouvernementaux et coll\u00e9giaux).<\/li>\n<li><strong>CRSNG-Alliance<\/strong> (2021-2026); <em>Connecting the dots: The biogenic carbon footprint of power transmission across forested lands<\/em>; Co-chercheurs: \u00c9velyne Thiffault (PI), J-F Boucher (UQAC), Alexis Achim (ULaval), Annie Levasseur (\u00c9TS) et 6 collaborateurs; Partenaire; Hydro-Qu\u00e9bec; Subvention totale: 1 M$.<\/li>\n<\/ul>\n<p><strong>Termin\u00e9es:<\/strong><\/p>\n<ul>\n<li><b>CRSNG-Recherche et D\u00e9veloppement Coop\u00e9ratif<\/b> (2019-2021); Optimisation du bilan carbone de l&#8217;industrie foresti\u00e8re dans un contexte de changements climatiques et d&#8217;am\u00e9nagement de zones sensibles en for\u00eat bor\u00e9ale; Co-chercheurs: Yves Bergeron (PI) (UQAT), Benoit Lafleur (UQAT); Collaborateurs: David Par\u00e9 (SCF), Sonia L\u00e9gar\u00e9 (MFFP), Daniel Houle (MFFP); Partenaires: Tembec, Chantiers Chibougamau; Subvention totale: 306 k$.<\/li>\n<li><b>CRSNG-Recherche et D\u00e9veloppement Coop\u00e9ratif<\/b> (2016-2019); <em>Afforestation\/reforestation for the sustainable mineland reclamation and greenhouse gas management in the Canadian mining sector<\/em>; Chercheur co-leader de l\u2019\u00e9quipe\u00a0: S\u00e9bastien Roy (USherbrooke); Chercheurs-collaborateurs : Annie Levasseur (Polytechnique), Maxime Par\u00e9 (UQAC), Werner Kurz (SCF); Partenaires: ArcelorMittal, Niobec, RioTinto; Subvention totale: 600 k$. <strong>Voir <a href=\"https:\/\/www.cirodd.org\/fr\/projet-mesure-restauration-parcs-miniers.php\" target=\"_blank\">r\u00e9sum\u00e9 ici<\/a>.<\/strong><\/li>\n<li><strong>Analyse et optimisation des retomb\u00e9es \u00e9conomiques, sociales et environnementales des for\u00eats nourrici\u00e8res en milieu urbain<\/strong> (2019-2020); Co-chercheurs: Olivier Riffon (UQAC), Maxime Par\u00e9 (UQAC); Partenaire: Eur\u00eako!; Subvention du Minist\u00e8re de l\u2019\u00c9conomie et de l\u2019Innovation, projets en innovation sociale (Volet 2) : 200 k$.<\/li>\n<li><strong>Planification et optimisation du boisement\/reboisement en zone bor\u00e9ale en vue de la lutte aux changements climatiques<\/strong> (2018-2019); Post-doc: Boris Dufour; Subvention du MFFP: 60 k$.<\/li>\n<li><strong>Groupe de travail For\u00eat\u2013Changements climatiques<\/strong>, FPInnovations-ULaval-UQAC (2017-2019); Co-chercheurs: Patrick Lavoie (FPI), Robert Beauregard et \u00c9velyne Thiffault (ULaval); Subvention du MFFP-MDDELCC (Fonds vert): 360 k$.<\/li>\n<li><strong>Minist\u00e8re des ressources naturelles (MRN), <\/strong>Programme de financement de recherche et d\u00e9veloppement en am\u00e9nagement forestier (PFRDAF) (2014-2015): \u00ab Optimisation de la valeur actuelle nette (VAN) du boisement des d\u00e9nud\u00e9s secs bor\u00e9aux dans le contexte de la lutte aux changements climatiques par l\u2019augmentation de la productivit\u00e9 foresti\u00e8re \u00bb; 135 k$ total; Chercheur-membre de l\u2019\u00e9quipe\u00a0: Daniel Lord (UQAC).<\/li>\n<li><b>CRSNG-Recherche et D\u00e9veloppement Coop\u00e9ratif<\/b> (2009-2012); <i>Mitigation of GHG emissions by afforestation of open woodlands within the continuous boreal forest<\/i>; 390 k$ total; Chercheurs-membres de l\u2019\u00e9quipe\u00a0: Daniel Lord (UQAC), Yves Bergeron (UQAT), Sophie D\u2019Amours (ULaval); Chercheurs-collaborateurs : Claude Villeneuve (UQAC), Rock Ouimet (DRF), Pierre Bernier (SCF).<\/li>\n<li style=\"padding-left: 30px\"><span style=\"color: #000000\">Prolongation 2012-2013; 82 k$; Chercheurs-collaborateurs\u00a0: Olivier Bahn (HEC), Jean-Philippe Waaub (UQAM).<\/span><\/li>\n<li><b>Agence canadienne de d\u00e9veloppement international<\/b> (ACDI), Programme Fast-Start; Projet d\u2019appui au renforcement des capacit\u00e9s des professionnels et universitaires en gestion durable des for\u00eats du bassin du Congo en Afrique Centrale &#8211; Universit\u00e9 de formation continue sur la gestion du carbone en milieu forestier et agroforestier tropical (2012-2013); 200 k$ total; Co-titulaires: Claude Villeneuve (UQAC), Damase Khasa (U.Laval).<\/li>\n<\/ul>\n<p><a href=\"https:\/\/portfolio.uqac.ca\/jeanfrancoisboucher\/files\/2012\/07\/Photo-souvenir-du-groupe.jpg\"><img loading=\"lazy\" decoding=\"async\" class=\"alignnone size-full wp-image-237\" src=\"https:\/\/portfolio.uqac.ca\/jeanfrancoisboucher\/files\/2012\/07\/Photo-souvenir-du-groupe.jpg\" alt=\"SONY DSC\" width=\"1200\" height=\"800\" srcset=\"https:\/\/portfolio.uqac.ca\/jeanfrancoisboucher\/files\/2012\/07\/Photo-souvenir-du-groupe.jpg 1200w, https:\/\/portfolio.uqac.ca\/jeanfrancoisboucher\/files\/2012\/07\/Photo-souvenir-du-groupe-300x200.jpg 300w, https:\/\/portfolio.uqac.ca\/jeanfrancoisboucher\/files\/2012\/07\/Photo-souvenir-du-groupe-1024x682.jpg 1024w, https:\/\/portfolio.uqac.ca\/jeanfrancoisboucher\/files\/2012\/07\/Photo-souvenir-du-groupe-450x300.jpg 450w\" sizes=\"(max-width: 1200px) 100vw, 1200px\" \/><\/a><\/p>\n","protected":false},"excerpt":{"rendered":"<p>TH\u00c8MES DE RECHERCHE L\u2019att\u00e9nuation des \u00e9missions de gaz \u00e0 effet de serre par la gestion du carbone terrestre L&#8217;empreinte carbone des produits du bois L\u2019\u00e9cophysiologie de la r\u00e9g\u00e9n\u00e9ration foresti\u00e8re en contexte sylvicole \u00c9co-conseil &nbsp; SUBVENTIONS DE RECHERCHE En cours: Contribution du secteur forestier \u00e0 l\u2019att\u00e9nuation des effets des changements climatiques, Programme de recherche orient\u00e9e en &hellip; <a href=\"https:\/\/portfolio.uqac.ca\/jeanfrancoisboucher\/recherche\/\" class=\"more-link\">Continuer la lecture de <span class=\"screen-reader-text\">Recherche en cours<\/span>  <span class=\"meta-nav\">&rarr;<\/span><\/a><\/p>\n","protected":false},"author":14,"featured_media":0,"parent":0,"menu_order":2,"comment_status":"closed","ping_status":"closed","template":"","meta":{"footnotes":""},"tags":[],"_links":{"self":[{"href":"https:\/\/portfolio.uqac.ca\/jeanfrancoisboucher\/wp-json\/wp\/v2\/pages\/46"}],"collection":[{"href":"https:\/\/portfolio.uqac.ca\/jeanfrancoisboucher\/wp-json\/wp\/v2\/pages"}],"about":[{"href":"https:\/\/portfolio.uqac.ca\/jeanfrancoisboucher\/wp-json\/wp\/v2\/types\/page"}],"author":[{"embeddable":true,"href":"https:\/\/portfolio.uqac.ca\/jeanfrancoisboucher\/wp-json\/wp\/v2\/users\/14"}],"replies":[{"embeddable":true,"href":"https:\/\/portfolio.uqac.ca\/jeanfrancoisboucher\/wp-json\/wp\/v2\/comments?post=46"}],"version-history":[{"count":34,"href":"https:\/\/portfolio.uqac.ca\/jeanfrancoisboucher\/wp-json\/wp\/v2\/pages\/46\/revisions"}],"predecessor-version":[{"id":445,"href":"https:\/\/portfolio.uqac.ca\/jeanfrancoisboucher\/wp-json\/wp\/v2\/pages\/46\/revisions\/445"}],"wp:attachment":[{"href":"https:\/\/portfolio.uqac.ca\/jeanfrancoisboucher\/wp-json\/wp\/v2\/media?parent=46"}],"wp:term":[{"taxonomy":"post_tag","embeddable":true,"href":"https:\/\/portfolio.uqac.ca\/jeanfrancoisboucher\/wp-json\/wp\/v2\/tags?post=46"}],"curies":[{"name":"wp","href":"https:\/\/api.w.org\/{rel}","templated":true}]}}