{"id":27,"date":"2012-07-24T12:57:18","date_gmt":"2012-07-24T12:57:18","guid":{"rendered":"http:\/\/portfolio-pre.uqac.ca\/gabarit\/?page_id=27"},"modified":"2014-10-09T11:41:52","modified_gmt":"2014-10-09T15:41:52","slug":"formationacademique","status":"publish","type":"page","link":"https:\/\/portfolio.uqac.ca\/jeanlegault\/formationacademique\/","title":{"rendered":"Formation acad\u00e9mique"},"content":{"rendered":"<ul>\n<li>\u00c9tudes post-doctorales\u00a0en pharmacologie pr\u00e9clinique \u00e0 l&#8217;INSERM, France;<\/li>\n<\/ul>\n<ul>\n<li>\u00c9tudes post-doctorales\u00a0en pharmacologie mol\u00e9culaire au CHUQ, Qu\u00e9bec;<\/li>\n<\/ul>\n<ul>\n<li>Ph. D. en biologie mol\u00e9culaire et cellulaire (Universit\u00e9 Laval);<\/li>\n<\/ul>\n<ul>\n<li>M. Sc. en biologie mol\u00e9culaire et cellulaire (Universit\u00e9 Laval);<\/li>\n<\/ul>\n<ul>\n<li>Baccalaur\u00e9at en chimie (UQAC).<\/li>\n<\/ul>\n","protected":false},"excerpt":{"rendered":"<p>\u00c9tudes post-doctorales\u00a0en pharmacologie pr\u00e9clinique \u00e0 l&#8217;INSERM, France; \u00c9tudes post-doctorales\u00a0en pharmacologie mol\u00e9culaire au CHUQ, Qu\u00e9bec; Ph. D. en biologie mol\u00e9culaire et cellulaire (Universit\u00e9 Laval); M. Sc. en biologie mol\u00e9culaire et cellulaire (Universit\u00e9 Laval); Baccalaur\u00e9at en chimie (UQAC).<\/p>\n","protected":false},"author":51,"featured_media":0,"parent":0,"menu_order":0,"comment_status":"closed","ping_status":"closed","template":"","meta":{"footnotes":""},"tags":[],"_links":{"self":[{"href":"https:\/\/portfolio.uqac.ca\/jeanlegault\/wp-json\/wp\/v2\/pages\/27"}],"collection":[{"href":"https:\/\/portfolio.uqac.ca\/jeanlegault\/wp-json\/wp\/v2\/pages"}],"about":[{"href":"https:\/\/portfolio.uqac.ca\/jeanlegault\/wp-json\/wp\/v2\/types\/page"}],"author":[{"embeddable":true,"href":"https:\/\/portfolio.uqac.ca\/jeanlegault\/wp-json\/wp\/v2\/users\/51"}],"replies":[{"embeddable":true,"href":"https:\/\/portfolio.uqac.ca\/jeanlegault\/wp-json\/wp\/v2\/comments?post=27"}],"version-history":[{"count":6,"href":"https:\/\/portfolio.uqac.ca\/jeanlegault\/wp-json\/wp\/v2\/pages\/27\/revisions"}],"predecessor-version":[{"id":92,"href":"https:\/\/portfolio.uqac.ca\/jeanlegault\/wp-json\/wp\/v2\/pages\/27\/revisions\/92"}],"wp:attachment":[{"href":"https:\/\/portfolio.uqac.ca\/jeanlegault\/wp-json\/wp\/v2\/media?parent=27"}],"wp:term":[{"taxonomy":"post_tag","embeddable":true,"href":"https:\/\/portfolio.uqac.ca\/jeanlegault\/wp-json\/wp\/v2\/tags?post=27"}],"curies":[{"name":"wp","href":"https:\/\/api.w.org\/{rel}","templated":true}]}}