{"id":46,"date":"2012-07-24T14:17:13","date_gmt":"2012-07-24T14:17:13","guid":{"rendered":"http:\/\/portfolio-pre.uqac.ca\/gabarit\/?page_id=46"},"modified":"2014-10-09T11:42:27","modified_gmt":"2014-10-09T15:42:27","slug":"recherche","status":"publish","type":"page","link":"https:\/\/portfolio.uqac.ca\/jeanlegault\/recherche\/","title":{"rendered":"Th\u00e8mes de recherche"},"content":{"rendered":"<ul>\n<li>\u00c9valuation in vitro et in vivo des activit\u00e9s anticanc\u00e9reuse, antibiotique, antifongique, anti-inflammatoire et anti-oxydante des produits d&#8217;origine naturelle;<\/li>\n<\/ul>\n<ul>\n<li>\u00c9tude des m\u00e9canismes d&#8217;action des produits naturels bio-actifs;<\/li>\n<\/ul>\n<ul>\n<li>\u00c9tudes toxicologiques.<\/li>\n<\/ul>\n","protected":false},"excerpt":{"rendered":"<p>\u00c9valuation in vitro et in vivo des activit\u00e9s anticanc\u00e9reuse, antibiotique, antifongique, anti-inflammatoire et anti-oxydante des produits d&#8217;origine naturelle; \u00c9tude des m\u00e9canismes d&#8217;action des produits naturels bio-actifs; \u00c9tudes toxicologiques.<\/p>\n","protected":false},"author":51,"featured_media":0,"parent":0,"menu_order":0,"comment_status":"closed","ping_status":"closed","template":"","meta":{"footnotes":""},"tags":[],"_links":{"self":[{"href":"https:\/\/portfolio.uqac.ca\/jeanlegault\/wp-json\/wp\/v2\/pages\/46"}],"collection":[{"href":"https:\/\/portfolio.uqac.ca\/jeanlegault\/wp-json\/wp\/v2\/pages"}],"about":[{"href":"https:\/\/portfolio.uqac.ca\/jeanlegault\/wp-json\/wp\/v2\/types\/page"}],"author":[{"embeddable":true,"href":"https:\/\/portfolio.uqac.ca\/jeanlegault\/wp-json\/wp\/v2\/users\/51"}],"replies":[{"embeddable":true,"href":"https:\/\/portfolio.uqac.ca\/jeanlegault\/wp-json\/wp\/v2\/comments?post=46"}],"version-history":[{"count":3,"href":"https:\/\/portfolio.uqac.ca\/jeanlegault\/wp-json\/wp\/v2\/pages\/46\/revisions"}],"predecessor-version":[{"id":93,"href":"https:\/\/portfolio.uqac.ca\/jeanlegault\/wp-json\/wp\/v2\/pages\/46\/revisions\/93"}],"wp:attachment":[{"href":"https:\/\/portfolio.uqac.ca\/jeanlegault\/wp-json\/wp\/v2\/media?parent=46"}],"wp:term":[{"taxonomy":"post_tag","embeddable":true,"href":"https:\/\/portfolio.uqac.ca\/jeanlegault\/wp-json\/wp\/v2\/tags?post=46"}],"curies":[{"name":"wp","href":"https:\/\/api.w.org\/{rel}","templated":true}]}}