{"id":4,"date":"2012-07-23T17:46:31","date_gmt":"2012-07-23T17:46:31","guid":{"rendered":"http:\/\/portfolio-pre.uqac.ca\/gabarit\/?page_id=4"},"modified":"2024-02-06T16:46:42","modified_gmt":"2024-02-06T21:46:42","slug":"presentatio","status":"publish","type":"page","link":"https:\/\/portfolio.uqac.ca\/jeannesimard\/","title":{"rendered":"Pr\u00e9sentation"},"content":{"rendered":"<h2 style=\"text-align: justify\"><strong>Jeanne Simard<\/strong><\/h2>\n<p style=\"text-align: justify\">Professeure titulaire au d\u00e9partement des sciences \u00e9conomiques et administratives<\/p>\n<p style=\"text-align: justify\">Directrice de la revue <em>Organisations &amp; territoires<\/em><\/p>\n<p style=\"text-align: justify\">Membre du Laboratoire de recherche et d\u2019intervention en gouvernance des organisations (LARIGO)<\/p>\n<h2><strong>Champs d&#8217;int\u00e9r\u00eat<\/strong><\/h2>\n<p>Droit des affaires, d\u00e9ontologie professionnelle, sociologie juridique, droit criminel \u00e9conomique, lanceurs d&#8217;alerte, internormativit\u00e9.<\/p>\n","protected":false},"excerpt":{"rendered":"<p>Jeanne Simard Professeure titulaire au d\u00e9partement des sciences \u00e9conomiques et administratives Directrice de la revue Organisations &amp; territoires Membre du Laboratoire de recherche et d\u2019intervention en gouvernance des organisations (LARIGO) Champs d&#8217;int\u00e9r\u00eat Droit des affaires, d\u00e9ontologie professionnelle, sociologie juridique, droit criminel \u00e9conomique, lanceurs d&#8217;alerte, internormativit\u00e9.<\/p>\n","protected":false},"author":12,"featured_media":0,"parent":0,"menu_order":0,"comment_status":"closed","ping_status":"closed","template":"","meta":{"footnotes":""},"tags":[7,6,4,5],"_links":{"self":[{"href":"https:\/\/portfolio.uqac.ca\/jeannesimard\/wp-json\/wp\/v2\/pages\/4"}],"collection":[{"href":"https:\/\/portfolio.uqac.ca\/jeannesimard\/wp-json\/wp\/v2\/pages"}],"about":[{"href":"https:\/\/portfolio.uqac.ca\/jeannesimard\/wp-json\/wp\/v2\/types\/page"}],"author":[{"embeddable":true,"href":"https:\/\/portfolio.uqac.ca\/jeannesimard\/wp-json\/wp\/v2\/users\/12"}],"replies":[{"embeddable":true,"href":"https:\/\/portfolio.uqac.ca\/jeannesimard\/wp-json\/wp\/v2\/comments?post=4"}],"version-history":[{"count":20,"href":"https:\/\/portfolio.uqac.ca\/jeannesimard\/wp-json\/wp\/v2\/pages\/4\/revisions"}],"predecessor-version":[{"id":266,"href":"https:\/\/portfolio.uqac.ca\/jeannesimard\/wp-json\/wp\/v2\/pages\/4\/revisions\/266"}],"wp:attachment":[{"href":"https:\/\/portfolio.uqac.ca\/jeannesimard\/wp-json\/wp\/v2\/media?parent=4"}],"wp:term":[{"taxonomy":"post_tag","embeddable":true,"href":"https:\/\/portfolio.uqac.ca\/jeannesimard\/wp-json\/wp\/v2\/tags?post=4"}],"curies":[{"name":"wp","href":"https:\/\/api.w.org\/{rel}","templated":true}]}}