{"id":4,"date":"2019-06-12T16:33:21","date_gmt":"2019-06-12T20:33:21","guid":{"rendered":"http:\/\/portfolio-pre.uqac.ca\/gabarit\/?page_id=4"},"modified":"2019-06-14T09:18:45","modified_gmt":"2019-06-14T13:18:45","slug":"presentatio","status":"publish","type":"page","link":"https:\/\/portfolio.uqac.ca\/jeanperron\/","title":{"rendered":"Pr\u00e9sentation"},"content":{"rendered":"<h2>Jean Perron<\/h2>\n<p>Professeur au d\u00e9partement des\u00a0sciences appliqu\u00e9es, Ph.D.<\/p>\n<h2>Domaine<\/h2>\n<ul>\n<li><span style=\"color: #000000; font-family: Arial;\">G\u00e9nie m\u00e9canique<\/span><\/li>\n<li><span style=\"color: #000000; font-family: Arial;\">G\u00e9nie a\u00e9ronautique<\/span><\/li>\n<\/ul>\n<h2>Axes de recherche<\/h2>\n<ul>\n<li><span style=\"color: #000000; font-family: Arial;\">Mod\u00e9lisation math\u00e9matique<\/span><\/li>\n<li><span style=\"color: #000000; font-family: Arial;\">Exp\u00e9rimentation en soufflerie<\/span><\/li>\n<li><span style=\"color: #000000; font-family: Arial;\">\u00c9coulement des fluides<\/span><\/li>\n<li><span style=\"color: #000000; font-family: Arial;\">Dynamique des syst\u00e8mes<\/span><\/li>\n<li><span style=\"color: #000000; font-family: Arial;\">Optimisation<\/span><\/li>\n<\/ul>\n<p>&nbsp;<\/p>\n","protected":false},"excerpt":{"rendered":"<p>Jean Perron Professeur au d\u00e9partement des\u00a0sciences appliqu\u00e9es, Ph.D. Domaine G\u00e9nie m\u00e9canique G\u00e9nie a\u00e9ronautique Axes de recherche Mod\u00e9lisation math\u00e9matique Exp\u00e9rimentation en soufflerie \u00c9coulement des fluides Dynamique des syst\u00e8mes Optimisation &nbsp;<\/p>\n","protected":false},"author":89,"featured_media":0,"parent":0,"menu_order":0,"comment_status":"closed","ping_status":"closed","template":"","meta":{"footnotes":""},"tags":[],"_links":{"self":[{"href":"https:\/\/portfolio.uqac.ca\/jeanperron\/wp-json\/wp\/v2\/pages\/4"}],"collection":[{"href":"https:\/\/portfolio.uqac.ca\/jeanperron\/wp-json\/wp\/v2\/pages"}],"about":[{"href":"https:\/\/portfolio.uqac.ca\/jeanperron\/wp-json\/wp\/v2\/types\/page"}],"author":[{"embeddable":true,"href":"https:\/\/portfolio.uqac.ca\/jeanperron\/wp-json\/wp\/v2\/users\/89"}],"replies":[{"embeddable":true,"href":"https:\/\/portfolio.uqac.ca\/jeanperron\/wp-json\/wp\/v2\/comments?post=4"}],"version-history":[{"count":12,"href":"https:\/\/portfolio.uqac.ca\/jeanperron\/wp-json\/wp\/v2\/pages\/4\/revisions"}],"predecessor-version":[{"id":180,"href":"https:\/\/portfolio.uqac.ca\/jeanperron\/wp-json\/wp\/v2\/pages\/4\/revisions\/180"}],"wp:attachment":[{"href":"https:\/\/portfolio.uqac.ca\/jeanperron\/wp-json\/wp\/v2\/media?parent=4"}],"wp:term":[{"taxonomy":"post_tag","embeddable":true,"href":"https:\/\/portfolio.uqac.ca\/jeanperron\/wp-json\/wp\/v2\/tags?post=4"}],"curies":[{"name":"wp","href":"https:\/\/api.w.org\/{rel}","templated":true}]}}