{"id":18,"date":"2012-07-23T20:05:15","date_gmt":"2012-07-23T20:05:15","guid":{"rendered":"http:\/\/portfolio-pre.uqac.ca\/gabarit\/?page_id=18"},"modified":"2014-10-18T11:21:14","modified_gmt":"2014-10-18T15:21:14","slug":"enseignement","status":"publish","type":"page","link":"https:\/\/portfolio.uqac.ca\/jeanpierrebeland\/enseignement\/","title":{"rendered":"Enseignement"},"content":{"rendered":"<p>&nbsp;<\/p>\n<ul>\n<li><strong><em>4ETH803: S\u00e9minaire d&#8217;initiation \u00e0 la pratique du dialogue<\/em><\/strong><\/li>\n<li><span style=\"line-height: 1.5\"><strong>TSO6083:Programmation et \u00e9valuation de l&#8217;intervention en travail social<\/strong><\/span><\/li>\n<li><span style=\"line-height: 1.5\"><strong>4ETH806 : \u00c9thique et professionnalisme 2<\/strong><\/span><\/li>\n<li><strong>4ETH104: \u00c9thique et d\u00e9ontologie en travail social<\/strong><\/li>\n<\/ul>\n<p>&nbsp;<\/p>\n","protected":false},"excerpt":{"rendered":"<p>&nbsp; 4ETH803: S\u00e9minaire d&#8217;initiation \u00e0 la pratique du dialogue TSO6083:Programmation et \u00e9valuation de l&#8217;intervention en travail social 4ETH806 : \u00c9thique et professionnalisme 2 4ETH104: \u00c9thique et d\u00e9ontologie en travail social &nbsp;<\/p>\n","protected":false},"author":63,"featured_media":0,"parent":0,"menu_order":0,"comment_status":"closed","ping_status":"closed","template":"","meta":{"footnotes":""},"tags":[],"_links":{"self":[{"href":"https:\/\/portfolio.uqac.ca\/jeanpierrebeland\/wp-json\/wp\/v2\/pages\/18"}],"collection":[{"href":"https:\/\/portfolio.uqac.ca\/jeanpierrebeland\/wp-json\/wp\/v2\/pages"}],"about":[{"href":"https:\/\/portfolio.uqac.ca\/jeanpierrebeland\/wp-json\/wp\/v2\/types\/page"}],"author":[{"embeddable":true,"href":"https:\/\/portfolio.uqac.ca\/jeanpierrebeland\/wp-json\/wp\/v2\/users\/63"}],"replies":[{"embeddable":true,"href":"https:\/\/portfolio.uqac.ca\/jeanpierrebeland\/wp-json\/wp\/v2\/comments?post=18"}],"version-history":[{"count":5,"href":"https:\/\/portfolio.uqac.ca\/jeanpierrebeland\/wp-json\/wp\/v2\/pages\/18\/revisions"}],"predecessor-version":[{"id":111,"href":"https:\/\/portfolio.uqac.ca\/jeanpierrebeland\/wp-json\/wp\/v2\/pages\/18\/revisions\/111"}],"wp:attachment":[{"href":"https:\/\/portfolio.uqac.ca\/jeanpierrebeland\/wp-json\/wp\/v2\/media?parent=18"}],"wp:term":[{"taxonomy":"post_tag","embeddable":true,"href":"https:\/\/portfolio.uqac.ca\/jeanpierrebeland\/wp-json\/wp\/v2\/tags?post=18"}],"curies":[{"name":"wp","href":"https:\/\/api.w.org\/{rel}","templated":true}]}}