{"id":20,"date":"2012-07-23T20:20:59","date_gmt":"2012-07-23T20:20:59","guid":{"rendered":"http:\/\/portfolio-pre.uqac.ca\/gabarit\/?page_id=20"},"modified":"2014-10-18T11:27:26","modified_gmt":"2014-10-18T15:27:26","slug":"publications","status":"publish","type":"page","link":"https:\/\/portfolio.uqac.ca\/jeanpierrebeland\/publications\/","title":{"rendered":"Publications"},"content":{"rendered":"<h2>Livres<\/h2>\n<h2>Jean-Pierre B\u00e9land et Georges A. Legault (2012). <em>Asimov et l&#8217;acceptabilit\u00e9 des robots<\/em>, Qu\u00e9bec: Presses de l&#8217;Universit\u00e9 Laval, 238p.<\/h2>\n<h2>Jean-Pierre B\u00e9land et Johane Patenaude (2009) (\u00c9ds.). <em>Nanotechnologies\u00a0: d\u00e9veloppement, enjeux sociaux et d\u00e9fis \u00e9thiques, <\/em>Qu\u00e9bec\u00a0: Presses de l\u2019Universit\u00e9 Laval, 124p.<\/h2>\n<h2>Jean-Pierre B\u00e9land (2009) (\u00c9d.). <em>La souffrance des soignants,<\/em> (Coll. \u00ab\u00a0<em>Enjeux \u00e9thiques contemporains\u00a0<\/em>\u00bb, 1) Qu\u00e9bec\u00a0: Presses de l\u2019Universit\u00e9 Laval, 82p.<\/h2>\n<h2>Jean-Pierre B\u00e9land (2008) (\u00c9d.). <em>Mourir dans la dignit\u00e9? Soins palliatifs ou suicide assist\u00e9, un choix de soci\u00e9t\u00e9<\/em>, Sainte-Foy\u00a0: Presses de l\u2019Universit\u00e9 Laval, 140p.<\/h2>\n<h2>Jean-Pierre B\u00e9land et Pierre Lebuis (2008) (\u00c9ds.). <em>Les d\u00e9fis de la formation \u00e0 l\u2019\u00e9thique et \u00e0 la culture religieuse<\/em>, Sainte Foy\u00a0: Presses de l\u2019Universit\u00e9 Laval, 185p.<\/h2>\n<h2>Jean-Pierre B\u00e9land (2006) (\u00c9d.) <em>L&#8217;homme biotech: humain ou posthumain?<\/em>, Sainte Foy\u00a0: Presses de l\u2019Universit\u00e9 Laval, 127p.<\/h2>\n<h2><strong>Monographies <\/strong><\/h2>\n<p>D\u00e9tails de la monographie 1.<\/p>\n<p>D\u00e9tails de la monographie 2.<\/p>\n<p>D\u00e9tails de la monographie 3.<\/p>\n<h2><strong>Articles\u00a0<\/strong><\/h2>\n<h2>B\u00e9land, J.-P., Legault, G.-A, Patenaude, J. (accept\u00e9 le 10 octobre 2014). \u00abLes enjeux identitaires de l\u2019humain dans le d\u00e9bat philosophique sur la robotique humano\u00efde et l\u2019am\u00e9lioration humaine\u00bb, <em>Bio\u00e9thiqueOnline<\/em>, 18p.<strong> \u00a0\u00a0\u00a0\u00a0\u00a0\u00a0\u00a0\u00a0\u00a0\u00a0\u00a0\u00a0\u00a0\u00a0\u00a0\u00a0\u00a0\u00a0\u00a0\u00a0\u00a0\u00a0\u00a0\u00a0\u00a0\u00a0\u00a0\u00a0\u00a0\u00a0\u00a0\u00a0\u00a0\u00a0\u00a0 \u00a0\u00a0\u00a0\u00a0\u00a0\u00a0\u00a0\u00a0\u00a0\u00a0\u00a0 <\/strong><\/h2>\n<h2>Patenaude, J., Legault, G.-A., Beauvais J., Bernier, L., B\u00e9land, J.-P., et al. (2014). Framework for the Analysis of Nanotechnologies\u2019 Impacts and Ethical Acceptability: Basis\u2028of an Interdisciplinary Approach to Assessing Novel Technologies, <em>Sci Eng Ethics<\/em>. Open Acces at Springerlink. DOI\u00a0: 10.1007\/s11948-014-9543-y<strong>\u00a0 \u00a0 \u00a0 \u00a0 \u00a0 \u00a0 \u00a0 \u00a0 \u00a0 \u00a0 \u00a0 \u00a0 \u00a0 \u00a0 \u00a0 \u00a0 \u00a0 \u00a0 \u00a0 \u00a0 \u00a0 \u00a0 \u00a0 \u00a0 \u00a0 \u00a0 \u00a0 \u00a0 \u00a0 \u00a0 \u00a0 \u00a0 \u00a0 \u00a0 \u00a0 \u00a0<\/strong><\/h2>\n<h2>B\u00e9land, J.-P. et Patenaude, J. (2013) &#8220;Risk and the Question of the Acceptability of Human Enhancement: The Humanist and Transhumanist Perspectives&#8221; <em>Dialogue<\/em>, 52, pp 377-394. DOI:10.1017\/S0012217313000607 \u00a0\u00a0\u00a0\u00a0\u00a0\u00a0 <strong>\u00a0\u00a0\u00a0\u00a0\u00a0\u00a0\u00a0\u00a0\u00a0\u00a0\u00a0\u00a0\u00a0\u00a0\u00a0\u00a0\u00a0\u00a0\u00a0\u00a0\u00a0\u00a0\u00a0\u00a0\u00a0\u00a0\u00a0\u00a0\u00a0\u00a0\u00a0\u00a0\u00a0\u00a0\u00a0\u00a0\u00a0\u00a0\u00a0\u00a0\u00a0\u00a0\u00a0\u00a0\u00a0\u00a0\u00a0\u00a0\u00a0\u00a0\u00a0\u00a0\u00a0\u00a0\u00a0\u00a0\u00a0 \u00a0\u00a0\u00a0\u00a0\u00a0\u00a0\u00a0\u00a0\u00a0\u00a0\u00a0\u00a0\u00a0\u00a0\u00a0\u00a0\u00a0\u00a0\u00a0\u00a0\u00a0\u00a0 \u00a0<\/strong>Legault, G.-A., Patenaude, J. et B\u00e9land J.-P. (2013), &#8220;Nanotechnologies and Ethical Argumentation : A Philosophical Stalemate? &#8220;, <em>Open Journal of Philosophy,<\/em> Vol.3, No.1, 15-2. DOI:10.4236\/ojpp.2013.31004\u00a0 <strong>\u00a0\u00a0\u00a0\u00a0\u00a0\u00a0\u00a0\u00a0\u00a0\u00a0\u00a0\u00a0\u00a0\u00a0\u00a0\u00a0\u00a0\u00a0\u00a0\u00a0\u00a0\u00a0\u00a0\u00a0\u00a0\u00a0\u00a0\u00a0\u00a0\u00a0\u00a0\u00a0\u00a0\u00a0\u00a0\u00a0\u00a0\u00a0\u00a0\u00a0\u00a0\u00a0\u00a0\u00a0\u00a0\u00a0\u00a0\u00a0\u00a0\u00a0\u00a0\u00a0\u00a0\u00a0\u00a0\u00a0\u00a0\u00a0\u00a0\u00a0\u00a0\u00a0\u00a0\u00a0\u00a0\u00a0\u00a0\u00a0\u00a0\u00a0\u00a0\u00a0\u00a0\u00a0\u00a0\u00a0\u00a0\u00a0\u00a0\u00a0\u00a0 \u00a0\u00a0\u00a0\u00a0\u00a0\u00a0\u00a0\u00a0\u00a0\u00a0 <\/strong>B\u00e9land, J.-P., Legault, G.-A, Boissy, P., Parent M. et Patenaude, J. (2011), &#8220;The Social and Ethical Acceptability of NBICs for Purposes of Human Enhancement. Why Does the Debate Remain Mired in Impasse?\u00a0&#8220;, <em>NanoEthics<\/em>, Springer Science, 5: 295-307 DOI 10.1007 \/s11569-011-0133-z, This article is published with open access at Springerlink.com<\/h2>\n<h2>Patenaude, J., Legault, G.-A., B\u00e9land, J.-P., Boissy, P. et Parent, M. (2011). &#8220;Moral Arguments in the Debate over Nanotechnologies: Are we talking past each other?&#8221;, <em>NanoEthics<\/em>, Springer Science, 5: 285-294 DOI 10.1007 \/s11569-011-0132-0, This article is published with open access at Springerlink.com<\/h2>\n<h2>Boissy, P., Genest, J., Patenaude, J., B\u00e9land, J.-P., Legault, G.-A., Bernier, L., Beauvais, J. (2011), Carbon Nanotubes (CNTs) based strain sensors for a wearable monitoring and biofeedback system for pressure ulcer prevention and rehabilitation, 33<sup>rd<\/sup> Annual International Conference or The IEEE Engineering in Medecine and Biology Society (EMBC&#8217;11), Boston, MA USA, August 30th \u2013 September 3, 2011 Electronic Proceedings, IEEExplore, 5824-5827<\/h2>\n<h2>B\u00e9land, J.-P. (2006), \u00ab\u00a0Chim\u00e8res et hybrides humain-animal. Questions terminologiques et enjeux \u00e9thiques\u00a0\u00bb, <em>Ethica<\/em>, Vol. 16, 1\u00a0:79-106.<\/h2>\n<h2>B\u00e9land, J.-P et M\u00e9lan\u00e7on, M. J. (2006), \u00ab\u00a0R\u00e9flexion sur l\u2019ambigu\u00eft\u00e9 du concept de <em>chim\u00e8re<\/em>\u00a0\u00bb, <em>Ethica<\/em>, Vol. 16, 1, 2006\u00a0: 63-77.<\/h2>\n","protected":false},"excerpt":{"rendered":"<p>Livres Jean-Pierre B\u00e9land et Georges A. Legault (2012). Asimov et l&#8217;acceptabilit\u00e9 des robots, Qu\u00e9bec: Presses de l&#8217;Universit\u00e9 Laval, 238p. Jean-Pierre B\u00e9land et Johane Patenaude (2009) (\u00c9ds.). Nanotechnologies\u00a0: d\u00e9veloppement, enjeux sociaux et d\u00e9fis \u00e9thiques, Qu\u00e9bec\u00a0: Presses de l\u2019Universit\u00e9 Laval, 124p. Jean-Pierre B\u00e9land (2009) (\u00c9d.). La souffrance des soignants, (Coll. \u00ab\u00a0Enjeux \u00e9thiques contemporains\u00a0\u00bb, 1) Qu\u00e9bec\u00a0: Presses de &hellip; <a href=\"https:\/\/portfolio.uqac.ca\/jeanpierrebeland\/publications\/\" class=\"more-link\">Continuer la lecture de <span class=\"screen-reader-text\">Publications<\/span>  <span class=\"meta-nav\">&rarr;<\/span><\/a><\/p>\n","protected":false},"author":63,"featured_media":0,"parent":0,"menu_order":0,"comment_status":"closed","ping_status":"closed","template":"","meta":{"footnotes":""},"tags":[],"_links":{"self":[{"href":"https:\/\/portfolio.uqac.ca\/jeanpierrebeland\/wp-json\/wp\/v2\/pages\/20"}],"collection":[{"href":"https:\/\/portfolio.uqac.ca\/jeanpierrebeland\/wp-json\/wp\/v2\/pages"}],"about":[{"href":"https:\/\/portfolio.uqac.ca\/jeanpierrebeland\/wp-json\/wp\/v2\/types\/page"}],"author":[{"embeddable":true,"href":"https:\/\/portfolio.uqac.ca\/jeanpierrebeland\/wp-json\/wp\/v2\/users\/63"}],"replies":[{"embeddable":true,"href":"https:\/\/portfolio.uqac.ca\/jeanpierrebeland\/wp-json\/wp\/v2\/comments?post=20"}],"version-history":[{"count":13,"href":"https:\/\/portfolio.uqac.ca\/jeanpierrebeland\/wp-json\/wp\/v2\/pages\/20\/revisions"}],"predecessor-version":[{"id":113,"href":"https:\/\/portfolio.uqac.ca\/jeanpierrebeland\/wp-json\/wp\/v2\/pages\/20\/revisions\/113"}],"wp:attachment":[{"href":"https:\/\/portfolio.uqac.ca\/jeanpierrebeland\/wp-json\/wp\/v2\/media?parent=20"}],"wp:term":[{"taxonomy":"post_tag","embeddable":true,"href":"https:\/\/portfolio.uqac.ca\/jeanpierrebeland\/wp-json\/wp\/v2\/tags?post=20"}],"curies":[{"name":"wp","href":"https:\/\/api.w.org\/{rel}","templated":true}]}}