{"id":162,"date":"2023-07-27T11:29:00","date_gmt":"2023-07-27T15:29:00","guid":{"rendered":"http:\/\/portfolio-pre.uqac.ca\/gabarit\/?page_id=162"},"modified":"2024-11-29T12:14:26","modified_gmt":"2024-11-29T17:14:26","slug":"articles","status":"publish","type":"page","link":"https:\/\/portfolio.uqac.ca\/jeremiebeaudin\/articles\/","title":{"rendered":"Articles"},"content":{"rendered":"<ul>\n<li><strong>Beaudin, J.,<\/strong> Chouinard, M. C., Hudon, \u00c9., &amp; Hudon, C. (2024). <em>Integrated self-management support provided by primary care nurses to persons with chronic diseases and common mental disorders: a qualitative study<\/em>. BMC primary care, 25(1), 212. https:\/\/doi.org\/10.1186\/s12875-024-02464-8<\/li>\n<li>Girard, A., Lafontaine, S., Lem\u00e9e, M.-H., Carrier, J.-D., <strong>Beaudin, J.,<\/strong> Arroyave, L., Abou Malham, S., Sasseville, M. <em>Evaluation of a training program prototype to promote the adoption of clinical mental health assessment best practices among primary care nurses: A research protocol.<\/em> Soumis \u00e0 Science of Nursing and Health Practices (mai 2024)<\/li>\n<li><strong>Beaudin, J.,<\/strong> Chouinard, M.C., Hudon, E., &amp; Hudon, C. <em>Factors influencing clinical integration of self-management support and strategies to improve it: A qualitative study of primary care nurses\u2019 experiences.<\/em> Journal of Advanced Nursing. En revision<\/li>\n<li><strong>Beaudin, J.<\/strong> (2024). <em>Exp\u00e9rience des infirmi\u00e8res et infirmiers en premi\u00e8re ligne quant au soutien \u00e0 l\u2019autogestion aupr\u00e8s des personnes atteintes de maladies chroniques physiques et de troubles mentaux courants: Une \u00e9tude qualitative.<\/em> Th\u00e8se doctorale. Universit\u00e9 de Sherbrooke<\/li>\n<li>Hudon, \u00c9., Chouinard, M.C., Ellefsen, \u00c9., <strong>Beaudin, J<\/strong>., &amp; Hudon, C. (2023). <em>The experience of pregnant women in contexts of vulnerability of prenatal primary nursing care: A descriptive interpretative qualitative study<\/em>. BMC Pregnancy and childbirth. 23(187), p.1-11. DOI: 1186\/s12884-023-05474-z<\/li>\n<li><strong>Beaudin, J.,<\/strong> Chouinard, M. C., Girard, A., Houle, J., Ellefsen, E., &amp; Hudon, C. (2022). <em>Integrated self-management support provided by primary care nurses to persons with chronic diseases and common mental disorders: A scoping review.<\/em> BMC Nursing, 21(212). https:\/\/doi.org\/10.1186\/s12912-022-01000-2<\/li>\n<li>Chouinard, M. C., Bisson, M., Danish, A., Karam, M., <strong>Beaudin, J<\/strong>., Grgurevic, N., Sabourin, V., &amp; Hudon, C. (2021). <em>Case management programs for people with complex needs: Towards better engagement of community pharmacies and community-based organisations<\/em>.\u00a0PloS one,\u00a016(12), e0260928. https:\/\/doi-org.ezproxy.usherbrooke.ca\/10.1371\/journal.pone.0260928<\/li>\n<li>Dufour I, Chouinard MC, Dubuc N, <strong>Beaudin J,<\/strong> Lafontaine S, Hudon C. (2019). <em>Factors predicting frequent use of emergency department services among a geriatric population: A systematic review<\/em>. BMC Geriatrics. 19(185). doi:10.1186\/s12877-019-1197-9<\/li>\n<li>Hudon, C., Chouinard, M-C, Lambert, M., Diadou, F., Bouliane, D., <strong>Beaudin, J.<\/strong> (2017). <em>Key factors of case management for frequent users of healthcare services: a thematic analysis review.<\/em> BMJ open. 7(10): 1-8.<\/li>\n<li><strong>Beaudin J.<\/strong> (2019).\u00a0<a href=\"https:\/\/constellation.uqac.ca\/5027\/\"><em>Analyse d\u2019implantation de la gestion de cas des grands utilisateurs de services de sant\u00e9 dans un groupe de m\u00e9decine familiale au Saguenay-Lac-Saint-Jean. <\/em><\/a>M\u00e9moire de ma\u00eetrise, Universit\u00e9 du Qu\u00e9bec \u00e0 Chicoutimi.<\/li>\n<\/ul>\n","protected":false},"excerpt":{"rendered":"<p>Beaudin, J., Chouinard, M. C., Hudon, \u00c9., &amp; Hudon, C. (2024). Integrated self-management support provided by primary care nurses to persons with chronic diseases and common mental disorders: a qualitative study. BMC primary care, 25(1), 212. https:\/\/doi.org\/10.1186\/s12875-024-02464-8 Girard, A., Lafontaine, S., Lem\u00e9e, M.-H., Carrier, J.-D., Beaudin, J., Arroyave, L., Abou Malham, S., Sasseville, M. Evaluation &hellip; <a href=\"https:\/\/portfolio.uqac.ca\/jeremiebeaudin\/articles\/\" class=\"more-link\">Continuer la lecture de <span class=\"screen-reader-text\">Articles<\/span>  <span class=\"meta-nav\">&rarr;<\/span><\/a><\/p>\n","protected":false},"author":89,"featured_media":0,"parent":0,"menu_order":0,"comment_status":"closed","ping_status":"closed","template":"","meta":{"footnotes":""},"tags":[],"_links":{"self":[{"href":"https:\/\/portfolio.uqac.ca\/jeremiebeaudin\/wp-json\/wp\/v2\/pages\/162"}],"collection":[{"href":"https:\/\/portfolio.uqac.ca\/jeremiebeaudin\/wp-json\/wp\/v2\/pages"}],"about":[{"href":"https:\/\/portfolio.uqac.ca\/jeremiebeaudin\/wp-json\/wp\/v2\/types\/page"}],"author":[{"embeddable":true,"href":"https:\/\/portfolio.uqac.ca\/jeremiebeaudin\/wp-json\/wp\/v2\/users\/89"}],"replies":[{"embeddable":true,"href":"https:\/\/portfolio.uqac.ca\/jeremiebeaudin\/wp-json\/wp\/v2\/comments?post=162"}],"version-history":[{"count":3,"href":"https:\/\/portfolio.uqac.ca\/jeremiebeaudin\/wp-json\/wp\/v2\/pages\/162\/revisions"}],"predecessor-version":[{"id":198,"href":"https:\/\/portfolio.uqac.ca\/jeremiebeaudin\/wp-json\/wp\/v2\/pages\/162\/revisions\/198"}],"wp:attachment":[{"href":"https:\/\/portfolio.uqac.ca\/jeremiebeaudin\/wp-json\/wp\/v2\/media?parent=162"}],"wp:term":[{"taxonomy":"post_tag","embeddable":true,"href":"https:\/\/portfolio.uqac.ca\/jeremiebeaudin\/wp-json\/wp\/v2\/tags?post=162"}],"curies":[{"name":"wp","href":"https:\/\/api.w.org\/{rel}","templated":true}]}}