{"id":165,"date":"2023-07-27T11:29:00","date_gmt":"2023-07-27T15:29:00","guid":{"rendered":"http:\/\/portfolio-pre.uqac.ca\/gabarit\/?page_id=165"},"modified":"2025-01-07T11:09:06","modified_gmt":"2025-01-07T16:09:06","slug":"communications-2","status":"publish","type":"page","link":"https:\/\/portfolio.uqac.ca\/jeremiebeaudin\/communications-2\/","title":{"rendered":"Communications"},"content":{"rendered":"<h5>Congr\u00e8s internationaux<\/h5>\n<ul>\n<li>Girard, A., Lem\u00e9e, M-H., Lafontaine, S., <strong>Beaudin, J.,<\/strong> Carrier, J-D., Clabault H., Abou Malham, S.,\u202fet Sasseville, M. (Juin 2024). <em>Designing and evaluating a multimodal mental health assessment training program for primary care nurses: toward better collaborative care<\/em>. CCMH conference, Ottawa, Canada.<\/li>\n<li>Lafontaine, S., Girard, A., Lem\u00e9e, M-H., Doucet, A., Carrier, J-D., Sasseville, M., <strong>Beaudin, J.,<\/strong> et Abou Malham, S. <em>Mieux \u00e9valuer pour mieux intervenir en sant\u00e9 mentale\u00a0: \u00e9valuation d\u2019un programme de formation pour des infirmi\u00e8res et infirmiers travaillant en groupe de m\u00e9decine familiale<\/em>. Communication par affiche. ACFAS, 2024.<\/li>\n<li><strong>Beaudin, J<\/strong>. Soutien \u00e0 l\u2019autogestion en contexte de probl\u00e9matiques de sant\u00e9 physique et mentale\u00a0: Enjeux \u00e9thiques et recommandations. Communication orale. ACFAS 2024, colloque 605 \u2013 \u00c9ducation pour la sant\u00e9. Universit\u00e9 d\u2019Ottawa, 17 mai 2024.<\/li>\n<li><strong>Beaudin, J<\/strong>., Chouinard, M.C., Hudon, E., &amp; Hudon, C. <em>Integrated self-management support provided by primary care nurses to people with chronic diseases and common mental disorders: A qualitative study<\/em><em>. <\/em>Communication orale. North American Primary Care Research Group (NAPCRG) 51th annual meeting 2023. San Francisco, Californie, \u00c9tats-Unis. Du 28 octobre au 3 novembre 2023<\/li>\n<li>Hudon, E., Dauwe, V., Theriault, C., &amp; <strong>Beaudin, J.<\/strong> <em>Development of a university nursing health clinic. <\/em>Communication orale. North American Primary Care Research Group (NAPCRG) 51th annual meeting 2023. San Francisco, Californie, \u00c9tats-Unis. Du 28 octobre au 3 novembre 2023<\/li>\n<li><strong>Beaudin, J<\/strong>., Chouinard, M.C., Girard, A., &amp; Hudon, C. <em>Integrated self-management support training for nursing students: relevance of an intervention mapping process<\/em><em>. <\/em>Communication par affiche. North American Primary Care Research Group (NAPCRG) 51th annual meeting 2023. San Francisco, Californie, \u00c9tats-Unis. Du 28 octobre au 3 novembre 2023.<\/li>\n<li><strong>Beaudin, J<\/strong>., Chouinard, M.C., Girard, A., &amp; Hudon, C. <em>Primary care nurses\u2019 experience of self-management support for people with chronic diseases and common mental disorders<\/em><em>. <\/em>Communication par affiche. North American Primary Care Research Group (NAPCRG) 49th annual meeting 2021. Virtual meeting. Du 19 au 23 novembre 2021.<\/li>\n<li><strong>Beaudin, J.,<\/strong> Chouinard, M.C., Girard, A., &amp; Hudon, C. <em>Integrated self-management support of persons with physical chronic diseases and common mental disorders by primary care nurse: A scoping review. <\/em>Communication par affiche. International Conference on Integrated Care 2021. Virtual meeting. Du 3 au 27 mai 2021.<\/li>\n<li><strong>Beaudin, J<\/strong>., Chouinard, M.C., Girard, A., &amp; Hudon, C. <em>Nurse-led self-management support of patients with chronic and common mental disorders in primary care: A scoping review.<\/em> Communication par affiche. North American Primary care Research Group (NAPCRG) 48th annual meeting. Virtual meeting. Du 20 au 24 novembre 2020.<\/li>\n<li><strong>Beaudin, J<\/strong>., Chouinard, M.C., &amp; Hudon, C. Soutien a\u0300 l\u2019autogestion des personnes atteintes de<br \/>\nMC et TMC par les infirmie\u0300res en premie\u0300re ligne : Une revue de la porte\u0301e. Communication par affiche. Colloque 626\u00a0: Int\u00e9gration des soins et services pour les personnes avec des maladies chroniques, des troubles de sant\u00e9 mentale ou une pr\u00e9carit\u00e9 socio-\u00e9conomique : faire mieux ensemble!. Chicoutimi. 2020. (conf\u00e9rence annul\u00e9e)<\/li>\n<li><strong>Beaudin, J<\/strong>., Hudon, C., &amp; Chouinard, M.C. <em>Facteurs lie\u0301s a\u0300 l\u2019implantation de la gestion de cas des grands utilisateurs: re\u0301sultats d\u2019une e\u0301tude de cas<\/em>. Communication par affiche. Congr\u00e8s mondial du Secr\u00e9tariat International Des Infirmi\u00e8res et Infirmiers de l\u2019Espace Francophones (SIDIIEF). Bordeaux, France. Du 3 au 6 juin 2018.<\/li>\n<li><strong>Beaudin, J<\/strong>., Hudon, C., &amp; Chouinard, M.C. Facteurs lie\u0301s a\u0300 l\u2019implantation de la gestion de cas des grands utilisateurs: re\u0301sultats d\u2019une e\u0301tude de cas. Communication par affiche. ACFAS. Chicoutimi. 2018.<\/li>\n<li><strong>Beaudin, J<\/strong>., Chouinard, M.C., Dufour, I., &amp; Hudon, C. <em>Implementation factors regarding the case management of frequent users of healthcare services: A scoping review<\/em>. Communication par affiche. North American Primary care Research Group (NAPCRG) 45th annual meeting. Montr\u00e9al, Canada. Du 17 au 21 novembre 2017.<\/li>\n<li>M.C., Hudon, C., Couture, M., Masse\u0301, S., Savard, C., Bouliane, D., <strong>Beaudin, J<\/strong>., &amp; Diadiou, F. <em>Case management for frequent users of healthcare and social services: a participative research project with organizations and patients.<\/em> Communication par affiche. Conf\u00e9rence annuelle de l\u2019Association Canadienne pour la recherche sur les services et les politiques de la sant\u00e9. Toronto, Canada. Du 24 au 26 mai 2017.<\/li>\n<li>Maud-Christine Chouinard, Catherine Hudon, Marjorie Couture, Sylvie Mass\u00e9, Caroline Savard, Danielle Bouliane, Fatoumata Diadiou, Gilles Gauthier, Mireille Lambert, \u00c9milie Hudon, V\u00e9ronique Sabourin, Claude Spence &amp; <strong>J\u00e9r\u00e9mie Beaudin<\/strong>.\u00a0Case management for frequent users of healthcare and social services: A participative research project with organizations and patients, 13e Congr\u00e8s annuel du CAHSPR, 24 au 26 mai 2017<\/li>\n<\/ul>\n<h5>Congr\u00e8s provinciaux \/ locaux<\/h5>\n<ul>\n<li><strong>Beaudin, J<\/strong>., Chouinard, M.C., Girard, A., &amp; Hudon, C. <em>Le soutien \u00e0 l\u2019autogestion int\u00e9gr\u00e9 pour les personnes avec maladies chroniques et troubles mentaux courants par les infirmi\u00e8res de premi\u00e8re ligne\u00a0: (tr\u00e8s) court r\u00e9sum\u00e9 des r\u00e9sultats d\u2019un examen de la port\u00e9e. <\/em>Communication par infographie. Journ\u00e9e annuelle du R\u00e9seau-1 Qu\u00e9bec. 18 juin 2021.<\/li>\n<li><strong>Beaudin, J<\/strong>., Hudon, C., &amp; Chouinard, M.C. Facteurs li\u00e9s a\u0300 l\u2019implantation de la gestion de cas des grands utilisateurs: re\u0301sultats d\u2019une e\u0301tude de cas. Communication par affiche. Colloque des sciences infirmi\u00e8res de l\u2019UQAC. Chicoutimi. 2018.<\/li>\n<\/ul>\n<h5>Communications (orales ou \u00e9crites) sans comit\u00e9 de r\u00e9vision par les pairs<\/h5>\n<p><strong>Webinaires<\/strong><\/p>\n<ul>\n<li><strong>Beaudin, J. <\/strong>Exp\u00e9rience des infirmi\u00e8res en GMF au soutien \u00e0 l\u2019autogestion int\u00e9gr\u00e9. Midi-conf\u00e9rence de l\u2019IUPLSSS, 7 mai 2024<\/li>\n<\/ul>\n","protected":false},"excerpt":{"rendered":"<p>Congr\u00e8s internationaux Girard, A., Lem\u00e9e, M-H., Lafontaine, S., Beaudin, J., Carrier, J-D., Clabault H., Abou Malham, S.,\u202fet Sasseville, M. (Juin 2024). Designing and evaluating a multimodal mental health assessment training program for primary care nurses: toward better collaborative care. CCMH conference, Ottawa, Canada. Lafontaine, S., Girard, A., Lem\u00e9e, M-H., Doucet, A., Carrier, J-D., Sasseville, M., &hellip; <a href=\"https:\/\/portfolio.uqac.ca\/jeremiebeaudin\/communications-2\/\" class=\"more-link\">Continuer la lecture de <span class=\"screen-reader-text\">Communications<\/span>  <span class=\"meta-nav\">&rarr;<\/span><\/a><\/p>\n","protected":false},"author":89,"featured_media":0,"parent":0,"menu_order":0,"comment_status":"closed","ping_status":"closed","template":"","meta":{"footnotes":""},"tags":[],"_links":{"self":[{"href":"https:\/\/portfolio.uqac.ca\/jeremiebeaudin\/wp-json\/wp\/v2\/pages\/165"}],"collection":[{"href":"https:\/\/portfolio.uqac.ca\/jeremiebeaudin\/wp-json\/wp\/v2\/pages"}],"about":[{"href":"https:\/\/portfolio.uqac.ca\/jeremiebeaudin\/wp-json\/wp\/v2\/types\/page"}],"author":[{"embeddable":true,"href":"https:\/\/portfolio.uqac.ca\/jeremiebeaudin\/wp-json\/wp\/v2\/users\/89"}],"replies":[{"embeddable":true,"href":"https:\/\/portfolio.uqac.ca\/jeremiebeaudin\/wp-json\/wp\/v2\/comments?post=165"}],"version-history":[{"count":8,"href":"https:\/\/portfolio.uqac.ca\/jeremiebeaudin\/wp-json\/wp\/v2\/pages\/165\/revisions"}],"predecessor-version":[{"id":219,"href":"https:\/\/portfolio.uqac.ca\/jeremiebeaudin\/wp-json\/wp\/v2\/pages\/165\/revisions\/219"}],"wp:attachment":[{"href":"https:\/\/portfolio.uqac.ca\/jeremiebeaudin\/wp-json\/wp\/v2\/media?parent=165"}],"wp:term":[{"taxonomy":"post_tag","embeddable":true,"href":"https:\/\/portfolio.uqac.ca\/jeremiebeaudin\/wp-json\/wp\/v2\/tags?post=165"}],"curies":[{"name":"wp","href":"https:\/\/api.w.org\/{rel}","templated":true}]}}