{"id":167,"date":"2023-07-27T11:29:00","date_gmt":"2023-07-27T15:29:00","guid":{"rendered":"http:\/\/portfolio-pre.uqac.ca\/gabarit\/?page_id=167"},"modified":"2025-01-07T10:31:21","modified_gmt":"2025-01-07T15:31:21","slug":"autres-publications","status":"publish","type":"page","link":"https:\/\/portfolio.uqac.ca\/jeremiebeaudin\/autres-publications\/","title":{"rendered":"Autres publications"},"content":{"rendered":"<ul>\n<li>Girard, A., Lafontaine, S., <strong>Beaudin, J.,<\/strong> Carrier, J.-D., Lem\u00e9e, M.-H. (2023). <a href=\"http:\/\/hdl.handle.net\/11143\/21451\" target=\"_blank\" rel=\"noopener\"><em>Guide d\u2019orientation \u00e0 l\u2019\u00e9valuation clinique infirmi\u00e8re orient\u00e9e vers la sant\u00e9 mentale et le r\u00e9tablissement<\/em><\/a>. Savoirs UdeS<\/li>\n<\/ul>\n","protected":false},"excerpt":{"rendered":"<p>Girard, A., Lafontaine, S., Beaudin, J., Carrier, J.-D., Lem\u00e9e, M.-H. (2023). Guide d\u2019orientation \u00e0 l\u2019\u00e9valuation clinique infirmi\u00e8re orient\u00e9e vers la sant\u00e9 mentale et le r\u00e9tablissement. Savoirs UdeS<\/p>\n","protected":false},"author":89,"featured_media":0,"parent":0,"menu_order":0,"comment_status":"closed","ping_status":"closed","template":"","meta":{"footnotes":""},"tags":[],"_links":{"self":[{"href":"https:\/\/portfolio.uqac.ca\/jeremiebeaudin\/wp-json\/wp\/v2\/pages\/167"}],"collection":[{"href":"https:\/\/portfolio.uqac.ca\/jeremiebeaudin\/wp-json\/wp\/v2\/pages"}],"about":[{"href":"https:\/\/portfolio.uqac.ca\/jeremiebeaudin\/wp-json\/wp\/v2\/types\/page"}],"author":[{"embeddable":true,"href":"https:\/\/portfolio.uqac.ca\/jeremiebeaudin\/wp-json\/wp\/v2\/users\/89"}],"replies":[{"embeddable":true,"href":"https:\/\/portfolio.uqac.ca\/jeremiebeaudin\/wp-json\/wp\/v2\/comments?post=167"}],"version-history":[{"count":4,"href":"https:\/\/portfolio.uqac.ca\/jeremiebeaudin\/wp-json\/wp\/v2\/pages\/167\/revisions"}],"predecessor-version":[{"id":210,"href":"https:\/\/portfolio.uqac.ca\/jeremiebeaudin\/wp-json\/wp\/v2\/pages\/167\/revisions\/210"}],"wp:attachment":[{"href":"https:\/\/portfolio.uqac.ca\/jeremiebeaudin\/wp-json\/wp\/v2\/media?parent=167"}],"wp:term":[{"taxonomy":"post_tag","embeddable":true,"href":"https:\/\/portfolio.uqac.ca\/jeremiebeaudin\/wp-json\/wp\/v2\/tags?post=167"}],"curies":[{"name":"wp","href":"https:\/\/api.w.org\/{rel}","templated":true}]}}