{"id":27,"date":"2023-07-27T11:29:00","date_gmt":"2023-07-27T15:29:00","guid":{"rendered":"http:\/\/portfolio-pre.uqac.ca\/gabarit\/?page_id=27"},"modified":"2025-01-07T11:34:45","modified_gmt":"2025-01-07T16:34:45","slug":"curriculum-vitae","status":"publish","type":"page","link":"https:\/\/portfolio.uqac.ca\/jeremiebeaudin\/curriculum-vitae\/","title":{"rendered":"Curriculum vitae"},"content":{"rendered":"<h2><strong>Dipl\u00f4mes<\/strong><\/h2>\n<p><strong>2019-2024<\/strong><br \/>\nDoctorat de recherche en sciences de la sant\u00e9 &#8211;\u00a0Concentration sciences infirmi\u00e8res<br \/>\n<em>Universit\u00e9 de Sherbrooke<\/em><br \/>\n<strong>Titre de th\u00e8se\u00a0:<\/strong> Exp\u00e9rience des infirmi\u00e8res et infirmiers en premi\u00e8re ligne du soutien \u00e0 l\u2019autogestion aupr\u00e8s des personnes atteintes de maladies chroniques physiques et de troubles mentaux courants : Une \u00e9tude qualitative<\/p>\n<p><strong>2016-2019<\/strong><br \/>\nMa\u00eetrise en sciences infirmi\u00e8res<br \/>\n<em>Universit\u00e9 du Qu\u00e9bec \u00e0 Chicoutimi<\/em><br \/>\n<strong>Titre du m\u00e9moire\u00a0:<\/strong> Analyse d\u2019implantation de la gestion de cas des grands utilisateurs de services de sante\u0301 dans un groupe de m\u00e9decine familiale au Saguenay-Lac-Saint-Jean<\/p>\n<p><strong>2012-2014<\/strong><br \/>\nBaccalaur\u00e9at en sciences infirmi\u00e8res<br \/>\n<em>Universit\u00e9 du Qu\u00e9bec \u00e0 Chicoutimi<\/em><\/p>\n<p><strong>2009-2012<br \/>\n<\/strong>DEC en soins infirmiers<br \/>\n<em>C\u00e9gep de Sept-\u00celes<\/em><strong><br \/>\n<\/strong><\/p>\n<h2><strong><br \/>\nDistinctions et bourses<br \/>\n<\/strong><\/h2>\n<p><strong>2023<\/strong><br \/>\nMention d\u2019honneur au Livre d\u2019Or du Doyen pour l\u2019ann\u00e9e 2022-2023, excellence du parcours scolaire Doctorat de recherche en sciences de la sant\u00e9 \u2013 Universit\u00e9 de Sherbrooke<\/p>\n<p><strong>2022<\/strong><br \/>\nPerfectionnement long \u2013 UQAC (3 charges de cours \u2013 trimestres A22 et H23)<\/p>\n<p><strong>2022<\/strong><br \/>\nBourse de recherche doctorale \u2013 R\u00e9seau de Recherche en Interventions en Sciences Infirmi\u00e8res du (RRISIQ) (7 800 $\/1 an)<\/p>\n<p><strong>2021<\/strong><br \/>\nBourse de recherche doctorale (renouvellement 2e \u2013 MEES-OIIQ (39 000 $\/1 an)<\/p>\n<p><strong>2020<\/strong><br \/>\nBourse de recherche doctorale \u2013 R\u00e9seau de Recherche en Interventions en Sciences Infirmi\u00e8res du (RRISIQ) (12 000 $\/1 an)<\/p>\n<p><strong>2020<\/strong><br \/>\nBourse de recherche doctorale (renouvellement 1er\u2013 MEES-OIIQ (39 000 $\/1 an)<\/p>\n<p><strong>2019<\/strong><br \/>\nBourse de recherche doctorale \u2013 MEES-OIIQ (39 000 $\/1 an)<\/p>\n<p><strong>2017<\/strong><br \/>\nTableau d\u2019honneur de l\u2019UQAC<\/p>\n<p><strong>2017<\/strong><br \/>\nBourse de recherche de ma\u00eetrise \u2013 R\u00e9seau de Recherche en Interventions en Sciences Infirmi\u00e8res du (RRISIQ) (15 000 $)<\/p>\n<p><strong>2017<\/strong><br \/>\nBourse de recherche fin de ma\u00eetrise \u2013 Minist\u00e8re de l\u2019Enseignement et d\u2019\u00c9tudes Sup\u00e9rieurs &#8211; Ordre des infirmi\u00e8res et infirmiers du Qu\u00e9bec (MEES-OIIQ) (20 000 $)<\/p>\n<p><strong>2017<\/strong><br \/>\nBourse du Programme de soutien \u00e0 la mission universitaire<br \/>\n(15 000 $), d\u00e9clin\u00e9e<\/p>\n<p><strong>2017<\/strong><br \/>\nBourse d\u2019\u00e9tude Fran\u00e7ois Miville-Desch\u00eanes \u2013 Groupe Desch\u00eanes (500 $)<\/p>\n<p><strong>2016<\/strong><br \/>\nBourse de recherche de ma\u00eetrise \u2013 Fondation de l\u2019UQAC, vers\u00e9e par Maud-Christine Chouinard (16 150 $)<\/p>\n<p><strong>2012<\/strong><br \/>\nBourse du m\u00e9rite \u00e9tudiant \u2013 Ordre r\u00e9gionale des infirmi\u00e8res et infirmiers de la C\u00f4te-Nord (ORIICN) (300 $)<\/p>\n<h2><strong><br \/>\nAffiliations professionnelles<\/strong><\/h2>\n<ul>\n<li>Ordre des infirmi\u00e8res et infirmiers du Qu\u00e9bec<\/li>\n<\/ul>\n<h2><strong><br \/>\nEngagements institutionnels, scientifiques et professionnels<\/strong><\/h2>\n<p><strong>2023-auj.<\/strong><br \/>\nMembre du comit\u00e9 fonctionnel, Clinique Universitaire en sciences infirmi\u00e8res, UQAC<\/p>\n<p><strong>2023-2025<\/strong><br \/>\nPr\u00e9sident, Conseil d\u2019administration du r\u00e9seau Qualaxia<\/p>\n<p><strong>2022-2023<\/strong><br \/>\nRepr\u00e9sentant \u00e9tudiant, Conseil d\u2019administration du R\u00e9seau Qualaxia<\/p>\n<p><strong>2022-2023<\/strong><br \/>\nMembre charg\u00e9 de cours, comit\u00e9 organisateur Colloque de la ma\u00eetrise r\u00e9seau en sciences infirmi\u00e8res du R\u00e9seau de l\u2019Universit\u00e9 du Qu\u00e9bec (\u00e9dition 2023)<\/p>\n<p><strong>2021-2023<\/strong><br \/>\nMentor, Communaut\u00e9 de mentorat entre \u00e9tudiants du Programme de recherche en sciences de la sant\u00e9 (COMETES) de l\u2019Universit\u00e9 de Sherbrooke<\/p>\n<p><strong>2020-2022<\/strong><br \/>\nRepr\u00e9sentant charg\u00e9 de cours, Comit\u00e9 de l\u2019unit\u00e9 p\u00e9dagogique du Module des sciences infirmi\u00e8res de l\u2019UQAC<\/p>\n<p><strong>2018-2020<\/strong><br \/>\nResponsable des communications, Comit\u00e9 jeunesse de l\u2019ORIISLSJNQ<\/p>\n<p><strong>2018<\/strong><br \/>\nMembre du Comit\u00e9 d\u2019\u00e9thique \u00e0 la recherche de l\u2019UQAC<\/p>\n<p><strong>2016-2019<\/strong><br \/>\nMembre \u00e9tudiant du Centre de recherche Charles-Le-Moyne \u2013 Saguenay-Lac-Saint-Jean (CR-CSIS)<\/p>\n<p><strong>2017-2024<\/strong><br \/>\nMembre \u00e9tudiant du R\u00e9seau de recherche en interventions en sciences infirmi\u00e8res du Qu\u00e9bec (RRISIQ)<\/p>\n<p><strong>2016-2024<\/strong><br \/>\nMembre de l\u2019\u00e9quipe de recherche V1SAGES<\/p>\n<p><strong>2016-2017<\/strong><br \/>\nMembre du Comit\u00e9 jeunesse de l&#8217;ORIICN<\/p>\n<p><strong>2014-2016<\/strong><br \/>\nConseiller, Comit\u00e9 jeunesse de l\u2019ORIISLSJNQ<\/p>\n<p><strong>2014<\/strong><br \/>\nScrutateur au Congr\u00e8s de l\u2019Ordre des infirmi\u00e8res et infirmiers du Qu\u00e9bec<\/p>\n<p><strong>2017, 2016, 2013<\/strong><br \/>\nMembre du comit\u00e9 organisateur du Colloque des sciences infirmi\u00e8res de l\u2019UQAC<\/p>\n<p><strong>2014<\/strong><br \/>\nVice-pr\u00e9sident du comit\u00e9 organisateur des Jeux des Infirmi\u00e8res et infirmiers du Qu\u00e9bec (JIIQ)<\/p>\n<p><strong>2012-2014<\/strong><br \/>\nMembre du conseil du module des Sciences infirmi\u00e8res de l\u2019Universit\u00e9 du Qu\u00e9bec \u00e0 Chicoutimi<\/p>\n<p><strong>2013-2014<\/strong><br \/>\nVice-pr\u00e9sident aux affaires p\u00e9dagogiques de l\u2019association \u00e9tudiante des sciences infirmi\u00e8res de l\u2019UQAC<\/p>\n<p><strong>2012-2014<\/strong><br \/>\nRepr\u00e9sentant \u00e9tudiant \u00e0 plusieurs comit\u00e9s de r\u00e9visions de notes et d\u2019\u00e9chec aux stages de l\u2019UQAC<\/p>\n","protected":false},"excerpt":{"rendered":"<p>Dipl\u00f4mes 2019-2024 Doctorat de recherche en sciences de la sant\u00e9 &#8211;\u00a0Concentration sciences infirmi\u00e8res Universit\u00e9 de Sherbrooke Titre de th\u00e8se\u00a0: Exp\u00e9rience des infirmi\u00e8res et infirmiers en premi\u00e8re ligne du soutien \u00e0 l\u2019autogestion aupr\u00e8s des personnes atteintes de maladies chroniques physiques et de troubles mentaux courants : Une \u00e9tude qualitative 2016-2019 Ma\u00eetrise en sciences infirmi\u00e8res Universit\u00e9 du &hellip; <a href=\"https:\/\/portfolio.uqac.ca\/jeremiebeaudin\/curriculum-vitae\/\" class=\"more-link\">Continuer la lecture de <span class=\"screen-reader-text\">Curriculum vitae<\/span>  <span class=\"meta-nav\">&rarr;<\/span><\/a><\/p>\n","protected":false},"author":89,"featured_media":0,"parent":0,"menu_order":0,"comment_status":"closed","ping_status":"closed","template":"","meta":{"footnotes":""},"tags":[],"_links":{"self":[{"href":"https:\/\/portfolio.uqac.ca\/jeremiebeaudin\/wp-json\/wp\/v2\/pages\/27"}],"collection":[{"href":"https:\/\/portfolio.uqac.ca\/jeremiebeaudin\/wp-json\/wp\/v2\/pages"}],"about":[{"href":"https:\/\/portfolio.uqac.ca\/jeremiebeaudin\/wp-json\/wp\/v2\/types\/page"}],"author":[{"embeddable":true,"href":"https:\/\/portfolio.uqac.ca\/jeremiebeaudin\/wp-json\/wp\/v2\/users\/89"}],"replies":[{"embeddable":true,"href":"https:\/\/portfolio.uqac.ca\/jeremiebeaudin\/wp-json\/wp\/v2\/comments?post=27"}],"version-history":[{"count":10,"href":"https:\/\/portfolio.uqac.ca\/jeremiebeaudin\/wp-json\/wp\/v2\/pages\/27\/revisions"}],"predecessor-version":[{"id":225,"href":"https:\/\/portfolio.uqac.ca\/jeremiebeaudin\/wp-json\/wp\/v2\/pages\/27\/revisions\/225"}],"wp:attachment":[{"href":"https:\/\/portfolio.uqac.ca\/jeremiebeaudin\/wp-json\/wp\/v2\/media?parent=27"}],"wp:term":[{"taxonomy":"post_tag","embeddable":true,"href":"https:\/\/portfolio.uqac.ca\/jeremiebeaudin\/wp-json\/wp\/v2\/tags?post=27"}],"curies":[{"name":"wp","href":"https:\/\/api.w.org\/{rel}","templated":true}]}}