{"id":4,"date":"2023-07-27T11:29:00","date_gmt":"2023-07-27T15:29:00","guid":{"rendered":"http:\/\/portfolio-pre.uqac.ca\/gabarit\/?page_id=4"},"modified":"2025-01-07T09:19:43","modified_gmt":"2025-01-07T14:19:43","slug":"presentatio","status":"publish","type":"page","link":"https:\/\/portfolio.uqac.ca\/jeremiebeaudin\/","title":{"rendered":"Pr\u00e9sentation"},"content":{"rendered":"<h2>J\u00e9r\u00e9mie Beaudin<\/h2>\n<p><strong>Professeur au D\u00e9partement des sciences de la sant\u00e9<\/strong><br \/>\n<strong>Module des sciences infirmi\u00e8res<\/strong><\/p>\n<p>J\u00e9r\u00e9mie Beaudin est infirmier clinicien et d\u00e9tenteur d&#8217;un doctorat de recherche en sciences de la sant\u00e9 (concentration sciences infirmi\u00e8res) de l&#8217;Universit\u00e9 de Sherbrooke. Ses recherches portent sur le d\u00e9veloppement des comp\u00e9tences des infirmi\u00e8res et infirmiers en soins primaires, l&#8217;\u00e9valuation et le soutien \u00e0 l&#8217;autogestion int\u00e9gr\u00e9 des conditions chroniques physiques et mentales et\u00a0l&#8217;int\u00e9gration des soins et services. Plus largement, il s&#8217;int\u00e9resse \u00e9galement \u00e0 l&#8217;\u00e9ducation en sciences infirmi\u00e8res, \u00e0 la pr\u00e9vention et promotion de la sant\u00e9, l&#8217;optimisation et la valorisation de la pratique infirmi\u00e8re et l&#8217;implantation d&#8217;innovation.<\/p>\n<p>Son doctorat s&#8217;int\u00e9ressait\u00a0au soutien \u00e0 l\u2019autogestion int\u00e9gr\u00e9\u00a0par les infirmi\u00e8res et infirmiers en GMF des personnes ayant des maladies chroniques physiques et des troubles mentaux courants Qu\u00e9bec.<\/p>\n<h2>Champs d&#8217;int\u00e9r\u00eat<\/h2>\n<p>Soins primaires, soutien \u00e0 l&#8217;autogestion int\u00e9gr\u00e9, sant\u00e9 physique et mentale, int\u00e9gration des soins et services, m\u00e9thodes qualitatives, sciences de l&#8217;implantation.<\/p>\n","protected":false},"excerpt":{"rendered":"<p>J\u00e9r\u00e9mie Beaudin Professeur au D\u00e9partement des sciences de la sant\u00e9 Module des sciences infirmi\u00e8res J\u00e9r\u00e9mie Beaudin est infirmier clinicien et d\u00e9tenteur d&#8217;un doctorat de recherche en sciences de la sant\u00e9 (concentration sciences infirmi\u00e8res) de l&#8217;Universit\u00e9 de Sherbrooke. Ses recherches portent sur le d\u00e9veloppement des comp\u00e9tences des infirmi\u00e8res et infirmiers en soins primaires, l&#8217;\u00e9valuation et le &hellip; <a href=\"https:\/\/portfolio.uqac.ca\/jeremiebeaudin\/\" class=\"more-link\">Continuer la lecture de <span class=\"screen-reader-text\">Pr\u00e9sentation<\/span>  <span class=\"meta-nav\">&rarr;<\/span><\/a><\/p>\n","protected":false},"author":89,"featured_media":0,"parent":0,"menu_order":0,"comment_status":"closed","ping_status":"closed","template":"","meta":{"footnotes":""},"tags":[],"_links":{"self":[{"href":"https:\/\/portfolio.uqac.ca\/jeremiebeaudin\/wp-json\/wp\/v2\/pages\/4"}],"collection":[{"href":"https:\/\/portfolio.uqac.ca\/jeremiebeaudin\/wp-json\/wp\/v2\/pages"}],"about":[{"href":"https:\/\/portfolio.uqac.ca\/jeremiebeaudin\/wp-json\/wp\/v2\/types\/page"}],"author":[{"embeddable":true,"href":"https:\/\/portfolio.uqac.ca\/jeremiebeaudin\/wp-json\/wp\/v2\/users\/89"}],"replies":[{"embeddable":true,"href":"https:\/\/portfolio.uqac.ca\/jeremiebeaudin\/wp-json\/wp\/v2\/comments?post=4"}],"version-history":[{"count":15,"href":"https:\/\/portfolio.uqac.ca\/jeremiebeaudin\/wp-json\/wp\/v2\/pages\/4\/revisions"}],"predecessor-version":[{"id":205,"href":"https:\/\/portfolio.uqac.ca\/jeremiebeaudin\/wp-json\/wp\/v2\/pages\/4\/revisions\/205"}],"wp:attachment":[{"href":"https:\/\/portfolio.uqac.ca\/jeremiebeaudin\/wp-json\/wp\/v2\/media?parent=4"}],"wp:term":[{"taxonomy":"post_tag","embeddable":true,"href":"https:\/\/portfolio.uqac.ca\/jeremiebeaudin\/wp-json\/wp\/v2\/tags?post=4"}],"curies":[{"name":"wp","href":"https:\/\/api.w.org\/{rel}","templated":true}]}}