{"id":46,"date":"2023-07-27T11:29:00","date_gmt":"2023-07-27T15:29:00","guid":{"rendered":"http:\/\/portfolio-pre.uqac.ca\/gabarit\/?page_id=46"},"modified":"2025-01-07T11:05:31","modified_gmt":"2025-01-07T16:05:31","slug":"recherche","status":"publish","type":"page","link":"https:\/\/portfolio.uqac.ca\/jeremiebeaudin\/recherche\/","title":{"rendered":"Recherche"},"content":{"rendered":"<h5>Projet de recherche en cours<\/h5>\n<ul>\n<li><strong><em>Acceptabilit\u00e9 et pertinence du mod\u00e8le th\u00e9orique initiale d\u2019un programme de formation visant la promotion des conditions propices \u00e0 l\u2019adoption des bonnes pratiques d\u2019\u00e9valuation clinique orient\u00e9e vers la sant\u00e9 mentale : une \u00e9tude pilote<\/em><\/strong>\n<ul>\n<li>Statut\u00a0: analyse des donn\u00e9es et diffusion des r\u00e9sultats<\/li>\n<li>Chercheures principales : Ariane Girard, inf. PhD; Sarah Lafontaine, inf. PhD<\/li>\n<li>Cochercheur.e.s : Jean-Daniel Carrier, MD, FRCPC, PhD; Maxime Sasseville, inf. PhD ; Sabine Abou Malham, inf. PhD; <strong>J\u00e9r\u00e9mie Beaudin<\/strong>, inf. PhD<\/li>\n<\/ul>\n<\/li>\n<\/ul>\n<ul>\n<li><strong><em>Interventions for common mental disorders shown to be effective when delivered by a primary care providers: An umbrella review<\/em><\/strong>\n<ul>\n<li>Statut : analyse d&#8217;extraction et d&#8217;analyse des donn\u00e9es<\/li>\n<li>Coauteur<\/li>\n<\/ul>\n<\/li>\n<\/ul>\n<ul>\n<li><strong><em><span class=\"TextRun SCXP195504422 BCX4\" lang=\"FR-FR\" xml:lang=\"FR-FR\" data-scheme-color=\"@000000,,\" data-usefontface=\"true\" data-contrast=\"none\"><span class=\"NormalTextRun SCXP195504422 BCX4\">\u00c9laboration et implantation pilote d\u2019outils d\u2019aide \u00e0 la d\u00e9cision : Options <\/span><\/span><span class=\"TextRun SCXP195504422 BCX4\" lang=\"FR-FR\" xml:lang=\"FR-FR\" data-scheme-color=\"@000000,,\" data-usefontface=\"true\" data-contrast=\"none\"><span class=\"NormalTextRun SCXP195504422 BCX4\">traitements diab\u00e9tiques chez les Premi\u00e8res Nations<\/span><\/span><\/em><\/strong>\n<ul>\n<li>Cochercheur.e.s : M\u00e9lissa Lavoie, inf. PhD; <strong>J\u00e9r\u00e9mie Beaudin, <\/strong>inf. PhD; M\u00e9lanie Courtois, Msc, IPSPL; Alexandre Deslauriers, Msc, IPSPL<\/li>\n<\/ul>\n<\/li>\n<\/ul>\n<h5>Projet de recherche \u00e0 venir (demande de financement soumise)<\/h5>\n<ul>\n<li><strong><em>Analyse et diss\u00e9mination des meilleures pratiques de soutien clinique aupr\u00e8s des professionnels offrant des services de sant\u00e9 mentale en contexte de soins ambulatoires\u00a0: une \u00e9tude multim\u00e9thode avec approche participative<\/em><\/strong>\n<ul>\n<li>Statut\u00a0: soumise<\/li>\n<li>Demande soumise aux Instituts de Recherche en Sant\u00e9 du Canada (IRSC), concours \u00ab\u00a0Subvention Projet\u00a0\u00bb 2025-2026<\/li>\n<li>Cochercheur.e.s et collaborateurs : Ariane Girard ; Mathieu H\u00e9ron; Maude Raymond; Yoan Larouche; Jo\u00eblle Bernard-Hamel; Isabelle Gaboury; Sarah Lafontaine; Martin Charrette; Annie Leblanc; Julie-Christine Cotton; Jean-Daniel Carrier; Marie-\u00c8ve Poitras; France St-Hilaire; Genevi\u00e8ve Robert-Huot; Matthew Menear; Catherine Hudon; <strong>J\u00e9r\u00e9mie Beaudin<\/strong>; Sophie Poirier; Marie-Claude Battista; Yessica-Haydee Gomez<strong><em>\u00a0<\/em><\/strong><\/li>\n<\/ul>\n<\/li>\n<\/ul>\n<ul>\n<li><strong><em>Implantation et adaptation d\u2019un programme de formation visant la promotion des conditions propices \u00e0 l\u2019adoption des bonnes pratiques d\u2019\u00e9valuation clinique orient\u00e9e vers la sant\u00e9 mentale<\/em><\/strong>\n<ul>\n<li>Statut\u00a0: planification<\/li>\n<li>Chercheures principales : Ariane Girard, inf. PhD; Sarah Lafontaine, inf. PhD<\/li>\n<li>Cochercheur.e.s : Jean-Daniel Carrier, MD, FRCPC, PhD; Maxime Sasseville, inf. PhD; Sabine Abou Malham, inf. PhD; <strong>J\u00e9r\u00e9mie Beaudin<\/strong>, inf. PhD<\/li>\n<\/ul>\n<\/li>\n<\/ul>\n<ul>\n<li><strong><em>Adaptation du mod\u00e8le de soutien \u00e0 l&#8217;autogestion int\u00e9gr\u00e9 en g\u00e9riatrie sociale<\/em><\/strong>\n<ul>\n<li>Statut : planification<\/li>\n<\/ul>\n<\/li>\n<\/ul>\n<ul>\n<li><em><strong><span class=\"TextRun BCX4 SCXP201229079\" lang=\"FR-CA\" xml:lang=\"FR-CA\" data-usefontface=\"false\" data-contrast=\"none\"><span class=\"NormalTextRun BCX4 SCXP201229079\">Programme de formation au soutien \u00e0 l\u2019autogestion int\u00e9gr\u00e9 des personnes <\/span><\/span><span class=\"TextRun BCX4 SCXP201229079\" lang=\"FR-CA\" xml:lang=\"FR-CA\" data-usefontface=\"false\" data-contrast=\"none\"><span class=\"NormalTextRun BCX4 SCXP201229079\">atteintes de maladies chroniques physiques et de troubles mentaux <\/span><\/span><span class=\"TextRun BCX4 SCXP201229079\" lang=\"FR-CA\" xml:lang=\"FR-CA\" data-usefontface=\"false\" data-contrast=\"none\"><span class=\"NormalTextRun BCX4 SCXP201229079\">courants<\/span><\/span><\/strong><\/em>\n<ul>\n<li>Statut\u00a0: planification<\/li>\n<li>Chercheur principal: <strong>J\u00e9r\u00e9mie Beaudin, inf. PhD<\/strong><\/li>\n<li>Cochercheures : Ariane Girard, inf. PhD; Sarah Lafontaine, inf. PhD<\/li>\n<\/ul>\n<\/li>\n<\/ul>\n","protected":false},"excerpt":{"rendered":"<p>Projet de recherche en cours Acceptabilit\u00e9 et pertinence du mod\u00e8le th\u00e9orique initiale d\u2019un programme de formation visant la promotion des conditions propices \u00e0 l\u2019adoption des bonnes pratiques d\u2019\u00e9valuation clinique orient\u00e9e vers la sant\u00e9 mentale : une \u00e9tude pilote Statut\u00a0: analyse des donn\u00e9es et diffusion des r\u00e9sultats Chercheures principales : Ariane Girard, inf. PhD; Sarah Lafontaine, &hellip; <a href=\"https:\/\/portfolio.uqac.ca\/jeremiebeaudin\/recherche\/\" class=\"more-link\">Continuer la lecture de <span class=\"screen-reader-text\">Recherche<\/span>  <span class=\"meta-nav\">&rarr;<\/span><\/a><\/p>\n","protected":false},"author":89,"featured_media":0,"parent":0,"menu_order":0,"comment_status":"closed","ping_status":"closed","template":"","meta":{"footnotes":""},"tags":[],"_links":{"self":[{"href":"https:\/\/portfolio.uqac.ca\/jeremiebeaudin\/wp-json\/wp\/v2\/pages\/46"}],"collection":[{"href":"https:\/\/portfolio.uqac.ca\/jeremiebeaudin\/wp-json\/wp\/v2\/pages"}],"about":[{"href":"https:\/\/portfolio.uqac.ca\/jeremiebeaudin\/wp-json\/wp\/v2\/types\/page"}],"author":[{"embeddable":true,"href":"https:\/\/portfolio.uqac.ca\/jeremiebeaudin\/wp-json\/wp\/v2\/users\/89"}],"replies":[{"embeddable":true,"href":"https:\/\/portfolio.uqac.ca\/jeremiebeaudin\/wp-json\/wp\/v2\/comments?post=46"}],"version-history":[{"count":8,"href":"https:\/\/portfolio.uqac.ca\/jeremiebeaudin\/wp-json\/wp\/v2\/pages\/46\/revisions"}],"predecessor-version":[{"id":218,"href":"https:\/\/portfolio.uqac.ca\/jeremiebeaudin\/wp-json\/wp\/v2\/pages\/46\/revisions\/218"}],"wp:attachment":[{"href":"https:\/\/portfolio.uqac.ca\/jeremiebeaudin\/wp-json\/wp\/v2\/media?parent=46"}],"wp:term":[{"taxonomy":"post_tag","embeddable":true,"href":"https:\/\/portfolio.uqac.ca\/jeremiebeaudin\/wp-json\/wp\/v2\/tags?post=46"}],"curies":[{"name":"wp","href":"https:\/\/api.w.org\/{rel}","templated":true}]}}