{"id":18,"date":"2021-11-08T14:02:15","date_gmt":"2021-11-08T19:02:15","guid":{"rendered":"http:\/\/portfolio-pre.uqac.ca\/gabarit\/?page_id=18"},"modified":"2022-06-03T10:14:54","modified_gmt":"2022-06-03T14:14:54","slug":"enseignement","status":"publish","type":"page","link":"https:\/\/portfolio.uqac.ca\/jeromealsarraf\/enseignement\/","title":{"rendered":"Enseignement"},"content":{"rendered":"<ul>\n<li>1COR114\u00a0:\u00a0Macromol\u00e9cules<\/li>\n<li><span style=\"line-height: 1.5\">1GPH104\u00a0:\u00a0Laboratoire de macromol\u00e9cules<\/span><\/li>\n<li><span style=\"line-height: 1.5\">1COS503\u00a0:\u00a0Contr\u00f4le de qualit\u00e9, production et \u00e9valuation des cosm\u00e9tiques<\/span><\/li>\n<li><span style=\"line-height: 1.5\">1MRR826\u00a0:\u00a0Sujets choisis en chimie des produits naturels<\/span><\/li>\n<li>1MRR827 : Stage<\/li>\n<\/ul>\n","protected":false},"excerpt":{"rendered":"<p>1COR114\u00a0:\u00a0Macromol\u00e9cules 1GPH104\u00a0:\u00a0Laboratoire de macromol\u00e9cules 1COS503\u00a0:\u00a0Contr\u00f4le de qualit\u00e9, production et \u00e9valuation des cosm\u00e9tiques 1MRR826\u00a0:\u00a0Sujets choisis en chimie des produits naturels 1MRR827 : Stage<\/p>\n","protected":false},"author":89,"featured_media":0,"parent":0,"menu_order":0,"comment_status":"closed","ping_status":"closed","template":"","meta":{"footnotes":""},"tags":[],"_links":{"self":[{"href":"https:\/\/portfolio.uqac.ca\/jeromealsarraf\/wp-json\/wp\/v2\/pages\/18"}],"collection":[{"href":"https:\/\/portfolio.uqac.ca\/jeromealsarraf\/wp-json\/wp\/v2\/pages"}],"about":[{"href":"https:\/\/portfolio.uqac.ca\/jeromealsarraf\/wp-json\/wp\/v2\/types\/page"}],"author":[{"embeddable":true,"href":"https:\/\/portfolio.uqac.ca\/jeromealsarraf\/wp-json\/wp\/v2\/users\/89"}],"replies":[{"embeddable":true,"href":"https:\/\/portfolio.uqac.ca\/jeromealsarraf\/wp-json\/wp\/v2\/comments?post=18"}],"version-history":[{"count":5,"href":"https:\/\/portfolio.uqac.ca\/jeromealsarraf\/wp-json\/wp\/v2\/pages\/18\/revisions"}],"predecessor-version":[{"id":181,"href":"https:\/\/portfolio.uqac.ca\/jeromealsarraf\/wp-json\/wp\/v2\/pages\/18\/revisions\/181"}],"wp:attachment":[{"href":"https:\/\/portfolio.uqac.ca\/jeromealsarraf\/wp-json\/wp\/v2\/media?parent=18"}],"wp:term":[{"taxonomy":"post_tag","embeddable":true,"href":"https:\/\/portfolio.uqac.ca\/jeromealsarraf\/wp-json\/wp\/v2\/tags?post=18"}],"curies":[{"name":"wp","href":"https:\/\/api.w.org\/{rel}","templated":true}]}}