{"id":4,"date":"2021-11-08T14:02:15","date_gmt":"2021-11-08T19:02:15","guid":{"rendered":"http:\/\/portfolio-pre.uqac.ca\/gabarit\/?page_id=4"},"modified":"2022-06-03T10:11:03","modified_gmt":"2022-06-03T14:11:03","slug":"presentatio","status":"publish","type":"page","link":"https:\/\/portfolio.uqac.ca\/jeromealsarraf\/","title":{"rendered":"Pr\u00e9sentation"},"content":{"rendered":"<h2>J\u00e9r\u00f4me Alsarraf<\/h2>\n<p>Professeur au D\u00e9partement des\u00a0Sciences fondamentales<\/p>\n<h2>Champs d&#8217;int\u00e9r\u00eat<\/h2>\n<p>Chimioth\u00e9rapie cibl\u00e9e, m\u00e9thodes de synth\u00e8se, produits naturels, chimie pr\u00e9biotique.<\/p>\n","protected":false},"excerpt":{"rendered":"<p>J\u00e9r\u00f4me Alsarraf Professeur au D\u00e9partement des\u00a0Sciences fondamentales Champs d&#8217;int\u00e9r\u00eat Chimioth\u00e9rapie cibl\u00e9e, m\u00e9thodes de synth\u00e8se, produits naturels, chimie pr\u00e9biotique.<\/p>\n","protected":false},"author":89,"featured_media":0,"parent":0,"menu_order":0,"comment_status":"closed","ping_status":"closed","template":"","meta":{"footnotes":""},"tags":[],"_links":{"self":[{"href":"https:\/\/portfolio.uqac.ca\/jeromealsarraf\/wp-json\/wp\/v2\/pages\/4"}],"collection":[{"href":"https:\/\/portfolio.uqac.ca\/jeromealsarraf\/wp-json\/wp\/v2\/pages"}],"about":[{"href":"https:\/\/portfolio.uqac.ca\/jeromealsarraf\/wp-json\/wp\/v2\/types\/page"}],"author":[{"embeddable":true,"href":"https:\/\/portfolio.uqac.ca\/jeromealsarraf\/wp-json\/wp\/v2\/users\/89"}],"replies":[{"embeddable":true,"href":"https:\/\/portfolio.uqac.ca\/jeromealsarraf\/wp-json\/wp\/v2\/comments?post=4"}],"version-history":[{"count":13,"href":"https:\/\/portfolio.uqac.ca\/jeromealsarraf\/wp-json\/wp\/v2\/pages\/4\/revisions"}],"predecessor-version":[{"id":179,"href":"https:\/\/portfolio.uqac.ca\/jeromealsarraf\/wp-json\/wp\/v2\/pages\/4\/revisions\/179"}],"wp:attachment":[{"href":"https:\/\/portfolio.uqac.ca\/jeromealsarraf\/wp-json\/wp\/v2\/media?parent=4"}],"wp:term":[{"taxonomy":"post_tag","embeddable":true,"href":"https:\/\/portfolio.uqac.ca\/jeromealsarraf\/wp-json\/wp\/v2\/tags?post=4"}],"curies":[{"name":"wp","href":"https:\/\/api.w.org\/{rel}","templated":true}]}}