{"id":20,"date":"2017-06-07T15:50:17","date_gmt":"2017-06-07T19:50:17","guid":{"rendered":"http:\/\/portfolio-pre.uqac.ca\/gabarit\/?page_id=20"},"modified":"2019-11-12T15:37:05","modified_gmt":"2019-11-12T20:37:05","slug":"publications","status":"publish","type":"page","link":"https:\/\/portfolio.uqac.ca\/jocelynbenoit\/publications\/","title":{"rendered":"Publications"},"content":{"rendered":"<h5>Publications avec comit\u00e9 de lecture<\/h5>\n<ul>\n<li>Desrochers-Trahan, C. Benoit, J. et Hawey, D. (2019) Video games, Art and the Human Condition : An Existantialist perspective. Proceedings of the 13th conference on Philosophy of Computer Games, St-Petersburg, Russie, 10 oct. 2019<\/li>\n<li>Beauchemin, A. Hawey, D. et Benoit, J. (2019) From walking Simulator to Reflective Simulator. Press Start, 5 (2)<\/li>\n<li>Benoit, J. et Paquette, E. (2016) Fast High-Definition Video Background Completion Using Features Tracking, Proceedings fo the Internationnal Symposium on Intelligent Signal Processing and Communication Systems (IEEE ISPACS 2016), Patong, Phuket, Thailand, October 24-27<\/li>\n<li>Benoit, J. et Paquette, E. (2015)\u00a0 Localized Search for High Definition Video Completion, Journal of WSCG, 23 (1), pp. 45-54,<\/li>\n<li>Cl\u00e9ment, O. Benoit, J. et Paquette, E. (2007) Efficient Editing of Aged Object Texutres, Afrigraph 2007, Conference Proceedings, Grahamstown, South Africa, 29-31, Oct, pp 151-158\n<ul>\n<li>Prix du meilleur article de la conf\u00e9rence<\/li>\n<\/ul>\n<\/li>\n<\/ul>\n<h5>Communications<\/h5>\n<ul>\n<li>BENOIT, Jocelyn (2018). \u00ab M\u00e9tiers de l&#8217;avenir : d\u00e9veloppement de jeu vid\u00e9o et cr\u00e9ation d&#8217;effets visuels pour le cin\u00e9ma et la t\u00e9l\u00e9vision \u00bb, Coll\u00e8ge Montmorency, Laval, Canada, 25 septembre<\/li>\n<li>BENOIT, J., Boutet, M., Herniaux, A., Mader, S., Tr\u00e9panier-Jobin, G. (2018). \u00ab Les formations sur je jeu, enseigner le jeu \u00bb, dans le cadre du 2e symposium des laboratoires francophones de recherche traitant du jeu vid\u00e9o, Paris, 23 octobre<\/li>\n<li>BENOIT, Jocelyn (2018). \u00ab Video game development : studying\u00a0in Canada \u00bb, Instituto Tecnologico de Cuernavaca, Cuernavaca, Mexico, 6 septembre<\/li>\n<li>BENOIT, Jocelyn (2018). \u00ab Montr\u00e9al : overview of the video game industry \u00bb, 7th Animation, Video game and Comic Festival, Cuernavaca, Mexico, 5 septembre<\/li>\n<li>BENOIT, Jocelyn (2018). \u00ab Carri\u00e8res dans le domaine du d\u00e9veloppement de jeu vid\u00e9o \u00bb, SAE Institute Mexico, Mexico city, Mexico, 4 septembre<\/li>\n<li>BENOIT, Jocelyn (2018). \u00ab D\u00e9veloppement de jeu vid\u00e9o : \u00e9tudier au Canada \u00bb, Alliance Fran\u00e7aise de San Angel, Mexico city, Mexico, 4 septembre<\/li>\n<li>BENOIT, J., Bonenfant, M., C\u00e9r\u00e9, J., Davisseau, E., Hawey, D. (2017). \u00ab Partenariats entre laboratoires de recherche et industrie vid\u00e9oludique \u00bb, dans le cadre du 1er symposium des laboratoires francophones de recherche traitant du jeu vid\u00e9o, Montr\u00e9al, 15 mai<\/li>\n<li>BENOIT, J., Breuleux, Y., Hawey, D., Chiapello, L. (2017). \u00ab Contexte de cr\u00e9ation du laboratoire de recherche PRAXIS \u00bb, dans le cadre du 1er symposium des laboratoires francophones de recherche traitant du jeu vid\u00e9o, Montr\u00e9al, 15 mai<\/li>\n<li>BENOIT, Jocelyn (2017) \u00ab Gestion efficace de projet de d\u00e9veloppement de jeu vid\u00e9o avec SCRUM et AGILE \u00bb, Haute \u00c9cole Albert Jacquard, Namur, Belgique, 9 au 13 octobre<\/li>\n<li>BENOIT, J., Paquette, E. (2016) \u00ab Fast High-Definition Video Background Completion Using Features Tracking \u00bb, International Symposium on Intelligent Signal Processing and Communication Systems (IEEE), Patong, Phuket, Tha\u00eflande, 24 octobre<\/li>\n<li>BENOIT, J., Paquette, E. (2015) \u00ab Localized Search for High Definition Video Completion \u00bb, 23rd WSCG International Conference on Computer Graphics, Visualization and Computer Vision, Plzen, R\u00e9publique Tch\u00e8que, 10 juin<\/li>\n<li>BENOIT, J., Guay, L., Hamelin, S., Morin, P., Tousignant, P., Turp, P., Walker, M. (2012). \u00ab Playing together: Contexts of collaboration between the industry and academia \u00bb, Montreal International Game Summit, Montr\u00e9al, 13 novembre<\/li>\n<\/ul>\n<p>&nbsp;<\/p>\n","protected":false},"excerpt":{"rendered":"<p>Publications avec comit\u00e9 de lecture Desrochers-Trahan, C. Benoit, J. et Hawey, D. (2019) Video games, Art and the Human Condition : An Existantialist perspective. Proceedings of the 13th conference on Philosophy of Computer Games, St-Petersburg, Russie, 10 oct. 2019 Beauchemin, A. Hawey, D. et Benoit, J. (2019) From walking Simulator to Reflective Simulator. Press Start, &hellip; <a href=\"https:\/\/portfolio.uqac.ca\/jocelynbenoit\/publications\/\" class=\"more-link\">Continuer la lecture de <span class=\"screen-reader-text\">Publications<\/span>  <span class=\"meta-nav\">&rarr;<\/span><\/a><\/p>\n","protected":false},"author":89,"featured_media":0,"parent":0,"menu_order":0,"comment_status":"closed","ping_status":"closed","template":"","meta":{"footnotes":""},"tags":[],"_links":{"self":[{"href":"https:\/\/portfolio.uqac.ca\/jocelynbenoit\/wp-json\/wp\/v2\/pages\/20"}],"collection":[{"href":"https:\/\/portfolio.uqac.ca\/jocelynbenoit\/wp-json\/wp\/v2\/pages"}],"about":[{"href":"https:\/\/portfolio.uqac.ca\/jocelynbenoit\/wp-json\/wp\/v2\/types\/page"}],"author":[{"embeddable":true,"href":"https:\/\/portfolio.uqac.ca\/jocelynbenoit\/wp-json\/wp\/v2\/users\/89"}],"replies":[{"embeddable":true,"href":"https:\/\/portfolio.uqac.ca\/jocelynbenoit\/wp-json\/wp\/v2\/comments?post=20"}],"version-history":[{"count":34,"href":"https:\/\/portfolio.uqac.ca\/jocelynbenoit\/wp-json\/wp\/v2\/pages\/20\/revisions"}],"predecessor-version":[{"id":196,"href":"https:\/\/portfolio.uqac.ca\/jocelynbenoit\/wp-json\/wp\/v2\/pages\/20\/revisions\/196"}],"wp:attachment":[{"href":"https:\/\/portfolio.uqac.ca\/jocelynbenoit\/wp-json\/wp\/v2\/media?parent=20"}],"wp:term":[{"taxonomy":"post_tag","embeddable":true,"href":"https:\/\/portfolio.uqac.ca\/jocelynbenoit\/wp-json\/wp\/v2\/tags?post=20"}],"curies":[{"name":"wp","href":"https:\/\/api.w.org\/{rel}","templated":true}]}}